{"id":43544,"date":"2023-09-28T23:16:07","date_gmt":"2023-09-28T21:16:07","guid":{"rendered":"https:\/\/panelsandwich.org\/xapa-simple-grecada-coberta-imitacio-teula-gris-7022\/"},"modified":"2023-11-22T17:50:36","modified_gmt":"2023-11-22T16:50:36","slug":"xapa-simple-grecada-coberta-imitacio-teula-gris-7022","status":"publish","type":"product","link":"https:\/\/panelsandwich.org\/ca\/xapa-simple-grecada-coberta-imitacio-teula-gris-7022\/","title":{"rendered":"Xapa Simple Grecada Coberta &#8211; Imitaci\u00f3 Teula Gris 7022"},"content":{"rendered":"\t\t<div data-elementor-type=\"product-post\" data-elementor-id=\"43544\" class=\"elementor elementor-43544 elementor-31893\" data-elementor-post-type=\"product\">\n\t\t\t\t\t\t<section class=\"elementor-section elementor-top-section elementor-element elementor-element-6dff837d elementor-section-boxed elementor-section-height-default elementor-section-height-default\" data-id=\"6dff837d\" data-element_type=\"section\" data-e-type=\"section\" data-settings=\"{&quot;jet_parallax_layout_list&quot;:[]}\">\n\t\t\t\t\t\t<div class=\"elementor-container elementor-column-gap-default\">\n\t\t\t\t\t<div class=\"elementor-column elementor-col-100 elementor-top-column elementor-element elementor-element-2009074e\" data-id=\"2009074e\" data-element_type=\"column\" data-e-type=\"column\">\n\t\t\t<div class=\"elementor-widget-wrap elementor-element-populated\">\n\t\t\t\t\t\t<div class=\"elementor-element elementor-element-2850527d elementor-widget elementor-widget-heading\" data-id=\"2850527d\" data-element_type=\"widget\" data-e-type=\"widget\" data-widget_type=\"heading.default\">\n\t\t\t\t<div class=\"elementor-widget-container\">\n\t\t\t\t\t<h2 class=\"elementor-heading-title elementor-size-default\"><h2>Xapa Simple Grecada Coberta Teula Gris 7022\n\n<\/h2><\/h2>\t\t\t\t<\/div>\n\t\t\t\t<\/div>\n\t\t\t\t<div class=\"elementor-element elementor-element-2dc2e138 elementor-widget elementor-widget-text-editor\" data-id=\"2dc2e138\" data-element_type=\"widget\" data-e-type=\"widget\" data-widget_type=\"text-editor.default\">\n\t\t\t\t<div class=\"elementor-widget-container\">\n\t\t\t\t\t\t\t\t\t<p>Aquests tipus de panell es componen d&#8217;una xapa d&#8217;acer pre lacat a la part superior i capa fina d&#8217;alumini gofrat a la part inferior, entre totes dues un nucli d&#8217;escuma r\u00edgida injectat entre les dues fulles en un proc\u00e9s de fabricaci\u00f3 cont\u00ednua (PUR)<\/p>\n\t\t\t\t\t\t\t\t<\/div>\n\t\t\t\t<\/div>\n\t\t\t\t<div class=\"elementor-element elementor-element-2e3c02d9 elementor-tabs-view-horizontal elementor-widget elementor-widget-tabs\" data-id=\"2e3c02d9\" data-element_type=\"widget\" data-e-type=\"widget\" data-widget_type=\"tabs.default\">\n\t\t\t\t<div class=\"elementor-widget-container\">\n\t\t\t\t\t\t\t<div class=\"elementor-tabs\">\n\t\t\t<div class=\"elementor-tabs-wrapper\" role=\"tablist\" >\n\t\t\t\t\t\t\t\t\t<div id=\"elementor-tab-title-7751\" class=\"elementor-tab-title elementor-tab-desktop-title\" aria-selected=\"true\" data-tab=\"1\" role=\"tab\" tabindex=\"0\" aria-controls=\"elementor-tab-content-7751\" aria-expanded=\"false\">Descripci\u00f3\/ Aplicaci\u00f3<\/div>\n\t\t\t\t\t\t\t\t\t<div id=\"elementor-tab-title-7752\" class=\"elementor-tab-title elementor-tab-desktop-title\" aria-selected=\"false\" data-tab=\"2\" role=\"tab\" tabindex=\"-1\" aria-controls=\"elementor-tab-content-7752\" aria-expanded=\"false\">Taula de C\u00e0rregues<\/div>\n\t\t\t\t\t\t\t\t\t<div id=\"elementor-tab-title-7753\" class=\"elementor-tab-title elementor-tab-desktop-title\" aria-selected=\"false\" data-tab=\"3\" role=\"tab\" tabindex=\"-1\" aria-controls=\"elementor-tab-content-7753\" aria-expanded=\"false\">Colors Disponibles<\/div>\n\t\t\t\t\t\t\t\t\t<div id=\"elementor-tab-title-7754\" class=\"elementor-tab-title elementor-tab-desktop-title\" aria-selected=\"false\" data-tab=\"4\" role=\"tab\" tabindex=\"-1\" aria-controls=\"elementor-tab-content-7754\" aria-expanded=\"false\">Fitxes T\u00e8cniques \/ Desc\u00e0rregues<\/div>\n\t\t\t\t\t\t\t<\/div>\n\t\t\t<div class=\"elementor-tabs-content-wrapper\" role=\"tablist\" aria-orientation=\"vertical\">\n\t\t\t\t\t\t\t\t\t<div class=\"elementor-tab-title elementor-tab-mobile-title\" aria-selected=\"true\" data-tab=\"1\" role=\"tab\" tabindex=\"0\" aria-controls=\"elementor-tab-content-7751\" aria-expanded=\"false\">Descripci\u00f3\/ Aplicaci\u00f3<\/div>\n\t\t\t\t\t<div id=\"elementor-tab-content-7751\" class=\"elementor-tab-content elementor-clearfix\" data-tab=\"1\" role=\"tabpanel\" aria-labelledby=\"elementor-tab-title-7751\" tabindex=\"0\" hidden=\"false\"><h3 style=\"font-weight: 500;\">Cara interior alumini:<\/h3>\n<p style=\"font-weight: 400;\">La l\u00e0mina d&#8217;alumini gofrat, amb laca de poli\u00e8ster transparent mat exterior de 2 g\/m\u00b2 i primer adherent a PUR de 0.3 g\/m\u00b2.<\/p>\n<p style=\"font-weight: 400;\">La l\u00e0mina t\u00e9 una c\u00e0rrega de trencament m\u00e9s gran de 130 mpa i allargament superior al 2%<\/p>\n<h3 style=\"font-weight: 500;\">Cara met\u00e0l\u00b7lica exterior:<\/h3>\n<p style=\"font-weight: 400;\">La cara exterior juntament amb el nucli a\u00efllant, ofereixen un alt a\u00efllament, ja que ambdues cares estan adherides al nucli i separades a banda i banda, aconseguint el trencament del pont t\u00e8rmic.<\/p>\n<p style=\"font-weight: 400;\">L&#8217;espessor de la xapa \u00e9s des de 0,5 mm segons comanda. L&#8217;acer emprat, les seves toler\u00e0ncies dimensionals i de forma, v\u00e9nen donades a la norma UNE-EN 10169-1, 2.<\/p>\n<h3 style=\"font-weight: 500;\">Propietats principals<\/h3>\n<ul style=\"font-weight: 400;\">\n<li>Aquest tipus de xapa de coberta \u00e9s l&#8217;opci\u00f3 perfecta quan la bona est\u00e8tica \u00e9s important ideal per a \u00e0mbits rurals, civils i de rehabilitaci\u00f3, ja que no toca l&#8217;estructura alliberant-la de qualsevol esfor\u00e7.<\/li>\n<li>Ofereix les m\u00e0ximes prestacions amb el pes m\u00ednim.<\/li>\n<li>Gran a\u00efllant t\u00e8rmic i ac\u00fastic<\/li>\n<li>Gran practicabilitat i seguretat<\/li>\n<li>S\u00f3n peces molt lleugeres i aporten una gran impermeabilitat als sostres<\/li>\n<li>Acabats disponibles: RAL 8004 rug\u00f3s, alber, teia envellida i pissarra.<\/li>\n<li>Van fixades directament a la fusta\/corretges aportant una gran seguretat de fixaci\u00f3 a lestructura.<\/li>\n<li>A m\u00e9s de les mesures est\u00e0ndard que detallem a la taula, aquests panells poden personalitzar-se en tall depenent de la mida de la comanda.<\/li>\n<\/ul>\n<p><img fetchpriority=\"high\" decoding=\"async\" class=\"alignnone wp-image-36865 size-full\" src=\"https:\/\/panelsandwich.org\/wp-content\/uploads\/2023\/11\/Captura.jpg\" alt=\"\" width=\"1463\" height=\"581\" title=\"\" srcset=\"https:\/\/panelsandwich.org\/wp-content\/uploads\/2023\/11\/Captura.jpg 1463w, https:\/\/panelsandwich.org\/wp-content\/uploads\/2023\/11\/Captura-300x119.jpg 300w, https:\/\/panelsandwich.org\/wp-content\/uploads\/2023\/11\/Captura-1024x407.jpg 1024w, https:\/\/panelsandwich.org\/wp-content\/uploads\/2023\/11\/Captura-768x305.jpg 768w\" sizes=\"(max-width: 1463px) 100vw, 1463px\" \/><\/p>\n<\/div>\n\t\t\t\t\t\t\t\t\t<div class=\"elementor-tab-title elementor-tab-mobile-title\" aria-selected=\"false\" data-tab=\"2\" role=\"tab\" tabindex=\"-1\" aria-controls=\"elementor-tab-content-7752\" aria-expanded=\"false\">Taula de C\u00e0rregues<\/div>\n\t\t\t\t\t<div id=\"elementor-tab-content-7752\" class=\"elementor-tab-content elementor-clearfix\" data-tab=\"2\" role=\"tabpanel\" aria-labelledby=\"elementor-tab-title-7752\" tabindex=\"0\" hidden=\"hidden\"><p><img decoding=\"async\" class=\"alignnone wp-image-36866 size-full lazyload\" data-src=\"https:\/\/panelsandwich.org\/wp-content\/uploads\/2023\/11\/Captura-1.jpg\" alt=\"\" width=\"1152\" height=\"698\" title=\"\" data-srcset=\"https:\/\/panelsandwich.org\/wp-content\/uploads\/2023\/11\/Captura-1.jpg 1152w, https:\/\/panelsandwich.org\/wp-content\/uploads\/2023\/11\/Captura-1-300x182.jpg 300w, https:\/\/panelsandwich.org\/wp-content\/uploads\/2023\/11\/Captura-1-1024x620.jpg 1024w, https:\/\/panelsandwich.org\/wp-content\/uploads\/2023\/11\/Captura-1-768x465.jpg 768w\" data-sizes=\"(max-width: 1152px) 100vw, 1152px\" src=\"data:image\/svg+xml;base64,PHN2ZyB3aWR0aD0iMSIgaGVpZ2h0PSIxIiB4bWxucz0iaHR0cDovL3d3dy53My5vcmcvMjAwMC9zdmciPjwvc3ZnPg==\" style=\"--smush-placeholder-width: 1152px; --smush-placeholder-aspect-ratio: 1152\/698;\" \/><\/p>\n<\/div>\n\t\t\t\t\t\t\t\t\t<div class=\"elementor-tab-title elementor-tab-mobile-title\" aria-selected=\"false\" data-tab=\"3\" role=\"tab\" tabindex=\"-1\" aria-controls=\"elementor-tab-content-7753\" aria-expanded=\"false\">Colors Disponibles<\/div>\n\t\t\t\t\t<div id=\"elementor-tab-content-7753\" class=\"elementor-tab-content elementor-clearfix\" data-tab=\"3\" role=\"tabpanel\" aria-labelledby=\"elementor-tab-title-7753\" tabindex=\"0\" hidden=\"hidden\"><p><img decoding=\"async\" class=\"alignnone wp-image-36867 size-full lazyload\" data-src=\"https:\/\/panelsandwich.org\/wp-content\/uploads\/2023\/11\/Captura-2.jpg\" alt=\"\" width=\"1498\" height=\"255\" title=\"\" data-srcset=\"https:\/\/panelsandwich.org\/wp-content\/uploads\/2023\/11\/Captura-2.jpg 1498w, https:\/\/panelsandwich.org\/wp-content\/uploads\/2023\/11\/Captura-2-300x51.jpg 300w, https:\/\/panelsandwich.org\/wp-content\/uploads\/2023\/11\/Captura-2-1024x174.jpg 1024w, https:\/\/panelsandwich.org\/wp-content\/uploads\/2023\/11\/Captura-2-768x131.jpg 768w\" data-sizes=\"(max-width: 1498px) 100vw, 1498px\" src=\"data:image\/svg+xml;base64,PHN2ZyB3aWR0aD0iMSIgaGVpZ2h0PSIxIiB4bWxucz0iaHR0cDovL3d3dy53My5vcmcvMjAwMC9zdmciPjwvc3ZnPg==\" style=\"--smush-placeholder-width: 1498px; --smush-placeholder-aspect-ratio: 1498\/255;\" \/><\/p>\n<\/div>\n\t\t\t\t\t\t\t\t\t<div class=\"elementor-tab-title elementor-tab-mobile-title\" aria-selected=\"false\" data-tab=\"4\" role=\"tab\" tabindex=\"-1\" aria-controls=\"elementor-tab-content-7754\" aria-expanded=\"false\">Fitxes T\u00e8cniques \/ Desc\u00e0rregues<\/div>\n\t\t\t\t\t<div id=\"elementor-tab-content-7754\" class=\"elementor-tab-content elementor-clearfix\" data-tab=\"4\" role=\"tabpanel\" aria-labelledby=\"elementor-tab-title-7754\" tabindex=\"0\" hidden=\"hidden\"><p><a href=\"https:\/\/panelsandwich.org\/wp-content\/uploads\/2023\/11\/PanelSandwich-Imitacion-Teja-ECO.pdf\" target=\"_blank\" rel=\"noopener\"><button style=\"background-color: #ffa300; border-color: black; color: white;\" spellcheck=\"false\" data-lt-tmp-id=\"lt-827558\" data-gramm=\"false\">Descarregar Fitxa T\u00e8cnica<\/button><\/a><\/p>\n<\/div>\n\t\t\t\t\t\t\t<\/div>\n\t\t<\/div>\n\t\t\t\t\t\t<\/div>\n\t\t\t\t<\/div>\n\t\t\t\t\t<\/div>\n\t\t<\/div>\n\t\t\t\t\t<\/div>\n\t\t<\/section>\n\t\t\t\t<\/div>\n\t\t","protected":false},"excerpt":{"rendered":"<p>CSTEGP &#8211; Xapa Simple Grecada Coberta Teula Gris 7022<\/p>\n<p style=\"text-align: center;\"><strong><span style=\"font-size: medium;\"><a class=\"w-100 btn btn-danger btn-lg\" href=\"https:\/\/panelsandwich.org\/contactenos\">SOL\u00b7LICITAR PREU I INFORMACI\u00d3 T\u00c8CNICA  <i class=\"caret-right\"><\/i><\/a><\/span><\/strong><\/p>\n","protected":false},"featured_media":37212,"comment_status":"open","ping_status":"closed","template":"","meta":[],"product_brand":[],"product_cat":[3265],"product_tag":[3287,3280],"class_list":{"0":"post-43544","1":"product","2":"type-product","3":"status-publish","4":"has-post-thumbnail","6":"product_cat-xapa-simple-grecada","7":"product_tag-xapa-perfilada","8":"product_tag-xapa-simple","9":"pa_anchodelpanel-ample-1-metre","10":"pa_colorexterior-gris-pissarra-ral-7024","11":"pa_espesordelachapa-06-mm-acer-galvanitzat-s250gd","13":"first","14":"outofstock","15":"taxable","16":"shipping-taxable","17":"purchasable","18":"product-type-variable","19":"has-default-attributes"},"_links":{"self":[{"href":"https:\/\/panelsandwich.org\/ca\/wp-json\/wp\/v2\/product\/43544","targetHints":{"allow":["GET"]}}],"collection":[{"href":"https:\/\/panelsandwich.org\/ca\/wp-json\/wp\/v2\/product"}],"about":[{"href":"https:\/\/panelsandwich.org\/ca\/wp-json\/wp\/v2\/types\/product"}],"replies":[{"embeddable":true,"href":"https:\/\/panelsandwich.org\/ca\/wp-json\/wp\/v2\/comments?post=43544"}],"version-history":[{"count":0,"href":"https:\/\/panelsandwich.org\/ca\/wp-json\/wp\/v2\/product\/43544\/revisions"}],"wp:featuredmedia":[{"embeddable":true,"href":"https:\/\/panelsandwich.org\/ca\/wp-json\/wp\/v2\/media\/37212"}],"wp:attachment":[{"href":"https:\/\/panelsandwich.org\/ca\/wp-json\/wp\/v2\/media?parent=43544"}],"wp:term":[{"taxonomy":"product_brand","embeddable":true,"href":"https:\/\/panelsandwich.org\/ca\/wp-json\/wp\/v2\/product_brand?post=43544"},{"taxonomy":"product_cat","embeddable":true,"href":"https:\/\/panelsandwich.org\/ca\/wp-json\/wp\/v2\/product_cat?post=43544"},{"taxonomy":"product_tag","embeddable":true,"href":"https:\/\/panelsandwich.org\/ca\/wp-json\/wp\/v2\/product_tag?post=43544"}],"curies":[{"name":"wp","href":"https:\/\/api.w.org\/{rel}","templated":true}]}}