{"id":43550,"date":"2023-09-28T23:16:15","date_gmt":"2023-09-28T21:16:15","guid":{"rendered":"https:\/\/panelsandwich.org\/panell-sandwich-facana-llis\/"},"modified":"2025-11-21T08:18:56","modified_gmt":"2025-11-21T07:18:56","slug":"panell-sandwich-facana-llis","status":"publish","type":"product","link":"https:\/\/panelsandwich.org\/ca\/panell-sandwich-facana-llis\/","title":{"rendered":"Panell Sandwich Fa\u00e7ana &#8211; Llis"},"content":{"rendered":"\t\t<div data-elementor-type=\"product-post\" data-elementor-id=\"43550\" class=\"elementor elementor-43550 elementor-31288\" data-elementor-post-type=\"product\">\n\t\t\t\t\t\t<section class=\"elementor-section elementor-top-section elementor-element elementor-element-4adb28ff elementor-section-boxed elementor-section-height-default elementor-section-height-default\" data-id=\"4adb28ff\" data-element_type=\"section\" data-e-type=\"section\" data-settings=\"{&quot;jet_parallax_layout_list&quot;:[]}\">\n\t\t\t\t\t\t<div class=\"elementor-container elementor-column-gap-default\">\n\t\t\t\t\t<div class=\"elementor-column elementor-col-100 elementor-top-column elementor-element elementor-element-709a7858\" data-id=\"709a7858\" data-element_type=\"column\" data-e-type=\"column\">\n\t\t\t<div class=\"elementor-widget-wrap elementor-element-populated\">\n\t\t\t\t\t\t<div class=\"elementor-element elementor-element-f76c35d elementor-widget elementor-widget-heading\" data-id=\"f76c35d\" data-element_type=\"widget\" data-e-type=\"widget\" data-widget_type=\"heading.default\">\n\t\t\t\t<div class=\"elementor-widget-container\">\n\t\t\t\t\t<h2 class=\"elementor-heading-title elementor-size-default\"><h2>Panell Sandwich Fa\u00e7ana Cargol Interior Llis\n<\/h2><\/h2>\t\t\t\t<\/div>\n\t\t\t\t<\/div>\n\t\t\t\t<div class=\"elementor-element elementor-element-199b75d9 elementor-widget elementor-widget-text-editor\" data-id=\"199b75d9\" data-element_type=\"widget\" data-e-type=\"widget\" data-widget_type=\"text-editor.default\">\n\t\t\t\t<div class=\"elementor-widget-container\">\n\t\t\t\t\t\t\t\t\t<p>Panell a\u00efllant compost per dues xapes met\u00e0l\u00b7liques en perfils, unides per un nucli a\u00efllant d&#8217;escuma r\u00edgida de Poliuret\u00e0 (PUR) o Poliisocianurat (PIR).<\/p><p>Panell Sandwich produ\u00eft d&#8217;acord amb la EN 14509 i subjecte a l&#8217;avaluaci\u00f3 i la verificaci\u00f3 de la regularitat de rendiment d&#8217;acord amb el sistema 1<\/p>\t\t\t\t\t\t\t\t<\/div>\n\t\t\t\t<\/div>\n\t\t\t\t<div class=\"elementor-element elementor-element-300a3936 elementor-tabs-view-horizontal elementor-widget elementor-widget-tabs\" data-id=\"300a3936\" data-element_type=\"widget\" data-e-type=\"widget\" data-widget_type=\"tabs.default\">\n\t\t\t\t<div class=\"elementor-widget-container\">\n\t\t\t\t\t\t\t<div class=\"elementor-tabs\">\n\t\t\t<div class=\"elementor-tabs-wrapper\" role=\"tablist\" >\n\t\t\t\t\t\t\t\t\t<div id=\"elementor-tab-title-8051\" class=\"elementor-tab-title elementor-tab-desktop-title\" aria-selected=\"true\" data-tab=\"1\" role=\"tab\" tabindex=\"0\" aria-controls=\"elementor-tab-content-8051\" aria-expanded=\"false\">Descripci\u00f3\/ Aplicaci\u00f3<\/div>\n\t\t\t\t\t\t\t\t\t<div id=\"elementor-tab-title-8052\" class=\"elementor-tab-title elementor-tab-desktop-title\" aria-selected=\"false\" data-tab=\"2\" role=\"tab\" tabindex=\"-1\" aria-controls=\"elementor-tab-content-8052\" aria-expanded=\"false\">Taula de C\u00e0rregues<\/div>\n\t\t\t\t\t\t\t\t\t<div id=\"elementor-tab-title-8053\" class=\"elementor-tab-title elementor-tab-desktop-title\" aria-selected=\"false\" data-tab=\"3\" role=\"tab\" tabindex=\"-1\" aria-controls=\"elementor-tab-content-8053\" aria-expanded=\"false\">Colors Disponibles<\/div>\n\t\t\t\t\t\t\t\t\t<div id=\"elementor-tab-title-8054\" class=\"elementor-tab-title elementor-tab-desktop-title\" aria-selected=\"false\" data-tab=\"4\" role=\"tab\" tabindex=\"-1\" aria-controls=\"elementor-tab-content-8054\" aria-expanded=\"false\">Fitxes T\u00e8cniques \/ Desc\u00e0rregues<\/div>\n\t\t\t\t\t\t\t<\/div>\n\t\t\t<div class=\"elementor-tabs-content-wrapper\" role=\"tablist\" aria-orientation=\"vertical\">\n\t\t\t\t\t\t\t\t\t<div class=\"elementor-tab-title elementor-tab-mobile-title\" aria-selected=\"true\" data-tab=\"1\" role=\"tab\" tabindex=\"0\" aria-controls=\"elementor-tab-content-8051\" aria-expanded=\"false\">Descripci\u00f3\/ Aplicaci\u00f3<\/div>\n\t\t\t\t\t<div id=\"elementor-tab-content-8051\" class=\"elementor-tab-content elementor-clearfix\" data-tab=\"1\" role=\"tabpanel\" aria-labelledby=\"elementor-tab-title-8051\" tabindex=\"0\" hidden=\"false\"><h3><strong>Aplicaci\u00f3:<\/strong><\/h3>\n<p>Fa\u00e7anes d&#8217;edificis<\/p>\n<h3><strong>Tipus d&#8217;Uni\u00f3:<\/strong><\/h3>\n<p>Uni\u00f3: Cargol Oculta<\/p>\n<p>Cargols: Cargol sense volandera<\/p>\n<p><img fetchpriority=\"high\" decoding=\"async\" class=\" size-full wp-image-31187\" src=\"https:\/\/panelsandwich.org\/wp-content\/uploads\/2017\/12\/cms_union-fachada-oculto.png\" alt=\"\" width=\"250\" height=\"250\" title=\"\" srcset=\"https:\/\/panelsandwich.org\/wp-content\/uploads\/2017\/12\/cms_union-fachada-oculto.png 378w, https:\/\/panelsandwich.org\/wp-content\/uploads\/2017\/12\/cms_union-fachada-oculto-100x100.png 100w, https:\/\/panelsandwich.org\/wp-content\/uploads\/2017\/12\/cms_union-fachada-oculto-300x300.png 300w, https:\/\/panelsandwich.org\/wp-content\/uploads\/2017\/12\/cms_union-fachada-oculto-150x150.png 150w\" sizes=\"(max-width: 250px) 100vw, 250px\" \/><\/p>\n<h3><strong>Dimensions:<\/strong><\/h3>\n<p>Gruixos: 40\u201350\u201360\u201380\u2013100 mm \u00b11 mm<\/p>\n<p>Amplada: 1000 &#8211; 1080 mm \u00b12 mm<\/p>\n<p>Llarg: 4,00 &#8211; 16,00 m \u00b110 mm<\/p>\n<h3><img decoding=\"async\" class=\"size-full wp-image-31188 lazyload\" data-src=\"https:\/\/panelsandwich.org\/wp-content\/uploads\/2017\/12\/cms_FACHADA-OCULTA_medidas.JPG\" alt=\"\" width=\"100%\" title=\"\" data-srcset=\"https:\/\/panelsandwich.org\/wp-content\/uploads\/2017\/12\/cms_FACHADA-OCULTA_medidas.JPG 1254w, https:\/\/panelsandwich.org\/wp-content\/uploads\/2017\/12\/cms_FACHADA-OCULTA_medidas-300x122.jpg 300w, https:\/\/panelsandwich.org\/wp-content\/uploads\/2017\/12\/cms_FACHADA-OCULTA_medidas-1024x417.jpg 1024w, https:\/\/panelsandwich.org\/wp-content\/uploads\/2017\/12\/cms_FACHADA-OCULTA_medidas-768x313.jpg 768w, https:\/\/panelsandwich.org\/wp-content\/uploads\/2017\/12\/cms_FACHADA-OCULTA_medidas-600x244.jpg 600w\" data-sizes=\"(max-width: 1254px) 100vw, 1254px\" src=\"data:image\/svg+xml;base64,PHN2ZyB3aWR0aD0iMSIgaGVpZ2h0PSIxIiB4bWxucz0iaHR0cDovL3d3dy53My5vcmcvMjAwMC9zdmciPjwvc3ZnPg==\" style=\"--smush-placeholder-width: 1254px; --smush-placeholder-aspect-ratio: 1254\/511;\" \/><\/h3>\n<p><strong>Suport met\u00e0l\u00b7lic:<\/strong><\/p>\n<p>Nucli en xapa d\u00b4acer qualitat S250GD: EN 10346<\/p>\n<p>Bobines lacades de revestiment org\u00e0nic: EN10169+A1<\/p>\n<p>Gruixos: 0,4\u20130,5\u20130,6 mm<\/p>\n<h3><strong>Nucli a\u00efllant:<\/strong><\/h3>\n<p>Poliuret\u00e0 (PUR) | Polisocianurat (PIR)<\/p>\n<p>Conductivitat T\u00e8rmica: PUR: 0,022 W\/mK | PIR: 0,022\/mK<\/p>\n<p>Densitat: 40 kg\/m <sup>3<\/sup> \u00b110%<\/p>\n<p>Reacci\u00f3 al foc: PUR: B-s2,d0 | PIR: B-s2,d0 | PIR-HI: B-1,d0<\/p>\n<p>Resist\u00e8ncia a la tracci\u00f3 a les xapes (adhesi\u00f3)&gt; 0.10 MPa<\/p>\n<p>Resist\u00e8ncia a la compressi\u00f3 al 10% de deformaci\u00f3&gt; 0.10 MPa<\/p>\n<h3><strong>Revestiment:<\/strong><\/h3>\n<p>Standard: Pintura poli\u00e8ster 25 \u00b5m<\/p>\n<p>Especials: Granite HDX 55 \u00b5m | PVDF 35 m<\/p>\n<\/div>\n\t\t\t\t\t\t\t\t\t<div class=\"elementor-tab-title elementor-tab-mobile-title\" aria-selected=\"false\" data-tab=\"2\" role=\"tab\" tabindex=\"-1\" aria-controls=\"elementor-tab-content-8052\" aria-expanded=\"false\">Taula de C\u00e0rregues<\/div>\n\t\t\t\t\t<div id=\"elementor-tab-content-8052\" class=\"elementor-tab-content elementor-clearfix\" data-tab=\"2\" role=\"tabpanel\" aria-labelledby=\"elementor-tab-title-8052\" tabindex=\"0\" hidden=\"hidden\"><h3><img decoding=\"async\" class=\"size-full wp-image-31189 lazyload\" data-src=\"https:\/\/panelsandwich.org\/wp-content\/uploads\/2017\/12\/cms_FACHADA-OCULTA_cargas1.JPG\" alt=\"\" width=\"100%\" title=\"\" data-srcset=\"https:\/\/panelsandwich.org\/wp-content\/uploads\/2017\/12\/cms_FACHADA-OCULTA_cargas1.JPG 1179w, https:\/\/panelsandwich.org\/wp-content\/uploads\/2017\/12\/cms_FACHADA-OCULTA_cargas1-300x161.jpg 300w, https:\/\/panelsandwich.org\/wp-content\/uploads\/2017\/12\/cms_FACHADA-OCULTA_cargas1-1024x549.jpg 1024w, https:\/\/panelsandwich.org\/wp-content\/uploads\/2017\/12\/cms_FACHADA-OCULTA_cargas1-768x412.jpg 768w, https:\/\/panelsandwich.org\/wp-content\/uploads\/2017\/12\/cms_FACHADA-OCULTA_cargas1-600x322.jpg 600w\" data-sizes=\"(max-width: 1179px) 100vw, 1179px\" src=\"data:image\/svg+xml;base64,PHN2ZyB3aWR0aD0iMSIgaGVpZ2h0PSIxIiB4bWxucz0iaHR0cDovL3d3dy53My5vcmcvMjAwMC9zdmciPjwvc3ZnPg==\" style=\"--smush-placeholder-width: 1179px; --smush-placeholder-aspect-ratio: 1179\/632;\" \/><\/h3>\n<p><img decoding=\"async\" class=\"size-full wp-image-31190 lazyload\" data-src=\"https:\/\/panelsandwich.org\/wp-content\/uploads\/2017\/12\/cms_FACHADA-OCULTA_cargas2.JPG\" alt=\"\" width=\"100%\" title=\"\" data-srcset=\"https:\/\/panelsandwich.org\/wp-content\/uploads\/2017\/12\/cms_FACHADA-OCULTA_cargas2.JPG 1167w, https:\/\/panelsandwich.org\/wp-content\/uploads\/2017\/12\/cms_FACHADA-OCULTA_cargas2-300x175.jpg 300w, https:\/\/panelsandwich.org\/wp-content\/uploads\/2017\/12\/cms_FACHADA-OCULTA_cargas2-1024x598.jpg 1024w, https:\/\/panelsandwich.org\/wp-content\/uploads\/2017\/12\/cms_FACHADA-OCULTA_cargas2-768x448.jpg 768w, https:\/\/panelsandwich.org\/wp-content\/uploads\/2017\/12\/cms_FACHADA-OCULTA_cargas2-600x350.jpg 600w\" data-sizes=\"(max-width: 1167px) 100vw, 1167px\" src=\"data:image\/svg+xml;base64,PHN2ZyB3aWR0aD0iMSIgaGVpZ2h0PSIxIiB4bWxucz0iaHR0cDovL3d3dy53My5vcmcvMjAwMC9zdmciPjwvc3ZnPg==\" style=\"--smush-placeholder-width: 1167px; --smush-placeholder-aspect-ratio: 1167\/681;\" \/><\/p>\n<p><img decoding=\"async\" class=\"size-full wp-image-31191 lazyload\" data-src=\"https:\/\/panelsandwich.org\/wp-content\/uploads\/2017\/12\/cms_FACHADA-OCULTA_cargas3.JPG\" alt=\"\" width=\"100%\" title=\"\" data-srcset=\"https:\/\/panelsandwich.org\/wp-content\/uploads\/2017\/12\/cms_FACHADA-OCULTA_cargas3.JPG 1171w, https:\/\/panelsandwich.org\/wp-content\/uploads\/2017\/12\/cms_FACHADA-OCULTA_cargas3-300x79.jpg 300w, https:\/\/panelsandwich.org\/wp-content\/uploads\/2017\/12\/cms_FACHADA-OCULTA_cargas3-1024x271.jpg 1024w, https:\/\/panelsandwich.org\/wp-content\/uploads\/2017\/12\/cms_FACHADA-OCULTA_cargas3-768x203.jpg 768w, https:\/\/panelsandwich.org\/wp-content\/uploads\/2017\/12\/cms_FACHADA-OCULTA_cargas3-600x159.jpg 600w\" data-sizes=\"(max-width: 1171px) 100vw, 1171px\" src=\"data:image\/svg+xml;base64,PHN2ZyB3aWR0aD0iMSIgaGVpZ2h0PSIxIiB4bWxucz0iaHR0cDovL3d3dy53My5vcmcvMjAwMC9zdmciPjwvc3ZnPg==\" style=\"--smush-placeholder-width: 1171px; --smush-placeholder-aspect-ratio: 1171\/310;\" \/><\/p>\n<\/div>\n\t\t\t\t\t\t\t\t\t<div class=\"elementor-tab-title elementor-tab-mobile-title\" aria-selected=\"false\" data-tab=\"3\" role=\"tab\" tabindex=\"-1\" aria-controls=\"elementor-tab-content-8053\" aria-expanded=\"false\">Colors Disponibles<\/div>\n\t\t\t\t\t<div id=\"elementor-tab-content-8053\" class=\"elementor-tab-content elementor-clearfix\" data-tab=\"3\" role=\"tabpanel\" aria-labelledby=\"elementor-tab-title-8053\" tabindex=\"0\" hidden=\"hidden\"><h3>Gamma de Colors<\/h3>\n<p>Els colors mostrats al cat\u00e0leg obeeixen els nostres est\u00e0ndards amb la major precisi\u00f3 possible. Aix\u00f2 no obstant, s\u00f3n inevitables petits canvis, ra\u00f3 que ens porta a recomanar que es faci sempre un examen de color amb una mostra real.<img decoding=\"async\" class=\"size-full wp-image-31192 lazyload\" data-src=\"https:\/\/panelsandwich.org\/wp-content\/uploads\/2017\/12\/cms_FACHADA-OCULTA_colores.JPG\" alt=\"\" width=\"100%\" title=\"\" data-srcset=\"https:\/\/panelsandwich.org\/wp-content\/uploads\/2017\/12\/cms_FACHADA-OCULTA_colores.JPG 782w, https:\/\/panelsandwich.org\/wp-content\/uploads\/2017\/12\/cms_FACHADA-OCULTA_colores-300x293.jpg 300w, https:\/\/panelsandwich.org\/wp-content\/uploads\/2017\/12\/cms_FACHADA-OCULTA_colores-768x751.jpg 768w, https:\/\/panelsandwich.org\/wp-content\/uploads\/2017\/12\/cms_FACHADA-OCULTA_colores-600x587.jpg 600w\" data-sizes=\"(max-width: 782px) 100vw, 782px\" src=\"data:image\/svg+xml;base64,PHN2ZyB3aWR0aD0iMSIgaGVpZ2h0PSIxIiB4bWxucz0iaHR0cDovL3d3dy53My5vcmcvMjAwMC9zdmciPjwvc3ZnPg==\" style=\"--smush-placeholder-width: 782px; --smush-placeholder-aspect-ratio: 782\/765;\" \/><\/p>\n<\/div>\n\t\t\t\t\t\t\t\t\t<div class=\"elementor-tab-title elementor-tab-mobile-title\" aria-selected=\"false\" data-tab=\"4\" role=\"tab\" tabindex=\"-1\" aria-controls=\"elementor-tab-content-8054\" aria-expanded=\"false\">Fitxes T\u00e8cniques \/ Desc\u00e0rregues<\/div>\n\t\t\t\t\t<div id=\"elementor-tab-content-8054\" class=\"elementor-tab-content elementor-clearfix\" data-tab=\"4\" role=\"tabpanel\" aria-labelledby=\"elementor-tab-title-8054\" tabindex=\"0\" hidden=\"hidden\"><ul>\n<li><em><span style=\"text-decoration: underline;\"><strong>DESCARREGAR FITXA T\u00c8CNICA<\/strong><\/span><\/em><\/li>\n<\/ul>\n<\/div>\n\t\t\t\t\t\t\t<\/div>\n\t\t<\/div>\n\t\t\t\t\t\t<\/div>\n\t\t\t\t<\/div>\n\t\t\t\t\t<\/div>\n\t\t<\/div>\n\t\t\t\t\t<\/div>\n\t\t<\/section>\n\t\t\t\t<\/div>\n\t\t","protected":false},"excerpt":{"rendered":"<p>PFL- Panell Sandwich Fa\u00e7ana. Arquitect\u00f2nic Llis<\/p>\n<p style=\"text-align: center;\"><strong><span style=\"font-size: medium;\"><a class=\"w-100 btn btn-danger btn-lg\" href=\"https:\/\/panelsandwich.org\/contactenos\">SOL\u00b7LICITAR PREU I INFORMACI\u00d3 T\u00c8CNICA  <i class=\"caret-right\"><\/i><\/a><\/span><\/strong><\/p>\n","protected":false},"featured_media":46358,"comment_status":"closed","ping_status":"closed","template":"","meta":[],"product_brand":[],"product_cat":[3337],"product_tag":[3263,3249,3251,3271,3267,3278,3297,3253,3350,3352,3285,3241,3243,3259,3292,3355],"class_list":{"0":"post-43550","1":"product","2":"type-product","3":"status-publish","4":"has-post-thumbnail","6":"product_cat-panell-sandwich-facana","7":"product_tag-agropanell","8":"product_tag-coberta","9":"product_tag-facana","10":"product_tag-frigorific","11":"product_tag-granges","12":"product_tag-llana-de-roca","13":"product_tag-lluernaris","14":"product_tag-ocasio","15":"product_tag-panell-arquitectonic","16":"product_tag-panell-facana-maxima-qualitat","17":"product_tag-panell-fusta","18":"product_tag-panell-sandvitx","19":"product_tag-panell-teula","20":"product_tag-preu","21":"product_tag-remateria-ca","22":"product_tag-tancaments-de-qualitat","23":"pa_colorexterior-blanc-pirineu-ral-9010","24":"pa_colorexterior-blau-llac-ral-5019-ca","25":"pa_colorexterior-crema-bidasoa-ral-1015","26":"pa_colorexterior-gris-antracita-ral-7016-ca","27":"pa_colorexterior-gris-basalto-ral-7012-ca","28":"pa_colorexterior-gris-metallitzat-ral-9006","29":"pa_colorexterior-gris-ombra-ral-7022","30":"pa_colorexterior-gris-pissarra-ral-7024","31":"pa_colorexterior-verd-navarra-ral-6005","32":"pa_colorexterior-vermell-ral-3009-ca","33":"pa_colorinterior-blanc-pirineu-ral-9010","34":"pa_espesorespuma-100-mm-ca","35":"pa_espesorespuma-40-mm-ca","36":"pa_espesorespuma-50-mm-ca","37":"pa_espesorespuma-60-mm-ca","38":"pa_espesorespuma-80-mm-ca","39":"pa_tipoaislamiento-escuma-pir-b-s2-d0","40":"pa_tipoaislamiento-escuma-pir-hi-b-s1-d0","41":"pa_tipoaislamiento-escuma-pur-c-s3-d0","43":"first","44":"instock","45":"taxable","46":"shipping-taxable","47":"product-type-variable","48":"has-default-attributes"},"_links":{"self":[{"href":"https:\/\/panelsandwich.org\/ca\/wp-json\/wp\/v2\/product\/43550","targetHints":{"allow":["GET"]}}],"collection":[{"href":"https:\/\/panelsandwich.org\/ca\/wp-json\/wp\/v2\/product"}],"about":[{"href":"https:\/\/panelsandwich.org\/ca\/wp-json\/wp\/v2\/types\/product"}],"replies":[{"embeddable":true,"href":"https:\/\/panelsandwich.org\/ca\/wp-json\/wp\/v2\/comments?post=43550"}],"version-history":[{"count":0,"href":"https:\/\/panelsandwich.org\/ca\/wp-json\/wp\/v2\/product\/43550\/revisions"}],"wp:featuredmedia":[{"embeddable":true,"href":"https:\/\/panelsandwich.org\/ca\/wp-json\/wp\/v2\/media\/46358"}],"wp:attachment":[{"href":"https:\/\/panelsandwich.org\/ca\/wp-json\/wp\/v2\/media?parent=43550"}],"wp:term":[{"taxonomy":"product_brand","embeddable":true,"href":"https:\/\/panelsandwich.org\/ca\/wp-json\/wp\/v2\/product_brand?post=43550"},{"taxonomy":"product_cat","embeddable":true,"href":"https:\/\/panelsandwich.org\/ca\/wp-json\/wp\/v2\/product_cat?post=43550"},{"taxonomy":"product_tag","embeddable":true,"href":"https:\/\/panelsandwich.org\/ca\/wp-json\/wp\/v2\/product_tag?post=43550"}],"curies":[{"name":"wp","href":"https:\/\/api.w.org\/{rel}","templated":true}]}}