{"id":44598,"date":"2023-09-28T23:16:11","date_gmt":"2023-09-28T21:16:11","guid":{"rendered":"https:\/\/panelsandwich.org\/panell-sandwich-lana-roca-ignifug-coberta-rei-30-120-180\/"},"modified":"2023-11-22T17:56:59","modified_gmt":"2023-11-22T16:56:59","slug":"panell-sandwich-lana-roca-ignifug-coberta-rei-30-120-180","status":"publish","type":"product","link":"https:\/\/panelsandwich.org\/ca\/panell-sandwich-lana-roca-ignifug-coberta-rei-30-120-180\/","title":{"rendered":"Panell Sandwich Lana Roca Ign\u00edfug &#8211; Coberta &#8211; REI 30\/120\/180"},"content":{"rendered":"\t\t<div data-elementor-type=\"product-post\" data-elementor-id=\"44598\" class=\"elementor elementor-44598 elementor-31536\" data-elementor-post-type=\"product\">\n\t\t\t\t\t\t<section class=\"elementor-section elementor-top-section elementor-element elementor-element-5b38231d elementor-section-boxed elementor-section-height-default elementor-section-height-default\" data-id=\"5b38231d\" data-element_type=\"section\" data-e-type=\"section\" data-settings=\"{&quot;jet_parallax_layout_list&quot;:[]}\">\n\t\t\t\t\t\t<div class=\"elementor-container elementor-column-gap-default\">\n\t\t\t\t\t<div class=\"elementor-column elementor-col-100 elementor-top-column elementor-element elementor-element-341bb393\" data-id=\"341bb393\" data-element_type=\"column\" data-e-type=\"column\">\n\t\t\t<div class=\"elementor-widget-wrap elementor-element-populated\">\n\t\t\t\t\t\t<div class=\"elementor-element elementor-element-65ce557a elementor-widget elementor-widget-heading\" data-id=\"65ce557a\" data-element_type=\"widget\" data-e-type=\"widget\" data-widget_type=\"heading.default\">\n\t\t\t\t<div class=\"elementor-widget-container\">\n\t\t\t\t\t<h2 class=\"elementor-heading-title elementor-size-default\"><h2>Panell Sandwich Lana Roca Ign\u00edfug - Coberta\n\n<\/h2><\/h2>\t\t\t\t<\/div>\n\t\t\t\t<\/div>\n\t\t\t\t<div class=\"elementor-element elementor-element-50ea0ffa elementor-widget elementor-widget-text-editor\" data-id=\"50ea0ffa\" data-element_type=\"widget\" data-e-type=\"widget\" data-widget_type=\"text-editor.default\">\n\t\t\t\t<div class=\"elementor-widget-container\">\n\t\t\t\t\t\t\t\t\t<p>Panell met\u00e0l\u00b7lic autoportant a\u00efllat amb llana de roca destinat a les cobertes i fa\u00e7anes que requereixen elevades prestacions de resist\u00e8ncia al foc i fonoa\u00efllants.<\/p>\n<p>El plaf\u00f3 realitzat segons un sistema productiu patentat, es compon d&#8217;una xapa exterior d&#8217;acer corrugada i una interior micronervada amb una capa a\u00efllant de llana de roca interposada. La llana de roca, de fibres orientades disposades ortogonalment respecte al pla de les xapes, es col\u00b7loca en llistons de juntes alternades longitudinalment i compactades transversalment que fan perfectament monol\u00edtic el panell. Les greques de la xapa exterior s&#8217;omplen amb llistons per\ufb01lats en llana de roca.<\/p>\n\t\t\t\t\t\t\t\t<\/div>\n\t\t\t\t<\/div>\n\t\t\t\t<div class=\"elementor-element elementor-element-59d326ea elementor-tabs-view-horizontal elementor-widget elementor-widget-tabs\" data-id=\"59d326ea\" data-element_type=\"widget\" data-e-type=\"widget\" data-widget_type=\"tabs.default\">\n\t\t\t\t<div class=\"elementor-widget-container\">\n\t\t\t\t\t\t\t<div class=\"elementor-tabs\">\n\t\t\t<div class=\"elementor-tabs-wrapper\" role=\"tablist\" >\n\t\t\t\t\t\t\t\t\t<div id=\"elementor-tab-title-1501\" class=\"elementor-tab-title elementor-tab-desktop-title\" aria-selected=\"true\" data-tab=\"1\" role=\"tab\" tabindex=\"0\" aria-controls=\"elementor-tab-content-1501\" aria-expanded=\"false\">Descripci\u00f3\/ Aplicaci\u00f3<\/div>\n\t\t\t\t\t\t\t\t\t<div id=\"elementor-tab-title-1502\" class=\"elementor-tab-title elementor-tab-desktop-title\" aria-selected=\"false\" data-tab=\"2\" role=\"tab\" tabindex=\"-1\" aria-controls=\"elementor-tab-content-1502\" aria-expanded=\"false\">Perfils Disponibles<\/div>\n\t\t\t\t\t\t\t\t\t<div id=\"elementor-tab-title-1503\" class=\"elementor-tab-title elementor-tab-desktop-title\" aria-selected=\"false\" data-tab=\"3\" role=\"tab\" tabindex=\"-1\" aria-controls=\"elementor-tab-content-1503\" aria-expanded=\"false\">Colors Disponibles<\/div>\n\t\t\t\t\t\t\t\t\t<div id=\"elementor-tab-title-1504\" class=\"elementor-tab-title elementor-tab-desktop-title\" aria-selected=\"false\" data-tab=\"4\" role=\"tab\" tabindex=\"-1\" aria-controls=\"elementor-tab-content-1504\" aria-expanded=\"false\">Fitxes T\u00e8cniques \/ Desc\u00e0rregues<\/div>\n\t\t\t\t\t\t\t<\/div>\n\t\t\t<div class=\"elementor-tabs-content-wrapper\" role=\"tablist\" aria-orientation=\"vertical\">\n\t\t\t\t\t\t\t\t\t<div class=\"elementor-tab-title elementor-tab-mobile-title\" aria-selected=\"true\" data-tab=\"1\" role=\"tab\" tabindex=\"0\" aria-controls=\"elementor-tab-content-1501\" aria-expanded=\"false\">Descripci\u00f3\/ Aplicaci\u00f3<\/div>\n\t\t\t\t\t<div id=\"elementor-tab-content-1501\" class=\"elementor-tab-content elementor-clearfix\" data-tab=\"1\" role=\"tabpanel\" aria-labelledby=\"elementor-tab-title-1501\" tabindex=\"0\" hidden=\"false\"><h3>Descripci\u00f3<\/h3>\n<p>Panell met\u00e0l\u00b7lic autoportant a\u00efllat amb llana de roca destinat a les cobertes i fa\u00e7anes que requereixen elevades prestacions de resist\u00e8ncia al foc i fonoa\u00efllants.<\/p>\n<p>El plaf\u00f3 realitzat segons un sistema productiu patentat, es compon d&#8217;una xapa exterior d&#8217;acer corrugada i una interior micronervada amb una capa a\u00efllant de llana de roca interposada. La llana de roca, de fibres orientades disposades ortogonalment respecte al pla de les xapes, es col\u00b7loca en llistons de juntes alternades longitudinalment i compactades transversalment que fan perfectament monol\u00edtic el panell. Les greques de la xapa exterior s&#8217;omplen amb llistons per\ufb01lats en llana de roca.<\/p>\n<h3>Aplicacions<\/h3>\n<p>Els Panells estan concebuts per a la construcci\u00f3 de tancaments a grans superf\u00edcies industrials o d&#8217;edificaci\u00f3 civil. Es pot emprar indistintament per a la construcci\u00f3 de cobertes dels tipus d&#8217;edificis seg\u00fcents:<\/p>\n<ul>\n<li>Locals calefactats.<\/li>\n<li>Apantallament ac\u00fastic interior en instal\u00b7lacions industrials.<\/li>\n<li>Locals de fabricaci\u00f3.<\/li>\n<li>Locals on el comportament al foc sigui un requisit important.<\/li>\n<li>Tancaments incombustibles: CPD&#8217;s, garatges, magatzems de subst\u00e0ncies perilloses, etc.<\/li>\n<li>Edificis on l&#8217;activitat \u00e9s canviant o destinats al lloguer<\/li>\n<\/ul>\n<h3> <\/h3>\n<h3>Avantatges<\/h3>\n<p>Els avantatges, en ser un panell prefabricat s\u00f3n la facilitat i la rapidesa en el muntatge, l&#8217;homogene\u00eftat i la qualitat d&#8217;acabats, i les seves certificacions.<\/p>\n<p>A causa de les propietats de la llana de roca, el panell sandvitx FTB reuneix diversos avantatges en un \u00fanic material, entre els quals es destaquen:<\/p>\n<ul>\n<li>A\u00efllament t\u00e8rmic;<\/li>\n<li>A\u00efllament ac\u00fastic;<\/li>\n<li>Seguretat contra incendis.<\/li>\n<\/ul>\n<div> <\/div>\n<h3>Mesures<\/h3>\n<p><img fetchpriority=\"high\" decoding=\"async\" class=\"alignnone wp-image-37003 size-full\" src=\"https:\/\/panelsandwich.org\/wp-content\/uploads\/2023\/11\/Captura-20.jpg\" alt=\"\" width=\"1610\" height=\"342\" title=\"\" srcset=\"https:\/\/panelsandwich.org\/wp-content\/uploads\/2023\/11\/Captura-20.jpg 1610w, https:\/\/panelsandwich.org\/wp-content\/uploads\/2023\/11\/Captura-20-300x64.jpg 300w, https:\/\/panelsandwich.org\/wp-content\/uploads\/2023\/11\/Captura-20-1024x218.jpg 1024w, https:\/\/panelsandwich.org\/wp-content\/uploads\/2023\/11\/Captura-20-768x163.jpg 768w, https:\/\/panelsandwich.org\/wp-content\/uploads\/2023\/11\/Captura-20-1536x326.jpg 1536w\" sizes=\"(max-width: 1610px) 100vw, 1610px\" \/><\/p>\n<p><img decoding=\"async\" class=\"alignnone wp-image-37004 size-full lazyload\" data-src=\"https:\/\/panelsandwich.org\/wp-content\/uploads\/2023\/11\/Captura-21.jpg\" alt=\"\" width=\"1276\" height=\"439\" title=\"\" data-srcset=\"https:\/\/panelsandwich.org\/wp-content\/uploads\/2023\/11\/Captura-21.jpg 1276w, https:\/\/panelsandwich.org\/wp-content\/uploads\/2023\/11\/Captura-21-300x103.jpg 300w, https:\/\/panelsandwich.org\/wp-content\/uploads\/2023\/11\/Captura-21-1024x352.jpg 1024w, https:\/\/panelsandwich.org\/wp-content\/uploads\/2023\/11\/Captura-21-768x264.jpg 768w\" data-sizes=\"(max-width: 1276px) 100vw, 1276px\" src=\"data:image\/svg+xml;base64,PHN2ZyB3aWR0aD0iMSIgaGVpZ2h0PSIxIiB4bWxucz0iaHR0cDovL3d3dy53My5vcmcvMjAwMC9zdmciPjwvc3ZnPg==\" style=\"--smush-placeholder-width: 1276px; --smush-placeholder-aspect-ratio: 1276\/439;\" \/> <img decoding=\"async\" class=\"alignnone wp-image-37005 size-full lazyload\" data-src=\"https:\/\/panelsandwich.org\/wp-content\/uploads\/2023\/11\/Captura-22.jpg\" alt=\"\" width=\"1334\" height=\"379\" title=\"\" data-srcset=\"https:\/\/panelsandwich.org\/wp-content\/uploads\/2023\/11\/Captura-22.jpg 1334w, https:\/\/panelsandwich.org\/wp-content\/uploads\/2023\/11\/Captura-22-300x85.jpg 300w, https:\/\/panelsandwich.org\/wp-content\/uploads\/2023\/11\/Captura-22-1024x291.jpg 1024w, https:\/\/panelsandwich.org\/wp-content\/uploads\/2023\/11\/Captura-22-768x218.jpg 768w\" data-sizes=\"(max-width: 1334px) 100vw, 1334px\" src=\"data:image\/svg+xml;base64,PHN2ZyB3aWR0aD0iMSIgaGVpZ2h0PSIxIiB4bWxucz0iaHR0cDovL3d3dy53My5vcmcvMjAwMC9zdmciPjwvc3ZnPg==\" style=\"--smush-placeholder-width: 1334px; --smush-placeholder-aspect-ratio: 1334\/379;\" \/><\/p>\n<h3><img decoding=\"async\" class=\"wp-image-36964 size-full aligncenter lazyload\" data-src=\"https:\/\/panelsandwich.org\/wp-content\/uploads\/2023\/11\/Captura-16.jpg\" alt=\"\" width=\"932\" height=\"320\" title=\"\" data-srcset=\"https:\/\/panelsandwich.org\/wp-content\/uploads\/2023\/11\/Captura-16.jpg 932w, https:\/\/panelsandwich.org\/wp-content\/uploads\/2023\/11\/Captura-16-300x103.jpg 300w, https:\/\/panelsandwich.org\/wp-content\/uploads\/2023\/11\/Captura-16-768x264.jpg 768w\" data-sizes=\"(max-width: 932px) 100vw, 932px\" src=\"data:image\/svg+xml;base64,PHN2ZyB3aWR0aD0iMSIgaGVpZ2h0PSIxIiB4bWxucz0iaHR0cDovL3d3dy53My5vcmcvMjAwMC9zdmciPjwvc3ZnPg==\" style=\"--smush-placeholder-width: 932px; --smush-placeholder-aspect-ratio: 932\/320;\" \/><\/h3>\n<p><img decoding=\"async\" class=\"alignnone wp-image-36985 size-full lazyload\" data-src=\"https:\/\/panelsandwich.org\/wp-content\/uploads\/2023\/11\/Captura-19.jpg\" alt=\"\" width=\"1148\" height=\"428\" title=\"\" data-srcset=\"https:\/\/panelsandwich.org\/wp-content\/uploads\/2023\/11\/Captura-19.jpg 1148w, https:\/\/panelsandwich.org\/wp-content\/uploads\/2023\/11\/Captura-19-300x112.jpg 300w, https:\/\/panelsandwich.org\/wp-content\/uploads\/2023\/11\/Captura-19-1024x382.jpg 1024w, https:\/\/panelsandwich.org\/wp-content\/uploads\/2023\/11\/Captura-19-768x286.jpg 768w\" data-sizes=\"(max-width: 1148px) 100vw, 1148px\" src=\"data:image\/svg+xml;base64,PHN2ZyB3aWR0aD0iMSIgaGVpZ2h0PSIxIiB4bWxucz0iaHR0cDovL3d3dy53My5vcmcvMjAwMC9zdmciPjwvc3ZnPg==\" style=\"--smush-placeholder-width: 1148px; --smush-placeholder-aspect-ratio: 1148\/428;\" \/><\/p>\n<\/div>\n\t\t\t\t\t\t\t\t\t<div class=\"elementor-tab-title elementor-tab-mobile-title\" aria-selected=\"false\" data-tab=\"2\" role=\"tab\" tabindex=\"-1\" aria-controls=\"elementor-tab-content-1502\" aria-expanded=\"false\">Perfils Disponibles<\/div>\n\t\t\t\t\t<div id=\"elementor-tab-content-1502\" class=\"elementor-tab-content elementor-clearfix\" data-tab=\"2\" role=\"tabpanel\" aria-labelledby=\"elementor-tab-title-1502\" tabindex=\"0\" hidden=\"hidden\"><p><img decoding=\"async\" class=\"aligncenter wp-image-36965 size-full lazyload\" data-src=\"https:\/\/panelsandwich.org\/wp-content\/uploads\/2023\/11\/c.jpg\" alt=\"\" width=\"931\" height=\"765\" title=\"\" data-srcset=\"https:\/\/panelsandwich.org\/wp-content\/uploads\/2023\/11\/c.jpg 931w, https:\/\/panelsandwich.org\/wp-content\/uploads\/2023\/11\/c-300x247.jpg 300w, https:\/\/panelsandwich.org\/wp-content\/uploads\/2023\/11\/c-768x631.jpg 768w\" data-sizes=\"(max-width: 931px) 100vw, 931px\" src=\"data:image\/svg+xml;base64,PHN2ZyB3aWR0aD0iMSIgaGVpZ2h0PSIxIiB4bWxucz0iaHR0cDovL3d3dy53My5vcmcvMjAwMC9zdmciPjwvc3ZnPg==\" style=\"--smush-placeholder-width: 931px; --smush-placeholder-aspect-ratio: 931\/765;\" \/><\/p>\n<\/div>\n\t\t\t\t\t\t\t\t\t<div class=\"elementor-tab-title elementor-tab-mobile-title\" aria-selected=\"false\" data-tab=\"3\" role=\"tab\" tabindex=\"-1\" aria-controls=\"elementor-tab-content-1503\" aria-expanded=\"false\">Colors Disponibles<\/div>\n\t\t\t\t\t<div id=\"elementor-tab-content-1503\" class=\"elementor-tab-content elementor-clearfix\" data-tab=\"3\" role=\"tabpanel\" aria-labelledby=\"elementor-tab-title-1503\" tabindex=\"0\" hidden=\"hidden\"><p><img decoding=\"async\" class=\"aligncenter wp-image-36969 size-full lazyload\" data-src=\"https:\/\/panelsandwich.org\/wp-content\/uploads\/2023\/11\/Captura-17.jpg\" alt=\"\" width=\"654\" height=\"393\" title=\"\" data-srcset=\"https:\/\/panelsandwich.org\/wp-content\/uploads\/2023\/11\/Captura-17.jpg 654w, https:\/\/panelsandwich.org\/wp-content\/uploads\/2023\/11\/Captura-17-300x180.jpg 300w\" data-sizes=\"(max-width: 654px) 100vw, 654px\" src=\"data:image\/svg+xml;base64,PHN2ZyB3aWR0aD0iMSIgaGVpZ2h0PSIxIiB4bWxucz0iaHR0cDovL3d3dy53My5vcmcvMjAwMC9zdmciPjwvc3ZnPg==\" style=\"--smush-placeholder-width: 654px; --smush-placeholder-aspect-ratio: 654\/393;\" \/><\/p>\n<\/div>\n\t\t\t\t\t\t\t\t\t<div class=\"elementor-tab-title elementor-tab-mobile-title\" aria-selected=\"false\" data-tab=\"4\" role=\"tab\" tabindex=\"-1\" aria-controls=\"elementor-tab-content-1504\" aria-expanded=\"false\">Fitxes T\u00e8cniques \/ Desc\u00e0rregues<\/div>\n\t\t\t\t\t<div id=\"elementor-tab-content-1504\" class=\"elementor-tab-content elementor-clearfix\" data-tab=\"4\" role=\"tabpanel\" aria-labelledby=\"elementor-tab-title-1504\" tabindex=\"0\" hidden=\"hidden\"><ul>\n<li><em><span style=\"text-decoration: underline;\"><strong>DESCARREGAR FITXA T\u00c8CNICA<\/strong><\/span><\/em><\/li>\n<\/ul>\n<\/div>\n\t\t\t\t\t\t\t<\/div>\n\t\t<\/div>\n\t\t\t\t\t\t<\/div>\n\t\t\t\t<\/div>\n\t\t\t\t\t<\/div>\n\t\t<\/div>\n\t\t\t\t\t<\/div>\n\t\t<\/section>\n\t\t\t\t<\/div>\n\t\t","protected":false},"excerpt":{"rendered":"<p>PRC- Panell Sandwich Coberta Lana Roca. Ignifug<\/p>\n<p>Els panells Sandwich .ORG estan formats per dues l\u00e0mines d&#8217;acer adherides mitjan\u00e7ant adhesiu org\u00e0nic al nucli de llana de roca.<\/p>\n<p style=\"text-align: center;\"><strong><span style=\"font-size: medium;\"><a class=\"w-100 btn btn-danger btn-lg\" href=\"https:\/\/panelsandwich.org\/contactenos\">SOL\u00b7LICITAR PREU I INFORMACI\u00d3 T\u00c8CNICA  <i class=\"caret-right\"><\/i><\/a><\/span><\/strong><\/p>\n","protected":false},"featured_media":45615,"comment_status":"open","ping_status":"closed","template":"","meta":[],"product_brand":[],"product_cat":[3348],"product_tag":[3263,3241,3353,3356,3243,3358],"class_list":{"0":"post-44598","1":"product","2":"type-product","3":"status-publish","4":"has-post-thumbnail","6":"product_cat-panell-sandwich-llana-de-roca","7":"product_tag-agropanell","8":"product_tag-panell-sandvitx","9":"product_tag-panell-sandvitx-coberta","10":"product_tag-panell-sandvitx-facana","11":"product_tag-panell-teula","12":"product_tag-panell-teula-envellit","13":"pa_colorexterior-blanc-pirineu-ral-9010","14":"pa_colorexterior-blau-genciana-ral-5010","15":"pa_colorexterior-blau-llac-ral-5019-ca","16":"pa_colorexterior-crema-bidasoa-ral-1015","17":"pa_colorexterior-gris-basalto-ral-7012-ca","18":"pa_colorexterior-gris-metallitzat-ral-9006","19":"pa_colorexterior-gris-ombra-ral-7022","20":"pa_colorexterior-gris-pissarra-ral-7024","21":"pa_colorexterior-verd-navarra-ral-6005","22":"pa_colorexterior-vermell-ral-3009-ca","23":"pa_colorinterior-blanc-pirineu-ral-9010","24":"pa_espesorespuma-100-mm-ca","25":"pa_espesorespuma-120-mm-ca","26":"pa_espesorespuma-50-mm-ca","27":"pa_espesorespuma-75-mm-ca","28":"pa_tipoaislamiento-llana-roca-100-mm-a2-s1-d0-rei-180","29":"pa_tipoaislamiento-llana-roca-120-mm-a2-s1-d0-ei-180","30":"pa_tipoaislamiento-llana-roca-50-mm-a2-s1-d0-rei-30","31":"pa_tipoaislamiento-llana-roca-75-mm-a2-s1-d0-rei-120","33":"first","34":"outofstock","35":"taxable","36":"shipping-taxable","37":"purchasable","38":"product-type-variable","39":"has-default-attributes"},"_links":{"self":[{"href":"https:\/\/panelsandwich.org\/ca\/wp-json\/wp\/v2\/product\/44598","targetHints":{"allow":["GET"]}}],"collection":[{"href":"https:\/\/panelsandwich.org\/ca\/wp-json\/wp\/v2\/product"}],"about":[{"href":"https:\/\/panelsandwich.org\/ca\/wp-json\/wp\/v2\/types\/product"}],"replies":[{"embeddable":true,"href":"https:\/\/panelsandwich.org\/ca\/wp-json\/wp\/v2\/comments?post=44598"}],"version-history":[{"count":0,"href":"https:\/\/panelsandwich.org\/ca\/wp-json\/wp\/v2\/product\/44598\/revisions"}],"wp:featuredmedia":[{"embeddable":true,"href":"https:\/\/panelsandwich.org\/ca\/wp-json\/wp\/v2\/media\/45615"}],"wp:attachment":[{"href":"https:\/\/panelsandwich.org\/ca\/wp-json\/wp\/v2\/media?parent=44598"}],"wp:term":[{"taxonomy":"product_brand","embeddable":true,"href":"https:\/\/panelsandwich.org\/ca\/wp-json\/wp\/v2\/product_brand?post=44598"},{"taxonomy":"product_cat","embeddable":true,"href":"https:\/\/panelsandwich.org\/ca\/wp-json\/wp\/v2\/product_cat?post=44598"},{"taxonomy":"product_tag","embeddable":true,"href":"https:\/\/panelsandwich.org\/ca\/wp-json\/wp\/v2\/product_tag?post=44598"}],"curies":[{"name":"wp","href":"https:\/\/api.w.org\/{rel}","templated":true}]}}