{"id":45246,"date":"2023-09-28T23:16:13","date_gmt":"2023-09-28T21:16:13","guid":{"rendered":"https:\/\/panelsandwich.org\/panell-sandwich-agropanel-3-greques-tapajuntes\/"},"modified":"2025-11-17T10:50:29","modified_gmt":"2025-11-17T09:50:29","slug":"panell-sandwich-agropanel-3-greques-tapajuntes","status":"publish","type":"product","link":"https:\/\/panelsandwich.org\/ca\/panell-sandwich-agropanel-3-greques-tapajuntes\/","title":{"rendered":"Panell Sandwich Agropanel &#8211; 3 Greques Tapajuntes"},"content":{"rendered":"\t\t<div data-elementor-type=\"product-post\" data-elementor-id=\"45246\" class=\"elementor elementor-45246 elementor-31432\" data-elementor-post-type=\"product\">\n\t\t\t\t\t\t<section class=\"elementor-section elementor-top-section elementor-element elementor-element-6467db89 elementor-section-boxed elementor-section-height-default elementor-section-height-default\" data-id=\"6467db89\" data-element_type=\"section\" data-e-type=\"section\" data-settings=\"{&quot;jet_parallax_layout_list&quot;:[]}\">\n\t\t\t\t\t\t<div class=\"elementor-container elementor-column-gap-default\">\n\t\t\t\t\t<div class=\"elementor-column elementor-col-100 elementor-top-column elementor-element elementor-element-1ec172d1\" data-id=\"1ec172d1\" data-element_type=\"column\" data-e-type=\"column\">\n\t\t\t<div class=\"elementor-widget-wrap elementor-element-populated\">\n\t\t\t\t\t\t<div class=\"elementor-element elementor-element-6558f0d3 elementor-widget elementor-widget-heading\" data-id=\"6558f0d3\" data-element_type=\"widget\" data-e-type=\"widget\" data-widget_type=\"heading.default\">\n\t\t\t\t<div class=\"elementor-widget-container\">\n\t\t\t\t\t<h2 class=\"elementor-heading-title elementor-size-default\"><h2>Agropanel - Tapajuntes 3 Grecas\n<\/h2><\/h2>\t\t\t\t<\/div>\n\t\t\t\t<\/div>\n\t\t\t\t<div class=\"elementor-element elementor-element-79d27cac elementor-widget elementor-widget-text-editor\" data-id=\"79d27cac\" data-element_type=\"widget\" data-e-type=\"widget\" data-widget_type=\"text-editor.default\">\n\t\t\t\t<div class=\"elementor-widget-container\">\n\t\t\t\t\t\t\t\t\t<p>Panell de coberta amb tapajuntes per a instal\u00b7lacions agropecu\u00e0ries, amb cara exterior de xapa met\u00e0l\u00b7lica perfilada i cara interior amb l\u00e0mina de resina de poli\u00e8ster, refor\u00e7at amb fibra de vidre, resistent a la corrosi\u00f3 d&#8217;ambients corrosius com granges i empreses qu\u00edmiques. Els panells sandvitx autoportants estan formats per una l\u00e0mina d&#8217;acer a la cara exterior, una l\u00e0mina de poli\u00e8ster a la cara interior, i per un nucli d&#8217;escuma de poliuret\u00e0 amb gran a\u00efllament t\u00e8rmic.<\/p>\t\t\t\t\t\t\t\t<\/div>\n\t\t\t\t<\/div>\n\t\t\t\t<div class=\"elementor-element elementor-element-7625b0bf elementor-tabs-view-horizontal elementor-widget elementor-widget-tabs\" data-id=\"7625b0bf\" data-element_type=\"widget\" data-e-type=\"widget\" data-widget_type=\"tabs.default\">\n\t\t\t\t<div class=\"elementor-widget-container\">\n\t\t\t\t\t\t\t<div class=\"elementor-tabs\">\n\t\t\t<div class=\"elementor-tabs-wrapper\" role=\"tablist\" >\n\t\t\t\t\t\t\t\t\t<div id=\"elementor-tab-title-1981\" class=\"elementor-tab-title elementor-tab-desktop-title\" aria-selected=\"true\" data-tab=\"1\" role=\"tab\" tabindex=\"0\" aria-controls=\"elementor-tab-content-1981\" aria-expanded=\"false\">Descripci\u00f3\/ Aplicaci\u00f3<\/div>\n\t\t\t\t\t\t\t\t\t<div id=\"elementor-tab-title-1982\" class=\"elementor-tab-title elementor-tab-desktop-title\" aria-selected=\"false\" data-tab=\"2\" role=\"tab\" tabindex=\"-1\" aria-controls=\"elementor-tab-content-1982\" aria-expanded=\"false\">Taula de C\u00e0rregues<\/div>\n\t\t\t\t\t\t\t\t\t<div id=\"elementor-tab-title-1983\" class=\"elementor-tab-title elementor-tab-desktop-title\" aria-selected=\"false\" data-tab=\"3\" role=\"tab\" tabindex=\"-1\" aria-controls=\"elementor-tab-content-1983\" aria-expanded=\"false\">Colors Disponibles<\/div>\n\t\t\t\t\t\t\t\t\t<div id=\"elementor-tab-title-1984\" class=\"elementor-tab-title elementor-tab-desktop-title\" aria-selected=\"false\" data-tab=\"4\" role=\"tab\" tabindex=\"-1\" aria-controls=\"elementor-tab-content-1984\" aria-expanded=\"false\">Fitxes T\u00e8cniques \/ Desc\u00e0rregues<\/div>\n\t\t\t\t\t\t\t<\/div>\n\t\t\t<div class=\"elementor-tabs-content-wrapper\" role=\"tablist\" aria-orientation=\"vertical\">\n\t\t\t\t\t\t\t\t\t<div class=\"elementor-tab-title elementor-tab-mobile-title\" aria-selected=\"true\" data-tab=\"1\" role=\"tab\" tabindex=\"0\" aria-controls=\"elementor-tab-content-1981\" aria-expanded=\"false\">Descripci\u00f3\/ Aplicaci\u00f3<\/div>\n\t\t\t\t\t<div id=\"elementor-tab-content-1981\" class=\"elementor-tab-content elementor-clearfix\" data-tab=\"1\" role=\"tabpanel\" aria-labelledby=\"elementor-tab-title-1981\" tabindex=\"0\" hidden=\"false\"><h3>Aplicaci\u00f3:<\/h3>\n<p>Coberta d&#8217;instal\u00b7lacions agropecu\u00e0ries o instal\u00b7lacions exposades a ambients corrosius.<\/p>\n<h3>Tipus d&#8217;Uni\u00f3:<\/h3>\n<p>Uni\u00f3: Oculta amb Tapajuntes. El cargol queda ocult gr\u00e0cies a la rematada. Cargols: Cargol sense volandera<\/p>\n<p><img decoding=\"async\" class=\" size-full wp-image-31429\" src=\"https:\/\/panelsandwich.org\/wp-content\/uploads\/2018\/01\/cms_AGROPANEL_TAPAJUNTAS_union.jpg\" alt=\"\" width=\"50%\" title=\"\" srcset=\"https:\/\/panelsandwich.org\/wp-content\/uploads\/2018\/01\/cms_AGROPANEL_TAPAJUNTAS_union.jpg 567w, https:\/\/panelsandwich.org\/wp-content\/uploads\/2018\/01\/cms_AGROPANEL_TAPAJUNTAS_union-300x107.jpg 300w\" sizes=\"(max-width: 567px) 100vw, 567px\" \/><\/p>\n<h3>Avantatges<\/h3>\n<p>El sistema tapajuntes oculta el sistema de doble fixaci\u00f3 i confereix garanties plenes d&#8217;estanquitat a l&#8217;aigua de pluja. La l\u00e0mina de poli\u00e8ster interior \u00e9s altament resistent a l&#8217;atac de microorganismes, bacteris, vapors i condensacions dels \u00e0cids org\u00e0nics presents a les granges.<\/p>\n<p>Reacci\u00f3 al foc<\/p>\n<p>Classificaci\u00f3 F, segons norma UNE-EN 13501-1:2007+A1:2010. Lliure de CFC.<\/p>\n<\/p>\n<h3>Secci\u00f3 Panell<\/h3>\n<p><img fetchpriority=\"high\" decoding=\"async\" class=\"alignnone wp-image-36913 size-full\" src=\"https:\/\/panelsandwich.org\/wp-content\/uploads\/2023\/11\/Captura-3.jpg\" alt=\"\" width=\"1086\" height=\"523\" title=\"\" srcset=\"https:\/\/panelsandwich.org\/wp-content\/uploads\/2023\/11\/Captura-3.jpg 1086w, https:\/\/panelsandwich.org\/wp-content\/uploads\/2023\/11\/Captura-3-300x144.jpg 300w, https:\/\/panelsandwich.org\/wp-content\/uploads\/2023\/11\/Captura-3-1024x493.jpg 1024w, https:\/\/panelsandwich.org\/wp-content\/uploads\/2023\/11\/Captura-3-768x370.jpg 768w\" sizes=\"(max-width: 1086px) 100vw, 1086px\" \/><\/p>\n<\/div>\n\t\t\t\t\t\t\t\t\t<div class=\"elementor-tab-title elementor-tab-mobile-title\" aria-selected=\"false\" data-tab=\"2\" role=\"tab\" tabindex=\"-1\" aria-controls=\"elementor-tab-content-1982\" aria-expanded=\"false\">Taula de C\u00e0rregues<\/div>\n\t\t\t\t\t<div id=\"elementor-tab-content-1982\" class=\"elementor-tab-content elementor-clearfix\" data-tab=\"2\" role=\"tabpanel\" aria-labelledby=\"elementor-tab-title-1982\" tabindex=\"0\" hidden=\"hidden\"><p><img decoding=\"async\" class=\"alignnone wp-image-36914 size-full\" src=\"https:\/\/panelsandwich.org\/wp-content\/uploads\/2023\/11\/Captura-4.jpg\" alt=\"\" width=\"1271\" height=\"526\" title=\"\" srcset=\"https:\/\/panelsandwich.org\/wp-content\/uploads\/2023\/11\/Captura-4.jpg 1271w, https:\/\/panelsandwich.org\/wp-content\/uploads\/2023\/11\/Captura-4-300x124.jpg 300w, https:\/\/panelsandwich.org\/wp-content\/uploads\/2023\/11\/Captura-4-1024x424.jpg 1024w, https:\/\/panelsandwich.org\/wp-content\/uploads\/2023\/11\/Captura-4-768x318.jpg 768w\" sizes=\"(max-width: 1271px) 100vw, 1271px\" \/><\/p>\n<\/div>\n\t\t\t\t\t\t\t\t\t<div class=\"elementor-tab-title elementor-tab-mobile-title\" aria-selected=\"false\" data-tab=\"3\" role=\"tab\" tabindex=\"-1\" aria-controls=\"elementor-tab-content-1983\" aria-expanded=\"false\">Colors Disponibles<\/div>\n\t\t\t\t\t<div id=\"elementor-tab-content-1983\" class=\"elementor-tab-content elementor-clearfix\" data-tab=\"3\" role=\"tabpanel\" aria-labelledby=\"elementor-tab-title-1983\" tabindex=\"0\" hidden=\"hidden\"><p><img decoding=\"async\" class=\"aligncenter wp-image-36915 size-full\" src=\"https:\/\/panelsandwich.org\/wp-content\/uploads\/2023\/11\/Captura-5.jpg\" alt=\"\" width=\"590\" height=\"860\" title=\"\" srcset=\"https:\/\/panelsandwich.org\/wp-content\/uploads\/2023\/11\/Captura-5.jpg 590w, https:\/\/panelsandwich.org\/wp-content\/uploads\/2023\/11\/Captura-5-206x300.jpg 206w\" sizes=\"(max-width: 590px) 100vw, 590px\" \/><\/p>\n<\/div>\n\t\t\t\t\t\t\t\t\t<div class=\"elementor-tab-title elementor-tab-mobile-title\" aria-selected=\"false\" data-tab=\"4\" role=\"tab\" tabindex=\"-1\" aria-controls=\"elementor-tab-content-1984\" aria-expanded=\"false\">Fitxes T\u00e8cniques \/ Desc\u00e0rregues<\/div>\n\t\t\t\t\t<div id=\"elementor-tab-content-1984\" class=\"elementor-tab-content elementor-clearfix\" data-tab=\"4\" role=\"tabpanel\" aria-labelledby=\"elementor-tab-title-1984\" tabindex=\"0\" hidden=\"hidden\"><p><a href=\"https:\/\/panelsandwich.org\/wp-content\/uploads\/2023\/11\/PanelSandwich-Agropanel-3G-Tapajuntas.pdf\" target=\"_blank\" rel=\"noopener\"><button style=\"background-color: #ffa300; border-color: black; color: white;\" spellcheck=\"false\" data-lt-tmp-id=\"lt-827558\" data-gramm=\"false\">Descarregar Fitxa T\u00e8cnica<\/button><\/a><\/p>\n<p><a href=\"https:\/\/panelsandwich.org\/wp-content\/uploads\/2023\/11\/Carta-de-Colores-PanelSandwich.ORG_-1.pdf\" target=\"_blank\" rel=\"noopener\"> <button style=\"background-color: #ffa300; border-color: black; color: white;\" spellcheck=\"false\" data-lt-tmp-id=\"lt-827558\" data-gramm=\"false\">Carta de Colors<\/button><\/a><\/p>\n<\/div>\n\t\t\t\t\t\t\t<\/div>\n\t\t<\/div>\n\t\t\t\t\t\t<\/div>\n\t\t\t\t<\/div>\n\t\t\t\t\t<\/div>\n\t\t<\/div>\n\t\t\t\t\t<\/div>\n\t\t<\/section>\n\t\t\t\t<\/div>\n\t\t","protected":false},"excerpt":{"rendered":"<p>PAT- Panell Sandwich Agropanel. Tapajuntes<\/p>\n<p style=\"text-align: center;\"><strong><span style=\"font-size: medium;\"><a class=\"w-100 btn btn-danger btn-lg\" href=\"https:\/\/panelsandwich.org\/contactenos\">SOL\u00b7LICITAR PREU I INFORMACI\u00d3 T\u00c8CNICA  <i class=\"caret-right\"><\/i><\/a><\/span><\/strong><\/p>\n","protected":false},"featured_media":53096,"comment_status":"closed","ping_status":"closed","template":"","meta":[],"product_brand":[],"product_cat":[3497],"product_tag":[3263,3502,3249,3251,3271,3267,3278,3297,3253,3285,3243,3259,3292],"class_list":{"0":"post-45246","1":"product","2":"type-product","3":"status-publish","4":"has-post-thumbnail","6":"product_cat-panell-sandwich-per-a-granges-agropanel","7":"product_tag-agropanell","8":"product_tag-anel-sandvitx","9":"product_tag-coberta","10":"product_tag-facana","11":"product_tag-frigorific","12":"product_tag-granges","13":"product_tag-llana-de-roca","14":"product_tag-lluernaris","15":"product_tag-ocasio","16":"product_tag-panell-fusta","17":"product_tag-panell-teula","18":"product_tag-preu","19":"product_tag-remateria-ca","20":"pa_colorexterior-blanc-pirineu-ral-9010","21":"pa_colorexterior-blau-genciana-ral-5010","22":"pa_colorexterior-crema-bidasoa-ral-1015","23":"pa_colorexterior-gris-antracita-ral-7016-ca","24":"pa_colorexterior-gris-basalto-ral-7012-ca","25":"pa_colorexterior-gris-metallitzat-ral-9006","26":"pa_colorexterior-gris-ombra-ral-7022","27":"pa_colorexterior-gris-pissarra-ral-7024","28":"pa_colorexterior-negre-ral-9004","29":"pa_colorexterior-verd-navarra-ral-6005","30":"pa_colorexterior-vermell-ral-3009-ca","31":"pa_colorinterior-blanc-lamina-de-poliester-i-fibra-de-vidre","32":"pa_espesorespuma-100-mm-ca","33":"pa_espesorespuma-30-mm-ca","34":"pa_espesorespuma-40-mm-ca","35":"pa_espesorespuma-50-mm-ca","36":"pa_espesorespuma-60-mm-ca","37":"pa_espesorespuma-80-mm-ca","38":"pa_tipoaislamiento-escuma-pir-b-s2-d0","39":"pa_tipoaislamiento-escuma-pir-hi-b-s1-d0","40":"pa_tipoaislamiento-escuma-pur-c-s3-d0","42":"first","43":"instock","44":"taxable","45":"shipping-taxable","46":"product-type-variable","47":"has-default-attributes"},"_links":{"self":[{"href":"https:\/\/panelsandwich.org\/ca\/wp-json\/wp\/v2\/product\/45246","targetHints":{"allow":["GET"]}}],"collection":[{"href":"https:\/\/panelsandwich.org\/ca\/wp-json\/wp\/v2\/product"}],"about":[{"href":"https:\/\/panelsandwich.org\/ca\/wp-json\/wp\/v2\/types\/product"}],"replies":[{"embeddable":true,"href":"https:\/\/panelsandwich.org\/ca\/wp-json\/wp\/v2\/comments?post=45246"}],"version-history":[{"count":0,"href":"https:\/\/panelsandwich.org\/ca\/wp-json\/wp\/v2\/product\/45246\/revisions"}],"wp:featuredmedia":[{"embeddable":true,"href":"https:\/\/panelsandwich.org\/ca\/wp-json\/wp\/v2\/media\/53096"}],"wp:attachment":[{"href":"https:\/\/panelsandwich.org\/ca\/wp-json\/wp\/v2\/media?parent=45246"}],"wp:term":[{"taxonomy":"product_brand","embeddable":true,"href":"https:\/\/panelsandwich.org\/ca\/wp-json\/wp\/v2\/product_brand?post=45246"},{"taxonomy":"product_cat","embeddable":true,"href":"https:\/\/panelsandwich.org\/ca\/wp-json\/wp\/v2\/product_cat?post=45246"},{"taxonomy":"product_tag","embeddable":true,"href":"https:\/\/panelsandwich.org\/ca\/wp-json\/wp\/v2\/product_tag?post=45246"}],"curies":[{"name":"wp","href":"https:\/\/api.w.org\/{rel}","templated":true}]}}