{"id":46225,"date":"2023-09-28T23:16:13","date_gmt":"2023-09-28T21:16:13","guid":{"rendered":"https:\/\/panelsandwich.org\/panell-sandwich-agropanel-3-grecas\/"},"modified":"2026-01-15T06:31:52","modified_gmt":"2026-01-15T05:31:52","slug":"panell-sandwich-agropanel-3-grecas","status":"publish","type":"product","link":"https:\/\/panelsandwich.org\/ca\/panell-sandwich-agropanel-3-grecas\/","title":{"rendered":"Panell Sandwich Agropanel &#8211; 3 Grecas"},"content":{"rendered":"\t\t<div data-elementor-type=\"product-post\" data-elementor-id=\"46225\" class=\"elementor elementor-46225 elementor-31377\" data-elementor-post-type=\"product\">\n\t\t\t\t\t\t<section class=\"elementor-section elementor-top-section elementor-element elementor-element-e1e9bd3 elementor-section-boxed elementor-section-height-default elementor-section-height-default\" data-id=\"e1e9bd3\" data-element_type=\"section\" data-e-type=\"section\" data-settings=\"{&quot;jet_parallax_layout_list&quot;:[]}\">\n\t\t\t\t\t\t<div class=\"elementor-container elementor-column-gap-default\">\n\t\t\t\t\t<div class=\"elementor-column elementor-col-100 elementor-top-column elementor-element elementor-element-990a391\" data-id=\"990a391\" data-element_type=\"column\" data-e-type=\"column\">\n\t\t\t<div class=\"elementor-widget-wrap elementor-element-populated\">\n\t\t\t\t\t\t<div class=\"elementor-element elementor-element-44938a5f elementor-widget elementor-widget-heading\" data-id=\"44938a5f\" data-element_type=\"widget\" data-e-type=\"widget\" data-widget_type=\"heading.default\">\n\t\t\t\t<div class=\"elementor-widget-container\">\n\t\t\t\t\t<h2 class=\"elementor-heading-title elementor-size-default\"><h2>Agropanel - 3 Grecas\n<\/h2><\/h2>\t\t\t\t<\/div>\n\t\t\t\t<\/div>\n\t\t\t\t<div class=\"elementor-element elementor-element-659cf1e5 elementor-widget elementor-widget-text-editor\" data-id=\"659cf1e5\" data-element_type=\"widget\" data-e-type=\"widget\" data-widget_type=\"text-editor.default\">\n\t\t\t\t<div class=\"elementor-widget-container\">\n\t\t\t\t\t\t\t\t\tPanell a\u00efllant compost per dues xapes met\u00e0l\u00b7liques en perfils, unides per un nucli a\u00efllant d&#8217;escuma r\u00edgida de poliuret\u00e0. Panell de coberta de 3 greques per a instal\u00b7lacions agropecu\u00e0ries, amb cara exterior en xapa perfilada i cara interior en xapa de resina de poli\u00e8ster, refor\u00e7at amb fibra de vidre, resistent a la corrosi\u00f3 bioqu\u00edmica.\t\t\t\t\t\t\t\t<\/div>\n\t\t\t\t<\/div>\n\t\t\t\t<div class=\"elementor-element elementor-element-36fc7bbc elementor-tabs-view-horizontal elementor-widget elementor-widget-tabs\" data-id=\"36fc7bbc\" data-element_type=\"widget\" data-e-type=\"widget\" data-widget_type=\"tabs.default\">\n\t\t\t\t<div class=\"elementor-widget-container\">\n\t\t\t\t\t\t\t<div class=\"elementor-tabs\">\n\t\t\t<div class=\"elementor-tabs-wrapper\" role=\"tablist\" >\n\t\t\t\t\t\t\t\t\t<div id=\"elementor-tab-title-9221\" class=\"elementor-tab-title elementor-tab-desktop-title\" aria-selected=\"true\" data-tab=\"1\" role=\"tab\" tabindex=\"0\" aria-controls=\"elementor-tab-content-9221\" aria-expanded=\"false\">Descripci\u00f3\/ Aplicaci\u00f3<\/div>\n\t\t\t\t\t\t\t\t\t<div id=\"elementor-tab-title-9222\" class=\"elementor-tab-title elementor-tab-desktop-title\" aria-selected=\"false\" data-tab=\"2\" role=\"tab\" tabindex=\"-1\" aria-controls=\"elementor-tab-content-9222\" aria-expanded=\"false\">Taula de C\u00e0rregues<\/div>\n\t\t\t\t\t\t\t\t\t<div id=\"elementor-tab-title-9223\" class=\"elementor-tab-title elementor-tab-desktop-title\" aria-selected=\"false\" data-tab=\"3\" role=\"tab\" tabindex=\"-1\" aria-controls=\"elementor-tab-content-9223\" aria-expanded=\"false\">Colors Disponibles<\/div>\n\t\t\t\t\t\t\t\t\t<div id=\"elementor-tab-title-9224\" class=\"elementor-tab-title elementor-tab-desktop-title\" aria-selected=\"false\" data-tab=\"4\" role=\"tab\" tabindex=\"-1\" aria-controls=\"elementor-tab-content-9224\" aria-expanded=\"false\">Fitxes T\u00e8cniques \/ Desc\u00e0rregues<\/div>\n\t\t\t\t\t\t\t<\/div>\n\t\t\t<div class=\"elementor-tabs-content-wrapper\" role=\"tablist\" aria-orientation=\"vertical\">\n\t\t\t\t\t\t\t\t\t<div class=\"elementor-tab-title elementor-tab-mobile-title\" aria-selected=\"true\" data-tab=\"1\" role=\"tab\" tabindex=\"0\" aria-controls=\"elementor-tab-content-9221\" aria-expanded=\"false\">Descripci\u00f3\/ Aplicaci\u00f3<\/div>\n\t\t\t\t\t<div id=\"elementor-tab-content-9221\" class=\"elementor-tab-content elementor-clearfix\" data-tab=\"1\" role=\"tabpanel\" aria-labelledby=\"elementor-tab-title-9221\" tabindex=\"0\" hidden=\"false\"><h3 style=\"font-weight: 500;\">Aplicaci\u00f3:<\/h3>\n<p style=\"font-weight: 400;\">Coberta d&#8217;instal\u00b7lacions agropecu\u00e0ries o instal\u00b7lacions exposades a ambients corrosius.<\/p>\n<p style=\"font-weight: 400;\">&nbsp;Estan concebuts com a tancament de cobertes inclinades aplicat generalment a granges (exceptuant explotacions porcines en qu\u00e8 aconsellem instal\u00b7lar el nostre producte SPM) amb un pendent m\u00ednim del 5% en cobertes sense solapament i del 7% en cobertes amb solapament. La longitud m\u00e0xima recomanada per a aquest producte \u00e9s de 15.000 mm. amb una amplada \u00fatil de 1.000 mm.<\/p>\n<h3 style=\"font-weight: 500;\">Tipus d&#8217;Uni\u00f3:<\/h3>\n<p style=\"font-weight: 400;\">Uni\u00f3: Cargol Vist<\/p>\n<p style=\"font-weight: 400;\">&nbsp;Cargols: Cargol amb volandera<\/p>\n<p style=\"font-weight: 400;\"><img fetchpriority=\"high\" decoding=\"async\" class=\"alignnone wp-image-33005 size-medium\" src=\"https:\/\/panelsandwich.org\/wp-content\/uploads\/2018\/12\/cms_union-greca-union-greca.png-300x300.png\" alt=\"union greca.png\" width=\"300\" height=\"300\" title=\"\" srcset=\"https:\/\/panelsandwich.org\/wp-content\/uploads\/2018\/12\/cms_union-greca-union-greca.png-300x300.png 300w, https:\/\/panelsandwich.org\/wp-content\/uploads\/2018\/12\/cms_union-greca-union-greca.png-100x100.png 100w, https:\/\/panelsandwich.org\/wp-content\/uploads\/2018\/12\/cms_union-greca-union-greca.png-150x150.png 150w, https:\/\/panelsandwich.org\/wp-content\/uploads\/2018\/12\/cms_union-greca-union-greca.png.png 378w\" sizes=\"(max-width: 300px) 100vw, 300px\" \/><\/p>\n<h3 style=\"font-weight: 500;\">Avantatges<\/h3>\n<p style=\"font-weight: 400;\">El sistema de fixaci\u00f3 vista permet un muntatge r\u00e0pid assegurant l&#8217;estanquitat a l&#8217;aigua de pluja. La l\u00e0mina de poli\u00e8ster interior \u00e9s altament resistent a l&#8217;atac de microorganismes, bacteris, vapors i condensacions dels \u00e0cids org\u00e0nics presents a les granges.<\/p>\n<h3 style=\"font-weight: 500;\">Dimensions:<\/h3>\n<p style=\"font-weight: 400;\">Gruixos: 30\u201340\u201350-60-80-100 mm.<br \/> Amplada: 1000 mm<br \/> Llarg: 2,00 &#8211; 18,00 m<\/p>\n<p style=\"font-weight: 400;\"><img decoding=\"async\" class=\"alignnone wp-image-36925 size-full\" src=\"https:\/\/panelsandwich.org\/wp-content\/uploads\/2023\/11\/Captura-6.jpg\" alt=\"\" width=\"1331\" height=\"252\" title=\"\" srcset=\"https:\/\/panelsandwich.org\/wp-content\/uploads\/2023\/11\/Captura-6.jpg 1331w, https:\/\/panelsandwich.org\/wp-content\/uploads\/2023\/11\/Captura-6-300x57.jpg 300w, https:\/\/panelsandwich.org\/wp-content\/uploads\/2023\/11\/Captura-6-1024x194.jpg 1024w, https:\/\/panelsandwich.org\/wp-content\/uploads\/2023\/11\/Captura-6-768x145.jpg 768w\" sizes=\"(max-width: 1331px) 100vw, 1331px\" \/><\/p>\n<h3 style=\"font-weight: 500;\">Suport met\u00e0l\u00b7lic:<\/h3>\n<p style=\"font-weight: 400;\">Nucli en xapa d\u00b4acer qualitat S250GD: EN 10346<\/p>\n<p style=\"font-weight: 400;\">Bobines lacades de revestiment org\u00e0nic: EN 10169+A1.<\/p>\n<p style=\"font-weight: 400;\">Gruixos: 0,4\u20130,5\u20130,6 mm<\/p>\n<h3 style=\"font-weight: 500;\">Nucli a\u00efllant:<\/h3>\n<p style=\"font-weight: 400;\">Poliuret\u00e0 (PUR)<br \/> Conductivitat t\u00e8rmica: 0,022 W\/mK<br \/> Densitat: 40 kg\/m3.<\/p>\n<h3 style=\"font-weight: 500;\">Revestiment:<\/h3>\n<p style=\"font-weight: 400;\">Standard: Pintura poli\u00e8ster 25 \u00b5m<br \/> <span style=\"color: var( --e-global-color-text ); font-family: var( --e-global-typography-text-font-family ), Sans-serif; font-size: 1rem;\">Especials: Granite HDX 55 \u00b5m | PVDF 35 \u00b5m.<br \/><\/span> <span style=\"color: var( --e-global-color-text ); font-family: var( --e-global-typography-text-font-family ), Sans-serif; font-size: 1rem;\">Xapa de poli\u00e8ster amb fibra de vidre a la cara interior.<\/span><\/p>\n<\/div>\n\t\t\t\t\t\t\t\t\t<div class=\"elementor-tab-title elementor-tab-mobile-title\" aria-selected=\"false\" data-tab=\"2\" role=\"tab\" tabindex=\"-1\" aria-controls=\"elementor-tab-content-9222\" aria-expanded=\"false\">Taula de C\u00e0rregues<\/div>\n\t\t\t\t\t<div id=\"elementor-tab-content-9222\" class=\"elementor-tab-content elementor-clearfix\" data-tab=\"2\" role=\"tabpanel\" aria-labelledby=\"elementor-tab-title-9222\" tabindex=\"0\" hidden=\"hidden\"><p><img decoding=\"async\" class=\"alignnone wp-image-36926 size-full\" src=\"https:\/\/panelsandwich.org\/wp-content\/uploads\/2023\/11\/Captura-7.jpg\" alt=\"\" width=\"1291\" height=\"798\" title=\"\" srcset=\"https:\/\/panelsandwich.org\/wp-content\/uploads\/2023\/11\/Captura-7.jpg 1291w, https:\/\/panelsandwich.org\/wp-content\/uploads\/2023\/11\/Captura-7-300x185.jpg 300w, https:\/\/panelsandwich.org\/wp-content\/uploads\/2023\/11\/Captura-7-1024x633.jpg 1024w, https:\/\/panelsandwich.org\/wp-content\/uploads\/2023\/11\/Captura-7-768x475.jpg 768w\" sizes=\"(max-width: 1291px) 100vw, 1291px\" \/><\/p>\n<\/div>\n\t\t\t\t\t\t\t\t\t<div class=\"elementor-tab-title elementor-tab-mobile-title\" aria-selected=\"false\" data-tab=\"3\" role=\"tab\" tabindex=\"-1\" aria-controls=\"elementor-tab-content-9223\" aria-expanded=\"false\">Colors Disponibles<\/div>\n\t\t\t\t\t<div id=\"elementor-tab-content-9223\" class=\"elementor-tab-content elementor-clearfix\" data-tab=\"3\" role=\"tabpanel\" aria-labelledby=\"elementor-tab-title-9223\" tabindex=\"0\" hidden=\"hidden\"><p><img loading=\"lazy\" decoding=\"async\" class=\"aligncenter wp-image-33292 size-full\" src=\"https:\/\/panelsandwich.org\/wp-content\/uploads\/2021\/10\/cms_CUBIERTA_4-GRECAS_colores.JPG\" alt=\"\" width=\"830\" height=\"819\" title=\"\" srcset=\"https:\/\/panelsandwich.org\/wp-content\/uploads\/2021\/10\/cms_CUBIERTA_4-GRECAS_colores.JPG 830w, https:\/\/panelsandwich.org\/wp-content\/uploads\/2021\/10\/cms_CUBIERTA_4-GRECAS_colores-100x100.jpg 100w, https:\/\/panelsandwich.org\/wp-content\/uploads\/2021\/10\/cms_CUBIERTA_4-GRECAS_colores-300x296.jpg 300w, https:\/\/panelsandwich.org\/wp-content\/uploads\/2021\/10\/cms_CUBIERTA_4-GRECAS_colores-768x758.jpg 768w, https:\/\/panelsandwich.org\/wp-content\/uploads\/2021\/10\/cms_CUBIERTA_4-GRECAS_colores-600x592.jpg 600w\" sizes=\"(max-width: 830px) 100vw, 830px\" \/><\/p>\n<\/div>\n\t\t\t\t\t\t\t\t\t<div class=\"elementor-tab-title elementor-tab-mobile-title\" aria-selected=\"false\" data-tab=\"4\" role=\"tab\" tabindex=\"-1\" aria-controls=\"elementor-tab-content-9224\" aria-expanded=\"false\">Fitxes T\u00e8cniques \/ Desc\u00e0rregues<\/div>\n\t\t\t\t\t<div id=\"elementor-tab-content-9224\" class=\"elementor-tab-content elementor-clearfix\" data-tab=\"4\" role=\"tabpanel\" aria-labelledby=\"elementor-tab-title-9224\" tabindex=\"0\" hidden=\"hidden\"><p><a href=\"https:\/\/panelsandwich.org\/wp-content\/uploads\/2023\/11\/PanelSandwich-Agropanel-3G.pdf\" target=\"_blank\" rel=\"noopener\"><button style=\"background-color: #ffa300; border-color: black; color: white;\" spellcheck=\"false\" data-lt-tmp-id=\"lt-827558\" data-gramm=\"false\">Descarregar Fitxa T\u00e8cnica<\/button><\/a><\/p>\n<p><a href=\"https:\/\/panelsandwich.org\/wp-content\/uploads\/2023\/11\/Carta-de-Colores-PanelSandwich.ORG_.pdf\" target=\"_blank\" rel=\"noopener\"><button style=\"background-color: #ffa300; border-color: black; color: white;\" spellcheck=\"false\" data-lt-tmp-id=\"lt-827558\" data-gramm=\"false\">Carta de Colors<\/button><\/a><\/p>\n<\/div>\n\t\t\t\t\t\t\t<\/div>\n\t\t<\/div>\n\t\t\t\t\t\t<\/div>\n\t\t\t\t<\/div>\n\t\t\t\t\t<\/div>\n\t\t<\/div>\n\t\t\t\t\t<\/div>\n\t\t<\/section>\n\t\t\t\t<\/div>\n\t\t","protected":false},"excerpt":{"rendered":"<p>P3A- Panell Sandwich Agropanel. 3 Greques<\/p>\n<p style=\"text-align: center;\"><strong><span style=\"font-size: medium;\"><a class=\"w-100 btn btn-danger btn-lg\" href=\"https:\/\/panelsandwich.org\/contactenos\">SOL\u00b7LICITAR PREU I INFORMACI\u00d3 T\u00c8CNICA  <i class=\"caret-right\"><\/i><\/a><\/span><\/strong><\/p>\n","protected":false},"featured_media":47128,"comment_status":"closed","ping_status":"closed","template":"","meta":[],"product_brand":[],"product_cat":[3497],"product_tag":[3263,3249,3251,3271,3267,3278,3297,3253,3285,3241,3353,3356,3243,3358,3259,3292],"class_list":{"0":"post-46225","1":"product","2":"type-product","3":"status-publish","4":"has-post-thumbnail","6":"product_cat-panell-sandwich-per-a-granges-agropanel","7":"product_tag-agropanell","8":"product_tag-coberta","9":"product_tag-facana","10":"product_tag-frigorific","11":"product_tag-granges","12":"product_tag-llana-de-roca","13":"product_tag-lluernaris","14":"product_tag-ocasio","15":"product_tag-panell-fusta","16":"product_tag-panell-sandvitx","17":"product_tag-panell-sandvitx-coberta","18":"product_tag-panell-sandvitx-facana","19":"product_tag-panell-teula","20":"product_tag-panell-teula-envellit","21":"product_tag-preu","22":"product_tag-remateria-ca","23":"pa_colorexterior-blanc-pirineu-ral-9010","24":"pa_colorexterior-blau-genciana-ral-5010","25":"pa_colorexterior-crema-bidasoa-ral-1015","26":"pa_colorexterior-gris-antracita-ral-7016-ca","27":"pa_colorexterior-gris-metallitzat-ral-9006","28":"pa_colorexterior-gris-ombra-ral-7022","29":"pa_colorexterior-gris-pissarra-ral-7024","30":"pa_colorexterior-negre-ral-9004","31":"pa_colorexterior-verd-navarra-ral-6005","32":"pa_colorexterior-vermell-ral-3009-ca","33":"pa_colorinterior-blanc-lamina-de-poliester-i-fibra-de-vidre","34":"pa_espesorespuma-100-mm-ca","35":"pa_espesorespuma-30-mm-ca","36":"pa_espesorespuma-40-mm-ca","37":"pa_espesorespuma-50-mm-ca","38":"pa_espesorespuma-60-mm-ca","39":"pa_espesorespuma-80-mm-ca","40":"pa_tipoaislamiento-escuma-pir-b-s2-d0","41":"pa_tipoaislamiento-escuma-pir-hi-b-s1-d0","42":"pa_tipoaislamiento-escuma-pur-c-s3-d0","44":"first","45":"outofstock","46":"taxable","47":"shipping-taxable","48":"purchasable","49":"product-type-variable","50":"has-default-attributes"},"_links":{"self":[{"href":"https:\/\/panelsandwich.org\/ca\/wp-json\/wp\/v2\/product\/46225","targetHints":{"allow":["GET"]}}],"collection":[{"href":"https:\/\/panelsandwich.org\/ca\/wp-json\/wp\/v2\/product"}],"about":[{"href":"https:\/\/panelsandwich.org\/ca\/wp-json\/wp\/v2\/types\/product"}],"replies":[{"embeddable":true,"href":"https:\/\/panelsandwich.org\/ca\/wp-json\/wp\/v2\/comments?post=46225"}],"version-history":[{"count":0,"href":"https:\/\/panelsandwich.org\/ca\/wp-json\/wp\/v2\/product\/46225\/revisions"}],"wp:featuredmedia":[{"embeddable":true,"href":"https:\/\/panelsandwich.org\/ca\/wp-json\/wp\/v2\/media\/47128"}],"wp:attachment":[{"href":"https:\/\/panelsandwich.org\/ca\/wp-json\/wp\/v2\/media?parent=46225"}],"wp:term":[{"taxonomy":"product_brand","embeddable":true,"href":"https:\/\/panelsandwich.org\/ca\/wp-json\/wp\/v2\/product_brand?post=46225"},{"taxonomy":"product_cat","embeddable":true,"href":"https:\/\/panelsandwich.org\/ca\/wp-json\/wp\/v2\/product_cat?post=46225"},{"taxonomy":"product_tag","embeddable":true,"href":"https:\/\/panelsandwich.org\/ca\/wp-json\/wp\/v2\/product_tag?post=46225"}],"curies":[{"name":"wp","href":"https:\/\/api.w.org\/{rel}","templated":true}]}}