{"id":46543,"date":"2023-09-28T23:16:12","date_gmt":"2023-09-28T21:16:12","guid":{"rendered":"https:\/\/panelsandwich.org\/panell-sandwich-agropanel-5-greques\/"},"modified":"2026-02-06T01:46:07","modified_gmt":"2026-02-06T00:46:07","slug":"panell-sandwich-agropanel-5-greques","status":"publish","type":"product","link":"https:\/\/panelsandwich.org\/ca\/panell-sandwich-agropanel-5-greques\/","title":{"rendered":"Panell Sandwich Agropanel &#8211; 5 greques"},"content":{"rendered":"\t\t<div data-elementor-type=\"product-post\" data-elementor-id=\"46543\" class=\"elementor elementor-46543 elementor-31487\" data-elementor-post-type=\"product\">\n\t\t\t\t\t\t<section class=\"elementor-section elementor-top-section elementor-element elementor-element-5aa71375 elementor-section-boxed elementor-section-height-default elementor-section-height-default\" data-id=\"5aa71375\" data-element_type=\"section\" data-e-type=\"section\" data-settings=\"{&quot;jet_parallax_layout_list&quot;:[]}\">\n\t\t\t\t\t\t<div class=\"elementor-container elementor-column-gap-default\">\n\t\t\t\t\t<div class=\"elementor-column elementor-col-100 elementor-top-column elementor-element elementor-element-153d6f40\" data-id=\"153d6f40\" data-element_type=\"column\" data-e-type=\"column\">\n\t\t\t<div class=\"elementor-widget-wrap elementor-element-populated\">\n\t\t\t\t\t\t<div class=\"elementor-element elementor-element-6e54341f elementor-widget elementor-widget-heading\" data-id=\"6e54341f\" data-element_type=\"widget\" data-e-type=\"widget\" data-widget_type=\"heading.default\">\n\t\t\t\t<div class=\"elementor-widget-container\">\n\t\t\t\t\t<h2 class=\"elementor-heading-title elementor-size-default\"><h2>Agropanel - 5 Grecas\n<\/h2><\/h2>\t\t\t\t<\/div>\n\t\t\t\t<\/div>\n\t\t\t\t<div class=\"elementor-element elementor-element-19eddf0a elementor-widget elementor-widget-text-editor\" data-id=\"19eddf0a\" data-element_type=\"widget\" data-e-type=\"widget\" data-widget_type=\"text-editor.default\">\n\t\t\t\t<div class=\"elementor-widget-container\">\n\t\t\t\t\t\t\t\t\t<p>Panell a\u00efllant compost per dues xapes met\u00e0l\u00b7liques en perfils, unides per un nucli a\u00efllant d&#8217;escuma r\u00edgida de poliuret\u00e0. Panell de coberta de 5 greques per a instal\u00b7lacions agropecu\u00e0ries, amb cara exterior en xapa perfilada i cara interior en xapa de resina de poli\u00e8ster, refor\u00e7at amb fibra de vidre, resistent a la corrosi\u00f3 bioqu\u00edmica.<\/p>\t\t\t\t\t\t\t\t<\/div>\n\t\t\t\t<\/div>\n\t\t\t\t<div class=\"elementor-element elementor-element-7924667 elementor-tabs-view-horizontal elementor-widget elementor-widget-tabs\" data-id=\"7924667\" data-element_type=\"widget\" data-e-type=\"widget\" data-widget_type=\"tabs.default\">\n\t\t\t\t<div class=\"elementor-widget-container\">\n\t\t\t\t\t\t\t<div class=\"elementor-tabs\">\n\t\t\t<div class=\"elementor-tabs-wrapper\" role=\"tablist\" >\n\t\t\t\t\t\t\t\t\t<div id=\"elementor-tab-title-1271\" class=\"elementor-tab-title elementor-tab-desktop-title\" aria-selected=\"true\" data-tab=\"1\" role=\"tab\" tabindex=\"0\" aria-controls=\"elementor-tab-content-1271\" aria-expanded=\"false\">Descripci\u00f3\/ Aplicaci\u00f3<\/div>\n\t\t\t\t\t\t\t\t\t<div id=\"elementor-tab-title-1272\" class=\"elementor-tab-title elementor-tab-desktop-title\" aria-selected=\"false\" data-tab=\"2\" role=\"tab\" tabindex=\"-1\" aria-controls=\"elementor-tab-content-1272\" aria-expanded=\"false\">Taula de C\u00e0rregues<\/div>\n\t\t\t\t\t\t\t\t\t<div id=\"elementor-tab-title-1273\" class=\"elementor-tab-title elementor-tab-desktop-title\" aria-selected=\"false\" data-tab=\"3\" role=\"tab\" tabindex=\"-1\" aria-controls=\"elementor-tab-content-1273\" aria-expanded=\"false\">Colors Disponibles<\/div>\n\t\t\t\t\t\t\t\t\t<div id=\"elementor-tab-title-1274\" class=\"elementor-tab-title elementor-tab-desktop-title\" aria-selected=\"false\" data-tab=\"4\" role=\"tab\" tabindex=\"-1\" aria-controls=\"elementor-tab-content-1274\" aria-expanded=\"false\">Fitxes T\u00e8cniques \/ Desc\u00e0rregues<\/div>\n\t\t\t\t\t\t\t<\/div>\n\t\t\t<div class=\"elementor-tabs-content-wrapper\" role=\"tablist\" aria-orientation=\"vertical\">\n\t\t\t\t\t\t\t\t\t<div class=\"elementor-tab-title elementor-tab-mobile-title\" aria-selected=\"true\" data-tab=\"1\" role=\"tab\" tabindex=\"0\" aria-controls=\"elementor-tab-content-1271\" aria-expanded=\"false\">Descripci\u00f3\/ Aplicaci\u00f3<\/div>\n\t\t\t\t\t<div id=\"elementor-tab-content-1271\" class=\"elementor-tab-content elementor-clearfix\" data-tab=\"1\" role=\"tabpanel\" aria-labelledby=\"elementor-tab-title-1271\" tabindex=\"0\" hidden=\"false\"><h3>Aplicaci\u00f3<\/h3>\n<p>Coberta d&#8217;instal\u00b7lacions agropecu\u00e0ries o instal\u00b7lacions exposades a ambients corrosius. Estan concebuts com a tancament de cobertes inclinades aplicat generalment a granges (exceptuant explotacions porcines en qu\u00e8 aconsellem instal\u00b7lar el nostre producte SPM) amb un pendent m\u00ednim del 5% en cobertes sense solapament i del 7% en cobertes amb solapament. La longitud m\u00e0xima recomanada per a aquest producte \u00e9s de 15.000 mm. amb una amplada \u00fatil de 1.000 mm.<\/p>\n<h3>Tipus d&#8217;Uni\u00f3:<\/h3>\n<p>Uni\u00f3: Cargol Vist<\/p>\n<p>Cargols: Cargol amb volandera<\/p>\n<p><img fetchpriority=\"high\" decoding=\"async\" class=\"alignnone size-medium wp-image-33005\" src=\"https:\/\/panelsandwich.org\/wp-content\/uploads\/2018\/12\/cms_union-greca-union-greca.png-300x300.png\" alt=\"union greca.png\" width=\"300\" height=\"300\" title=\"\" srcset=\"https:\/\/panelsandwich.org\/wp-content\/uploads\/2018\/12\/cms_union-greca-union-greca.png-300x300.png 300w, https:\/\/panelsandwich.org\/wp-content\/uploads\/2018\/12\/cms_union-greca-union-greca.png-100x100.png 100w, https:\/\/panelsandwich.org\/wp-content\/uploads\/2018\/12\/cms_union-greca-union-greca.png-150x150.png 150w, https:\/\/panelsandwich.org\/wp-content\/uploads\/2018\/12\/cms_union-greca-union-greca.png.png 378w\" sizes=\"(max-width: 300px) 100vw, 300px\" \/><\/p>\n<h3>Avantatges<\/h3>\n<p>El sistema de fixaci\u00f3 vista permet un muntatge r\u00e0pid assegurant l&#8217;estanquitat a l&#8217;aigua de pluja. La l\u00e0mina de poli\u00e8ster interior \u00e9s altament resistent a l&#8217;atac de microorganismes, bacteris, vapors i condensacions dels \u00e0cids org\u00e0nics presents a les granges.<\/p>\n<h3>Dimensions:<\/h3>\n<p>Gruixos: 30\u201340\u201350-60-80-100mm.<\/p>\n<p>Amplada: 1000 mm<\/p>\n<p>Llarg: 2,00 &#8211; 18,00 m<\/p>\n<p><img decoding=\"async\" class=\"alignnone wp-image-36937 size-full lazyload\" data-src=\"https:\/\/panelsandwich.org\/wp-content\/uploads\/2023\/11\/Captura-8.jpg\" alt=\"\" width=\"1493\" height=\"254\" title=\"\" data-srcset=\"https:\/\/panelsandwich.org\/wp-content\/uploads\/2023\/11\/Captura-8.jpg 1493w, https:\/\/panelsandwich.org\/wp-content\/uploads\/2023\/11\/Captura-8-300x51.jpg 300w, https:\/\/panelsandwich.org\/wp-content\/uploads\/2023\/11\/Captura-8-1024x174.jpg 1024w, https:\/\/panelsandwich.org\/wp-content\/uploads\/2023\/11\/Captura-8-768x131.jpg 768w\" data-sizes=\"(max-width: 1493px) 100vw, 1493px\" src=\"data:image\/svg+xml;base64,PHN2ZyB3aWR0aD0iMSIgaGVpZ2h0PSIxIiB4bWxucz0iaHR0cDovL3d3dy53My5vcmcvMjAwMC9zdmciPjwvc3ZnPg==\" style=\"--smush-placeholder-width: 1493px; --smush-placeholder-aspect-ratio: 1493\/254;\" \/><\/p>\n<h3>Suport met\u00e0l\u00b7lic<\/h3>\n<p>Nucli en xapa d\u00b4acer qualitat S250GD: EN 10346<\/p>\n<p>Bobines lacades de revestiment org\u00e0nic: EN 10169+A1.<\/p>\n<p>Gruixos: 0,4\u20130,5\u20130,6 mm<\/p>\n<h3>Nucli a\u00efllant<\/h3>\n<p>Poliuret\u00e0 (PUR)<\/p>\n<p>Conductivitat t\u00e8rmica: 0,022 W\/mK<\/p>\n<p>Densitat: 40 kg\/m3.<\/p>\n<h3>Revestiment<\/h3>\n<p>Standard: Pintura poli\u00e8ster 25 \u00b5m<\/p>\n<p>Especials: Granite HDX 55 \u00b5m | PVDF 35 \u00b5m.<\/p>\n<p>Xapa de poli\u00e8ster amb fibra de vidre a la cara interior.<\/p>\n<\/div>\n\t\t\t\t\t\t\t\t\t<div class=\"elementor-tab-title elementor-tab-mobile-title\" aria-selected=\"false\" data-tab=\"2\" role=\"tab\" tabindex=\"-1\" aria-controls=\"elementor-tab-content-1272\" aria-expanded=\"false\">Taula de C\u00e0rregues<\/div>\n\t\t\t\t\t<div id=\"elementor-tab-content-1272\" class=\"elementor-tab-content elementor-clearfix\" data-tab=\"2\" role=\"tabpanel\" aria-labelledby=\"elementor-tab-title-1272\" tabindex=\"0\" hidden=\"hidden\"><p><img decoding=\"async\" class=\"alignnone wp-image-36938 size-full lazyload\" data-src=\"https:\/\/panelsandwich.org\/wp-content\/uploads\/2023\/11\/Captura-9.jpg\" alt=\"\" width=\"1251\" height=\"862\" title=\"\" data-srcset=\"https:\/\/panelsandwich.org\/wp-content\/uploads\/2023\/11\/Captura-9.jpg 1251w, https:\/\/panelsandwich.org\/wp-content\/uploads\/2023\/11\/Captura-9-300x207.jpg 300w, https:\/\/panelsandwich.org\/wp-content\/uploads\/2023\/11\/Captura-9-1024x706.jpg 1024w, https:\/\/panelsandwich.org\/wp-content\/uploads\/2023\/11\/Captura-9-768x529.jpg 768w\" data-sizes=\"(max-width: 1251px) 100vw, 1251px\" src=\"data:image\/svg+xml;base64,PHN2ZyB3aWR0aD0iMSIgaGVpZ2h0PSIxIiB4bWxucz0iaHR0cDovL3d3dy53My5vcmcvMjAwMC9zdmciPjwvc3ZnPg==\" style=\"--smush-placeholder-width: 1251px; --smush-placeholder-aspect-ratio: 1251\/862;\" \/><\/p>\n<\/div>\n\t\t\t\t\t\t\t\t\t<div class=\"elementor-tab-title elementor-tab-mobile-title\" aria-selected=\"false\" data-tab=\"3\" role=\"tab\" tabindex=\"-1\" aria-controls=\"elementor-tab-content-1273\" aria-expanded=\"false\">Colors Disponibles<\/div>\n\t\t\t\t\t<div id=\"elementor-tab-content-1273\" class=\"elementor-tab-content elementor-clearfix\" data-tab=\"3\" role=\"tabpanel\" aria-labelledby=\"elementor-tab-title-1273\" tabindex=\"0\" hidden=\"hidden\"><p><img decoding=\"async\" class=\"aligncenter wp-image-33115 size-full lazyload\" data-src=\"https:\/\/panelsandwich.org\/wp-content\/uploads\/2020\/04\/cms_FACHADA-OCULTA_colores.JPG\" alt=\"\" width=\"782\" height=\"765\" title=\"\" data-srcset=\"https:\/\/panelsandwich.org\/wp-content\/uploads\/2020\/04\/cms_FACHADA-OCULTA_colores.JPG 782w, https:\/\/panelsandwich.org\/wp-content\/uploads\/2020\/04\/cms_FACHADA-OCULTA_colores-300x293.jpg 300w, https:\/\/panelsandwich.org\/wp-content\/uploads\/2020\/04\/cms_FACHADA-OCULTA_colores-768x751.jpg 768w, https:\/\/panelsandwich.org\/wp-content\/uploads\/2020\/04\/cms_FACHADA-OCULTA_colores-600x587.jpg 600w\" data-sizes=\"(max-width: 782px) 100vw, 782px\" src=\"data:image\/svg+xml;base64,PHN2ZyB3aWR0aD0iMSIgaGVpZ2h0PSIxIiB4bWxucz0iaHR0cDovL3d3dy53My5vcmcvMjAwMC9zdmciPjwvc3ZnPg==\" style=\"--smush-placeholder-width: 782px; --smush-placeholder-aspect-ratio: 782\/765;\" \/><\/p>\n<\/div>\n\t\t\t\t\t\t\t\t\t<div class=\"elementor-tab-title elementor-tab-mobile-title\" aria-selected=\"false\" data-tab=\"4\" role=\"tab\" tabindex=\"-1\" aria-controls=\"elementor-tab-content-1274\" aria-expanded=\"false\">Fitxes T\u00e8cniques \/ Desc\u00e0rregues<\/div>\n\t\t\t\t\t<div id=\"elementor-tab-content-1274\" class=\"elementor-tab-content elementor-clearfix\" data-tab=\"4\" role=\"tabpanel\" aria-labelledby=\"elementor-tab-title-1274\" tabindex=\"0\" hidden=\"hidden\"><p><a href=\"https:\/\/panelsandwich.org\/wp-content\/uploads\/2023\/11\/PanelSandwich-AGropanel5G-Ficha-Tecnica.pdf\" target=\"_blank\" rel=\"noopener\"><button style=\"background-color: #ffa300; border-color: black; color: white;\" spellcheck=\"false\" data-lt-tmp-id=\"lt-827558\" data-gramm=\"false\">Descarregar Fitxa T\u00e8cnica<\/button><\/a><\/p>\n<\/div>\n\t\t\t\t\t\t\t<\/div>\n\t\t<\/div>\n\t\t\t\t\t\t<\/div>\n\t\t\t\t<\/div>\n\t\t\t\t\t<\/div>\n\t\t<\/div>\n\t\t\t\t\t<\/div>\n\t\t<\/section>\n\t\t\t\t<\/div>\n\t\t","protected":false},"excerpt":{"rendered":"<p>P5A- Panell Sandwich Agropanel. 5 Greques<\/p>\n<p style=\"text-align: center;\"><strong><span style=\"font-size: medium;\"><a class=\"w-100 btn btn-danger btn-lg\" href=\"https:\/\/panelsandwich.org\/contactenos\">SOL\u00b7LICITAR PREU I INFORMACI\u00d3 T\u00c8CNICA <i class=\"caret-right\"><\/i><\/a><\/span><\/strong><\/p>\n","protected":false},"featured_media":48236,"comment_status":"closed","ping_status":"closed","template":"","meta":[],"product_brand":[],"product_cat":[3497],"product_tag":[3263,3249,3251,3271,3267,3278,3297,3253,3285,3241,3243,3259,3292],"class_list":{"0":"post-46543","1":"product","2":"type-product","3":"status-publish","4":"has-post-thumbnail","6":"product_cat-panell-sandwich-per-a-granges-agropanel","7":"product_tag-agropanell","8":"product_tag-coberta","9":"product_tag-facana","10":"product_tag-frigorific","11":"product_tag-granges","12":"product_tag-llana-de-roca","13":"product_tag-lluernaris","14":"product_tag-ocasio","15":"product_tag-panell-fusta","16":"product_tag-panell-sandvitx","17":"product_tag-panell-teula","18":"product_tag-preu","19":"product_tag-remateria-ca","20":"pa_colorexterior-blanc-pirineu-ral-9010","21":"pa_colorexterior-blau-genciana-ral-5010","22":"pa_colorexterior-crema-bidasoa-ral-1015","23":"pa_colorexterior-gris-antracita-ral-7016-ca","24":"pa_colorexterior-gris-basalto-ral-7012-ca","25":"pa_colorexterior-gris-metallitzat-ral-9006","26":"pa_colorexterior-gris-ombra-ral-7022","27":"pa_colorexterior-gris-pissarra-ral-7024","28":"pa_colorexterior-negre-ral-9004","29":"pa_colorexterior-verd-navarra-ral-6005","30":"pa_colorexterior-vermell-ral-3009-ca","31":"pa_colorinterior-blanc-lamina-de-poliester-i-fibra-de-vidre","32":"pa_espesorespuma-100-mm-ca","33":"pa_espesorespuma-30-mm-ca","34":"pa_espesorespuma-40-mm-ca","35":"pa_espesorespuma-50-mm-ca","36":"pa_espesorespuma-60-mm-ca","37":"pa_espesorespuma-80-mm-ca","38":"pa_tipoaislamiento-escuma-pir-b-s2-d0","39":"pa_tipoaislamiento-escuma-pir-hi-b-s1-d0","40":"pa_tipoaislamiento-escuma-pur-c-s3-d0","42":"first","43":"outofstock","44":"taxable","45":"shipping-taxable","46":"purchasable","47":"product-type-variable","48":"has-default-attributes"},"_links":{"self":[{"href":"https:\/\/panelsandwich.org\/ca\/wp-json\/wp\/v2\/product\/46543","targetHints":{"allow":["GET"]}}],"collection":[{"href":"https:\/\/panelsandwich.org\/ca\/wp-json\/wp\/v2\/product"}],"about":[{"href":"https:\/\/panelsandwich.org\/ca\/wp-json\/wp\/v2\/types\/product"}],"replies":[{"embeddable":true,"href":"https:\/\/panelsandwich.org\/ca\/wp-json\/wp\/v2\/comments?post=46543"}],"version-history":[{"count":0,"href":"https:\/\/panelsandwich.org\/ca\/wp-json\/wp\/v2\/product\/46543\/revisions"}],"wp:featuredmedia":[{"embeddable":true,"href":"https:\/\/panelsandwich.org\/ca\/wp-json\/wp\/v2\/media\/48236"}],"wp:attachment":[{"href":"https:\/\/panelsandwich.org\/ca\/wp-json\/wp\/v2\/media?parent=46543"}],"wp:term":[{"taxonomy":"product_brand","embeddable":true,"href":"https:\/\/panelsandwich.org\/ca\/wp-json\/wp\/v2\/product_brand?post=46543"},{"taxonomy":"product_cat","embeddable":true,"href":"https:\/\/panelsandwich.org\/ca\/wp-json\/wp\/v2\/product_cat?post=46543"},{"taxonomy":"product_tag","embeddable":true,"href":"https:\/\/panelsandwich.org\/ca\/wp-json\/wp\/v2\/product_tag?post=46543"}],"curies":[{"name":"wp","href":"https:\/\/api.w.org\/{rel}","templated":true}]}}