{"id":50876,"date":"2023-09-28T23:15:46","date_gmt":"2023-09-28T21:15:46","guid":{"rendered":"https:\/\/panelsandwich.org\/lluernari-compatible-xapa\/"},"modified":"2023-09-28T23:15:46","modified_gmt":"2023-09-28T21:15:46","slug":"lluernari-compatible-xapa","status":"publish","type":"product","link":"https:\/\/panelsandwich.org\/ca\/lluernari-compatible-xapa\/","title":{"rendered":"Lluernari &#8211; Compatible Xapa"},"content":{"rendered":"<h1>Descripci\u00f3: <\/h1>\n<p>Macrolux\u00ae Rooflite s\u00f3n l\u00e0mines fabricades per extrusi\u00f3 de policarbonat amb forma ondulada o trapezial protegides per una o dues capes coextru\u00efdes per garantir la resist\u00e8ncia als raigs UV.<\/p>\n<\/p>\n<p style=\"text-align:center;\"><strong><span style=\"font-size:medium;\"><a class=\"w-100 btn btn-danger btn-lg\" href=\"https:\/\/panelsandwich.org\/contactenos\">SOL\u00b7LICITAR PREU I INFORMACI\u00d3 T\u00c8CNICA  <i class=\"caret-right\"><\/i><\/a><\/span><\/strong><\/p>\n<h2>Aplicaci\u00f3 i Avantatges:<\/h2>\n<ul style=\"list-style-type:circle;\">\n<li>Cobertes de xapa met\u00e0l\u00b7lica  <\/li>\n<li>Dents de serra<\/li>\n<li>Transpar\u00e8ncia<\/li>\n<li>Resist\u00e8ncia a l&#8217;Impacte  <\/li>\n<li>Corbable en fred<\/li>\n<\/ul>\n<h2>Especificaci\u00f3 del producte:<\/h2>\n<ul style=\"list-style-type:circle;\">\n<li>Certificat de Reacci\u00f3 al Foc del Producte Macrolux Rooflite segons la norma EN 13501-1. Classificaci\u00f3 obtinguda: B s1 d0.<\/li>\n<li>Garantia de 10 anys<\/li>\n<\/ul>\n<h2>Instal\u00b7laci\u00f3 Recomanable:  <\/h2>\n<ul style=\"list-style-type:circle;\">\n<li>\n<p>Sistema de fixaci\u00f3 El sistema de fixaci\u00f3 ha de permetre la lliure dilataci\u00f3 de la placa, per aix\u00f2 es desaconsellen les fixacions r\u00edgides o amb cargols passants.<\/p>\n<\/li>\n<li>Estructura. Cal una estructura de suport transversal, que pot ser de qualsevol naturalesa o geometria. A la modulaci\u00f3 s&#8217;han de respectar les m\u00e0ximes dimensions de la l\u00e0mina segons el perfil i les c\u00e0rregues a suportar.<\/li>\n<li>Estructura Portant. La separaci\u00f3 m\u00e0xima entre corretges s&#8217;ha de determinar per a cada perfil, en funci\u00f3 de la c\u00e0rrega que cal suportar i la m\u00e0xima deformaci\u00f3 admissible. En qualsevol cas, aquesta no pot \u00e9sser mai superior a 1,20 m.  <\/li>\n<li>En cas de separacions entre corretges importants (majors d&#8217;1,20 m) s&#8217;han de col\u00b7locar suports intermedis.<\/li>\n<li>Dilataci\u00f3 de les plaques. El coeficient de dilataci\u00f3 t\u00e8rmica del Policarbonat \u00e9s sensiblement superior al de les estructures i d&#8217;altres productes pl\u00e0stics, per aix\u00f2 \u00e9s imprescindible preveure sistemes que permetin la lliure dilataci\u00f3 de les l\u00e0mines. Cal fer forats amb un di\u00e0metre 3 mm m\u00e9s gran que el del cargol.<\/li>\n<li>Longitud de les plaques. Les l\u00e0mines de gran longitud (superior a uns 7 metres) acumulen dilatacions longitudinals d&#8217;elevat valor absolut, per la qual cosa s&#8217;han d&#8217;evitar sempre que sigui possible.  <\/li>\n<li>En cas de necessitar llums majors es recomanen solapaments transversals, de 150 a 250 mm depenent del pendent de la coberta.<\/li>\n<li>Disposici\u00f3 de plaques. La cara especialment protegida contra els raigs UV indicada \u00e9s la que cal anar a l&#8217;exterior. En cobertes tipus sandvitx in situ es recomana instal\u00b7lar sempre la l\u00e0mina blanc-difusora a la cara exterior i la incolora a l&#8217;interior.<\/li>\n<li>Fixaci\u00f3 de les plaques. Els perfils de policarbonat poden ser perforats mitjan\u00e7ant forats i broques est\u00e0ndard. Els perfils han d&#8217;estar subjectes fermament per evitar vibracions; cuidant especialment el trepar en angle recte. Els trepants s&#8217;han de fer sempre a una dist\u00e0ncia m\u00ednima de 50 mm de les vores de la l\u00e0mina.<\/li>\n<li>Segellat. S&#8217;ha de fer servir sempre silicona neutra. En cap concepte no es pot utilitzar escuma de poliuret\u00e0.<\/li>\n<li>Solap. El solapament longitudinal es realitza en el sentit oposat a la direcci\u00f3 del vent o pluja. El solapament transversal no ha de ser inferior a 200 mm per sobre de la biga. Cada placa deu sobresortir 100 mm des de l\u00ednia de fixaci\u00f3 de la biga.<\/li>\n<li>Seguretat No trepitgeu directament la placa. Les plaques no s\u00f3n transitables.  <\/li>\n<\/ul>\n<h2>Mesures: <img decoding=\"async\" class=\"size-full wp-image-32666 lazyload\" data-src=\"https:\/\/panelsandwich.org\/wp-content\/uploads\/2018\/12\/cms_Imagen2.png\" alt=\"\" width=\"100%\" title=\"\" data-srcset=\"https:\/\/panelsandwich.org\/wp-content\/uploads\/2018\/12\/cms_Imagen2.png 1842w, https:\/\/panelsandwich.org\/wp-content\/uploads\/2018\/12\/cms_Imagen2-300x63.png 300w, https:\/\/panelsandwich.org\/wp-content\/uploads\/2018\/12\/cms_Imagen2-1024x213.png 1024w, https:\/\/panelsandwich.org\/wp-content\/uploads\/2018\/12\/cms_Imagen2-768x160.png 768w, https:\/\/panelsandwich.org\/wp-content\/uploads\/2018\/12\/cms_Imagen2-1536x320.png 1536w, https:\/\/panelsandwich.org\/wp-content\/uploads\/2018\/12\/cms_Imagen2-600x125.png 600w\" data-sizes=\"(max-width: 1842px) 100vw, 1842px\" src=\"data:image\/svg+xml;base64,PHN2ZyB3aWR0aD0iMSIgaGVpZ2h0PSIxIiB4bWxucz0iaHR0cDovL3d3dy53My5vcmcvMjAwMC9zdmciPjwvc3ZnPg==\" style=\"--smush-placeholder-width: 1842px; --smush-placeholder-aspect-ratio: 1842\/384;\" \/><\/h2>\n<h2><\/h2>\n<h2>C\u00e0rrega admissible:  <\/h2>\n<p><img decoding=\"async\" class=\"size-full wp-image-32667 lazyload\" data-src=\"https:\/\/panelsandwich.org\/wp-content\/uploads\/2018\/12\/cms_Lucernarios_cargas.JPG\" alt=\"\" width=\"100%\" title=\"\" data-srcset=\"https:\/\/panelsandwich.org\/wp-content\/uploads\/2018\/12\/cms_Lucernarios_cargas.JPG 1127w, https:\/\/panelsandwich.org\/wp-content\/uploads\/2018\/12\/cms_Lucernarios_cargas-300x63.jpg 300w, https:\/\/panelsandwich.org\/wp-content\/uploads\/2018\/12\/cms_Lucernarios_cargas-1024x216.jpg 1024w, https:\/\/panelsandwich.org\/wp-content\/uploads\/2018\/12\/cms_Lucernarios_cargas-768x162.jpg 768w, https:\/\/panelsandwich.org\/wp-content\/uploads\/2018\/12\/cms_Lucernarios_cargas-600x127.jpg 600w\" data-sizes=\"(max-width: 1127px) 100vw, 1127px\" src=\"data:image\/svg+xml;base64,PHN2ZyB3aWR0aD0iMSIgaGVpZ2h0PSIxIiB4bWxucz0iaHR0cDovL3d3dy53My5vcmcvMjAwMC9zdmciPjwvc3ZnPg==\" style=\"--smush-placeholder-width: 1127px; --smush-placeholder-aspect-ratio: 1127\/238;\" \/><\/p>\n<h2>Caracter\u00edstiques T\u00e8cniques:  <\/h2>\n<p><img decoding=\"async\" class=\"size-full wp-image-32668 lazyload\" data-src=\"https:\/\/panelsandwich.org\/wp-content\/uploads\/2018\/12\/cms_Lucernarios_caracte.JPG\" alt=\"\" width=\"100%\" title=\"\" data-srcset=\"https:\/\/panelsandwich.org\/wp-content\/uploads\/2018\/12\/cms_Lucernarios_caracte.JPG 1467w, https:\/\/panelsandwich.org\/wp-content\/uploads\/2018\/12\/cms_Lucernarios_caracte-300x122.jpg 300w, https:\/\/panelsandwich.org\/wp-content\/uploads\/2018\/12\/cms_Lucernarios_caracte-1024x416.jpg 1024w, https:\/\/panelsandwich.org\/wp-content\/uploads\/2018\/12\/cms_Lucernarios_caracte-768x312.jpg 768w, https:\/\/panelsandwich.org\/wp-content\/uploads\/2018\/12\/cms_Lucernarios_caracte-600x244.jpg 600w\" data-sizes=\"(max-width: 1467px) 100vw, 1467px\" src=\"data:image\/svg+xml;base64,PHN2ZyB3aWR0aD0iMSIgaGVpZ2h0PSIxIiB4bWxucz0iaHR0cDovL3d3dy53My5vcmcvMjAwMC9zdmciPjwvc3ZnPg==\" style=\"--smush-placeholder-width: 1467px; --smush-placeholder-aspect-ratio: 1467\/596;\" \/><\/p>\n<\/p>\n<p style=\"text-align:center;\"><strong><span style=\"font-size:medium;\"><a class=\"w-100 btn btn-danger btn-lg\" href=\"https:\/\/panelsandwich.org\/contactenos\">SOL\u00b7LICITAR PREU I INFORMACI\u00d3 T\u00c8CNICA  <i class=\"caret-right\"><\/i><\/a><\/span><\/strong><\/p>\n","protected":false},"excerpt":{"rendered":"<p class=\"MsoNormal\" style=\"margin:0cm 6.05pt 15.15pt .5pt;\">Plaques de Lucernario s\u00f3n l\u00e0mines fabricades per extrusi\u00f3 de policarbonat amb forma ondulada o trapezial protegides per una o dues capes coextru\u00efdes per garantir la resist\u00e8ncia als raigs UV.<\/p>\n<p style=\"text-align:center;\"><strong><span style=\"font-size:medium;\"><a class=\"w-100 btn btn-danger btn-lg\" href=\"https:\/\/panelsandwich.org\/contactenos\">SOL\u00b7LICITAR PREU I INFORMACI\u00d3 T\u00c8CNICA  <i class=\"caret-right\"><\/i><\/a><\/span><\/strong><\/p>\n","protected":false},"featured_media":32670,"comment_status":"open","ping_status":"closed","template":"","meta":[],"product_brand":[],"product_cat":[3613],"product_tag":[],"class_list":{"0":"post-50876","1":"product","2":"type-product","3":"status-publish","4":"has-post-thumbnail","6":"product_cat-llanternons-policarbonats","8":"first","9":"outofstock","10":"taxable","11":"shipping-taxable","12":"purchasable","13":"product-type-simple"},"_links":{"self":[{"href":"https:\/\/panelsandwich.org\/ca\/wp-json\/wp\/v2\/product\/50876","targetHints":{"allow":["GET"]}}],"collection":[{"href":"https:\/\/panelsandwich.org\/ca\/wp-json\/wp\/v2\/product"}],"about":[{"href":"https:\/\/panelsandwich.org\/ca\/wp-json\/wp\/v2\/types\/product"}],"replies":[{"embeddable":true,"href":"https:\/\/panelsandwich.org\/ca\/wp-json\/wp\/v2\/comments?post=50876"}],"version-history":[{"count":0,"href":"https:\/\/panelsandwich.org\/ca\/wp-json\/wp\/v2\/product\/50876\/revisions"}],"wp:featuredmedia":[{"embeddable":true,"href":"https:\/\/panelsandwich.org\/ca\/wp-json\/wp\/v2\/media\/32670"}],"wp:attachment":[{"href":"https:\/\/panelsandwich.org\/ca\/wp-json\/wp\/v2\/media?parent=50876"}],"wp:term":[{"taxonomy":"product_brand","embeddable":true,"href":"https:\/\/panelsandwich.org\/ca\/wp-json\/wp\/v2\/product_brand?post=50876"},{"taxonomy":"product_cat","embeddable":true,"href":"https:\/\/panelsandwich.org\/ca\/wp-json\/wp\/v2\/product_cat?post=50876"},{"taxonomy":"product_tag","embeddable":true,"href":"https:\/\/panelsandwich.org\/ca\/wp-json\/wp\/v2\/product_tag?post=50876"}],"curies":[{"name":"wp","href":"https:\/\/api.w.org\/{rel}","templated":true}]}}