{"id":51078,"date":"2023-09-28T23:15:46","date_gmt":"2023-09-28T21:15:46","guid":{"rendered":"https:\/\/panelsandwich.org\/policarbonat-cellular-10-mm-opal\/"},"modified":"2025-11-21T08:12:28","modified_gmt":"2025-11-21T07:12:28","slug":"policarbonat-cellular-10-mm-opal","status":"publish","type":"product","link":"https:\/\/panelsandwich.org\/ca\/policarbonat-cellular-10-mm-opal\/","title":{"rendered":"Policarbonat Cel\u00b7lular &#8211; 10 mm Opal"},"content":{"rendered":"<h3>Descripci\u00f3<\/h3>\n<p>Panells Policarbonat Cel\u00b7lular Est\u00e0ndard s\u00f3n l\u00e0mines de policarbonat amb estructures alveolars que doten el producte d&#8217;a\u00efllament i resist\u00e8ncia. Totes les l\u00e0mines de policarbonat estan protegides de Els raigs ultraviolats per coextrusi\u00f3 d&#8217;absorbents UV a la cara exterior.<\/p>\n<p style=\"text-align: center;\"><strong><span style=\"font-size: medium;\"><a class=\"w-100 btn btn-danger btn-lg\" href=\"https:\/\/panelsandwich.org\/contactenos\">SOL\u00b7LICITAR PREU I INFORMACI\u00d3 T\u00c8CNICA  <i class=\"caret-right\"><\/i><\/a><\/span><\/strong><\/p>\n<h3>Aplicacions<\/h3>\n<ul style=\"list-style-type: circle;\">\n<li>T\u00fanels transl\u00facids<\/li>\n<li>Llanternons amb estructura<\/li>\n<li>Substituci\u00f3 de vidre a les finestres<\/li>\n<li>hivernacles<\/li>\n<\/ul>\n<h3>Sistema de fixaci\u00f3<\/h3>\n<p>El sistema de fixaci\u00f3 ha de permetre la Lliure dilataci\u00f3 de la l\u00e0mina, per aix\u00f2 es desaconsellen les fixacions r\u00edgides o amb cargols passants. Preveure sempre folgan\u00e7a suficient entre el trepant i el cargol.<\/p>\n<h3>Estructura<\/h3>\n<p>Sempre que sigui possible, cal preveure Els nervis en el sentit del m\u00e0xim pendent de la l\u00e0mina, d&#8217;aquesta manera s&#8217;assegura la m\u00ednima acumulaci\u00f3 de pols a Los alveolos.<\/p>\n<p>Les l\u00e0mines necessiten una estructura de suport longitudinal i\/o transversal que pot ser de qualsevol naturalesa o geometria. A la modulaci\u00f3 s&#8217;han de respectar les m\u00e0ximes dimensions de la l\u00e0mina segons el seu gruix c\u00e0rregues a suportar compatibilitzar-les amb un especejament adequat.<\/p>\n<h3>Posada en obra i manipulaci\u00f3<\/h3>\n<p>Les l\u00e0mines v\u00e9nen protegides per un film a les seves dues cares indicant la cara protegida de la radiaci\u00f3 solar.<\/p>\n<p>Quan sigui necessari efectuar un segellat de les juntes, cal assegurar la compatibilitat del policarbonat amb el segellant (\u00e9s recomanable la silicona neutral.<\/p>\n<p>\u00c9s imprescindible tapar les cel\u00b7les per evitar l&#8217;entrada de pols a l&#8217;interior de la l\u00e0mina. Es recomana la col\u00b7locaci\u00f3 de cinta d&#8217;alumini als extrems: Lisa, a la part superior i porosa, que permet la sortida de l&#8217;aigua de condensaci\u00f3 a la part inferior.<\/p>\n<p>En cas de tenir necessitat de perforar la l\u00e0mina cal utilitzar botons de subjecci\u00f3.<\/p>\n<p><img decoding=\"async\" class=\"size-full wp-image-32662 lazyload\" data-src=\"https:\/\/panelsandwich.org\/wp-content\/uploads\/2018\/12\/cms_CARACTERISTIQUES.JPG\" alt=\"\" width=\"100%\" title=\"\" data-srcset=\"https:\/\/panelsandwich.org\/wp-content\/uploads\/2018\/12\/cms_CARACTERISTIQUES.JPG 1356w, https:\/\/panelsandwich.org\/wp-content\/uploads\/2018\/12\/cms_CARACTERISTIQUES-300x144.jpg 300w, https:\/\/panelsandwich.org\/wp-content\/uploads\/2018\/12\/cms_CARACTERISTIQUES-1024x491.jpg 1024w, https:\/\/panelsandwich.org\/wp-content\/uploads\/2018\/12\/cms_CARACTERISTIQUES-768x368.jpg 768w, https:\/\/panelsandwich.org\/wp-content\/uploads\/2018\/12\/cms_CARACTERISTIQUES-600x288.jpg 600w\" data-sizes=\"(max-width: 1356px) 100vw, 1356px\" src=\"data:image\/svg+xml;base64,PHN2ZyB3aWR0aD0iMSIgaGVpZ2h0PSIxIiB4bWxucz0iaHR0cDovL3d3dy53My5vcmcvMjAwMC9zdmciPjwvc3ZnPg==\" style=\"--smush-placeholder-width: 1356px; --smush-placeholder-aspect-ratio: 1356\/650;\" \/><\/p>\n<p style=\"text-align: center;\"><strong><span style=\"font-size: medium;\"><a class=\"w-100 btn btn-danger btn-lg\" href=\"https:\/\/panelsandwich.org\/contactenos\">SOL\u00b7LICITAR PREU I INFORMACI\u00d3 T\u00c8CNICA  <i class=\"caret-right\"><\/i><\/a><\/span><\/strong><\/p>\n","protected":false},"excerpt":{"rendered":"<p>Les plaques Policarbonat\u00ae es produeixen amb protecci\u00f3 UV sobre la cara exterior (a petici\u00f3 sobre les 2 cares), que garanteix la resist\u00e8ncia al pas del temps, fins i tot despr\u00e9s d&#8217;una exposici\u00f3 prolongada al sol i als agents atmosf\u00e8rics. Les plaques cel\u00b7lulars Policarbonato\u00ae s&#8217;utilitzen per a cobertes, vidres, hivernacles, lluernes, verandes, quioscs, marquesines i sostres falsos.<\/p>\n<p style=\"text-align: center;\"><strong><span style=\"font-size: medium;\"><a class=\"w-100 btn btn-danger btn-lg\" href=\"https:\/\/panelsandwich.org\/contactenos\">SOL\u00b7LICITAR PREU I INFORMACI\u00d3 T\u00c8CNICA  <i class=\"caret-right\"><\/i><\/a><\/span><\/strong><\/p>\n","protected":false},"featured_media":51212,"comment_status":"closed","ping_status":"closed","template":"","meta":[],"product_brand":[],"product_cat":[3613],"product_tag":[3623,3621,3622],"class_list":{"0":"post-51078","1":"product","2":"type-product","3":"status-publish","4":"has-post-thumbnail","6":"product_cat-llanternons-policarbonats","7":"product_tag-lluerna","8":"product_tag-policarbonat","9":"product_tag-policarbonat-cellular","10":"pa_anchodelpanel-ample-1-05-metres","11":"pa_anchodelpanel-ample-2-10-metres","12":"pa_colorexterior-opal-gel","13":"pa_espesordelaplaca-10-mm-ca","15":"first","16":"outofstock","17":"taxable","18":"shipping-taxable","19":"purchasable","20":"product-type-variable","21":"has-default-attributes"},"_links":{"self":[{"href":"https:\/\/panelsandwich.org\/ca\/wp-json\/wp\/v2\/product\/51078","targetHints":{"allow":["GET"]}}],"collection":[{"href":"https:\/\/panelsandwich.org\/ca\/wp-json\/wp\/v2\/product"}],"about":[{"href":"https:\/\/panelsandwich.org\/ca\/wp-json\/wp\/v2\/types\/product"}],"replies":[{"embeddable":true,"href":"https:\/\/panelsandwich.org\/ca\/wp-json\/wp\/v2\/comments?post=51078"}],"version-history":[{"count":0,"href":"https:\/\/panelsandwich.org\/ca\/wp-json\/wp\/v2\/product\/51078\/revisions"}],"wp:featuredmedia":[{"embeddable":true,"href":"https:\/\/panelsandwich.org\/ca\/wp-json\/wp\/v2\/media\/51212"}],"wp:attachment":[{"href":"https:\/\/panelsandwich.org\/ca\/wp-json\/wp\/v2\/media?parent=51078"}],"wp:term":[{"taxonomy":"product_brand","embeddable":true,"href":"https:\/\/panelsandwich.org\/ca\/wp-json\/wp\/v2\/product_brand?post=51078"},{"taxonomy":"product_cat","embeddable":true,"href":"https:\/\/panelsandwich.org\/ca\/wp-json\/wp\/v2\/product_cat?post=51078"},{"taxonomy":"product_tag","embeddable":true,"href":"https:\/\/panelsandwich.org\/ca\/wp-json\/wp\/v2\/product_tag?post=51078"}],"curies":[{"name":"wp","href":"https:\/\/api.w.org\/{rel}","templated":true}]}}