{"id":51614,"date":"2023-09-28T23:15:42","date_gmt":"2023-09-28T21:15:42","guid":{"rendered":"https:\/\/panelsandwich.org\/policarbonat-polivalent-facana\/"},"modified":"2025-11-21T12:20:29","modified_gmt":"2025-11-21T11:20:29","slug":"policarbonat-polivalent-facana","status":"publish","type":"product","link":"https:\/\/panelsandwich.org\/ca\/policarbonat-polivalent-facana\/","title":{"rendered":"Policarbonat Polivalent &#8211; Fa\u00e7ana"},"content":{"rendered":"<h3>Descripci\u00f3<\/h3>\n<p>\u00c9s un sistema de policarbonat per a la realitzaci\u00f3 de parets transl\u00facides en panells sandvitx verticals en la construcci\u00f3 industrial i civil. El sistema est\u00e0 compost per panells extru\u00efts de policarbonat d&#8217;estructura alveolar, gruix de 20 mm, amplada de m\u00f2dul de 495 mm i amb protecci\u00f3 UV obtinguda mitjan\u00e7ant coextrusi\u00f3 al costat extern.<\/p>\n<p>El sistema es compon mitjan\u00e7ant l&#8217;enganxament de panells, dotats de perfils \u201cmascle\/ femella\u201d per a l&#8217;encastre perfecte; perfils perimetrals dalumini anoditzat completen lestructura de fixaci\u00f3. F\u00e0cil i econ\u00f2mic en la col\u00b7locaci\u00f3, permet una \u00f2ptima transmissi\u00f3 de la llum, elevada resist\u00e8ncia a la c\u00e0rrega i a\u00efllament t\u00e8rmic.<\/p>\n<p style=\"text-align: center;\"><img decoding=\"async\" class=\"size-full wp-image-32838 lazyload\" data-src=\"https:\/\/panelsandwich.org\/wp-content\/uploads\/2018\/12\/cms_fachada-medidas.JPG\" alt=\"\" width=\"100%\" title=\"\" data-srcset=\"https:\/\/panelsandwich.org\/wp-content\/uploads\/2018\/12\/cms_fachada-medidas.JPG 1421w, https:\/\/panelsandwich.org\/wp-content\/uploads\/2018\/12\/cms_fachada-medidas-300x125.jpg 300w, https:\/\/panelsandwich.org\/wp-content\/uploads\/2018\/12\/cms_fachada-medidas-1024x426.jpg 1024w, https:\/\/panelsandwich.org\/wp-content\/uploads\/2018\/12\/cms_fachada-medidas-768x319.jpg 768w, https:\/\/panelsandwich.org\/wp-content\/uploads\/2018\/12\/cms_fachada-medidas-600x250.jpg 600w\" data-sizes=\"(max-width: 1421px) 100vw, 1421px\" src=\"data:image\/svg+xml;base64,PHN2ZyB3aWR0aD0iMSIgaGVpZ2h0PSIxIiB4bWxucz0iaHR0cDovL3d3dy53My5vcmcvMjAwMC9zdmciPjwvc3ZnPg==\" style=\"--smush-placeholder-width: 1421px; --smush-placeholder-aspect-ratio: 1421\/591;\" \/><\/p>\n<h3><img decoding=\"async\" class=\"size-full wp-image-32839 lazyload\" data-src=\"https:\/\/panelsandwich.org\/wp-content\/uploads\/2018\/12\/cms_fachada-caracteristicas.JPG\" alt=\"\" width=\"100%\" title=\"\" data-srcset=\"https:\/\/panelsandwich.org\/wp-content\/uploads\/2018\/12\/cms_fachada-caracteristicas.JPG 1402w, https:\/\/panelsandwich.org\/wp-content\/uploads\/2018\/12\/cms_fachada-caracteristicas-300x131.jpg 300w, https:\/\/panelsandwich.org\/wp-content\/uploads\/2018\/12\/cms_fachada-caracteristicas-1024x447.jpg 1024w, https:\/\/panelsandwich.org\/wp-content\/uploads\/2018\/12\/cms_fachada-caracteristicas-768x335.jpg 768w, https:\/\/panelsandwich.org\/wp-content\/uploads\/2018\/12\/cms_fachada-caracteristicas-600x262.jpg 600w\" data-sizes=\"(max-width: 1402px) 100vw, 1402px\" src=\"data:image\/svg+xml;base64,PHN2ZyB3aWR0aD0iMSIgaGVpZ2h0PSIxIiB4bWxucz0iaHR0cDovL3d3dy53My5vcmcvMjAwMC9zdmciPjwvc3ZnPg==\" style=\"--smush-placeholder-width: 1402px; --smush-placeholder-aspect-ratio: 1402\/612;\" \/><\/h3>\n<h3>Components<\/h3>\n<p>Realitzaci\u00f3 de paret transl\u00facida amb Panell Sandwich Polivalent Fa\u00e7ana compost per:<\/p>\n<ul style=\"list-style-type: circle;\">\n<li>Panell de policarbonat alveolar protegit UV de coextrusi\u00f3 al costat extern, estructura alveolar gruix 20 mm, factor de transmissi\u00f3 t\u00e8rmica certificat 2,0 W\/m2 K, color vidre (altres colors sota comanda), tancament dels cap\u00e7als amb cinta d&#8217;alumini adhesiu ; dimensions: amplada m\u00f2dul 495 mm, longitud a mida, garantia de deu anys.<\/li>\n<li>Perfils perimetrals d&#8217;alumini anoditzat color plata m\u00ednim 15 microns (o b\u00e9 en brut sota comanda).<\/li>\n<li>Juntes externes d&#8217;estanquitat de goma EPDM.<\/li>\n<li>Barra d&#8217;acer per a la fixaci\u00f3 dels panells (on calgui).<\/li>\n<\/ul>\n<h3>Taules de c\u00e0rregues<\/h3>\n<h4>Taula de c\u00e0rregues 2 suports<\/h4>\n<h4><img decoding=\"async\" class=\"size-full wp-image-32840 lazyload\" data-src=\"https:\/\/panelsandwich.org\/wp-content\/uploads\/2018\/12\/cms_tabla-de-cargas-2-apoyos.JPG\" alt=\"\" width=\"100%\" title=\"\" data-srcset=\"https:\/\/panelsandwich.org\/wp-content\/uploads\/2018\/12\/cms_tabla-de-cargas-2-apoyos.JPG 878w, https:\/\/panelsandwich.org\/wp-content\/uploads\/2018\/12\/cms_tabla-de-cargas-2-apoyos-300x168.jpg 300w, https:\/\/panelsandwich.org\/wp-content\/uploads\/2018\/12\/cms_tabla-de-cargas-2-apoyos-768x430.jpg 768w, https:\/\/panelsandwich.org\/wp-content\/uploads\/2018\/12\/cms_tabla-de-cargas-2-apoyos-600x336.jpg 600w\" data-sizes=\"(max-width: 878px) 100vw, 878px\" src=\"data:image\/svg+xml;base64,PHN2ZyB3aWR0aD0iMSIgaGVpZ2h0PSIxIiB4bWxucz0iaHR0cDovL3d3dy53My5vcmcvMjAwMC9zdmciPjwvc3ZnPg==\" style=\"--smush-placeholder-width: 878px; --smush-placeholder-aspect-ratio: 878\/492;\" \/><\/h4>\n<h4>Taula de c\u00e0rregues 3 o m\u00e9s suports<img decoding=\"async\" class=\"size-full wp-image-32841 lazyload\" data-src=\"https:\/\/panelsandwich.org\/wp-content\/uploads\/2018\/12\/cms_tabla-de-cargas-3-apoyos.JPG\" alt=\"\" width=\"100%\" title=\"\" data-srcset=\"https:\/\/panelsandwich.org\/wp-content\/uploads\/2018\/12\/cms_tabla-de-cargas-3-apoyos.JPG 868w, https:\/\/panelsandwich.org\/wp-content\/uploads\/2018\/12\/cms_tabla-de-cargas-3-apoyos-300x172.jpg 300w, https:\/\/panelsandwich.org\/wp-content\/uploads\/2018\/12\/cms_tabla-de-cargas-3-apoyos-768x442.jpg 768w, https:\/\/panelsandwich.org\/wp-content\/uploads\/2018\/12\/cms_tabla-de-cargas-3-apoyos-600x345.jpg 600w\" data-sizes=\"(max-width: 868px) 100vw, 868px\" src=\"data:image\/svg+xml;base64,PHN2ZyB3aWR0aD0iMSIgaGVpZ2h0PSIxIiB4bWxucz0iaHR0cDovL3d3dy53My5vcmcvMjAwMC9zdmciPjwvc3ZnPg==\" style=\"--smush-placeholder-width: 868px; --smush-placeholder-aspect-ratio: 868\/499;\" \/><\/h4>\n","protected":false},"excerpt":{"rendered":"<p>Policarbonats\/Llucernarios: Elements que permeten la il\u00b7luminaci\u00f3 natural en els objectes corresponents a l&#8217;energia i els par\u00e0metres est\u00e8tics.<\/p>\n","protected":false},"featured_media":59772,"comment_status":"closed","ping_status":"closed","template":"","meta":[],"product_brand":[],"product_cat":[3613],"product_tag":[],"class_list":{"0":"post-51614","1":"product","2":"type-product","3":"status-publish","4":"has-post-thumbnail","6":"product_cat-llanternons-policarbonats","7":"pa_anchodelpanel-ample-1-metre","8":"pa_colorexterior-transparent-cristal","9":"pa_espesordelaplaca-40-mm-ca","11":"first","12":"outofstock","13":"taxable","14":"shipping-taxable","15":"purchasable","16":"product-type-variable","17":"has-default-attributes"},"_links":{"self":[{"href":"https:\/\/panelsandwich.org\/ca\/wp-json\/wp\/v2\/product\/51614","targetHints":{"allow":["GET"]}}],"collection":[{"href":"https:\/\/panelsandwich.org\/ca\/wp-json\/wp\/v2\/product"}],"about":[{"href":"https:\/\/panelsandwich.org\/ca\/wp-json\/wp\/v2\/types\/product"}],"replies":[{"embeddable":true,"href":"https:\/\/panelsandwich.org\/ca\/wp-json\/wp\/v2\/comments?post=51614"}],"version-history":[{"count":0,"href":"https:\/\/panelsandwich.org\/ca\/wp-json\/wp\/v2\/product\/51614\/revisions"}],"wp:featuredmedia":[{"embeddable":true,"href":"https:\/\/panelsandwich.org\/ca\/wp-json\/wp\/v2\/media\/59772"}],"wp:attachment":[{"href":"https:\/\/panelsandwich.org\/ca\/wp-json\/wp\/v2\/media?parent=51614"}],"wp:term":[{"taxonomy":"product_brand","embeddable":true,"href":"https:\/\/panelsandwich.org\/ca\/wp-json\/wp\/v2\/product_brand?post=51614"},{"taxonomy":"product_cat","embeddable":true,"href":"https:\/\/panelsandwich.org\/ca\/wp-json\/wp\/v2\/product_cat?post=51614"},{"taxonomy":"product_tag","embeddable":true,"href":"https:\/\/panelsandwich.org\/ca\/wp-json\/wp\/v2\/product_tag?post=51614"}],"curies":[{"name":"wp","href":"https:\/\/api.w.org\/{rel}","templated":true}]}}