{"id":51757,"date":"2023-09-28T23:15:44","date_gmt":"2023-09-28T21:15:44","guid":{"rendered":"https:\/\/panelsandwich.org\/policarbonat-compacte-vidre\/"},"modified":"2025-11-21T08:14:20","modified_gmt":"2025-11-21T07:14:20","slug":"policarbonat-compacte-vidre","status":"publish","type":"product","link":"https:\/\/panelsandwich.org\/ca\/policarbonat-compacte-vidre\/","title":{"rendered":"Policarbonat Compacte &#8211; Vidre"},"content":{"rendered":"<h1>Policarbonat Compacte Cristall<\/h1>\n<h3>Descripci\u00f3<\/h3>\n<p>Les l\u00e0mines de policarbonat Compacte Cristall ofereixen avantatges importants enfront dels materials tradicionals per a envidrament, quant a lleugeresa, resist\u00e8ncia a l&#8217;impacte i transpar\u00e8ncia.<\/p>\n<p>Les l\u00e0mines de policarbonat Compacte Cristall, es poden termoconformar i obtenir geometries especials. Estan dotades al seu torn de protecci\u00f3 UV a les dues cares, que permet el seu \u00fas en exteriors.  <\/p>\n<p style=\"text-align:center;\"><strong><span style=\"font-size:medium;\"><a class=\"w-100 btn btn-danger btn-lg\" href=\"https:\/\/panelsandwich.org\/contactenos\">SOL\u00b7LICITAR PREU I INFORMACI\u00d3 T\u00c8CNICA  <i class=\"caret-right\"><\/i><\/a><\/span><\/strong><\/p>\n<h3>Aplicacions<\/h3>\n<ul style=\"list-style-type:circle;\">\n<li>Substituci\u00f3 de vidre a les finestres<\/li>\n<li>T\u00fanels transl\u00facids<\/li>\n<li>Llanternons amb estructura<\/li>\n<li>Elements de seguretat<\/li>\n<li>Voltes can\u00f3<\/li>\n<li>Elements de protecci\u00f3 industrial<\/li>\n<li>Publicitat<\/li>\n<li>Senyalitzaci\u00f3<\/li>\n<li>Cobertes en general<\/li>\n<\/ul>\n<h3>Sistema de fixaci\u00f3<\/h3>\n<p>El sistema de fixaci\u00f3 ha de permetre la lliure dilataci\u00f3 de la l\u00e0mina, per aix\u00f2 es desaconsellen les fixacions r\u00edgides o amb cargols passants.<\/p>\n<h3>Estructura<\/h3>\n<p>Les l\u00e0mines necessiten una estructura de suport longitudinal i\/o transversal, que pot ser de qualsevol naturalesa o geometria. A la modulaci\u00f3 s&#8217;han de respectar les m\u00e0ximes dimensions de la l\u00e0mina, segons el seu gruix i c\u00e0rregues a suportar, i compatibilitzar-les amb un especejament adequat a les seves dimensions.<\/p>\n<h3>Posada en obra i manipulaci\u00f3<\/h3>\n<p>Les l\u00e0mines de policarbonat compacte es poden fixar a l&#8217;estructura mitjan\u00e7ant diversos procediments: amb perfils universals o estructurals i dins de gal\u00e7os dels elements de fusteria. Les l\u00e0mines v\u00e9nen protegides per un film a les seves dues cares. Quan sigui necessari efectuar un segellat de les juntes, cal assegurar la compatibilitat del policarbonat amb el segellant, \u00e9s molt recomanable en aquests casos la utilitzaci\u00f3 de silicona neutra.<\/p>\n<p><img decoding=\"async\" class=\"size-full wp-image-32750 lazyload\" data-src=\"https:\/\/panelsandwich.org\/wp-content\/uploads\/2018\/12\/cms_cristal-caracteristicas.JPG\" alt=\"\" width=\"100%\" title=\"\" data-srcset=\"https:\/\/panelsandwich.org\/wp-content\/uploads\/2018\/12\/cms_cristal-caracteristicas.JPG 1249w, https:\/\/panelsandwich.org\/wp-content\/uploads\/2018\/12\/cms_cristal-caracteristicas-300x128.jpg 300w, https:\/\/panelsandwich.org\/wp-content\/uploads\/2018\/12\/cms_cristal-caracteristicas-1024x437.jpg 1024w, https:\/\/panelsandwich.org\/wp-content\/uploads\/2018\/12\/cms_cristal-caracteristicas-768x328.jpg 768w, https:\/\/panelsandwich.org\/wp-content\/uploads\/2018\/12\/cms_cristal-caracteristicas-600x256.jpg 600w\" data-sizes=\"(max-width: 1249px) 100vw, 1249px\" src=\"data:image\/svg+xml;base64,PHN2ZyB3aWR0aD0iMSIgaGVpZ2h0PSIxIiB4bWxucz0iaHR0cDovL3d3dy53My5vcmcvMjAwMC9zdmciPjwvc3ZnPg==\" style=\"--smush-placeholder-width: 1249px; --smush-placeholder-aspect-ratio: 1249\/533;\" \/><\/p>\n","protected":false},"excerpt":{"rendered":"<p>PLPO6X &#8211; Policarbonat Compacte Cristall<\/p>\n<p>Les l\u00e0mines de policarbonat Compacte Cristall, es poden termoconformar i obtenir geometries especials. Estan dotades al seu torn de protecci\u00f3 UV a les dues cares, que permet el seu \u00fas en exteriors.<\/p>\n<p style=\"text-align:center;\"><strong><span style=\"font-size:medium;\"><a class=\"w-100 btn btn-danger btn-lg\" href=\"https:\/\/panelsandwich.org\/contactenos\">SOL\u00b7LICITAR PREU I INFORMACI\u00d3 T\u00c8CNICA  <i class=\"caret-right\"><\/i><\/a><\/span><\/strong><\/p>\n","protected":false},"featured_media":55293,"comment_status":"closed","ping_status":"closed","template":"","meta":[],"product_brand":[],"product_cat":[3613],"product_tag":[],"class_list":{"0":"post-51757","1":"product","2":"type-product","3":"status-publish","4":"has-post-thumbnail","6":"product_cat-llanternons-policarbonats","7":"pa_anchodelpanel-ample-2-05-metres","8":"pa_espesordelaplaca-10-mm-ca","9":"pa_espesordelaplaca-2-mm-ca","10":"pa_espesordelaplaca-3-mm-ca","11":"pa_espesordelaplaca-4-mm-ca","12":"pa_espesordelaplaca-5-mm-ca","13":"pa_espesordelaplaca-6-mm-ca","14":"pa_espesordelaplaca-8-mm-ca","16":"first","17":"outofstock","18":"taxable","19":"shipping-taxable","20":"purchasable","21":"product-type-variable","22":"has-default-attributes"},"_links":{"self":[{"href":"https:\/\/panelsandwich.org\/ca\/wp-json\/wp\/v2\/product\/51757","targetHints":{"allow":["GET"]}}],"collection":[{"href":"https:\/\/panelsandwich.org\/ca\/wp-json\/wp\/v2\/product"}],"about":[{"href":"https:\/\/panelsandwich.org\/ca\/wp-json\/wp\/v2\/types\/product"}],"replies":[{"embeddable":true,"href":"https:\/\/panelsandwich.org\/ca\/wp-json\/wp\/v2\/comments?post=51757"}],"version-history":[{"count":0,"href":"https:\/\/panelsandwich.org\/ca\/wp-json\/wp\/v2\/product\/51757\/revisions"}],"wp:featuredmedia":[{"embeddable":true,"href":"https:\/\/panelsandwich.org\/ca\/wp-json\/wp\/v2\/media\/55293"}],"wp:attachment":[{"href":"https:\/\/panelsandwich.org\/ca\/wp-json\/wp\/v2\/media?parent=51757"}],"wp:term":[{"taxonomy":"product_brand","embeddable":true,"href":"https:\/\/panelsandwich.org\/ca\/wp-json\/wp\/v2\/product_brand?post=51757"},{"taxonomy":"product_cat","embeddable":true,"href":"https:\/\/panelsandwich.org\/ca\/wp-json\/wp\/v2\/product_cat?post=51757"},{"taxonomy":"product_tag","embeddable":true,"href":"https:\/\/panelsandwich.org\/ca\/wp-json\/wp\/v2\/product_tag?post=51757"}],"curies":[{"name":"wp","href":"https:\/\/api.w.org\/{rel}","templated":true}]}}