{"id":51811,"date":"2023-09-28T23:15:41","date_gmt":"2023-09-28T21:15:41","guid":{"rendered":"https:\/\/panelsandwich.org\/panell-sandwich-imitacio-teula-pissarra\/"},"modified":"2025-11-21T12:20:22","modified_gmt":"2025-11-21T11:20:22","slug":"panell-sandwich-imitacio-teula-pissarra","status":"publish","type":"product","link":"https:\/\/panelsandwich.org\/ca\/panell-sandwich-imitacio-teula-pissarra\/","title":{"rendered":"Panell Sandwich Imitaci\u00f3 Teula &#8211; Pissarra"},"content":{"rendered":"<h2>Panell Imitaci\u00f3 Teula Forma Pissarra.<\/h2>\n<h3><strong>Descripci\u00f3:<\/strong><\/h3>\n<p>Panell a\u00efllant de coberta amb la forma de teulada tradicional, composta per dues xapes met\u00e0l\u00b7liques en perfils, unides per un nucli a\u00efllant d&#8217;escuma r\u00edgida de Poliuret\u00e0 (PUR) o Polisocianurat (PIR).<\/p>\n<p>Panell sandvitx imitaci\u00f3 Teja \u00e9s un paper Sandvitx per a coberta compost per dues xapes met\u00e0l\u00b7liques i un nucli d&#8217;escuma a\u00efllant de poliuret\u00e0. El perfilat de la xapa exterior s&#8217;assembla a la manera de la teula cl\u00e0ssica, donant al plaf\u00f3 un aspecte agradable i imitant d&#8217;una manera molt realista la teula tradicional. Els panells Teja s&#8217;utilitzen en cobertes amb un pendent m\u00ednim del 7% al sector de la construcci\u00f3 civil i industrial. Pot anar sobre estructura portant d&#8217;acer, formig\u00f3 o fusta i \u00e9s autoportant. L&#8217;espessor constant de l&#8217;a\u00efllament millora el confort interior de l&#8217;edifici i \u00e9s molt eficient per a\u00efllar l&#8217;interior de l&#8217;edifici dels efectes de la radiaci\u00f3 solar i el fred.<\/p>\n<p style=\"text-align: center;\"><strong><span style=\"font-size: medium;\"><a class=\"w-100 btn btn-danger btn-lg\" href=\"https:\/\/panelsandwich.org\/contactenos\">SOL\u00b7LICITAR PREU I INFORMACI\u00d3 T\u00c8CNICA  <i class=\"caret-right\"><\/i><\/a><\/span><\/strong><\/p>\n<h3><strong>Aplicaci\u00f3:<\/strong><\/h3>\n<p>Cobertes dedificis.<\/p>\n<h3><strong>Tipus d&#8217;Uni\u00f3 i Cargoles:<\/strong><\/h3>\n<p>Tipus d&#8217;Uni\u00f3: Tipus Solape. El cargol queda vist.<\/p>\n<p>Cargols: Cargol amb volandera de goma.<\/p>\n<p><img fetchpriority=\"high\" decoding=\"async\" class=\" size-full wp-image-32849\" src=\"https:\/\/panelsandwich.org\/wp-content\/uploads\/2018\/12\/cms_union-Teja-panel-sandwich-teja-detalle-union.png\" alt=\"panell sandvitx teula detall union\" width=\"250\" height=\"250\" title=\"\" srcset=\"https:\/\/panelsandwich.org\/wp-content\/uploads\/2018\/12\/cms_union-Teja-panel-sandwich-teja-detalle-union.png 378w, https:\/\/panelsandwich.org\/wp-content\/uploads\/2018\/12\/cms_union-Teja-panel-sandwich-teja-detalle-union-100x100.png 100w, https:\/\/panelsandwich.org\/wp-content\/uploads\/2018\/12\/cms_union-Teja-panel-sandwich-teja-detalle-union-300x300.png 300w, https:\/\/panelsandwich.org\/wp-content\/uploads\/2018\/12\/cms_union-Teja-panel-sandwich-teja-detalle-union-150x150.png 150w\" sizes=\"(max-width: 250px) 100vw, 250px\" \/><\/p>\n<h3><strong>Dimensions:<\/strong><\/h3>\n<p>Gruixos: 30\u201340\u201350 mm \u00b11 mm<\/p>\n<p>Amplada: 1000 mm \u00b11 mm<\/p>\n<p>Llarg: 4,00 &#8211; 18,00 m \u00b110 mm (En m\u00faltiples de 0,35 m)<\/p>\n<p><img decoding=\"async\" class=\"size-full wp-image-32850 lazyload\" data-src=\"https:\/\/panelsandwich.org\/wp-content\/uploads\/2018\/12\/cms_TEJA_medidas.JPG\" alt=\"\" width=\"100%\" title=\"\" data-srcset=\"https:\/\/panelsandwich.org\/wp-content\/uploads\/2018\/12\/cms_TEJA_medidas.JPG 966w, https:\/\/panelsandwich.org\/wp-content\/uploads\/2018\/12\/cms_TEJA_medidas-300x107.jpg 300w, https:\/\/panelsandwich.org\/wp-content\/uploads\/2018\/12\/cms_TEJA_medidas-768x273.jpg 768w, https:\/\/panelsandwich.org\/wp-content\/uploads\/2018\/12\/cms_TEJA_medidas-600x214.jpg 600w\" data-sizes=\"(max-width: 966px) 100vw, 966px\" src=\"data:image\/svg+xml;base64,PHN2ZyB3aWR0aD0iMSIgaGVpZ2h0PSIxIiB4bWxucz0iaHR0cDovL3d3dy53My5vcmcvMjAwMC9zdmciPjwvc3ZnPg==\" style=\"--smush-placeholder-width: 966px; --smush-placeholder-aspect-ratio: 966\/344;\" \/><\/p>\n<h3><strong>Suport met\u00e0l\u00b7lic:<\/strong><\/h3>\n<p>Nucli en xapa d&#8217;acer galvanitzat qualitat S250GD: EN 10142<\/p>\n<p>Gruixos: 0,4\u20130,5\u20130,6 mm<\/p>\n<h3><strong>Nucli a\u00efllant:<\/strong><\/h3>\n<p>Poliuret\u00e0 (PUR) | Poliisocianurat (PIR)<\/p>\n<p>Conductivitat t\u00e8rmica: PUR: 0,022 W\/mK | PIR: 0,022 W\/mK Densitat: 40 kg\/m3 \u00b110%<\/p>\n<p>Reacci\u00f3 al foc: PUR: B-s2,d0 | PIR: B-s2,d0 | PIR-HI: B-s1,d0<\/p>\n<p>Resist\u00e8ncia a la tracci\u00f3 a les xapes (adhesi\u00f3)&gt; 0.10 MPa<\/p>\n<p>Resist\u00e8ncia a la compressi\u00f3 al 10% de deformaci\u00f3&gt; 0.10 MPa<\/p>\n<h3><strong>Revestiment:<\/strong><\/h3>\n<p>Est\u00e0ndard: Pintura poli\u00e8ster texturada 25 \u00b5m<\/p>\n<p>Especials: Granite HDX 55 \u00b5m | PVC 180 \u00b5m color fusta texturada per a la cara interior<\/p>\n<p><strong> <img decoding=\"async\" class=\"size-full wp-image-32851 lazyload\" data-src=\"https:\/\/panelsandwich.org\/wp-content\/uploads\/2018\/12\/cms_TEJA_cargas1.JPG\" alt=\"\" width=\"100%\" title=\"\" data-srcset=\"https:\/\/panelsandwich.org\/wp-content\/uploads\/2018\/12\/cms_TEJA_cargas1.JPG 1376w, https:\/\/panelsandwich.org\/wp-content\/uploads\/2018\/12\/cms_TEJA_cargas1-300x135.jpg 300w, https:\/\/panelsandwich.org\/wp-content\/uploads\/2018\/12\/cms_TEJA_cargas1-1024x461.jpg 1024w, https:\/\/panelsandwich.org\/wp-content\/uploads\/2018\/12\/cms_TEJA_cargas1-768x346.jpg 768w, https:\/\/panelsandwich.org\/wp-content\/uploads\/2018\/12\/cms_TEJA_cargas1-600x270.jpg 600w\" data-sizes=\"(max-width: 1376px) 100vw, 1376px\" src=\"data:image\/svg+xml;base64,PHN2ZyB3aWR0aD0iMSIgaGVpZ2h0PSIxIiB4bWxucz0iaHR0cDovL3d3dy53My5vcmcvMjAwMC9zdmciPjwvc3ZnPg==\" style=\"--smush-placeholder-width: 1376px; --smush-placeholder-aspect-ratio: 1376\/620;\" \/><\/strong><\/p>\n<p><strong><img decoding=\"async\" class=\"size-full wp-image-32852 lazyload\" data-src=\"https:\/\/panelsandwich.org\/wp-content\/uploads\/2018\/12\/cms_TEJA_cargas2.JPG\" alt=\"\" width=\"100%\" title=\"\" data-srcset=\"https:\/\/panelsandwich.org\/wp-content\/uploads\/2018\/12\/cms_TEJA_cargas2.JPG 1364w, https:\/\/panelsandwich.org\/wp-content\/uploads\/2018\/12\/cms_TEJA_cargas2-300x132.jpg 300w, https:\/\/panelsandwich.org\/wp-content\/uploads\/2018\/12\/cms_TEJA_cargas2-1024x450.jpg 1024w, https:\/\/panelsandwich.org\/wp-content\/uploads\/2018\/12\/cms_TEJA_cargas2-768x338.jpg 768w, https:\/\/panelsandwich.org\/wp-content\/uploads\/2018\/12\/cms_TEJA_cargas2-600x264.jpg 600w\" data-sizes=\"(max-width: 1364px) 100vw, 1364px\" src=\"data:image\/svg+xml;base64,PHN2ZyB3aWR0aD0iMSIgaGVpZ2h0PSIxIiB4bWxucz0iaHR0cDovL3d3dy53My5vcmcvMjAwMC9zdmciPjwvc3ZnPg==\" style=\"--smush-placeholder-width: 1364px; --smush-placeholder-aspect-ratio: 1364\/600;\" \/><\/strong><\/p>\n<p><strong><img decoding=\"async\" class=\"size-full wp-image-32853 lazyload\" data-src=\"https:\/\/panelsandwich.org\/wp-content\/uploads\/2018\/12\/cms_TEJA_cargas3.JPG\" alt=\"\" width=\"100%\" title=\"\" data-srcset=\"https:\/\/panelsandwich.org\/wp-content\/uploads\/2018\/12\/cms_TEJA_cargas3.JPG 1366w, https:\/\/panelsandwich.org\/wp-content\/uploads\/2018\/12\/cms_TEJA_cargas3-300x60.jpg 300w, https:\/\/panelsandwich.org\/wp-content\/uploads\/2018\/12\/cms_TEJA_cargas3-1024x205.jpg 1024w, https:\/\/panelsandwich.org\/wp-content\/uploads\/2018\/12\/cms_TEJA_cargas3-768x154.jpg 768w, https:\/\/panelsandwich.org\/wp-content\/uploads\/2018\/12\/cms_TEJA_cargas3-600x120.jpg 600w\" data-sizes=\"(max-width: 1366px) 100vw, 1366px\" src=\"data:image\/svg+xml;base64,PHN2ZyB3aWR0aD0iMSIgaGVpZ2h0PSIxIiB4bWxucz0iaHR0cDovL3d3dy53My5vcmcvMjAwMC9zdmciPjwvc3ZnPg==\" style=\"--smush-placeholder-width: 1366px; --smush-placeholder-aspect-ratio: 1366\/274;\" \/><\/strong><\/p>\n<h3><strong>Gamma de colors<\/strong><\/h3>\n<p>Els colors mostrats al cat\u00e0leg obeeixen els nostres est\u00e0ndards amb la major precisi\u00f3 possible. Aix\u00f2 no obstant, s\u00f3n inevitables petits canvis, ra\u00f3 que ens porta a recomanar que es faci sempre un examen de color amb una mostra real.<\/p>\n<p><img decoding=\"async\" class=\"size-full wp-image-32854 lazyload\" data-src=\"https:\/\/panelsandwich.org\/wp-content\/uploads\/2018\/12\/cms_TEJA_colores.JPG\" alt=\"\" width=\"50%\" title=\"\" data-srcset=\"https:\/\/panelsandwich.org\/wp-content\/uploads\/2018\/12\/cms_TEJA_colores.JPG 648w, https:\/\/panelsandwich.org\/wp-content\/uploads\/2018\/12\/cms_TEJA_colores-284x300.jpg 284w, https:\/\/panelsandwich.org\/wp-content\/uploads\/2018\/12\/cms_TEJA_colores-600x633.jpg 600w\" data-sizes=\"(max-width: 648px) 100vw, 648px\" src=\"data:image\/svg+xml;base64,PHN2ZyB3aWR0aD0iMSIgaGVpZ2h0PSIxIiB4bWxucz0iaHR0cDovL3d3dy53My5vcmcvMjAwMC9zdmciPjwvc3ZnPg==\" style=\"--smush-placeholder-width: 648px; --smush-placeholder-aspect-ratio: 648\/684;\" \/><\/p>\n<p style=\"text-align: center;\"><strong><span style=\"font-size: medium;\"><a class=\"w-100 btn btn-danger btn-lg\" href=\"https:\/\/panelsandwich.org\/contactenos\">SOL\u00b7LICITAR PREU I INFORMACI\u00d3 T\u00c8CNICA  <i class=\"caret-right\"><\/i><\/a><\/span><\/strong><\/p>\n","protected":false},"excerpt":{"rendered":"<p>PPI- Panell Sandwich Imitaci\u00f3 Teula Pissarra. Color Gris Pissarra<\/p>\n<p style=\"text-align: center;\"><strong><span style=\"font-size: medium;\"><a class=\"w-100 btn btn-danger btn-lg\" href=\"https:\/\/panelsandwich.org\/contactenos\">SOL\u00b7LICITAR PREU I INFORMACI\u00d3 T\u00c8CNICA  <i class=\"caret-right\"><\/i><\/a><\/span><\/strong><\/p>\n","protected":false},"featured_media":51937,"comment_status":"closed","ping_status":"closed","template":"","meta":[],"product_brand":[],"product_cat":[3239],"product_tag":[3244,3240,3242,3241,3243,3245],"class_list":{"0":"post-51811","1":"product","2":"type-product","3":"status-publish","4":"has-post-thumbnail","6":"product_cat-panell-sandwich-teula","7":"product_tag-estructura-metall","8":"product_tag-panell","9":"product_tag-panell-imitacio-teula","10":"product_tag-panell-sandvitx","11":"product_tag-panell-teula","12":"product_tag-sense-cargols","13":"pa_colorexterior-gris-pissarra-ral-7024","14":"pa_colorinterior-blanc-ral-9010-allistonat","15":"pa_espesordelachapa-04-mm-acer-galvanitzat-s250gd","16":"pa_espesorespuma-100-mm-ca","17":"pa_espesorespuma-120-mm-ca","18":"pa_espesorespuma-40-mm-ca","19":"pa_espesorespuma-50-mm-ca","20":"pa_espesorespuma-60-mm-ca","21":"pa_espesorespuma-80-mm-ca","22":"pa_tipoaislamiento-escuma-pur-b-s2-d0","24":"first","25":"outofstock","26":"taxable","27":"shipping-taxable","28":"purchasable","29":"product-type-variable","30":"has-default-attributes"},"_links":{"self":[{"href":"https:\/\/panelsandwich.org\/ca\/wp-json\/wp\/v2\/product\/51811","targetHints":{"allow":["GET"]}}],"collection":[{"href":"https:\/\/panelsandwich.org\/ca\/wp-json\/wp\/v2\/product"}],"about":[{"href":"https:\/\/panelsandwich.org\/ca\/wp-json\/wp\/v2\/types\/product"}],"replies":[{"embeddable":true,"href":"https:\/\/panelsandwich.org\/ca\/wp-json\/wp\/v2\/comments?post=51811"}],"version-history":[{"count":0,"href":"https:\/\/panelsandwich.org\/ca\/wp-json\/wp\/v2\/product\/51811\/revisions"}],"wp:featuredmedia":[{"embeddable":true,"href":"https:\/\/panelsandwich.org\/ca\/wp-json\/wp\/v2\/media\/51937"}],"wp:attachment":[{"href":"https:\/\/panelsandwich.org\/ca\/wp-json\/wp\/v2\/media?parent=51811"}],"wp:term":[{"taxonomy":"product_brand","embeddable":true,"href":"https:\/\/panelsandwich.org\/ca\/wp-json\/wp\/v2\/product_brand?post=51811"},{"taxonomy":"product_cat","embeddable":true,"href":"https:\/\/panelsandwich.org\/ca\/wp-json\/wp\/v2\/product_cat?post=51811"},{"taxonomy":"product_tag","embeddable":true,"href":"https:\/\/panelsandwich.org\/ca\/wp-json\/wp\/v2\/product_tag?post=51811"}],"curies":[{"name":"wp","href":"https:\/\/api.w.org\/{rel}","templated":true}]}}