{"id":52007,"date":"2023-09-28T23:15:39","date_gmt":"2023-09-28T21:15:39","guid":{"rendered":"https:\/\/panelsandwich.org\/panell-sandwich-agropanel-forma-teula\/"},"modified":"2023-11-22T18:28:04","modified_gmt":"2023-11-22T17:28:04","slug":"panell-sandwich-agropanel-forma-teula","status":"publish","type":"product","link":"https:\/\/panelsandwich.org\/ca\/panell-sandwich-agropanel-forma-teula\/","title":{"rendered":"Panell Sandwich Agropanel &#8211; Forma Teula"},"content":{"rendered":"\t\t<div data-elementor-type=\"product-post\" data-elementor-id=\"52007\" class=\"elementor elementor-52007 elementor-32969\" data-elementor-post-type=\"product\">\n\t\t\t\t\t\t<section class=\"elementor-section elementor-top-section elementor-element elementor-element-6d1e17e4 elementor-section-boxed elementor-section-height-default elementor-section-height-default\" data-id=\"6d1e17e4\" data-element_type=\"section\" data-e-type=\"section\" data-settings=\"{&quot;jet_parallax_layout_list&quot;:[]}\">\n\t\t\t\t\t\t<div class=\"elementor-container elementor-column-gap-default\">\n\t\t\t\t\t<div class=\"elementor-column elementor-col-100 elementor-top-column elementor-element elementor-element-2baf3170\" data-id=\"2baf3170\" data-element_type=\"column\" data-e-type=\"column\">\n\t\t\t<div class=\"elementor-widget-wrap elementor-element-populated\">\n\t\t\t\t\t\t<div class=\"elementor-element elementor-element-6e1c72fb elementor-widget elementor-widget-heading\" data-id=\"6e1c72fb\" data-element_type=\"widget\" data-e-type=\"widget\" data-widget_type=\"heading.default\">\n\t\t\t\t<div class=\"elementor-widget-container\">\n\t\t\t\t\t<h2 class=\"elementor-heading-title elementor-size-default\"><h2>Agropanel - Imitaci\u00f3 Teula\n<\/h2><\/h2>\t\t\t\t<\/div>\n\t\t\t\t<\/div>\n\t\t\t\t<div class=\"elementor-element elementor-element-68af2f1e elementor-widget elementor-widget-text-editor\" data-id=\"68af2f1e\" data-element_type=\"widget\" data-e-type=\"widget\" data-widget_type=\"text-editor.default\">\n\t\t\t\t<div class=\"elementor-widget-container\">\n\t\t\t\t\t\t\t\t\t<p>Els panells sandvitx autoportants Agrocoppo estan formats per una l\u00e0mina d&#8217;acer a la cara exterior, una l\u00e0mina de poli\u00e8ster a la cara interior i per un nucli d&#8217;escuma de poliuret\u00e0 amb gran a\u00efllament t\u00e8rmic. Estan concebuts com a tancament de cobertes inclinades aplicat generalment a granges (exceptuant porcines en qu\u00e8 aconsellem instal\u00b7lar el nostre producte SPM). El pendent m\u00ednim ha de ser superior al 10%. La longitud m\u00e0xima recomanada per a aquest producte \u00e9s de 15.050 mm. amb una amplada \u00fatil de 1.000 mm.<\/p>\n\t\t\t\t\t\t\t\t<\/div>\n\t\t\t\t<\/div>\n\t\t\t\t<div class=\"elementor-element elementor-element-b235ea6 elementor-tabs-view-horizontal elementor-widget elementor-widget-tabs\" data-id=\"b235ea6\" data-element_type=\"widget\" data-e-type=\"widget\" data-widget_type=\"tabs.default\">\n\t\t\t\t<div class=\"elementor-widget-container\">\n\t\t\t\t\t\t\t<div class=\"elementor-tabs\">\n\t\t\t<div class=\"elementor-tabs-wrapper\" role=\"tablist\" >\n\t\t\t\t\t\t\t\t\t<div id=\"elementor-tab-title-1861\" class=\"elementor-tab-title elementor-tab-desktop-title\" aria-selected=\"true\" data-tab=\"1\" role=\"tab\" tabindex=\"0\" aria-controls=\"elementor-tab-content-1861\" aria-expanded=\"false\">Descripci\u00f3\/ Aplicaci\u00f3<\/div>\n\t\t\t\t\t\t\t\t\t<div id=\"elementor-tab-title-1862\" class=\"elementor-tab-title elementor-tab-desktop-title\" aria-selected=\"false\" data-tab=\"2\" role=\"tab\" tabindex=\"-1\" aria-controls=\"elementor-tab-content-1862\" aria-expanded=\"false\">Taula de C\u00e0rregues<\/div>\n\t\t\t\t\t\t\t\t\t<div id=\"elementor-tab-title-1863\" class=\"elementor-tab-title elementor-tab-desktop-title\" aria-selected=\"false\" data-tab=\"3\" role=\"tab\" tabindex=\"-1\" aria-controls=\"elementor-tab-content-1863\" aria-expanded=\"false\">Colors Disponibles<\/div>\n\t\t\t\t\t\t\t\t\t<div id=\"elementor-tab-title-1864\" class=\"elementor-tab-title elementor-tab-desktop-title\" aria-selected=\"false\" data-tab=\"4\" role=\"tab\" tabindex=\"-1\" aria-controls=\"elementor-tab-content-1864\" aria-expanded=\"false\">Fitxes T\u00e8cniques \/ Desc\u00e0rregues<\/div>\n\t\t\t\t\t\t\t<\/div>\n\t\t\t<div class=\"elementor-tabs-content-wrapper\" role=\"tablist\" aria-orientation=\"vertical\">\n\t\t\t\t\t\t\t\t\t<div class=\"elementor-tab-title elementor-tab-mobile-title\" aria-selected=\"true\" data-tab=\"1\" role=\"tab\" tabindex=\"0\" aria-controls=\"elementor-tab-content-1861\" aria-expanded=\"false\">Descripci\u00f3\/ Aplicaci\u00f3<\/div>\n\t\t\t\t\t<div id=\"elementor-tab-content-1861\" class=\"elementor-tab-content elementor-clearfix\" data-tab=\"1\" role=\"tabpanel\" aria-labelledby=\"elementor-tab-title-1861\" tabindex=\"0\" hidden=\"false\"><h3>Aplicaci\u00f3<\/h3>\n<p>Cobertes dedificis.<\/p>\n<h3>Tipus d&#8217;Uni\u00f3 i Cargoles<\/h3>\n<p>Tipus d&#8217;Uni\u00f3: Tipus Solape. El cargol queda vist.<\/p>\n<p>Cargols: Cargol amb volandera de goma.<\/p>\n<p><img fetchpriority=\"high\" decoding=\"async\" class=\"alignnone wp-image-32966 size-medium\" src=\"https:\/\/panelsandwich.org\/wp-content\/uploads\/2018\/12\/cms_AGROPANEL_AGROPANEL-IMITACION-TEJA_union-300x212.png\" alt=\"\" width=\"300\" height=\"212\" title=\"\" srcset=\"https:\/\/panelsandwich.org\/wp-content\/uploads\/2018\/12\/cms_AGROPANEL_AGROPANEL-IMITACION-TEJA_union-300x212.png 300w, https:\/\/panelsandwich.org\/wp-content\/uploads\/2018\/12\/cms_AGROPANEL_AGROPANEL-IMITACION-TEJA_union.png 408w\" sizes=\"(max-width: 300px) 100vw, 300px\" \/><\/p>\n<h3>Dimensions<\/h3>\n<p>La longitud m\u00e0xima recomanada per a aquest producte \u00e9s de 15.050 mm. amb una amplada \u00fatil de 1.000 mm.<\/p>\n<p>Avantatges: La geometria de la xapa exterior s&#8217;assembla a la forma de la teula \u00e0rab, cosa que confereix al panell una adaptabilitat a l&#8217;est\u00e8tica de l&#8217;entorn. La l\u00e0mina de poli\u00e8ster interior \u00e9s altament resistent a l&#8217;atac de microorganismes, bacteris, vapors i condensacions dels \u00e0cids org\u00e0nics presents a les granges.<\/p>\n<p><img decoding=\"async\" class=\"aligncenter wp-image-36947 size-full lazyload\" data-src=\"https:\/\/panelsandwich.org\/wp-content\/uploads\/2023\/11\/Captura-11.jpg\" alt=\"\" width=\"987\" height=\"259\" title=\"\" data-srcset=\"https:\/\/panelsandwich.org\/wp-content\/uploads\/2023\/11\/Captura-11.jpg 987w, https:\/\/panelsandwich.org\/wp-content\/uploads\/2023\/11\/Captura-11-300x79.jpg 300w, https:\/\/panelsandwich.org\/wp-content\/uploads\/2023\/11\/Captura-11-768x202.jpg 768w\" data-sizes=\"(max-width: 987px) 100vw, 987px\" src=\"data:image\/svg+xml;base64,PHN2ZyB3aWR0aD0iMSIgaGVpZ2h0PSIxIiB4bWxucz0iaHR0cDovL3d3dy53My5vcmcvMjAwMC9zdmciPjwvc3ZnPg==\" style=\"--smush-placeholder-width: 987px; --smush-placeholder-aspect-ratio: 987\/259;\" \/><\/p>\n<h3>\n<p>Reacci\u00f3 al foc<\/h3>\n<p>Classificaci\u00f3 F segons norma UNE-EN 13501-1:2007 +A1:2010. Lliure de CFC.<\/p>\n<\/div>\n\t\t\t\t\t\t\t\t\t<div class=\"elementor-tab-title elementor-tab-mobile-title\" aria-selected=\"false\" data-tab=\"2\" role=\"tab\" tabindex=\"-1\" aria-controls=\"elementor-tab-content-1862\" aria-expanded=\"false\">Taula de C\u00e0rregues<\/div>\n\t\t\t\t\t<div id=\"elementor-tab-content-1862\" class=\"elementor-tab-content elementor-clearfix\" data-tab=\"2\" role=\"tabpanel\" aria-labelledby=\"elementor-tab-title-1862\" tabindex=\"0\" hidden=\"hidden\"><p><img decoding=\"async\" class=\"aligncenter wp-image-36948 size-full lazyload\" data-src=\"https:\/\/panelsandwich.org\/wp-content\/uploads\/2023\/11\/Captura-12.jpg\" alt=\"\" width=\"1079\" height=\"256\" title=\"\" data-srcset=\"https:\/\/panelsandwich.org\/wp-content\/uploads\/2023\/11\/Captura-12.jpg 1079w, https:\/\/panelsandwich.org\/wp-content\/uploads\/2023\/11\/Captura-12-300x71.jpg 300w, https:\/\/panelsandwich.org\/wp-content\/uploads\/2023\/11\/Captura-12-1024x243.jpg 1024w, https:\/\/panelsandwich.org\/wp-content\/uploads\/2023\/11\/Captura-12-768x182.jpg 768w\" data-sizes=\"(max-width: 1079px) 100vw, 1079px\" src=\"data:image\/svg+xml;base64,PHN2ZyB3aWR0aD0iMSIgaGVpZ2h0PSIxIiB4bWxucz0iaHR0cDovL3d3dy53My5vcmcvMjAwMC9zdmciPjwvc3ZnPg==\" style=\"--smush-placeholder-width: 1079px; --smush-placeholder-aspect-ratio: 1079\/256;\" \/><\/p>\n<\/div>\n\t\t\t\t\t\t\t\t\t<div class=\"elementor-tab-title elementor-tab-mobile-title\" aria-selected=\"false\" data-tab=\"3\" role=\"tab\" tabindex=\"-1\" aria-controls=\"elementor-tab-content-1863\" aria-expanded=\"false\">Colors Disponibles<\/div>\n\t\t\t\t\t<div id=\"elementor-tab-content-1863\" class=\"elementor-tab-content elementor-clearfix\" data-tab=\"3\" role=\"tabpanel\" aria-labelledby=\"elementor-tab-title-1863\" tabindex=\"0\" hidden=\"hidden\"><p><img decoding=\"async\" class=\"aligncenter wp-image-36915 size-full lazyload\" data-src=\"https:\/\/panelsandwich.org\/wp-content\/uploads\/2023\/11\/Captura-5.jpg\" alt=\"\" width=\"590\" height=\"860\" title=\"\" data-srcset=\"https:\/\/panelsandwich.org\/wp-content\/uploads\/2023\/11\/Captura-5.jpg 590w, https:\/\/panelsandwich.org\/wp-content\/uploads\/2023\/11\/Captura-5-206x300.jpg 206w\" data-sizes=\"(max-width: 590px) 100vw, 590px\" src=\"data:image\/svg+xml;base64,PHN2ZyB3aWR0aD0iMSIgaGVpZ2h0PSIxIiB4bWxucz0iaHR0cDovL3d3dy53My5vcmcvMjAwMC9zdmciPjwvc3ZnPg==\" style=\"--smush-placeholder-width: 590px; --smush-placeholder-aspect-ratio: 590\/860;\" \/><\/p>\n<\/div>\n\t\t\t\t\t\t\t\t\t<div class=\"elementor-tab-title elementor-tab-mobile-title\" aria-selected=\"false\" data-tab=\"4\" role=\"tab\" tabindex=\"-1\" aria-controls=\"elementor-tab-content-1864\" aria-expanded=\"false\">Fitxes T\u00e8cniques \/ Desc\u00e0rregues<\/div>\n\t\t\t\t\t<div id=\"elementor-tab-content-1864\" class=\"elementor-tab-content elementor-clearfix\" data-tab=\"4\" role=\"tabpanel\" aria-labelledby=\"elementor-tab-title-1864\" tabindex=\"0\" hidden=\"hidden\"><p><a href=\"https:\/\/panelsandwich.org\/wp-content\/uploads\/2023\/11\/Panel-Sandwich.-ORG-Agropanel-Imitacion-Teja.pdf\" target=\"_blank\" rel=\"noopener\"><button style=\"background-color: #ffa300; border-color: black; color: white;\" spellcheck=\"false\" data-lt-tmp-id=\"lt-827558\" data-gramm=\"false\">Descarregar Fitxa T\u00e8cnica<\/button><\/a><\/p>\n<\/div>\n\t\t\t\t\t\t\t<\/div>\n\t\t<\/div>\n\t\t\t\t\t\t<\/div>\n\t\t\t\t<\/div>\n\t\t\t\t\t<\/div>\n\t\t<\/div>\n\t\t\t\t\t<\/div>\n\t\t<\/section>\n\t\t\t\t<\/div>\n\t\t","protected":false},"excerpt":{"rendered":"<p>PAT4- Panell Sandwich Agropanel. Imitaci\u00f3 Teula<\/p>\n<p style=\"text-align: center;\"><strong><span style=\"font-size: medium;\"><a class=\"w-100 btn btn-danger btn-lg\" href=\"https:\/\/panelsandwich.org\/contactenos\">SOL\u00b7LICITAR PREU I INFORMACI\u00d3 T\u00c8CNICA  <i class=\"caret-right\"><\/i><\/a><\/span><\/strong><\/p>\n","protected":false},"featured_media":37051,"comment_status":"open","ping_status":"closed","template":"","meta":[],"product_brand":[],"product_cat":[3497],"product_tag":[],"class_list":{"0":"post-52007","1":"product","2":"type-product","3":"status-publish","4":"has-post-thumbnail","6":"product_cat-panell-sandwich-per-a-granges-agropanel","7":"pa_colorexterior-albero-envellit","8":"pa_colorexterior-blanc-pirineu-ral-9010","9":"pa_colorexterior-blau-llac-ral-5019-ca","10":"pa_colorexterior-crema-bidasoa-ral-1015","11":"pa_colorexterior-gris-ombra-ral-7022","12":"pa_colorexterior-gris-pissarra-ral-7024","13":"pa_colorexterior-teula-ral-3009","14":"pa_colorexterior-verd-navarra-ral-6005","15":"pa_colorinterior-blanc-lamina-de-poliester-i-fibra-de-vidre","16":"pa_espesorespuma-30-mm-ca","17":"pa_espesorespuma-40-mm-ca","18":"pa_tipoaislamiento-escuma-pur-classificacio-f","20":"first","21":"outofstock","22":"taxable","23":"shipping-taxable","24":"purchasable","25":"product-type-variable","26":"has-default-attributes"},"_links":{"self":[{"href":"https:\/\/panelsandwich.org\/ca\/wp-json\/wp\/v2\/product\/52007","targetHints":{"allow":["GET"]}}],"collection":[{"href":"https:\/\/panelsandwich.org\/ca\/wp-json\/wp\/v2\/product"}],"about":[{"href":"https:\/\/panelsandwich.org\/ca\/wp-json\/wp\/v2\/types\/product"}],"replies":[{"embeddable":true,"href":"https:\/\/panelsandwich.org\/ca\/wp-json\/wp\/v2\/comments?post=52007"}],"version-history":[{"count":0,"href":"https:\/\/panelsandwich.org\/ca\/wp-json\/wp\/v2\/product\/52007\/revisions"}],"wp:featuredmedia":[{"embeddable":true,"href":"https:\/\/panelsandwich.org\/ca\/wp-json\/wp\/v2\/media\/37051"}],"wp:attachment":[{"href":"https:\/\/panelsandwich.org\/ca\/wp-json\/wp\/v2\/media?parent=52007"}],"wp:term":[{"taxonomy":"product_brand","embeddable":true,"href":"https:\/\/panelsandwich.org\/ca\/wp-json\/wp\/v2\/product_brand?post=52007"},{"taxonomy":"product_cat","embeddable":true,"href":"https:\/\/panelsandwich.org\/ca\/wp-json\/wp\/v2\/product_cat?post=52007"},{"taxonomy":"product_tag","embeddable":true,"href":"https:\/\/panelsandwich.org\/ca\/wp-json\/wp\/v2\/product_tag?post=52007"}],"curies":[{"name":"wp","href":"https:\/\/api.w.org\/{rel}","templated":true}]}}