{"id":52211,"date":"2023-09-28T23:15:38","date_gmt":"2023-09-28T21:15:38","guid":{"rendered":"https:\/\/panelsandwich.org\/corretja-metalica-estructural-gran-omega\/"},"modified":"2023-09-28T23:15:38","modified_gmt":"2023-09-28T21:15:38","slug":"corretja-metalica-estructural-gran-omega","status":"publish","type":"product","link":"https:\/\/panelsandwich.org\/ca\/corretja-metalica-estructural-gran-omega\/","title":{"rendered":"Corretja Metalica &#8211; Estructural Gran Omega"},"content":{"rendered":"<h2>Descripci\u00f3:<\/h2>\n<p>Aquest producte \u00e9s la culminaci\u00f3 de 2 anys de recerca i desenvolupament a la recerca d&#8217;una soluci\u00f3. El resultat \u00e9s la secci\u00f3 en perfils d&#8217;acer lleuger m\u00e9s econ\u00f2mic i resistent disponible al mercat. Aquest perfil innovador, de la fam\u00edlia omegues, permet reduccions significatives de pes, en comparaci\u00f3 de les solucions m\u00e9s avan\u00e7ades del mercat, per al mateix nivell de rendiment estructural.<\/p>\n<p>Els perfils s&#8217;obtenen per perfilat en fred, cosa que permet un alt ritme de producci\u00f3, aix\u00ed com una alta precisi\u00f3 dimensional. Produ\u00efts en l\u00ednia cont\u00ednua de perfilat, els perfils es fabriquen a mida i amb diferents patrons de perforaci\u00f3 que faciliten el proc\u00e9s de muntatge mitjan\u00e7ant la possibilitat de fer unions cargolades.<\/p>\n<p style=\"text-align:center;\"><strong><span style=\"font-size:medium;\"><a class=\"w-100 btn btn-danger btn-lg\" href=\"https:\/\/panelsandwich.org\/contactenos\">SOL\u00b7LICITAR PREU I INFORMACI\u00d3 T\u00c8CNICA  <i class=\"caret-right\"><\/i><\/a><\/span><\/strong><\/p>\n<h2>Aplicacions:<\/h2>\n<p>La versatilitat dels Superomega\u00ae permet una \u00e0mplia aplicabilitat a diferents tipus d&#8217;estructures aix\u00ed com l&#8217;adaptaci\u00f3 a gaireb\u00e9 tot tipus de materials. Aquest perfil es pot aplicar a:<\/p>\n<ul style=\"list-style-type:circle;\">\n<li>Estructura secund\u00e0ria per a suport de cobertes per a cobertes i fa\u00e7ana<\/li>\n<li>Envans interiors<\/li>\n<li>Estructures per a entrepisos i pisos intermedi<\/li>\n<li>Cobertura lleugera a LS<\/li>\n<li>Suports per a sistemes de panells fotovoltaics<\/li>\n<\/ul>\n<h2>Principals difer\u00e8ncies amb altres solucions del mercat:<\/h2>\n<ul style=\"list-style-type:circle;\">\n<li>Major estalvi de material versus exercici estructural<\/li>\n<li>Perfil optimitzat per al transport en contenidors<\/li>\n<li>Possibilitat de definir una connexi\u00f3 de continu\u00eftat a l&#8217;\u00e0rea de suport o fora del suport<\/li>\n<li>Trepant adaptat a l&#8217;aplicaci\u00f3<\/li>\n<li>Possibilitat de perforaci\u00f3 continua<\/li>\n<li>Geometria futurista i est\u00e8ticament atractiva.<\/li>\n<\/ul>\n<p style=\"text-align:left;\"><strong><span style=\"font-size:medium;\">Mesures:<\/span><\/strong><\/p>\n<p>La gamma es compon de 5 perfils de secci\u00f3 transversal tipus \u03a9, amb al\u00e7ades que van de 80 a 250 mm i gruixos que van de 1,0 a 3,0 mm.<\/p>\n<p><img decoding=\"async\" class=\"size-full wp-image-33036 lazyload\" data-src=\"https:\/\/panelsandwich.org\/wp-content\/uploads\/2019\/12\/cms_GRANOMEGA_medidas.JPG\" alt=\"\" width=\"100%\" title=\"\" data-srcset=\"https:\/\/panelsandwich.org\/wp-content\/uploads\/2019\/12\/cms_GRANOMEGA_medidas.JPG 1560w, https:\/\/panelsandwich.org\/wp-content\/uploads\/2019\/12\/cms_GRANOMEGA_medidas-300x59.jpg 300w, https:\/\/panelsandwich.org\/wp-content\/uploads\/2019\/12\/cms_GRANOMEGA_medidas-1024x202.jpg 1024w, https:\/\/panelsandwich.org\/wp-content\/uploads\/2019\/12\/cms_GRANOMEGA_medidas-768x151.jpg 768w, https:\/\/panelsandwich.org\/wp-content\/uploads\/2019\/12\/cms_GRANOMEGA_medidas-1536x302.jpg 1536w, https:\/\/panelsandwich.org\/wp-content\/uploads\/2019\/12\/cms_GRANOMEGA_medidas-600x118.jpg 600w\" data-sizes=\"(max-width: 1560px) 100vw, 1560px\" src=\"data:image\/svg+xml;base64,PHN2ZyB3aWR0aD0iMSIgaGVpZ2h0PSIxIiB4bWxucz0iaHR0cDovL3d3dy53My5vcmcvMjAwMC9zdmciPjwvc3ZnPg==\" style=\"--smush-placeholder-width: 1560px; --smush-placeholder-aspect-ratio: 1560\/307;\" \/><\/p>\n<p><img decoding=\"async\" class=\"size-full wp-image-33037 lazyload\" data-src=\"https:\/\/panelsandwich.org\/wp-content\/uploads\/2019\/12\/cms_GRANOMEGA_seccion.JPG\" alt=\"\" width=\"100%\" title=\"\" data-srcset=\"https:\/\/panelsandwich.org\/wp-content\/uploads\/2019\/12\/cms_GRANOMEGA_seccion.JPG 1551w, https:\/\/panelsandwich.org\/wp-content\/uploads\/2019\/12\/cms_GRANOMEGA_seccion-300x166.jpg 300w, https:\/\/panelsandwich.org\/wp-content\/uploads\/2019\/12\/cms_GRANOMEGA_seccion-1024x567.jpg 1024w, https:\/\/panelsandwich.org\/wp-content\/uploads\/2019\/12\/cms_GRANOMEGA_seccion-768x425.jpg 768w, https:\/\/panelsandwich.org\/wp-content\/uploads\/2019\/12\/cms_GRANOMEGA_seccion-1536x851.jpg 1536w, https:\/\/panelsandwich.org\/wp-content\/uploads\/2019\/12\/cms_GRANOMEGA_seccion-600x332.jpg 600w\" data-sizes=\"(max-width: 1551px) 100vw, 1551px\" src=\"data:image\/svg+xml;base64,PHN2ZyB3aWR0aD0iMSIgaGVpZ2h0PSIxIiB4bWxucz0iaHR0cDovL3d3dy53My5vcmcvMjAwMC9zdmciPjwvc3ZnPg==\" style=\"--smush-placeholder-width: 1551px; --smush-placeholder-aspect-ratio: 1551\/859;\" \/><\/p>\n<h2>Qualitat dels materials:<\/h2>\n<p>La SuperOmega es produeix en 2 graus d&#8217;acer estructural pregalvanitzat: S280GD i S350GD amb xapa pregalvanitzada o Magnelis segons la norma EN 10346. Opcionalment, aquest producte es pot subministrar amb un altre tipus dacabat superficial, concretament amb lacat RAL a definir. Condicions de lliurament a consultar.<\/p>\n<p><img decoding=\"async\" class=\"size-full wp-image-33038 lazyload\" data-src=\"https:\/\/panelsandwich.org\/wp-content\/uploads\/2019\/12\/cms_GRANOMEGA_clase-de-acero.JPG\" alt=\"\" width=\"100%\" title=\"\" data-srcset=\"https:\/\/panelsandwich.org\/wp-content\/uploads\/2019\/12\/cms_GRANOMEGA_clase-de-acero.JPG 1544w, https:\/\/panelsandwich.org\/wp-content\/uploads\/2019\/12\/cms_GRANOMEGA_clase-de-acero-300x143.jpg 300w, https:\/\/panelsandwich.org\/wp-content\/uploads\/2019\/12\/cms_GRANOMEGA_clase-de-acero-1024x487.jpg 1024w, https:\/\/panelsandwich.org\/wp-content\/uploads\/2019\/12\/cms_GRANOMEGA_clase-de-acero-768x366.jpg 768w, https:\/\/panelsandwich.org\/wp-content\/uploads\/2019\/12\/cms_GRANOMEGA_clase-de-acero-1536x731.jpg 1536w, https:\/\/panelsandwich.org\/wp-content\/uploads\/2019\/12\/cms_GRANOMEGA_clase-de-acero-600x286.jpg 600w\" data-sizes=\"(max-width: 1544px) 100vw, 1544px\" src=\"data:image\/svg+xml;base64,PHN2ZyB3aWR0aD0iMSIgaGVpZ2h0PSIxIiB4bWxucz0iaHR0cDovL3d3dy53My5vcmcvMjAwMC9zdmciPjwvc3ZnPg==\" style=\"--smush-placeholder-width: 1544px; --smush-placeholder-aspect-ratio: 1544\/735;\" \/><\/p>\n<\/p>\n<h2>Patrons de perforaci\u00f3:<\/h2>\n<p>Patrons de perforaci\u00f3 el superomega\u00ae es pot subministrar sense trepar o amb 2 patrons de trepat diferents, segons les necessitats del projecte i com s&#8217;explica a continuaci\u00f3.<\/p>\n<p>Patr\u00f3 A \u2014 Perforaci\u00f3 personalitzada Perforaci\u00f3 \u00d814 per cargol M10 \u2013 classe 8.8 a les ales inferiors de la secci\u00f3 ia la part superior de les \u00e0nimes, definit sobre la base de les necessitats del projecte. Habitualment, aquesta perforaci\u00f3 es definir\u00e0 als suports ia les zones de solapament per garantir la transmissi\u00f3 dels esfor\u00e7os de continu\u00eftat.<\/p>\n<p>El trepatge es realitza en blocs de 5 forats separats 50 mm. La dist\u00e0ncia entre el final del perfil i l&#8217;eix de la primera columna de forats es pot configurar entre 25\u201330\u201335\u201340\u201345-50 mm.<img decoding=\"async\" class=\"size-full wp-image-33039 lazyload\" data-src=\"https:\/\/panelsandwich.org\/wp-content\/uploads\/2019\/12\/cms_GRANOMEGA_perforacion.JPG\" alt=\"\" width=\"100%\" title=\"\" data-srcset=\"https:\/\/panelsandwich.org\/wp-content\/uploads\/2019\/12\/cms_GRANOMEGA_perforacion.JPG 1562w, https:\/\/panelsandwich.org\/wp-content\/uploads\/2019\/12\/cms_GRANOMEGA_perforacion-300x154.jpg 300w, https:\/\/panelsandwich.org\/wp-content\/uploads\/2019\/12\/cms_GRANOMEGA_perforacion-1024x524.jpg 1024w, https:\/\/panelsandwich.org\/wp-content\/uploads\/2019\/12\/cms_GRANOMEGA_perforacion-768x393.jpg 768w, https:\/\/panelsandwich.org\/wp-content\/uploads\/2019\/12\/cms_GRANOMEGA_perforacion-1536x787.jpg 1536w, https:\/\/panelsandwich.org\/wp-content\/uploads\/2019\/12\/cms_GRANOMEGA_perforacion-600x307.jpg 600w\" data-sizes=\"(max-width: 1562px) 100vw, 1562px\" src=\"data:image\/svg+xml;base64,PHN2ZyB3aWR0aD0iMSIgaGVpZ2h0PSIxIiB4bWxucz0iaHR0cDovL3d3dy53My5vcmcvMjAwMC9zdmciPjwvc3ZnPg==\" style=\"--smush-placeholder-width: 1562px; --smush-placeholder-aspect-ratio: 1562\/800;\" \/><\/p>\n<p style=\"text-align:center;\"><strong><span style=\"font-size:medium;\"><a class=\"w-100 btn btn-danger btn-lg\" href=\"https:\/\/panelsandwich.org\/contactenos\">SOL\u00b7LICITAR PREU I INFORMACI\u00d3 T\u00c8CNICA  <i class=\"caret-right\"><\/i><\/a><\/span><\/strong><\/p>\n","protected":false},"excerpt":{"rendered":"<p>Aquest producte \u00e9s la culminaci\u00f3 de 2 anys de recerca i desenvolupament a la recerca d&#8217;una soluci\u00f3. El resultat \u00e9s la secci\u00f3 en perfils d&#8217;acer lleuger m\u00e9s econ\u00f2mic i resistent disponible al mercat. Aquest perfil innovador, de la fam\u00edlia omegues, permet reduccions significatives de pes, en comparaci\u00f3 de les solucions m\u00e9s avan\u00e7ades del mercat, per al mateix nivell de rendiment estructural.<\/p>\n<p style=\"text-align:center;\"><strong><span style=\"font-size:medium;\"><a class=\"w-100 btn btn-danger btn-lg\" href=\"https:\/\/panelsandwich.org\/contactenos\">SOL\u00b7LICITAR PREU I INFORMACI\u00d3 T\u00c8CNICA  <i class=\"caret-right\"><\/i><\/a><\/span><\/strong><\/p>\n","protected":false},"featured_media":33035,"comment_status":"open","ping_status":"closed","template":"","meta":[],"product_brand":[],"product_cat":[3384],"product_tag":[3414,3416,3664],"class_list":{"0":"post-52211","1":"product","2":"type-product","3":"status-publish","4":"has-post-thumbnail","6":"product_cat-corretges-metaliques-estructurals","7":"product_tag-eixions","8":"product_tag-eixions-metallics","9":"product_tag-granomega-ca","11":"first","12":"outofstock","13":"taxable","14":"shipping-taxable","15":"purchasable","16":"product-type-simple"},"_links":{"self":[{"href":"https:\/\/panelsandwich.org\/ca\/wp-json\/wp\/v2\/product\/52211","targetHints":{"allow":["GET"]}}],"collection":[{"href":"https:\/\/panelsandwich.org\/ca\/wp-json\/wp\/v2\/product"}],"about":[{"href":"https:\/\/panelsandwich.org\/ca\/wp-json\/wp\/v2\/types\/product"}],"replies":[{"embeddable":true,"href":"https:\/\/panelsandwich.org\/ca\/wp-json\/wp\/v2\/comments?post=52211"}],"version-history":[{"count":0,"href":"https:\/\/panelsandwich.org\/ca\/wp-json\/wp\/v2\/product\/52211\/revisions"}],"wp:featuredmedia":[{"embeddable":true,"href":"https:\/\/panelsandwich.org\/ca\/wp-json\/wp\/v2\/media\/33035"}],"wp:attachment":[{"href":"https:\/\/panelsandwich.org\/ca\/wp-json\/wp\/v2\/media?parent=52211"}],"wp:term":[{"taxonomy":"product_brand","embeddable":true,"href":"https:\/\/panelsandwich.org\/ca\/wp-json\/wp\/v2\/product_brand?post=52211"},{"taxonomy":"product_cat","embeddable":true,"href":"https:\/\/panelsandwich.org\/ca\/wp-json\/wp\/v2\/product_cat?post=52211"},{"taxonomy":"product_tag","embeddable":true,"href":"https:\/\/panelsandwich.org\/ca\/wp-json\/wp\/v2\/product_tag?post=52211"}],"curies":[{"name":"wp","href":"https:\/\/api.w.org\/{rel}","templated":true}]}}