{"id":52260,"date":"2023-09-28T23:15:38","date_gmt":"2023-09-28T21:15:38","guid":{"rendered":"https:\/\/panelsandwich.org\/panell-sandwich-eco-teula-vermell-teula-ral-8004\/"},"modified":"2025-11-21T08:33:47","modified_gmt":"2025-11-21T07:33:47","slug":"panell-sandwich-eco-teula-vermell-teula-ral-8004","status":"publish","type":"product","link":"https:\/\/panelsandwich.org\/ca\/panell-sandwich-eco-teula-vermell-teula-ral-8004\/","title":{"rendered":"Panell Sandwich ECO Teula &#8211; Vermell Teula (Ral 8004)"},"content":{"rendered":"\t\t<div data-elementor-type=\"product-post\" data-elementor-id=\"52260\" class=\"elementor elementor-52260 elementor-33058\" data-elementor-post-type=\"product\">\n\t\t\t\t\t\t<section class=\"elementor-section elementor-top-section elementor-element elementor-element-5f9d286 elementor-section-boxed elementor-section-height-default elementor-section-height-default\" data-id=\"5f9d286\" data-element_type=\"section\" data-e-type=\"section\" data-settings=\"{&quot;jet_parallax_layout_list&quot;:[]}\">\n\t\t\t\t\t\t<div class=\"elementor-container elementor-column-gap-default\">\n\t\t\t\t\t<div class=\"elementor-column elementor-col-100 elementor-top-column elementor-element elementor-element-6bfaaf9b\" data-id=\"6bfaaf9b\" data-element_type=\"column\" data-e-type=\"column\">\n\t\t\t<div class=\"elementor-widget-wrap elementor-element-populated\">\n\t\t\t\t\t\t<div class=\"elementor-element elementor-element-4d08dae4 elementor-widget elementor-widget-heading\" data-id=\"4d08dae4\" data-element_type=\"widget\" data-e-type=\"widget\" data-widget_type=\"heading.default\">\n\t\t\t\t<div class=\"elementor-widget-container\">\n\t\t\t\t\t<h2 class=\"elementor-heading-title elementor-size-default\"><h2>Panell Sandwich Imitaci\u00f3 Teula - Ress\u00f2\n<\/h2><\/h2>\t\t\t\t<\/div>\n\t\t\t\t<\/div>\n\t\t\t\t<div class=\"elementor-element elementor-element-c1c0867 elementor-widget elementor-widget-text-editor\" data-id=\"c1c0867\" data-element_type=\"widget\" data-e-type=\"widget\" data-widget_type=\"text-editor.default\">\n\t\t\t\t<div class=\"elementor-widget-container\">\n\t\t\t\t\t\t\t\t\t<p>Aquests tipus de panell es componen d&#8217;una xapa d&#8217;acer pre lacat a la part superior i capa fina d&#8217;alumini gofrat a la part inferior, entre totes dues un nucli d&#8217;escuma r\u00edgida injectat entre les dues fulles en un proc\u00e9s de fabricaci\u00f3 cont\u00ednua (PUR)<\/p>\t\t\t\t\t\t\t\t<\/div>\n\t\t\t\t<\/div>\n\t\t\t\t<div class=\"elementor-element elementor-element-1bf4bcee elementor-tabs-view-horizontal elementor-widget elementor-widget-tabs\" data-id=\"1bf4bcee\" data-element_type=\"widget\" data-e-type=\"widget\" data-widget_type=\"tabs.default\">\n\t\t\t\t<div class=\"elementor-widget-container\">\n\t\t\t\t\t\t\t<div class=\"elementor-tabs\">\n\t\t\t<div class=\"elementor-tabs-wrapper\" role=\"tablist\" >\n\t\t\t\t\t\t\t\t\t<div id=\"elementor-tab-title-4691\" class=\"elementor-tab-title elementor-tab-desktop-title\" aria-selected=\"true\" data-tab=\"1\" role=\"tab\" tabindex=\"0\" aria-controls=\"elementor-tab-content-4691\" aria-expanded=\"false\">Descripci\u00f3\/ Aplicaci\u00f3<\/div>\n\t\t\t\t\t\t\t\t\t<div id=\"elementor-tab-title-4692\" class=\"elementor-tab-title elementor-tab-desktop-title\" aria-selected=\"false\" data-tab=\"2\" role=\"tab\" tabindex=\"-1\" aria-controls=\"elementor-tab-content-4692\" aria-expanded=\"false\">Taula de C\u00e0rregues<\/div>\n\t\t\t\t\t\t\t\t\t<div id=\"elementor-tab-title-4693\" class=\"elementor-tab-title elementor-tab-desktop-title\" aria-selected=\"false\" data-tab=\"3\" role=\"tab\" tabindex=\"-1\" aria-controls=\"elementor-tab-content-4693\" aria-expanded=\"false\">Colors Disponibles<\/div>\n\t\t\t\t\t\t\t\t\t<div id=\"elementor-tab-title-4694\" class=\"elementor-tab-title elementor-tab-desktop-title\" aria-selected=\"false\" data-tab=\"4\" role=\"tab\" tabindex=\"-1\" aria-controls=\"elementor-tab-content-4694\" aria-expanded=\"false\">Fitxes T\u00e8cniques \/ Desc\u00e0rregues<\/div>\n\t\t\t\t\t\t\t<\/div>\n\t\t\t<div class=\"elementor-tabs-content-wrapper\" role=\"tablist\" aria-orientation=\"vertical\">\n\t\t\t\t\t\t\t\t\t<div class=\"elementor-tab-title elementor-tab-mobile-title\" aria-selected=\"true\" data-tab=\"1\" role=\"tab\" tabindex=\"0\" aria-controls=\"elementor-tab-content-4691\" aria-expanded=\"false\">Descripci\u00f3\/ Aplicaci\u00f3<\/div>\n\t\t\t\t\t<div id=\"elementor-tab-content-4691\" class=\"elementor-tab-content elementor-clearfix\" data-tab=\"1\" role=\"tabpanel\" aria-labelledby=\"elementor-tab-title-4691\" tabindex=\"0\" hidden=\"false\"><h3 style=\"font-weight: 500;\">Cara interior alumini:<\/h3>\n<p style=\"font-weight: 400;\">La l\u00e0mina d&#8217;alumini gofrat, amb laca de poli\u00e8ster transparent mat exterior de 2 g\/m\u00b2 i primer adherent a PUR de 0.3 g\/m\u00b2.<\/p>\n<p style=\"font-weight: 400;\">La l\u00e0mina t\u00e9 una c\u00e0rrega de trencament m\u00e9s gran de 130 mpa i allargament superior al 2%<\/p>\n<h3 style=\"font-weight: 500;\">Cara met\u00e0l\u00b7lica exterior:<\/h3>\n<p style=\"font-weight: 400;\">La cara exterior juntament amb el nucli a\u00efllant, ofereixen un alt a\u00efllament, ja que ambdues cares estan adherides al nucli i separades a banda i banda, aconseguint el trencament del pont t\u00e8rmic.<\/p>\n<p style=\"font-weight: 400;\">L&#8217;espessor de la xapa \u00e9s des de 0,5 mm segons comanda. L&#8217;acer emprat, les seves toler\u00e0ncies dimensionals i de forma, v\u00e9nen donades a la norma UNE-EN 10169-1, 2.<\/p>\n<h3 style=\"font-weight: 500;\">Propietats principals<\/h3>\n<ul style=\"font-weight: 400;\">\n<li>Aquest tipus de xapa de coberta \u00e9s l&#8217;opci\u00f3 perfecta quan la bona est\u00e8tica \u00e9s important ideal per a \u00e0mbits rurals, civils i de rehabilitaci\u00f3, ja que no toca l&#8217;estructura alliberant-la de qualsevol esfor\u00e7.<\/li>\n<li>Ofereix les m\u00e0ximes prestacions amb el pes m\u00ednim.<\/li>\n<li>Gran a\u00efllant t\u00e8rmic i ac\u00fastic<\/li>\n<li>Gran practicabilitat i seguretat<\/li>\n<li>S\u00f3n peces molt lleugeres i aporten una gran impermeabilitat als sostres<\/li>\n<li>Acabats disponibles: RAL 8004 rug\u00f3s, alber, teia envellida i pissarra.<\/li>\n<li>Van fixades directament a la fusta\/corretges aportant una gran seguretat de fixaci\u00f3 a lestructura.<\/li>\n<li>A m\u00e9s de les mesures est\u00e0ndard que detallem a la taula, aquests panells poden personalitzar-se en tall depenent de la mida de la comanda.<\/li>\n<\/ul>\n<p><img fetchpriority=\"high\" decoding=\"async\" class=\"alignnone wp-image-36865 size-full\" src=\"https:\/\/panelsandwich.org\/wp-content\/uploads\/2023\/11\/Captura.jpg\" alt=\"\" width=\"1463\" height=\"581\" title=\"\" srcset=\"https:\/\/panelsandwich.org\/wp-content\/uploads\/2023\/11\/Captura.jpg 1463w, https:\/\/panelsandwich.org\/wp-content\/uploads\/2023\/11\/Captura-300x119.jpg 300w, https:\/\/panelsandwich.org\/wp-content\/uploads\/2023\/11\/Captura-1024x407.jpg 1024w, https:\/\/panelsandwich.org\/wp-content\/uploads\/2023\/11\/Captura-768x305.jpg 768w\" sizes=\"(max-width: 1463px) 100vw, 1463px\" \/><\/p>\n<\/div>\n\t\t\t\t\t\t\t\t\t<div class=\"elementor-tab-title elementor-tab-mobile-title\" aria-selected=\"false\" data-tab=\"2\" role=\"tab\" tabindex=\"-1\" aria-controls=\"elementor-tab-content-4692\" aria-expanded=\"false\">Taula de C\u00e0rregues<\/div>\n\t\t\t\t\t<div id=\"elementor-tab-content-4692\" class=\"elementor-tab-content elementor-clearfix\" data-tab=\"2\" role=\"tabpanel\" aria-labelledby=\"elementor-tab-title-4692\" tabindex=\"0\" hidden=\"hidden\"><p><img decoding=\"async\" class=\"alignnone wp-image-36866 size-full lazyload\" data-src=\"https:\/\/panelsandwich.org\/wp-content\/uploads\/2023\/11\/Captura-1.jpg\" alt=\"\" width=\"1152\" height=\"698\" title=\"\" data-srcset=\"https:\/\/panelsandwich.org\/wp-content\/uploads\/2023\/11\/Captura-1.jpg 1152w, https:\/\/panelsandwich.org\/wp-content\/uploads\/2023\/11\/Captura-1-300x182.jpg 300w, https:\/\/panelsandwich.org\/wp-content\/uploads\/2023\/11\/Captura-1-1024x620.jpg 1024w, https:\/\/panelsandwich.org\/wp-content\/uploads\/2023\/11\/Captura-1-768x465.jpg 768w\" data-sizes=\"(max-width: 1152px) 100vw, 1152px\" src=\"data:image\/svg+xml;base64,PHN2ZyB3aWR0aD0iMSIgaGVpZ2h0PSIxIiB4bWxucz0iaHR0cDovL3d3dy53My5vcmcvMjAwMC9zdmciPjwvc3ZnPg==\" style=\"--smush-placeholder-width: 1152px; --smush-placeholder-aspect-ratio: 1152\/698;\" \/><\/p>\n<\/div>\n\t\t\t\t\t\t\t\t\t<div class=\"elementor-tab-title elementor-tab-mobile-title\" aria-selected=\"false\" data-tab=\"3\" role=\"tab\" tabindex=\"-1\" aria-controls=\"elementor-tab-content-4693\" aria-expanded=\"false\">Colors Disponibles<\/div>\n\t\t\t\t\t<div id=\"elementor-tab-content-4693\" class=\"elementor-tab-content elementor-clearfix\" data-tab=\"3\" role=\"tabpanel\" aria-labelledby=\"elementor-tab-title-4693\" tabindex=\"0\" hidden=\"hidden\"><p><img decoding=\"async\" class=\"alignnone wp-image-36867 size-full lazyload\" data-src=\"https:\/\/panelsandwich.org\/wp-content\/uploads\/2023\/11\/Captura-2.jpg\" alt=\"\" width=\"1498\" height=\"255\" title=\"\" data-srcset=\"https:\/\/panelsandwich.org\/wp-content\/uploads\/2023\/11\/Captura-2.jpg 1498w, https:\/\/panelsandwich.org\/wp-content\/uploads\/2023\/11\/Captura-2-300x51.jpg 300w, https:\/\/panelsandwich.org\/wp-content\/uploads\/2023\/11\/Captura-2-1024x174.jpg 1024w, https:\/\/panelsandwich.org\/wp-content\/uploads\/2023\/11\/Captura-2-768x131.jpg 768w\" data-sizes=\"(max-width: 1498px) 100vw, 1498px\" src=\"data:image\/svg+xml;base64,PHN2ZyB3aWR0aD0iMSIgaGVpZ2h0PSIxIiB4bWxucz0iaHR0cDovL3d3dy53My5vcmcvMjAwMC9zdmciPjwvc3ZnPg==\" style=\"--smush-placeholder-width: 1498px; --smush-placeholder-aspect-ratio: 1498\/255;\" \/><\/p>\n<\/div>\n\t\t\t\t\t\t\t\t\t<div class=\"elementor-tab-title elementor-tab-mobile-title\" aria-selected=\"false\" data-tab=\"4\" role=\"tab\" tabindex=\"-1\" aria-controls=\"elementor-tab-content-4694\" aria-expanded=\"false\">Fitxes T\u00e8cniques \/ Desc\u00e0rregues<\/div>\n\t\t\t\t\t<div id=\"elementor-tab-content-4694\" class=\"elementor-tab-content elementor-clearfix\" data-tab=\"4\" role=\"tabpanel\" aria-labelledby=\"elementor-tab-title-4694\" tabindex=\"0\" hidden=\"hidden\"><p><a href=\"https:\/\/panelsandwich.org\/wp-content\/uploads\/2023\/11\/PanelSandwich-Imitacion-Teja-ECO.pdf\" target=\"_blank\" rel=\"noopener\"><button style=\"background-color: #ffa300; border-color: black; color: white;\" spellcheck=\"false\" data-lt-tmp-id=\"lt-827558\" data-gramm=\"false\">Descarregar Fitxa T\u00e8cnica<\/button><\/a><\/p>\n<\/div>\n\t\t\t\t\t\t\t<\/div>\n\t\t<\/div>\n\t\t\t\t\t\t<\/div>\n\t\t\t\t<\/div>\n\t\t\t\t\t<\/div>\n\t\t<\/div>\n\t\t\t\t\t<\/div>\n\t\t<\/section>\n\t\t\t\t<\/div>\n\t\t","protected":false},"excerpt":{"rendered":"<p>Panell Sandwich Imitaci\u00f3 ECON\u00d2MIC -TEULLA color Vermell Teula (Ral 8004)<\/p>\n<p style=\"text-align: center;\"><strong><span style=\"font-size: medium;\"><a class=\"w-100 btn btn-danger btn-lg\" href=\"https:\/\/panelsandwich.org\/contactenos\">SOL\u00b7LICITAR PREU I INFORMACI\u00d3 T\u00c8CNICA  <i class=\"caret-right\"><\/i><\/a><\/span><\/strong><\/p>\n","protected":false},"featured_media":52310,"comment_status":"closed","ping_status":"closed","template":"","meta":[],"product_brand":[],"product_cat":[3668,3239,3265],"product_tag":[3242,3669],"class_list":{"0":"post-52260","1":"product","2":"type-product","3":"status-publish","4":"has-post-thumbnail","6":"product_cat-panell-sandwich-barat","7":"product_cat-panell-sandwich-teula","8":"product_cat-xapa-simple-grecada","9":"product_tag-panell-imitacio-teula","10":"product_tag-panell-teula-economic","11":"pa_colorexterior-gris-pissarra-ral-7024","12":"pa_colorexterior-teula-ral-3009","13":"pa_colorexterior-vermell-envellit","14":"pa_colorinterior-alumini-centessimal","15":"pa_espesorespuma-25-mm-ca","16":"pa_tipoaislamiento-escuma-pur-c-s3-d0","18":"first","19":"instock","20":"taxable","21":"shipping-taxable","22":"product-type-variable","23":"has-default-attributes"},"_links":{"self":[{"href":"https:\/\/panelsandwich.org\/ca\/wp-json\/wp\/v2\/product\/52260","targetHints":{"allow":["GET"]}}],"collection":[{"href":"https:\/\/panelsandwich.org\/ca\/wp-json\/wp\/v2\/product"}],"about":[{"href":"https:\/\/panelsandwich.org\/ca\/wp-json\/wp\/v2\/types\/product"}],"replies":[{"embeddable":true,"href":"https:\/\/panelsandwich.org\/ca\/wp-json\/wp\/v2\/comments?post=52260"}],"version-history":[{"count":0,"href":"https:\/\/panelsandwich.org\/ca\/wp-json\/wp\/v2\/product\/52260\/revisions"}],"wp:featuredmedia":[{"embeddable":true,"href":"https:\/\/panelsandwich.org\/ca\/wp-json\/wp\/v2\/media\/52310"}],"wp:attachment":[{"href":"https:\/\/panelsandwich.org\/ca\/wp-json\/wp\/v2\/media?parent=52260"}],"wp:term":[{"taxonomy":"product_brand","embeddable":true,"href":"https:\/\/panelsandwich.org\/ca\/wp-json\/wp\/v2\/product_brand?post=52260"},{"taxonomy":"product_cat","embeddable":true,"href":"https:\/\/panelsandwich.org\/ca\/wp-json\/wp\/v2\/product_cat?post=52260"},{"taxonomy":"product_tag","embeddable":true,"href":"https:\/\/panelsandwich.org\/ca\/wp-json\/wp\/v2\/product_tag?post=52260"}],"curies":[{"name":"wp","href":"https:\/\/api.w.org\/{rel}","templated":true}]}}