{"id":52395,"date":"2023-09-28T23:15:40","date_gmt":"2023-09-28T21:15:40","guid":{"rendered":"https:\/\/panelsandwich.org\/panell-sandwich-facana-imitacio-pedra\/"},"modified":"2025-11-21T08:32:45","modified_gmt":"2025-11-21T07:32:45","slug":"panell-sandwich-facana-imitacio-pedra","status":"publish","type":"product","link":"https:\/\/panelsandwich.org\/ca\/panell-sandwich-facana-imitacio-pedra\/","title":{"rendered":"Panell Sandwich Fa\u00e7ana &#8211; Imitaci\u00f3 Pedra"},"content":{"rendered":"<h2>Panell Sandwich Fa\u00e7ana Cargol Exterior Imitaci\u00f3 Pedra<\/h2>\n<p>Panell a\u00efllant compost per dues xapes met\u00e0l\u00b7liques en perfils, unides per un nucli a\u00efllant d&#8217;escuma r\u00edgida de Poliuret\u00e0 (PUR) o Polisocianurat (PIR). Panell produ\u00eft d&#8217;acord amb l&#8217;EN 14509 i subjecte a l&#8217;avaluaci\u00f3 i la verificaci\u00f3 de la regularitat de rendiment d&#8217;acord amb el sistema 1.<\/p>\n<h3><strong>Aplicaci\u00f3:<\/strong><\/h3>\n<p>Parets, prefabricats, construcci\u00f3 modular, fa\u00e7anes amb fixaci\u00f3 visible.<\/p>\n<h3><strong>Tipus d&#8217;Uni\u00f3:<\/strong><\/h3>\n<p>Uni\u00f3: Cargol Vist<\/p>\n<p>Cargols: Cargol amb volandera<\/p>\n<h3><strong>Dimensions:<\/strong><\/h3>\n<p>Gruixos: 30\u201340\u201350\u201360\u201380\u2013100 mm \u00b11 mm<\/p>\n<p>Amplada \u00fatil: 1000 mm \u00b11 mm<\/p>\n<p>Llarg: 4,00 &#8211; 18,00 m \u00b110 mm<\/p>\n<h3><strong>Suport met\u00e0l\u00b7lic:<\/strong><\/h3>\n<p>Nucli en xapa d\u00b4acer qualitat S250GD: EN 10346<\/p>\n<p>Bobines lacades de revestiment org\u00e0nic: EN 10169+A1<\/p>\n<p>Gruixos: Panell nervat 0,4\/0,4 mm | Panell llis: 0,5\/0,4 mm<\/p>\n<h3><strong>Nucli a\u00efllant:<\/strong><\/h3>\n<p>Poliuret\u00e0 (PUR) | Polisocianurat (PIR)<\/p>\n<p>Conductivitat T\u00e8rmica: <span style=\"text-decoration: underline;\">PUR<\/span> : 0,022 W\/mK | <span style=\"text-decoration: underline;\">PIR<\/span> : 0,022 \/mK<\/p>\n<p>Densitat: 40 kg\/m <sup>3<\/sup> \u00b110%<\/p>\n<p>Reacci\u00f3 al foc: <span style=\"text-decoration: underline;\">PUR<\/span> : B-s2,d0 | <span style=\"text-decoration: underline;\">PIR<\/span> : B-s2,d0 | <span style=\"text-decoration: underline;\">PIR-HI<\/span> : B-1,d0<\/p>\n<p>Resist\u00e8ncia a la tracci\u00f3 a les xapes (adhesi\u00f3)&gt; 0.10 MPa<\/p>\n<p>Resist\u00e8ncia a la compressi\u00f3 al 10% de deformaci\u00f3&gt; 0.10 MPa<\/p>\n<h3><strong>Revestiment:<\/strong><\/h3>\n<p>Standard: Pintura poli\u00e8ster 25 \u00b5m<\/p>\n<p>Especials: Granite HDX 55 \u00b5m | PVDF 35 m<\/p>\n<h3>Gamma de Colors<\/h3>\n<p>Els colors mostrats al cat\u00e0leg obeeixen els nostres est\u00e0ndards amb la major precisi\u00f3 possible. Aix\u00f2 no obstant, s\u00f3n inevitables petits canvis, ra\u00f3 que ens porta a recomanar que es faci sempre un examen de color amb una mostra real.<\/p>\n","protected":false},"excerpt":{"rendered":"<p>PSL- Panell Sandwich Fa\u00e7ana. Sectoritzaci\u00f3 Ma\u00f3<\/p>\n","protected":false},"featured_media":52402,"comment_status":"closed","ping_status":"closed","template":"","meta":[],"product_brand":[],"product_cat":[3337],"product_tag":[3263,3249,3251,3271,3267,3278,3445,3253,3452,3285,3451,3241,3243,3453,3441,3259,3292,3245],"class_list":{"0":"post-52395","1":"product","2":"type-product","3":"status-publish","4":"has-post-thumbnail","6":"product_cat-panell-sandwich-facana","7":"product_tag-agropanell","8":"product_tag-coberta","9":"product_tag-facana","10":"product_tag-frigorific","11":"product_tag-granges","12":"product_tag-llana-de-roca","13":"product_tag-lluernes-estructura-metall","14":"product_tag-ocasio","15":"product_tag-panell-de-facana","16":"product_tag-panell-fusta","17":"product_tag-panell-per-a-parets","18":"product_tag-panell-sandvitx","19":"product_tag-panell-teula","20":"product_tag-panells-per-a-tancaments","21":"product_tag-panells-sandvitx","22":"product_tag-preu","23":"product_tag-remateria-ca","24":"product_tag-sense-cargols","25":"pa_anchodelpanel-ample-1-metre","26":"pa_colorexterior-imitacio-pedra","27":"pa_colorinterior-blanc-ral-9010-allistonat","28":"pa_espesordelachapa-ext-05-int-04-mm-ca","29":"pa_espesorespuma-30-mm-ca","30":"pa_espesorespuma-40-mm-ca","31":"pa_medidas-metres-quadrats-m2","32":"pa_situacion-sota-comanda","34":"first","35":"outofstock","36":"taxable","37":"shipping-taxable","38":"purchasable","39":"product-type-variable","40":"has-default-attributes"},"_links":{"self":[{"href":"https:\/\/panelsandwich.org\/ca\/wp-json\/wp\/v2\/product\/52395","targetHints":{"allow":["GET"]}}],"collection":[{"href":"https:\/\/panelsandwich.org\/ca\/wp-json\/wp\/v2\/product"}],"about":[{"href":"https:\/\/panelsandwich.org\/ca\/wp-json\/wp\/v2\/types\/product"}],"replies":[{"embeddable":true,"href":"https:\/\/panelsandwich.org\/ca\/wp-json\/wp\/v2\/comments?post=52395"}],"version-history":[{"count":0,"href":"https:\/\/panelsandwich.org\/ca\/wp-json\/wp\/v2\/product\/52395\/revisions"}],"wp:featuredmedia":[{"embeddable":true,"href":"https:\/\/panelsandwich.org\/ca\/wp-json\/wp\/v2\/media\/52402"}],"wp:attachment":[{"href":"https:\/\/panelsandwich.org\/ca\/wp-json\/wp\/v2\/media?parent=52395"}],"wp:term":[{"taxonomy":"product_brand","embeddable":true,"href":"https:\/\/panelsandwich.org\/ca\/wp-json\/wp\/v2\/product_brand?post=52395"},{"taxonomy":"product_cat","embeddable":true,"href":"https:\/\/panelsandwich.org\/ca\/wp-json\/wp\/v2\/product_cat?post=52395"},{"taxonomy":"product_tag","embeddable":true,"href":"https:\/\/panelsandwich.org\/ca\/wp-json\/wp\/v2\/product_tag?post=52395"}],"curies":[{"name":"wp","href":"https:\/\/api.w.org\/{rel}","templated":true}]}}