{"id":52410,"date":"2023-09-28T23:15:37","date_gmt":"2023-09-28T21:15:37","guid":{"rendered":"https:\/\/panelsandwich.org\/panell-sandwich-facana-acer-corten\/"},"modified":"2025-11-21T12:18:28","modified_gmt":"2025-11-21T11:18:28","slug":"panell-sandwich-facana-acer-corten","status":"publish","type":"product","link":"https:\/\/panelsandwich.org\/ca\/panell-sandwich-facana-acer-corten\/","title":{"rendered":"Panell Sandwich Fa\u00e7ana &#8211; Acer Corten"},"content":{"rendered":"\t\t<div data-elementor-type=\"product-post\" data-elementor-id=\"52410\" class=\"elementor elementor-52410 elementor-33116\" data-elementor-post-type=\"product\">\n\t\t\t\t\t\t<section class=\"elementor-section elementor-top-section elementor-element elementor-element-7d769a60 elementor-section-boxed elementor-section-height-default elementor-section-height-default\" data-id=\"7d769a60\" data-element_type=\"section\" data-e-type=\"section\" data-settings=\"{&quot;jet_parallax_layout_list&quot;:[]}\">\n\t\t\t\t\t\t<div class=\"elementor-container elementor-column-gap-default\">\n\t\t\t\t\t<div class=\"elementor-column elementor-col-100 elementor-top-column elementor-element elementor-element-27698ddd\" data-id=\"27698ddd\" data-element_type=\"column\" data-e-type=\"column\">\n\t\t\t<div class=\"elementor-widget-wrap elementor-element-populated\">\n\t\t\t\t\t\t<div class=\"elementor-element elementor-element-51387baf elementor-widget elementor-widget-heading\" data-id=\"51387baf\" data-element_type=\"widget\" data-e-type=\"widget\" data-widget_type=\"heading.default\">\n\t\t\t\t<div class=\"elementor-widget-container\">\n\t\t\t\t\t<h2 class=\"elementor-heading-title elementor-size-default\"><h2>Panell Sandwich Fa\u00e7ana Cargol Interior - Acabat Corten\n<\/h2><\/h2>\t\t\t\t<\/div>\n\t\t\t\t<\/div>\n\t\t\t\t<div class=\"elementor-element elementor-element-1dadffcf elementor-widget elementor-widget-text-editor\" data-id=\"1dadffcf\" data-element_type=\"widget\" data-e-type=\"widget\" data-widget_type=\"text-editor.default\">\n\t\t\t\t<div class=\"elementor-widget-container\">\n\t\t\t\t\t\t\t\t\t<p>Panell a\u00efllant compost per dues xapes met\u00e0l\u00b7liques en perfils, unides per un nucli a\u00efllant d&#8217;escuma r\u00edgida de Poliuret\u00e0 (PUR) o Poliisocianurat (PIR).<\/p><p>Panell Sandwich produ\u00eft d&#8217;acord amb la EN 14509 i subjecte a l&#8217;avaluaci\u00f3 i la verificaci\u00f3 de la regularitat de rendiment d&#8217;acord amb el sistema 1<\/p>\t\t\t\t\t\t\t\t<\/div>\n\t\t\t\t<\/div>\n\t\t\t\t<div class=\"elementor-element elementor-element-5cdb0c8f elementor-tabs-view-horizontal elementor-widget elementor-widget-tabs\" data-id=\"5cdb0c8f\" data-element_type=\"widget\" data-e-type=\"widget\" data-widget_type=\"tabs.default\">\n\t\t\t\t<div class=\"elementor-widget-container\">\n\t\t\t\t\t\t\t<div class=\"elementor-tabs\">\n\t\t\t<div class=\"elementor-tabs-wrapper\" role=\"tablist\" >\n\t\t\t\t\t\t\t\t\t<div id=\"elementor-tab-title-1551\" class=\"elementor-tab-title elementor-tab-desktop-title\" aria-selected=\"true\" data-tab=\"1\" role=\"tab\" tabindex=\"0\" aria-controls=\"elementor-tab-content-1551\" aria-expanded=\"false\">Descripci\u00f3\/ Aplicaci\u00f3<\/div>\n\t\t\t\t\t\t\t\t\t<div id=\"elementor-tab-title-1552\" class=\"elementor-tab-title elementor-tab-desktop-title\" aria-selected=\"false\" data-tab=\"2\" role=\"tab\" tabindex=\"-1\" aria-controls=\"elementor-tab-content-1552\" aria-expanded=\"false\">Taula de C\u00e0rregues<\/div>\n\t\t\t\t\t\t\t\t\t<div id=\"elementor-tab-title-1553\" class=\"elementor-tab-title elementor-tab-desktop-title\" aria-selected=\"false\" data-tab=\"3\" role=\"tab\" tabindex=\"-1\" aria-controls=\"elementor-tab-content-1553\" aria-expanded=\"false\">Colors Disponibles<\/div>\n\t\t\t\t\t\t\t\t\t<div id=\"elementor-tab-title-1554\" class=\"elementor-tab-title elementor-tab-desktop-title\" aria-selected=\"false\" data-tab=\"4\" role=\"tab\" tabindex=\"-1\" aria-controls=\"elementor-tab-content-1554\" aria-expanded=\"false\">Fitxes T\u00e8cniques \/ Desc\u00e0rregues<\/div>\n\t\t\t\t\t\t\t<\/div>\n\t\t\t<div class=\"elementor-tabs-content-wrapper\" role=\"tablist\" aria-orientation=\"vertical\">\n\t\t\t\t\t\t\t\t\t<div class=\"elementor-tab-title elementor-tab-mobile-title\" aria-selected=\"true\" data-tab=\"1\" role=\"tab\" tabindex=\"0\" aria-controls=\"elementor-tab-content-1551\" aria-expanded=\"false\">Descripci\u00f3\/ Aplicaci\u00f3<\/div>\n\t\t\t\t\t<div id=\"elementor-tab-content-1551\" class=\"elementor-tab-content elementor-clearfix\" data-tab=\"1\" role=\"tabpanel\" aria-labelledby=\"elementor-tab-title-1551\" tabindex=\"0\" hidden=\"false\"><h3><strong>Aplicaci\u00f3:<\/strong><\/h3>\n<p>Fa\u00e7anes d&#8217;edificis<\/p>\n<h3><strong>Tipus d&#8217;Uni\u00f3:<\/strong><\/h3>\n<p>Uni\u00f3: Cargol Oculta<\/p>\n<p>Cargols: Cargol sense volandera<\/p>\n<p><img fetchpriority=\"high\" decoding=\"async\" class=\" size-full wp-image-33110\" src=\"https:\/\/panelsandwich.org\/wp-content\/uploads\/2020\/04\/cms_union-fachada-oculto.png\" alt=\"\" width=\"250\" height=\"250\" title=\"\" srcset=\"https:\/\/panelsandwich.org\/wp-content\/uploads\/2020\/04\/cms_union-fachada-oculto.png 378w, https:\/\/panelsandwich.org\/wp-content\/uploads\/2020\/04\/cms_union-fachada-oculto-100x100.png 100w, https:\/\/panelsandwich.org\/wp-content\/uploads\/2020\/04\/cms_union-fachada-oculto-300x300.png 300w, https:\/\/panelsandwich.org\/wp-content\/uploads\/2020\/04\/cms_union-fachada-oculto-150x150.png 150w\" sizes=\"(max-width: 250px) 100vw, 250px\" \/><\/p>\n<h3><strong>Dimensions:<\/strong><\/h3>\n<p>Gruixos: 40\u201350\u201360\u201380\u2013100 mm \u00b11 mm<\/p>\n<p>Amplada: 1000 &#8211; 1080 mm \u00b12 mm<\/p>\n<p>Llarg: 4,00 &#8211; 16,00 m \u00b110 mm<\/p>\n<h3><img decoding=\"async\" class=\" size-full wp-image-33111\" src=\"https:\/\/panelsandwich.org\/wp-content\/uploads\/2020\/04\/cms_FACHADA-OCULTA_medidas.JPG\" alt=\"\" width=\"100%\" title=\"\" srcset=\"https:\/\/panelsandwich.org\/wp-content\/uploads\/2020\/04\/cms_FACHADA-OCULTA_medidas.JPG 1254w, https:\/\/panelsandwich.org\/wp-content\/uploads\/2020\/04\/cms_FACHADA-OCULTA_medidas-300x122.jpg 300w, https:\/\/panelsandwich.org\/wp-content\/uploads\/2020\/04\/cms_FACHADA-OCULTA_medidas-1024x417.jpg 1024w, https:\/\/panelsandwich.org\/wp-content\/uploads\/2020\/04\/cms_FACHADA-OCULTA_medidas-768x313.jpg 768w, https:\/\/panelsandwich.org\/wp-content\/uploads\/2020\/04\/cms_FACHADA-OCULTA_medidas-600x244.jpg 600w\" sizes=\"(max-width: 1254px) 100vw, 1254px\" \/><\/h3>\n<p><strong>Suport met\u00e0l\u00b7lic:<\/strong><\/p>\n<p>Nucli en xapa d\u00b4acer qualitat S250GD: EN 10346<\/p>\n<p>Bobines lacades de revestiment org\u00e0nic: EN10169+A1<\/p>\n<p>Gruixos: 0,4\u20130,5\u20130,6 mm<\/p>\n<h3><strong>Nucli a\u00efllant:<\/strong><\/h3>\n<p>Poliuret\u00e0 (PUR) | Polisocianurat (PIR)<\/p>\n<p>Conductivitat T\u00e8rmica: PUR: 0,022 W\/mK | PIR: 0,022\/mK<\/p>\n<p>Densitat: 40 kg\/m <sup>3<\/sup> \u00b110%<\/p>\n<p>Reacci\u00f3 al foc: PUR: B-s2,d0 | PIR: B-s2,d0 | PIR-HI: B-1,d0<\/p>\n<p>Resist\u00e8ncia a la tracci\u00f3 a les xapes (adhesi\u00f3)&gt; 0.10 MPa<\/p>\n<p>Resist\u00e8ncia a la compressi\u00f3 al 10% de deformaci\u00f3&gt; 0.10 MPa<\/p>\n<h3><strong>Revestiment:<\/strong><\/h3>\n<p>Standard: Pintura poli\u00e8ster 25 \u00b5m<\/p>\n<p>Especials: Granite HDX 55 \u00b5m | PVDF 35 m<\/p>\n<\/div>\n\t\t\t\t\t\t\t\t\t<div class=\"elementor-tab-title elementor-tab-mobile-title\" aria-selected=\"false\" data-tab=\"2\" role=\"tab\" tabindex=\"-1\" aria-controls=\"elementor-tab-content-1552\" aria-expanded=\"false\">Taula de C\u00e0rregues<\/div>\n\t\t\t\t\t<div id=\"elementor-tab-content-1552\" class=\"elementor-tab-content elementor-clearfix\" data-tab=\"2\" role=\"tabpanel\" aria-labelledby=\"elementor-tab-title-1552\" tabindex=\"0\" hidden=\"hidden\"><h3><img decoding=\"async\" class=\" size-full wp-image-33112\" src=\"https:\/\/panelsandwich.org\/wp-content\/uploads\/2020\/04\/cms_FACHADA-OCULTA_cargas1.JPG\" alt=\"\" width=\"100%\" title=\"\" srcset=\"https:\/\/panelsandwich.org\/wp-content\/uploads\/2020\/04\/cms_FACHADA-OCULTA_cargas1.JPG 1179w, https:\/\/panelsandwich.org\/wp-content\/uploads\/2020\/04\/cms_FACHADA-OCULTA_cargas1-300x161.jpg 300w, https:\/\/panelsandwich.org\/wp-content\/uploads\/2020\/04\/cms_FACHADA-OCULTA_cargas1-1024x549.jpg 1024w, https:\/\/panelsandwich.org\/wp-content\/uploads\/2020\/04\/cms_FACHADA-OCULTA_cargas1-768x412.jpg 768w, https:\/\/panelsandwich.org\/wp-content\/uploads\/2020\/04\/cms_FACHADA-OCULTA_cargas1-600x322.jpg 600w\" sizes=\"(max-width: 1179px) 100vw, 1179px\" \/><\/h3>\n<p><img decoding=\"async\" class=\" size-full wp-image-33113\" src=\"https:\/\/panelsandwich.org\/wp-content\/uploads\/2020\/04\/cms_FACHADA-OCULTA_cargas2.JPG\" alt=\"\" width=\"100%\" title=\"\" srcset=\"https:\/\/panelsandwich.org\/wp-content\/uploads\/2020\/04\/cms_FACHADA-OCULTA_cargas2.JPG 1167w, https:\/\/panelsandwich.org\/wp-content\/uploads\/2020\/04\/cms_FACHADA-OCULTA_cargas2-300x175.jpg 300w, https:\/\/panelsandwich.org\/wp-content\/uploads\/2020\/04\/cms_FACHADA-OCULTA_cargas2-1024x598.jpg 1024w, https:\/\/panelsandwich.org\/wp-content\/uploads\/2020\/04\/cms_FACHADA-OCULTA_cargas2-768x448.jpg 768w, https:\/\/panelsandwich.org\/wp-content\/uploads\/2020\/04\/cms_FACHADA-OCULTA_cargas2-600x350.jpg 600w\" sizes=\"(max-width: 1167px) 100vw, 1167px\" \/><\/p>\n<p><img decoding=\"async\" class=\" size-full wp-image-33114\" src=\"https:\/\/panelsandwich.org\/wp-content\/uploads\/2020\/04\/cms_FACHADA-OCULTA_cargas3.JPG\" alt=\"\" width=\"100%\" title=\"\" srcset=\"https:\/\/panelsandwich.org\/wp-content\/uploads\/2020\/04\/cms_FACHADA-OCULTA_cargas3.JPG 1171w, https:\/\/panelsandwich.org\/wp-content\/uploads\/2020\/04\/cms_FACHADA-OCULTA_cargas3-300x79.jpg 300w, https:\/\/panelsandwich.org\/wp-content\/uploads\/2020\/04\/cms_FACHADA-OCULTA_cargas3-1024x271.jpg 1024w, https:\/\/panelsandwich.org\/wp-content\/uploads\/2020\/04\/cms_FACHADA-OCULTA_cargas3-768x203.jpg 768w, https:\/\/panelsandwich.org\/wp-content\/uploads\/2020\/04\/cms_FACHADA-OCULTA_cargas3-600x159.jpg 600w\" sizes=\"(max-width: 1171px) 100vw, 1171px\" \/><\/p>\n<\/div>\n\t\t\t\t\t\t\t\t\t<div class=\"elementor-tab-title elementor-tab-mobile-title\" aria-selected=\"false\" data-tab=\"3\" role=\"tab\" tabindex=\"-1\" aria-controls=\"elementor-tab-content-1553\" aria-expanded=\"false\">Colors Disponibles<\/div>\n\t\t\t\t\t<div id=\"elementor-tab-content-1553\" class=\"elementor-tab-content elementor-clearfix\" data-tab=\"3\" role=\"tabpanel\" aria-labelledby=\"elementor-tab-title-1553\" tabindex=\"0\" hidden=\"hidden\"><h3>Gamma de Colors<\/h3>\n<p>Els colors mostrats al cat\u00e0leg obeeixen els nostres est\u00e0ndards amb la major precisi\u00f3 possible. Aix\u00f2 no obstant, s\u00f3n inevitables petits canvis, ra\u00f3 que ens porta a recomanar que es faci sempre un examen de color amb una mostra real.<img decoding=\"async\" class=\" size-full wp-image-33115\" src=\"https:\/\/panelsandwich.org\/wp-content\/uploads\/2020\/04\/cms_FACHADA-OCULTA_colores.JPG\" alt=\"\" width=\"100%\" title=\"\" srcset=\"https:\/\/panelsandwich.org\/wp-content\/uploads\/2020\/04\/cms_FACHADA-OCULTA_colores.JPG 782w, https:\/\/panelsandwich.org\/wp-content\/uploads\/2020\/04\/cms_FACHADA-OCULTA_colores-300x293.jpg 300w, https:\/\/panelsandwich.org\/wp-content\/uploads\/2020\/04\/cms_FACHADA-OCULTA_colores-768x751.jpg 768w, https:\/\/panelsandwich.org\/wp-content\/uploads\/2020\/04\/cms_FACHADA-OCULTA_colores-600x587.jpg 600w\" sizes=\"(max-width: 782px) 100vw, 782px\" \/><\/p>\n<\/div>\n\t\t\t\t\t\t\t\t\t<div class=\"elementor-tab-title elementor-tab-mobile-title\" aria-selected=\"false\" data-tab=\"4\" role=\"tab\" tabindex=\"-1\" aria-controls=\"elementor-tab-content-1554\" aria-expanded=\"false\">Fitxes T\u00e8cniques \/ Desc\u00e0rregues<\/div>\n\t\t\t\t\t<div id=\"elementor-tab-content-1554\" class=\"elementor-tab-content elementor-clearfix\" data-tab=\"4\" role=\"tabpanel\" aria-labelledby=\"elementor-tab-title-1554\" tabindex=\"0\" hidden=\"hidden\"><p><a href=\"https:\/\/panelsandwich.org\/wp-content\/uploads\/2023\/11\/PanelSandwich-Fachada-Oculta-Ficha-Tecnica.pdf\" target=\"_blank\" rel=\"noopener\"><button style=\"background-color: #ffa300; border-color: black; color: white;\" spellcheck=\"false\" data-lt-tmp-id=\"lt-827558\" data-gramm=\"false\">Descarregar Fitxa T\u00e8cnica<\/button><\/a><\/p>\n<\/div>\n\t\t\t\t\t\t\t<\/div>\n\t\t<\/div>\n\t\t\t\t\t\t<\/div>\n\t\t\t\t<\/div>\n\t\t\t\t\t<\/div>\n\t\t<\/div>\n\t\t\t\t\t<\/div>\n\t\t<\/section>\n\t\t\t\t<\/div>\n\t\t","protected":false},"excerpt":{"rendered":"<p>PFAXCO- Panell Sandwich Fa\u00e7ana Acer Corten<\/p>\n<p style=\"text-align: center;\"><strong><span style=\"font-size: medium;\"><a class=\"w-100 btn btn-danger btn-lg\" href=\"https:\/\/panelsandwich.org\/contactenos\">SOL\u00b7LICITAR PREU I INFORMACI\u00d3 T\u00c8CNICA  <i class=\"caret-right\"><\/i><\/a><\/span><\/strong><\/p>\n","protected":false},"featured_media":52798,"comment_status":"closed","ping_status":"closed","template":"","meta":[],"product_brand":[],"product_cat":[3337],"product_tag":[3263,3502,3249,3251,3271,3267,3278,3297,3253,3285,3243,3473,3471,3472,3453,3259,3292],"class_list":{"0":"post-52410","1":"product","2":"type-product","3":"status-publish","4":"has-post-thumbnail","6":"product_cat-panell-sandwich-facana","7":"product_tag-agropanell","8":"product_tag-anel-sandvitx","9":"product_tag-coberta","10":"product_tag-facana","11":"product_tag-frigorific","12":"product_tag-granges","13":"product_tag-llana-de-roca","14":"product_tag-lluernaris","15":"product_tag-ocasio","16":"product_tag-panell-fusta","17":"product_tag-panell-teula","18":"product_tag-panells-facana-cases","19":"product_tag-panells-facanes","20":"product_tag-panells-per-a-naus","21":"product_tag-panells-per-a-tancaments","22":"product_tag-preu","23":"product_tag-remateria-ca","24":"pa_colorexterior-xapa-corten","25":"pa_colorinterior-blanc-pirineu-ral-9010","26":"pa_espesorespuma-100-mm-ca","27":"pa_espesorespuma-40-mm-ca","28":"pa_espesorespuma-50-mm-ca","29":"pa_espesorespuma-60-mm-ca","30":"pa_espesorespuma-80-mm-ca","31":"pa_tipoaislamiento-escuma-pir-b-s2-d0","32":"pa_tipoaislamiento-escuma-pir-hi-b-s1-d0","33":"pa_tipoaislamiento-escuma-pur-c-s3-d0","35":"first","36":"outofstock","37":"taxable","38":"shipping-taxable","39":"purchasable","40":"product-type-variable","41":"has-default-attributes"},"_links":{"self":[{"href":"https:\/\/panelsandwich.org\/ca\/wp-json\/wp\/v2\/product\/52410","targetHints":{"allow":["GET"]}}],"collection":[{"href":"https:\/\/panelsandwich.org\/ca\/wp-json\/wp\/v2\/product"}],"about":[{"href":"https:\/\/panelsandwich.org\/ca\/wp-json\/wp\/v2\/types\/product"}],"replies":[{"embeddable":true,"href":"https:\/\/panelsandwich.org\/ca\/wp-json\/wp\/v2\/comments?post=52410"}],"version-history":[{"count":0,"href":"https:\/\/panelsandwich.org\/ca\/wp-json\/wp\/v2\/product\/52410\/revisions"}],"wp:featuredmedia":[{"embeddable":true,"href":"https:\/\/panelsandwich.org\/ca\/wp-json\/wp\/v2\/media\/52798"}],"wp:attachment":[{"href":"https:\/\/panelsandwich.org\/ca\/wp-json\/wp\/v2\/media?parent=52410"}],"wp:term":[{"taxonomy":"product_brand","embeddable":true,"href":"https:\/\/panelsandwich.org\/ca\/wp-json\/wp\/v2\/product_brand?post=52410"},{"taxonomy":"product_cat","embeddable":true,"href":"https:\/\/panelsandwich.org\/ca\/wp-json\/wp\/v2\/product_cat?post=52410"},{"taxonomy":"product_tag","embeddable":true,"href":"https:\/\/panelsandwich.org\/ca\/wp-json\/wp\/v2\/product_tag?post=52410"}],"curies":[{"name":"wp","href":"https:\/\/api.w.org\/{rel}","templated":true}]}}