{"id":52416,"date":"2023-09-28T23:15:36","date_gmt":"2023-09-28T21:15:36","guid":{"rendered":"https:\/\/panelsandwich.org\/panell-sandwich-eco-coberta-3-grecas\/"},"modified":"2025-11-21T12:18:49","modified_gmt":"2025-11-21T11:18:49","slug":"panell-sandwich-eco-coberta-3-grecas","status":"publish","type":"product","link":"https:\/\/panelsandwich.org\/ca\/panell-sandwich-eco-coberta-3-grecas\/","title":{"rendered":"Panell Sandwich ECO Coberta &#8211; 3 Grecas"},"content":{"rendered":"\t\t<div data-elementor-type=\"product-post\" data-elementor-id=\"52416\" class=\"elementor elementor-52416 elementor-33205\" data-elementor-post-type=\"product\">\n\t\t\t\t\t\t<section class=\"elementor-section elementor-top-section elementor-element elementor-element-4b65f713 elementor-section-boxed elementor-section-height-default elementor-section-height-default\" data-id=\"4b65f713\" data-element_type=\"section\" data-e-type=\"section\" data-settings=\"{&quot;jet_parallax_layout_list&quot;:[]}\">\n\t\t\t\t\t\t<div class=\"elementor-container elementor-column-gap-default\">\n\t\t\t\t\t<div class=\"elementor-column elementor-col-100 elementor-top-column elementor-element elementor-element-614b2038\" data-id=\"614b2038\" data-element_type=\"column\" data-e-type=\"column\">\n\t\t\t<div class=\"elementor-widget-wrap elementor-element-populated\">\n\t\t\t\t\t\t<div class=\"elementor-element elementor-element-14e1526d elementor-widget elementor-widget-heading\" data-id=\"14e1526d\" data-element_type=\"widget\" data-e-type=\"widget\" data-widget_type=\"heading.default\">\n\t\t\t\t<div class=\"elementor-widget-container\">\n\t\t\t\t\t<h2 class=\"elementor-heading-title elementor-size-default\"><h2>Panell Sandwich 3 Grecas - ECO\n<\/h2><\/h2>\t\t\t\t<\/div>\n\t\t\t\t<\/div>\n\t\t\t\t<div class=\"elementor-element elementor-element-780f957f elementor-widget elementor-widget-text-editor\" data-id=\"780f957f\" data-element_type=\"widget\" data-e-type=\"widget\" data-widget_type=\"text-editor.default\">\n\t\t\t\t<div class=\"elementor-widget-container\">\n\t\t\t\t\t\t\t\t\t<p>Panell de Coberta amb 3 greques aplicable a cobertes d&#8217;una sola pe\u00e7a amb pendents m\u00ednims del 7%. El plaf\u00f3 t\u00e9 una gran resist\u00e8ncia mec\u00e0nica i plenes garanties d&#8217;estanquitat sobre qualsevol estructura portant sigui de fusta, acer o formig\u00f3.<\/p><p>El panell \u00e9s el m\u00e9s econ\u00f2mic de la seva gamma, per\u00f2 sense renunciar a les prestacions ni qualitats. El panell porta una greca central, una xapa exterior i una interior amb un nucli de poliuret\u00e0 40 kg\/m3 de manera que fer que sigui autoportant amb el que fa molt resistent.<\/p><p>El panell es pot fabricar de diferents acabats de xapa segons les necessitats del client i amb el color de la gamma existent, i el m\u00e9s usual \u00e9s el blanc o el vermell.<\/p><p>Aquest panell \u00e9s polivalent i est\u00e0 indicat per a naus agr\u00edcoles, naus industrials i cobertes en general.<\/p><p>El panell es munta molt r\u00e0pid gr\u00e0cies al sistema de solapament que encaixa un sobre l&#8217;altre.  <\/p>\t\t\t\t\t\t\t\t<\/div>\n\t\t\t\t<\/div>\n\t\t\t\t<div class=\"elementor-element elementor-element-32192906 elementor-tabs-view-horizontal elementor-widget elementor-widget-tabs\" data-id=\"32192906\" data-element_type=\"widget\" data-e-type=\"widget\" data-widget_type=\"tabs.default\">\n\t\t\t\t<div class=\"elementor-widget-container\">\n\t\t\t\t\t\t\t<div class=\"elementor-tabs\">\n\t\t\t<div class=\"elementor-tabs-wrapper\" role=\"tablist\" >\n\t\t\t\t\t\t\t\t\t<div id=\"elementor-tab-title-8401\" class=\"elementor-tab-title elementor-tab-desktop-title\" aria-selected=\"true\" data-tab=\"1\" role=\"tab\" tabindex=\"0\" aria-controls=\"elementor-tab-content-8401\" aria-expanded=\"false\">Descripci\u00f3\/ Aplicaci\u00f3<\/div>\n\t\t\t\t\t\t\t\t\t<div id=\"elementor-tab-title-8402\" class=\"elementor-tab-title elementor-tab-desktop-title\" aria-selected=\"false\" data-tab=\"2\" role=\"tab\" tabindex=\"-1\" aria-controls=\"elementor-tab-content-8402\" aria-expanded=\"false\">Taula de C\u00e0rregues<\/div>\n\t\t\t\t\t\t\t\t\t<div id=\"elementor-tab-title-8403\" class=\"elementor-tab-title elementor-tab-desktop-title\" aria-selected=\"false\" data-tab=\"3\" role=\"tab\" tabindex=\"-1\" aria-controls=\"elementor-tab-content-8403\" aria-expanded=\"false\">Colors Disponibles<\/div>\n\t\t\t\t\t\t\t\t\t<div id=\"elementor-tab-title-8404\" class=\"elementor-tab-title elementor-tab-desktop-title\" aria-selected=\"false\" data-tab=\"4\" role=\"tab\" tabindex=\"-1\" aria-controls=\"elementor-tab-content-8404\" aria-expanded=\"false\">Fitxes T\u00e8cniques \/ Desc\u00e0rregues<\/div>\n\t\t\t\t\t\t\t<\/div>\n\t\t\t<div class=\"elementor-tabs-content-wrapper\" role=\"tablist\" aria-orientation=\"vertical\">\n\t\t\t\t\t\t\t\t\t<div class=\"elementor-tab-title elementor-tab-mobile-title\" aria-selected=\"true\" data-tab=\"1\" role=\"tab\" tabindex=\"0\" aria-controls=\"elementor-tab-content-8401\" aria-expanded=\"false\">Descripci\u00f3\/ Aplicaci\u00f3<\/div>\n\t\t\t\t\t<div id=\"elementor-tab-content-8401\" class=\"elementor-tab-content elementor-clearfix\" data-tab=\"1\" role=\"tabpanel\" aria-labelledby=\"elementor-tab-title-8401\" tabindex=\"0\" hidden=\"false\"><h3><strong>Aplicaci\u00f3:<\/strong><\/h3>\n<p>Cobertes d&#8217;edificis amb inclinaci\u00f3 m\u00ednima de 5%<\/p>\n<h3><strong>Tipus d&#8217;Uni\u00f3:<\/strong><\/h3>\n<p>Uni\u00f3: El cargol queda vist.<\/p>\n<p>Cargols: Cargol sense volandera<\/p>\n<p><img fetchpriority=\"high\" decoding=\"async\" class=\"size-full wp-image-30972 alignleft\" src=\"https:\/\/panelsandwich.org\/wp-content\/uploads\/2017\/12\/cms_agro-union.png\" alt=\"\" width=\"250\" height=\"250\" title=\"\" srcset=\"https:\/\/panelsandwich.org\/wp-content\/uploads\/2017\/12\/cms_agro-union.png 250w, https:\/\/panelsandwich.org\/wp-content\/uploads\/2017\/12\/cms_agro-union-100x100.png 100w, https:\/\/panelsandwich.org\/wp-content\/uploads\/2017\/12\/cms_agro-union-150x150.png 150w\" sizes=\"(max-width: 250px) 100vw, 250px\" \/><\/p>\n<h3><\/h3>\n<h3><\/h3>\n<h3><\/h3>\n<h3><\/h3>\n<h3><\/h3>\n<h3><\/h3>\n<h3><strong>Dimensions:<\/strong><\/h3>\n<p>Gruixos: 30\u201340\u201350\u201360\u201380\u2013100 mm \u00b11 mm<\/p>\n<p>Amplada \u00fatil: 1000 mm \u00b11 mm<\/p>\n<p>Llarg: 4,00 &#8211; 18,00 m \u00b110 mm<\/p>\n<p><img decoding=\"async\" class=\"size-full wp-image-30909 lazyload\" data-src=\"https:\/\/panelsandwich.org\/wp-content\/uploads\/2017\/12\/cms_CUBIERTA_tapajuntas-3-grecas_medidas.JPG\" alt=\"\" width=\"100%\" title=\"\" data-srcset=\"https:\/\/panelsandwich.org\/wp-content\/uploads\/2017\/12\/cms_CUBIERTA_tapajuntas-3-grecas_medidas.JPG 1501w, https:\/\/panelsandwich.org\/wp-content\/uploads\/2017\/12\/cms_CUBIERTA_tapajuntas-3-grecas_medidas-300x47.jpg 300w, https:\/\/panelsandwich.org\/wp-content\/uploads\/2017\/12\/cms_CUBIERTA_tapajuntas-3-grecas_medidas-1024x160.jpg 1024w, https:\/\/panelsandwich.org\/wp-content\/uploads\/2017\/12\/cms_CUBIERTA_tapajuntas-3-grecas_medidas-768x120.jpg 768w, https:\/\/panelsandwich.org\/wp-content\/uploads\/2017\/12\/cms_CUBIERTA_tapajuntas-3-grecas_medidas-600x94.jpg 600w\" data-sizes=\"(max-width: 1501px) 100vw, 1501px\" src=\"data:image\/svg+xml;base64,PHN2ZyB3aWR0aD0iMSIgaGVpZ2h0PSIxIiB4bWxucz0iaHR0cDovL3d3dy53My5vcmcvMjAwMC9zdmciPjwvc3ZnPg==\" style=\"--smush-placeholder-width: 1501px; --smush-placeholder-aspect-ratio: 1501\/235;\" \/><\/p>\n<h3><strong>Suport met\u00e0l\u00b7lic:<\/strong><\/h3>\n<p>Nucli en xapa d\u00b4acer qualitat S250GD: EN 10346<\/p>\n<p>Bobines lacades de revestiment org\u00e0nic: EN 10169+A1<\/p>\n<p>Gruixos: 0,4\u20130,5\u20130,6 mm<\/p>\n<h3><strong>Nucli a\u00efllant:<\/strong><\/h3>\n<p>Poliuret\u00e0 (PUR) | Polisocianurat (PIR)<\/p>\n<p>Conductivitat T\u00e8rmica: PUR: 0,022 W\/mK | PIR: 0,022 W\/mK<\/p>\n<p>Densitat: 40 kg\/m3 \u00b110%<\/p>\n<p>Reacci\u00f3 al foc: PUR: B-s2,d0 | PIR: B-s2,d0 | PIR-HI: B-s1,d0<\/p>\n<p>Resist\u00e8ncia a la tracci\u00f3 a les xapes (adhesi\u00f3)&gt; 0.10 MPa<\/p>\n<p>Resist\u00e8ncia a la compressi\u00f3 al 10% de deformaci\u00f3&gt; 0.10 MPa<\/p>\n<h3><strong>Revestiment:<\/strong><\/h3>\n<p>Est\u00e0ndard: Pintura poli\u00e8ster 25 \u00b5m<\/p>\n<p>Especials: Granit HDX 55 \u00b5m | PVDF 35 m<\/p>\n<\/div>\n\t\t\t\t\t\t\t\t\t<div class=\"elementor-tab-title elementor-tab-mobile-title\" aria-selected=\"false\" data-tab=\"2\" role=\"tab\" tabindex=\"-1\" aria-controls=\"elementor-tab-content-8402\" aria-expanded=\"false\">Taula de C\u00e0rregues<\/div>\n\t\t\t\t\t<div id=\"elementor-tab-content-8402\" class=\"elementor-tab-content elementor-clearfix\" data-tab=\"2\" role=\"tabpanel\" aria-labelledby=\"elementor-tab-title-8402\" tabindex=\"0\" hidden=\"hidden\"><p><img decoding=\"async\" class=\"size-full wp-image-30910 lazyload\" data-src=\"https:\/\/panelsandwich.org\/wp-content\/uploads\/2017\/12\/cms_CUBIERTA_tapajuntas-3-grecas_cargas1.JPG\" alt=\"\" width=\"100%\" title=\"\" data-srcset=\"https:\/\/panelsandwich.org\/wp-content\/uploads\/2017\/12\/cms_CUBIERTA_tapajuntas-3-grecas_cargas1.JPG 1243w, https:\/\/panelsandwich.org\/wp-content\/uploads\/2017\/12\/cms_CUBIERTA_tapajuntas-3-grecas_cargas1-300x169.jpg 300w, https:\/\/panelsandwich.org\/wp-content\/uploads\/2017\/12\/cms_CUBIERTA_tapajuntas-3-grecas_cargas1-1024x577.jpg 1024w, https:\/\/panelsandwich.org\/wp-content\/uploads\/2017\/12\/cms_CUBIERTA_tapajuntas-3-grecas_cargas1-768x433.jpg 768w, https:\/\/panelsandwich.org\/wp-content\/uploads\/2017\/12\/cms_CUBIERTA_tapajuntas-3-grecas_cargas1-600x338.jpg 600w\" data-sizes=\"(max-width: 1243px) 100vw, 1243px\" src=\"data:image\/svg+xml;base64,PHN2ZyB3aWR0aD0iMSIgaGVpZ2h0PSIxIiB4bWxucz0iaHR0cDovL3d3dy53My5vcmcvMjAwMC9zdmciPjwvc3ZnPg==\" style=\"--smush-placeholder-width: 1243px; --smush-placeholder-aspect-ratio: 1243\/700;\" \/><\/p>\n<p><img decoding=\"async\" class=\"size-full wp-image-30911 lazyload\" data-src=\"https:\/\/panelsandwich.org\/wp-content\/uploads\/2017\/12\/cms_CUBIERTA_tapajuntas-3-grecas_cargas2.JPG\" alt=\"\" width=\"100%\" title=\"\" data-srcset=\"https:\/\/panelsandwich.org\/wp-content\/uploads\/2017\/12\/cms_CUBIERTA_tapajuntas-3-grecas_cargas2.JPG 1256w, https:\/\/panelsandwich.org\/wp-content\/uploads\/2017\/12\/cms_CUBIERTA_tapajuntas-3-grecas_cargas2-300x193.jpg 300w, https:\/\/panelsandwich.org\/wp-content\/uploads\/2017\/12\/cms_CUBIERTA_tapajuntas-3-grecas_cargas2-1024x658.jpg 1024w, https:\/\/panelsandwich.org\/wp-content\/uploads\/2017\/12\/cms_CUBIERTA_tapajuntas-3-grecas_cargas2-768x493.jpg 768w, https:\/\/panelsandwich.org\/wp-content\/uploads\/2017\/12\/cms_CUBIERTA_tapajuntas-3-grecas_cargas2-600x386.jpg 600w\" data-sizes=\"(max-width: 1256px) 100vw, 1256px\" src=\"data:image\/svg+xml;base64,PHN2ZyB3aWR0aD0iMSIgaGVpZ2h0PSIxIiB4bWxucz0iaHR0cDovL3d3dy53My5vcmcvMjAwMC9zdmciPjwvc3ZnPg==\" style=\"--smush-placeholder-width: 1256px; --smush-placeholder-aspect-ratio: 1256\/807;\" \/><\/p>\n<p><img decoding=\"async\" class=\"size-full wp-image-30912 lazyload\" data-src=\"https:\/\/panelsandwich.org\/wp-content\/uploads\/2017\/12\/cms_CUBIERTA_tapajuntas-3-grecas_cargas3.JPG\" alt=\"\" width=\"100%\" title=\"\" data-srcset=\"https:\/\/panelsandwich.org\/wp-content\/uploads\/2017\/12\/cms_CUBIERTA_tapajuntas-3-grecas_cargas3.JPG 1243w, https:\/\/panelsandwich.org\/wp-content\/uploads\/2017\/12\/cms_CUBIERTA_tapajuntas-3-grecas_cargas3-300x89.jpg 300w, https:\/\/panelsandwich.org\/wp-content\/uploads\/2017\/12\/cms_CUBIERTA_tapajuntas-3-grecas_cargas3-1024x304.jpg 1024w, https:\/\/panelsandwich.org\/wp-content\/uploads\/2017\/12\/cms_CUBIERTA_tapajuntas-3-grecas_cargas3-768x228.jpg 768w, https:\/\/panelsandwich.org\/wp-content\/uploads\/2017\/12\/cms_CUBIERTA_tapajuntas-3-grecas_cargas3-600x178.jpg 600w\" data-sizes=\"(max-width: 1243px) 100vw, 1243px\" src=\"data:image\/svg+xml;base64,PHN2ZyB3aWR0aD0iMSIgaGVpZ2h0PSIxIiB4bWxucz0iaHR0cDovL3d3dy53My5vcmcvMjAwMC9zdmciPjwvc3ZnPg==\" style=\"--smush-placeholder-width: 1243px; --smush-placeholder-aspect-ratio: 1243\/369;\" \/><\/p>\n<\/div>\n\t\t\t\t\t\t\t\t\t<div class=\"elementor-tab-title elementor-tab-mobile-title\" aria-selected=\"false\" data-tab=\"3\" role=\"tab\" tabindex=\"-1\" aria-controls=\"elementor-tab-content-8403\" aria-expanded=\"false\">Colors Disponibles<\/div>\n\t\t\t\t\t<div id=\"elementor-tab-content-8403\" class=\"elementor-tab-content elementor-clearfix\" data-tab=\"3\" role=\"tabpanel\" aria-labelledby=\"elementor-tab-title-8403\" tabindex=\"0\" hidden=\"hidden\"><h4>Gamma de Colors<\/h4>\n<p>Els colors mostrats al cat\u00e0leg obeeixen els nostres est\u00e0ndards amb la major precisi\u00f3 possible. Aix\u00f2 no obstant, s\u00f3n inevitables petits canvis, ra\u00f3 que ens porta a recomanar que es faci sempre un examen de color amb una mostra real.<\/p>\n<p><img decoding=\"async\" class=\"size-full wp-image-30913 lazyload\" data-src=\"https:\/\/panelsandwich.org\/wp-content\/uploads\/2017\/12\/cms_CUBIERTA_tapajuntas-3-grecas_colores.JPG\" alt=\"\" width=\"100%\" title=\"\" data-srcset=\"https:\/\/panelsandwich.org\/wp-content\/uploads\/2017\/12\/cms_CUBIERTA_tapajuntas-3-grecas_colores.JPG 834w, https:\/\/panelsandwich.org\/wp-content\/uploads\/2017\/12\/cms_CUBIERTA_tapajuntas-3-grecas_colores-300x294.jpg 300w, https:\/\/panelsandwich.org\/wp-content\/uploads\/2017\/12\/cms_CUBIERTA_tapajuntas-3-grecas_colores-768x751.jpg 768w, https:\/\/panelsandwich.org\/wp-content\/uploads\/2017\/12\/cms_CUBIERTA_tapajuntas-3-grecas_colores-600x587.jpg 600w\" data-sizes=\"(max-width: 834px) 100vw, 834px\" src=\"data:image\/svg+xml;base64,PHN2ZyB3aWR0aD0iMSIgaGVpZ2h0PSIxIiB4bWxucz0iaHR0cDovL3d3dy53My5vcmcvMjAwMC9zdmciPjwvc3ZnPg==\" style=\"--smush-placeholder-width: 834px; --smush-placeholder-aspect-ratio: 834\/816;\" \/><\/p>\n<\/div>\n\t\t\t\t\t\t\t\t\t<div class=\"elementor-tab-title elementor-tab-mobile-title\" aria-selected=\"false\" data-tab=\"4\" role=\"tab\" tabindex=\"-1\" aria-controls=\"elementor-tab-content-8404\" aria-expanded=\"false\">Fitxes T\u00e8cniques \/ Desc\u00e0rregues<\/div>\n\t\t\t\t\t<div id=\"elementor-tab-content-8404\" class=\"elementor-tab-content elementor-clearfix\" data-tab=\"4\" role=\"tabpanel\" aria-labelledby=\"elementor-tab-title-8404\" tabindex=\"0\" hidden=\"hidden\"><p><a href=\"https:\/\/panelsandwich.org\/wp-content\/uploads\/2023\/11\/PanelSandwich-Monopanel3G-Ficha-Tecnica.pdf\" target=\"_blank\" rel=\"noopener\"><button style=\"background-color: #ffa300; border-color: black; color: white;\" spellcheck=\"false\" data-lt-tmp-id=\"lt-827558\" data-gramm=\"false\">Descarregar Fitxa T\u00e8cnica<\/button><\/a><\/p>\n<\/div>\n\t\t\t\t\t\t\t<\/div>\n\t\t<\/div>\n\t\t\t\t\t\t<\/div>\n\t\t\t\t<\/div>\n\t\t\t\t\t<\/div>\n\t\t<\/div>\n\t\t\t\t\t<\/div>\n\t\t<\/section>\n\t\t\t\t<\/div>\n\t\t","protected":false},"excerpt":{"rendered":"<p>P3G- Panell Sandwich ECO Coberta. 3 Greques<\/p>\n","protected":false},"featured_media":52542,"comment_status":"closed","ping_status":"closed","template":"","meta":[],"product_brand":[],"product_cat":[3668],"product_tag":[3263,3502,3249,3251,3271,3267,3278,3297,3253,3505,3440,3285,3442,3243,3441,3259,3292],"class_list":{"0":"post-52416","1":"product","2":"type-product","3":"status-publish","4":"has-post-thumbnail","6":"product_cat-panell-sandwich-barat","7":"product_tag-agropanell","8":"product_tag-anel-sandvitx","9":"product_tag-coberta","10":"product_tag-facana","11":"product_tag-frigorific","12":"product_tag-granges","13":"product_tag-llana-de-roca","14":"product_tag-lluernaris","15":"product_tag-ocasio","16":"product_tag-panell-3-greques","17":"product_tag-panell-de-coberta","18":"product_tag-panell-fusta","19":"product_tag-panell-per-al-sostre","20":"product_tag-panell-teula","21":"product_tag-panells-sandvitx","22":"product_tag-preu","23":"product_tag-remateria-ca","24":"pa_colorexterior-blanc-pirineu-ral-9010","25":"pa_colorexterior-vermell-ral-3009-ca","26":"pa_colorinterior-blanc-pirineu-ral-9010","27":"pa_espesorespuma-30-mm-ca","28":"pa_espesorespuma-40-mm-ca","29":"pa_espesorespuma-50-mm-ca","30":"pa_espesorespuma-60-mm-ca","31":"pa_medidas-metres-quadrats-m2","33":"first","34":"instock","35":"taxable","36":"shipping-taxable","37":"product-type-variable","38":"has-default-attributes"},"_links":{"self":[{"href":"https:\/\/panelsandwich.org\/ca\/wp-json\/wp\/v2\/product\/52416","targetHints":{"allow":["GET"]}}],"collection":[{"href":"https:\/\/panelsandwich.org\/ca\/wp-json\/wp\/v2\/product"}],"about":[{"href":"https:\/\/panelsandwich.org\/ca\/wp-json\/wp\/v2\/types\/product"}],"replies":[{"embeddable":true,"href":"https:\/\/panelsandwich.org\/ca\/wp-json\/wp\/v2\/comments?post=52416"}],"version-history":[{"count":0,"href":"https:\/\/panelsandwich.org\/ca\/wp-json\/wp\/v2\/product\/52416\/revisions"}],"wp:featuredmedia":[{"embeddable":true,"href":"https:\/\/panelsandwich.org\/ca\/wp-json\/wp\/v2\/media\/52542"}],"wp:attachment":[{"href":"https:\/\/panelsandwich.org\/ca\/wp-json\/wp\/v2\/media?parent=52416"}],"wp:term":[{"taxonomy":"product_brand","embeddable":true,"href":"https:\/\/panelsandwich.org\/ca\/wp-json\/wp\/v2\/product_brand?post=52416"},{"taxonomy":"product_cat","embeddable":true,"href":"https:\/\/panelsandwich.org\/ca\/wp-json\/wp\/v2\/product_cat?post=52416"},{"taxonomy":"product_tag","embeddable":true,"href":"https:\/\/panelsandwich.org\/ca\/wp-json\/wp\/v2\/product_tag?post=52416"}],"curies":[{"name":"wp","href":"https:\/\/api.w.org\/{rel}","templated":true}]}}