{"id":52503,"date":"2023-09-28T23:15:35","date_gmt":"2023-09-28T21:15:35","guid":{"rendered":"https:\/\/panelsandwich.org\/accessori-muntatge-claraboia-electrica\/"},"modified":"2023-09-28T23:15:35","modified_gmt":"2023-09-28T21:15:35","slug":"accessori-muntatge-claraboia-electrica","status":"publish","type":"product","link":"https:\/\/panelsandwich.org\/ca\/accessori-muntatge-claraboia-electrica\/","title":{"rendered":"Accessori Muntatge &#8211; Claraboia El\u00e8ctrica"},"content":{"rendered":"<p>Claraboia practicable amb c\u00fapula i valva de metacrilat, amb s\u00f2col de poli\u00e8ster refor\u00e7at. Producte per a il\u00b7luminaci\u00f3 natural i ventilaci\u00f3, mitjan\u00e7ant obertura el\u00e8ctrica per motor.<\/p>\n<p><img decoding=\"async\" class=\"size-full wp-image-33329 lazyload\" data-src=\"https:\/\/panelsandwich.org\/wp-content\/uploads\/2022\/08\/cms_CLARABOYAS_Captura_2-Captura.JPG.JPG\" width=\"100%\" alt=\"Captura.JPG\" title=\"\" data-srcset=\"https:\/\/panelsandwich.org\/wp-content\/uploads\/2022\/08\/cms_CLARABOYAS_Captura_2-Captura.JPG.JPG 892w, https:\/\/panelsandwich.org\/wp-content\/uploads\/2022\/08\/cms_CLARABOYAS_Captura_2-Captura.JPG-300x123.jpg 300w, https:\/\/panelsandwich.org\/wp-content\/uploads\/2022\/08\/cms_CLARABOYAS_Captura_2-Captura.JPG-768x315.jpg 768w, https:\/\/panelsandwich.org\/wp-content\/uploads\/2022\/08\/cms_CLARABOYAS_Captura_2-Captura.JPG-600x246.jpg 600w\" data-sizes=\"(max-width: 892px) 100vw, 892px\" src=\"data:image\/svg+xml;base64,PHN2ZyB3aWR0aD0iMSIgaGVpZ2h0PSIxIiB4bWxucz0iaHR0cDovL3d3dy53My5vcmcvMjAwMC9zdmciPjwvc3ZnPg==\" style=\"--smush-placeholder-width: 892px; --smush-placeholder-aspect-ratio: 892\/366;\" \/><\/p>\n<p style=\"text-align:center;\"><strong><span style=\"font-size:medium;\"><a class=\"w-100 btn btn-danger btn-lg\" href=\"https:\/\/panelsandwich.org\/contactenos\">SOL\u00b7LICITAR PREU I INFORMACI\u00d3 T\u00c8CNICA  <i class=\"caret-right\"><\/i><\/a><\/span><\/strong><\/p>\n","protected":false},"excerpt":{"rendered":"<p>Claraboia practicable amb c\u00fapula i valva de metacrilat, amb s\u00f2col de poli\u00e8ster refor\u00e7at. Producte per a il\u00b7luminaci\u00f3 natural i ventilaci\u00f3, mitjan\u00e7ant obertura el\u00e8ctrica per motor.<\/p>\n<p style=\"text-align:center;\"><strong><span style=\"font-size:medium;\"><a class=\"w-100 btn btn-danger btn-lg\" href=\"https:\/\/panelsandwich.org\/contactenos\">SOL\u00b7LICITAR PREU I INFORMACI\u00d3 T\u00c8CNICA<\/a><\/span><\/strong><\/p>\n","protected":false},"featured_media":33328,"comment_status":"open","ping_status":"closed","template":"","meta":[],"product_brand":[],"product_cat":[3585,3588],"product_tag":[],"class_list":{"0":"post-52503","1":"product","2":"type-product","3":"status-publish","4":"has-post-thumbnail","6":"product_cat-accessoris-muntatge-per-a-panell-sandwich","7":"product_cat-airejadors-i-claraboies","9":"first","10":"outofstock","11":"taxable","12":"shipping-taxable","13":"purchasable","14":"product-type-simple"},"_links":{"self":[{"href":"https:\/\/panelsandwich.org\/ca\/wp-json\/wp\/v2\/product\/52503","targetHints":{"allow":["GET"]}}],"collection":[{"href":"https:\/\/panelsandwich.org\/ca\/wp-json\/wp\/v2\/product"}],"about":[{"href":"https:\/\/panelsandwich.org\/ca\/wp-json\/wp\/v2\/types\/product"}],"replies":[{"embeddable":true,"href":"https:\/\/panelsandwich.org\/ca\/wp-json\/wp\/v2\/comments?post=52503"}],"version-history":[{"count":0,"href":"https:\/\/panelsandwich.org\/ca\/wp-json\/wp\/v2\/product\/52503\/revisions"}],"wp:featuredmedia":[{"embeddable":true,"href":"https:\/\/panelsandwich.org\/ca\/wp-json\/wp\/v2\/media\/33328"}],"wp:attachment":[{"href":"https:\/\/panelsandwich.org\/ca\/wp-json\/wp\/v2\/media?parent=52503"}],"wp:term":[{"taxonomy":"product_brand","embeddable":true,"href":"https:\/\/panelsandwich.org\/ca\/wp-json\/wp\/v2\/product_brand?post=52503"},{"taxonomy":"product_cat","embeddable":true,"href":"https:\/\/panelsandwich.org\/ca\/wp-json\/wp\/v2\/product_cat?post=52503"},{"taxonomy":"product_tag","embeddable":true,"href":"https:\/\/panelsandwich.org\/ca\/wp-json\/wp\/v2\/product_tag?post=52503"}],"curies":[{"name":"wp","href":"https:\/\/api.w.org\/{rel}","templated":true}]}}