{"id":52818,"date":"2023-09-28T23:15:36","date_gmt":"2023-09-28T21:15:36","guid":{"rendered":"https:\/\/panelsandwich.org\/panell-sandwich-eco-facana-cargols-exterior\/"},"modified":"2024-04-24T09:57:14","modified_gmt":"2024-04-24T07:57:14","slug":"panell-sandwich-eco-facana-cargols-exterior","status":"publish","type":"product","link":"https:\/\/panelsandwich.org\/ca\/panell-sandwich-eco-facana-cargols-exterior\/","title":{"rendered":"Panell Sandwich ECO Fa\u00e7ana &#8211; Cargols Exterior"},"content":{"rendered":"<p class=\"MsoNormal\" style=\"margin: 0cm 0cm .0001pt; font-size: 12pt; font-family: Calibri, sans-serif; text-align: justify;\">Panell Sandvitx de fa\u00e7ana cargoleria vista, el panell t\u00e9 una gran resist\u00e8ncia mec\u00e0nica i plenes garanties d&#8217;estanquitat sobre qualsevol estructura portant sigui de fusta, acer o formig\u00f3. S&#8217;utilitza per a tancaments i envans.<\/p>\n<p class=\"MsoNormal\" style=\"margin: 0cm 0cm .0001pt; font-size: 12pt; font-family: Calibri, sans-serif; text-align: justify;\">\n<p class=\"MsoNormal\" style=\"margin: 0cm 0cm .0001pt; font-size: 12pt; font-family: Calibri, sans-serif;\"><b>Caracter\u00edstiques del panell:<\/b><\/p>\n<table class=\"MsoNormalTable\" style=\"width: 335.25pt; margin-left: .75pt; border-collapse: collapse;\" border=\"0\" width=\"447\" cellspacing=\"0\" cellpadding=\"0\">\n<tbody>\n<tr>\n<td style=\"width: 165pt; padding: 1.5pt;\" valign=\"top\" width=\"220\">\n<p class=\"MsoNormal\" style=\"margin: 0cm 0cm .0001pt; font-size: 12pt; font-family: Calibri, sans-serif;\">Cara interior<\/p>\n<\/td>\n<td style=\"width: 164.25pt; padding: 1.5pt;\" valign=\"top\" width=\"219\">\n<p class=\"MsoNormal\" style=\"margin: 0cm 0cm .0001pt; font-size: 12pt; font-family: Calibri, sans-serif;\">Xapa acer, gruix 0,4mm<\/p>\n<\/td>\n<\/tr>\n<tr>\n<td style=\"width: 165pt; padding: 1.5pt;\" valign=\"top\" width=\"220\">\n<p class=\"MsoNormal\" style=\"margin: 0cm 0cm .0001pt; font-size: 12pt; font-family: Calibri, sans-serif;\">A\u00efllament<\/p>\n<\/td>\n<td style=\"width: 164.25pt; padding: 1.5pt;\" valign=\"top\" width=\"219\">\n<p class=\"MsoNormal\" style=\"margin: 0cm 0cm .0001pt; font-size: 12pt; font-family: Calibri, sans-serif;\">Poliuret\u00e0 expandit 40 kg\/m2<\/p>\n<\/td>\n<\/tr>\n<tr>\n<td style=\"width: 165pt; padding: 1.5pt;\" valign=\"top\" width=\"220\">\n<p class=\"MsoNormal\" style=\"margin: 0cm 0cm .0001pt; font-size: 12pt; font-family: Calibri, sans-serif;\">Gruix A\u00efllament<\/p>\n<\/td>\n<td style=\"width: 164.25pt; padding: 1.5pt;\" valign=\"top\" width=\"219\">\n<p class=\"MsoNormal\" style=\"margin: 0cm 0cm .0001pt; font-size: 12pt; font-family: Calibri, sans-serif;\">30-40-50-60-80 mm.<\/p>\n<\/td>\n<\/tr>\n<tr>\n<td style=\"width: 165pt; padding: 1.5pt;\" valign=\"top\" width=\"220\">\n<p class=\"MsoNormal\" style=\"margin: 0cm 0cm .0001pt; font-size: 12pt; font-family: Calibri, sans-serif;\">Cara exterior<\/p>\n<\/td>\n<td style=\"width: 164.25pt; padding: 1.5pt;\" valign=\"top\" width=\"219\">\n<p class=\"MsoNormal\" style=\"margin: 0cm 0cm .0001pt; font-size: 12pt; font-family: Calibri, sans-serif;\">Xapa acer, gruix 0,4mm<\/p>\n<\/td>\n<\/tr>\n<tr>\n<td style=\"width: 165pt; padding: 1.5pt;\" valign=\"top\" width=\"220\">\n<p class=\"MsoNormal\" style=\"margin: 0cm 0cm .0001pt; font-size: 12pt; font-family: Calibri, sans-serif;\">Tipus xapa<\/p>\n<\/td>\n<td style=\"width: 164.25pt; padding: 1.5pt;\" valign=\"top\" width=\"219\">\n<p class=\"MsoNormal\" style=\"margin: 0cm 0cm .0001pt; font-size: 12pt; font-family: Calibri, sans-serif;\">Lacat 5 micres<\/p>\n<\/td>\n<\/tr>\n<tr>\n<td style=\"width: 165pt; padding: 1.5pt;\" valign=\"top\" width=\"220\">\n<p class=\"MsoNormal\" style=\"margin: 0cm 0cm .0001pt; font-size: 12pt; font-family: Calibri, sans-serif;\">Resist\u00e8ncia al foc<\/p>\n<\/td>\n<td style=\"width: 164.25pt; padding: 1.5pt;\" valign=\"top\" width=\"219\">\n<p class=\"MsoNormal\" style=\"margin: 0cm 0cm .0001pt; font-size: 12pt; font-family: Calibri, sans-serif;\">CS3D0 \/ BS2D0<\/p>\n<\/td>\n<\/tr>\n<\/tbody>\n<\/table>\n<p class=\"MsoNormal\" style=\"margin: 0cm 0cm .0001pt; font-size: 12pt; font-family: Calibri, sans-serif;\"><b><br \/>\nMesures del panell:<br \/>\n<\/b><\/p>\n<table class=\"MsoNormalTable\" style=\"margin-left: .75pt; border-collapse: collapse;\" border=\"0\" cellspacing=\"0\" cellpadding=\"0\">\n<tbody>\n<tr>\n<td style=\"width: 136.5pt; padding: 1.5pt;\" valign=\"top\" width=\"182\">\n<p class=\"MsoNormal\" style=\"margin: 0cm 0cm .0001pt; font-size: 12pt; font-family: Calibri, sans-serif;\">Caracter\u00edstiques<\/p>\n<\/td>\n<td style=\"width: 136.5pt; padding: 1.5pt;\" valign=\"top\" width=\"182\">\n<p class=\"MsoNormal\" style=\"margin: 0cm 0cm .0001pt; font-size: 12pt; font-family: Calibri, sans-serif;\">Panell de 1,00 m d&#8217;amplada pel llarg a petici\u00f3 del client.<\/p>\n<\/td>\n<\/tr>\n<tr>\n<td style=\"width: 136.5pt; padding: 1.5pt;\" valign=\"top\" width=\"182\">\n<p class=\"MsoNormal\" style=\"margin: 0cm 0cm .0001pt; font-size: 12pt; font-family: Calibri, sans-serif;\">Pas d&#8217;ona<\/p>\n<\/td>\n<td style=\"width: 136.5pt; padding: 1.5pt;\" valign=\"top\" width=\"182\">\n<p class=\"MsoNormal\" style=\"margin: 0cm 0cm .0001pt; font-size: 12pt; font-family: Calibri, sans-serif;\">2,5cm<\/p>\n<\/td>\n<\/tr>\n<\/tbody>\n<\/table>\n<p class=\"MsoNormal\" style=\"margin: 0cm 0cm .0001pt; font-size: 12pt; font-family: Calibri, sans-serif;\"><b>Tipus d&#8217;Uni\u00f3 i Cargoles:<\/b><\/p>\n<p class=\"MsoNormal\" style=\"margin: 0cm 0cm .0001pt; font-size: 12pt; font-family: Calibri, sans-serif;\">Tipus d&#8217;Uni\u00f3: Tipus Solape. El cargol queda vist.<\/p>\n<p class=\"MsoNormal\" style=\"margin: 0cm 0cm .0001pt; font-size: 12pt; font-family: Calibri, sans-serif;\">Cargols: Cargol de corretja, biga o formig\u00f3.<\/p>\n<p class=\"MsoNormal\" style=\"margin: 0cm 0cm .0001pt; font-size: 12pt; font-family: Calibri, sans-serif;\">\n<p class=\"MsoNormal\" style=\"margin: 0cm 0cm .0001pt; font-size: 12pt; font-family: Calibri, sans-serif;\"><b>Mesures i Disponibilitat:<\/b><\/p>\n<p class=\"MsoNormal\" style=\"margin: 0cm 0cm .0001pt; font-size: 12pt; font-family: Calibri, sans-serif; text-align: justify;\">Mida del Panell: Ample \u00datil de 1,00 m. x Llarg de f\u00e0brica a mida del client.<\/p>\n<p class=\"MsoNormal\" style=\"margin: 0cm 0cm .0001pt; font-size: 12pt; font-family: Calibri, sans-serif; text-align: justify;\">Mides Disponibilitat Estoc: En Estoc en mesures de 2,60-3,00-3,50-4,00-5,20-6,00-7,00 m.<\/p>\n<p class=\"MsoNormal\" style=\"margin: 0cm 0cm .0001pt; font-size: 12pt; font-family: Calibri, sans-serif; text-align: justify;\">Mides Disponibilitat de Fabricaci\u00f3: La mida de llarg del panell es fabrica a mida de la fa\u00e7ana amb un l\u00edmit de 13,50 metres per al transport, essent possible fabricaci\u00f3 de panell m\u00e9s llarga, per\u00f2 tenint en compte que necessitem un transport especial.<\/p>\n<p class=\"MsoNormal\" style=\"margin: 0cm 0cm .0001pt; font-size: 12pt; font-family: Calibri, sans-serif; text-align: justify;\"><b>Taula de c\u00e0rregues:<\/b><\/p>\n<p class=\"MsoNormal\" style=\"margin: 0cm 0cm .0001pt; font-size: 12pt; font-family: Calibri, sans-serif; text-align: justify;\">Valors admissibles amb gruixos d&#8217;acer 0,4 o 0,5 mm. a la cara exterior i 0,4 mm, a la cara interior. Les llums l en metres corresponents a la sobrec\u00e0rrega p (daN\/m\u00b2) uniformement distribu\u00efdes, s&#8217;han obtingut a les proves de c\u00e0rrega efectuades als nostres laboratoris i garanteixen simult\u00e0niament una data fl\/ i u200 n coeficient de seguretat conforme amb el que prescriuen les normes UEAtc per a panells sandvitx i que han estat elaborades i s\u00f3n aplicables per les principals entitats certificadores europees.<\/p>\n<p style=\"text-align: justify;\">\n","protected":false},"excerpt":{"rendered":"<p>PFS- Panell Sandwich ECO Fa\u00e7ana. Sectoritzaci\u00f3.<\/p>\n","protected":false},"featured_media":52829,"comment_status":"closed","ping_status":"closed","template":"","meta":[],"product_brand":[],"product_cat":[3668,3337],"product_tag":[3263,3249,3251,3271,3267,3278,3445,3253,3452,3285,3451,3241,3243,3453,3441,3259,3292,3245],"class_list":{"0":"post-52818","1":"product","2":"type-product","3":"status-publish","4":"has-post-thumbnail","6":"product_cat-panell-sandwich-barat","7":"product_cat-panell-sandwich-facana","8":"product_tag-agropanell","9":"product_tag-coberta","10":"product_tag-facana","11":"product_tag-frigorific","12":"product_tag-granges","13":"product_tag-llana-de-roca","14":"product_tag-lluernes-estructura-metall","15":"product_tag-ocasio","16":"product_tag-panell-de-facana","17":"product_tag-panell-fusta","18":"product_tag-panell-per-a-parets","19":"product_tag-panell-sandvitx","20":"product_tag-panell-teula","21":"product_tag-panells-per-a-tancaments","22":"product_tag-panells-sandvitx","23":"product_tag-preu","24":"product_tag-remateria-ca","25":"product_tag-sense-cargols","26":"pa_anchodelpanel-ample-1-metre","27":"pa_colorexterior-blanc-pirineu-ral-9010","28":"pa_colorinterior-blanc-pirineu-ral-9010","29":"pa_espesordelachapa-ext-03-int-03-mm-ca","30":"pa_espesorespuma-30-mm-ca","31":"pa_espesorespuma-40-mm-ca","32":"pa_espesorespuma-50-mm-ca","33":"pa_espesorespuma-60-mm-ca","34":"pa_medidas-metres-quadrats-m2","35":"pa_situacion-sota-comanda","37":"first","38":"outofstock","39":"taxable","40":"shipping-taxable","41":"purchasable","42":"product-type-variable","43":"has-default-attributes"},"_links":{"self":[{"href":"https:\/\/panelsandwich.org\/ca\/wp-json\/wp\/v2\/product\/52818","targetHints":{"allow":["GET"]}}],"collection":[{"href":"https:\/\/panelsandwich.org\/ca\/wp-json\/wp\/v2\/product"}],"about":[{"href":"https:\/\/panelsandwich.org\/ca\/wp-json\/wp\/v2\/types\/product"}],"replies":[{"embeddable":true,"href":"https:\/\/panelsandwich.org\/ca\/wp-json\/wp\/v2\/comments?post=52818"}],"version-history":[{"count":0,"href":"https:\/\/panelsandwich.org\/ca\/wp-json\/wp\/v2\/product\/52818\/revisions"}],"wp:featuredmedia":[{"embeddable":true,"href":"https:\/\/panelsandwich.org\/ca\/wp-json\/wp\/v2\/media\/52829"}],"wp:attachment":[{"href":"https:\/\/panelsandwich.org\/ca\/wp-json\/wp\/v2\/media?parent=52818"}],"wp:term":[{"taxonomy":"product_brand","embeddable":true,"href":"https:\/\/panelsandwich.org\/ca\/wp-json\/wp\/v2\/product_brand?post=52818"},{"taxonomy":"product_cat","embeddable":true,"href":"https:\/\/panelsandwich.org\/ca\/wp-json\/wp\/v2\/product_cat?post=52818"},{"taxonomy":"product_tag","embeddable":true,"href":"https:\/\/panelsandwich.org\/ca\/wp-json\/wp\/v2\/product_tag?post=52818"}],"curies":[{"name":"wp","href":"https:\/\/api.w.org\/{rel}","templated":true}]}}