{"id":53024,"date":"2023-09-28T23:15:36","date_gmt":"2023-09-28T21:15:36","guid":{"rendered":"https:\/\/panelsandwich.org\/panell-sandwich-coberta-tapajuntes-4-grecas\/"},"modified":"2025-11-21T12:18:49","modified_gmt":"2025-11-21T11:18:49","slug":"panell-sandwich-coberta-tapajuntes-4-grecas","status":"publish","type":"product","link":"https:\/\/panelsandwich.org\/ca\/panell-sandwich-coberta-tapajuntes-4-grecas\/","title":{"rendered":"Panell Sandwich Coberta &#8211; Tapajuntes"},"content":{"rendered":"\t\t<div data-elementor-type=\"product-post\" data-elementor-id=\"53024\" class=\"elementor elementor-53024 elementor-33293\" data-elementor-post-type=\"product\">\n\t\t\t\t\t\t<section class=\"elementor-section elementor-top-section elementor-element elementor-element-723d81f3 elementor-section-boxed elementor-section-height-default elementor-section-height-default\" data-id=\"723d81f3\" data-element_type=\"section\" data-e-type=\"section\" data-settings=\"{&quot;jet_parallax_layout_list&quot;:[]}\">\n\t\t\t\t\t\t<div class=\"elementor-container elementor-column-gap-default\">\n\t\t\t\t\t<div class=\"elementor-column elementor-col-100 elementor-top-column elementor-element elementor-element-6f8d6f41\" data-id=\"6f8d6f41\" data-element_type=\"column\" data-e-type=\"column\">\n\t\t\t<div class=\"elementor-widget-wrap elementor-element-populated\">\n\t\t\t\t\t\t<div class=\"elementor-element elementor-element-7ea92d8f elementor-widget elementor-widget-heading\" data-id=\"7ea92d8f\" data-element_type=\"widget\" data-e-type=\"widget\" data-widget_type=\"heading.default\">\n\t\t\t\t<div class=\"elementor-widget-container\">\n\t\t\t\t\t<h2 class=\"elementor-heading-title elementor-size-default\"><h2>Panell Sandwich Tapajuntes 4 Grecas\n<\/h2><\/h2>\t\t\t\t<\/div>\n\t\t\t\t<\/div>\n\t\t\t\t<div class=\"elementor-element elementor-element-844358a elementor-widget elementor-widget-text-editor\" data-id=\"844358a\" data-element_type=\"widget\" data-e-type=\"widget\" data-widget_type=\"text-editor.default\">\n\t\t\t\t<div class=\"elementor-widget-container\">\n\t\t\t\t\t\t\t\t\tPanell a\u00efllant de 4 onades per a cobertes amb tapa-juntes, compost per dues xapes met\u00e0l\u00b7liques en perfils, unides per un nucli de spuma r\u00edgida de Poliuret\u00e0 (PUR) o Polisocianurato (PIR). Panell produ\u00eft d&#8217;acord amb l&#8217;EN 14509 i subjecte a l&#8217;avaluaci\u00f3 i la verificaci\u00f3 de la regularitat de rendiment d&#8217;acord amb el sistema 1.\t\t\t\t\t\t\t\t<\/div>\n\t\t\t\t<\/div>\n\t\t\t\t<div class=\"elementor-element elementor-element-47f6c012 elementor-tabs-view-horizontal elementor-widget elementor-widget-tabs\" data-id=\"47f6c012\" data-element_type=\"widget\" data-e-type=\"widget\" data-widget_type=\"tabs.default\">\n\t\t\t\t<div class=\"elementor-widget-container\">\n\t\t\t\t\t\t\t<div class=\"elementor-tabs\">\n\t\t\t<div class=\"elementor-tabs-wrapper\" role=\"tablist\" >\n\t\t\t\t\t\t\t\t\t<div id=\"elementor-tab-title-1201\" class=\"elementor-tab-title elementor-tab-desktop-title\" aria-selected=\"true\" data-tab=\"1\" role=\"tab\" tabindex=\"0\" aria-controls=\"elementor-tab-content-1201\" aria-expanded=\"false\">Descripci\u00f3\/ Aplicaci\u00f3<\/div>\n\t\t\t\t\t\t\t\t\t<div id=\"elementor-tab-title-1202\" class=\"elementor-tab-title elementor-tab-desktop-title\" aria-selected=\"false\" data-tab=\"2\" role=\"tab\" tabindex=\"-1\" aria-controls=\"elementor-tab-content-1202\" aria-expanded=\"false\">Taula de C\u00e0rregues<\/div>\n\t\t\t\t\t\t\t\t\t<div id=\"elementor-tab-title-1203\" class=\"elementor-tab-title elementor-tab-desktop-title\" aria-selected=\"false\" data-tab=\"3\" role=\"tab\" tabindex=\"-1\" aria-controls=\"elementor-tab-content-1203\" aria-expanded=\"false\">Colors Disponibles<\/div>\n\t\t\t\t\t\t\t\t\t<div id=\"elementor-tab-title-1204\" class=\"elementor-tab-title elementor-tab-desktop-title\" aria-selected=\"false\" data-tab=\"4\" role=\"tab\" tabindex=\"-1\" aria-controls=\"elementor-tab-content-1204\" aria-expanded=\"false\">Fitxes T\u00e8cniques \/ Desc\u00e0rregues<\/div>\n\t\t\t\t\t\t\t<\/div>\n\t\t\t<div class=\"elementor-tabs-content-wrapper\" role=\"tablist\" aria-orientation=\"vertical\">\n\t\t\t\t\t\t\t\t\t<div class=\"elementor-tab-title elementor-tab-mobile-title\" aria-selected=\"true\" data-tab=\"1\" role=\"tab\" tabindex=\"0\" aria-controls=\"elementor-tab-content-1201\" aria-expanded=\"false\">Descripci\u00f3\/ Aplicaci\u00f3<\/div>\n\t\t\t\t\t<div id=\"elementor-tab-content-1201\" class=\"elementor-tab-content elementor-clearfix\" data-tab=\"1\" role=\"tabpanel\" aria-labelledby=\"elementor-tab-title-1201\" tabindex=\"0\" hidden=\"false\"><h3><strong>Aplicaci\u00f3:<\/strong><\/h3>\n<p>Cobertes dedificis amb inclinaci\u00f3 m\u00ednima de 5%.<\/p>\n<h3><strong>Tipus d&#8217;Uni\u00f3:<\/strong><\/h3>\n<p>Uni\u00f3: Oculta amb Tapajuntes. El cargol queda ocult gr\u00e0cies a la rematada.<\/p>\n<p>Cargols: Cargol sense volandera<\/p>\n<p><img fetchpriority=\"high\" decoding=\"async\" class=\" size-full wp-image-33287\" src=\"https:\/\/panelsandwich.org\/wp-content\/uploads\/2021\/10\/cms_Union-Tapajuntas-Panel-Sandwich-Tapajuntas-Detalle-de-union.png\" alt=\"Panell Sandwich Tapajuntes Detall d\u00b4uni\u00f3\" width=\"250\" height=\"250\" title=\"\" srcset=\"https:\/\/panelsandwich.org\/wp-content\/uploads\/2021\/10\/cms_Union-Tapajuntas-Panel-Sandwich-Tapajuntas-Detalle-de-union.png 378w, https:\/\/panelsandwich.org\/wp-content\/uploads\/2021\/10\/cms_Union-Tapajuntas-Panel-Sandwich-Tapajuntas-Detalle-de-union-100x100.png 100w, https:\/\/panelsandwich.org\/wp-content\/uploads\/2021\/10\/cms_Union-Tapajuntas-Panel-Sandwich-Tapajuntas-Detalle-de-union-300x300.png 300w, https:\/\/panelsandwich.org\/wp-content\/uploads\/2021\/10\/cms_Union-Tapajuntas-Panel-Sandwich-Tapajuntas-Detalle-de-union-150x150.png 150w\" sizes=\"(max-width: 250px) 100vw, 250px\" \/><\/p>\n<h3><strong>Dimensions:<\/strong><\/h3>\n<p>Gruixos: 30\u201340\u201350\u201360\u201380\u2013100 mm \u00b11 mm<\/p>\n<p>Amplada: 1000 mm \u00b11 mm<\/p>\n<p>Llarg: 4,00 &#8211; 18,00 m \u00b110 mm<\/p>\n<p><img decoding=\"async\" class=\" size-full wp-image-33288\" src=\"https:\/\/panelsandwich.org\/wp-content\/uploads\/2021\/10\/cms_CUBIERTA_4-GRECAS_medidas.JPG\" alt=\"\" width=\"100%\" title=\"\" srcset=\"https:\/\/panelsandwich.org\/wp-content\/uploads\/2021\/10\/cms_CUBIERTA_4-GRECAS_medidas.JPG 1507w, https:\/\/panelsandwich.org\/wp-content\/uploads\/2021\/10\/cms_CUBIERTA_4-GRECAS_medidas-300x57.jpg 300w, https:\/\/panelsandwich.org\/wp-content\/uploads\/2021\/10\/cms_CUBIERTA_4-GRECAS_medidas-1024x196.jpg 1024w, https:\/\/panelsandwich.org\/wp-content\/uploads\/2021\/10\/cms_CUBIERTA_4-GRECAS_medidas-768x147.jpg 768w, https:\/\/panelsandwich.org\/wp-content\/uploads\/2021\/10\/cms_CUBIERTA_4-GRECAS_medidas-600x115.jpg 600w\" sizes=\"(max-width: 1507px) 100vw, 1507px\" \/><\/p>\n<h3><strong>Suport met\u00e0l\u00b7lic:<\/strong><\/h3>\n<p>Nucli en xapa d\u00b4acer qualitat S250GD: EN 10346<\/p>\n<p>Bobines lacades de revestiment org\u00e0nic: EN 10169+A1<\/p>\n<p>Gruixos: 0,4\u20130,5\u20130,6 mm<\/p>\n<h3><strong>Nucli a\u00efllant:<\/strong><\/h3>\n<p>Poliuret\u00e0 (PUR) | Polisocianurat (PIR)<\/p>\n<p>Conductivitat t\u00e8rmica: PUR: 0,022 W\/mK | PIR: 0,022 W\/mK<\/p>\n<p>Densitat: 40 kg\/m3 \u00b110%<\/p>\n<p>Reacci\u00f3 al foc: PUR: B-s2,d0 | PIR: B-s2,d0 | PIR-HI: B-s1,d0<\/p>\n<p>Resist\u00e8ncia a la tracci\u00f3 a les xapes (adhesi\u00f3)&gt; 0.10 MPa<\/p>\n<p>Resist\u00e8ncia a la compressi\u00f3 al 10% de deformaci\u00f3&gt; 0.10 MPa<\/p>\n<h3><strong>Revestiment:<\/strong><\/h3>\n<p>Est\u00e0ndard: Pintura poli\u00e8ster 25 \u00b5m Especials: Granit HDX 55 \u00b5m | PVDF 35 m<\/p>\n<\/div>\n\t\t\t\t\t\t\t\t\t<div class=\"elementor-tab-title elementor-tab-mobile-title\" aria-selected=\"false\" data-tab=\"2\" role=\"tab\" tabindex=\"-1\" aria-controls=\"elementor-tab-content-1202\" aria-expanded=\"false\">Taula de C\u00e0rregues<\/div>\n\t\t\t\t\t<div id=\"elementor-tab-content-1202\" class=\"elementor-tab-content elementor-clearfix\" data-tab=\"2\" role=\"tabpanel\" aria-labelledby=\"elementor-tab-title-1202\" tabindex=\"0\" hidden=\"hidden\"><p><strong><img decoding=\"async\" class=\" size-full wp-image-33289\" src=\"https:\/\/panelsandwich.org\/wp-content\/uploads\/2021\/10\/cms_CUBIERTA_4-GRECAS_cargas1.JPG\" alt=\"\" width=\"100%\" title=\"\" srcset=\"https:\/\/panelsandwich.org\/wp-content\/uploads\/2021\/10\/cms_CUBIERTA_4-GRECAS_cargas1.JPG 1246w, https:\/\/panelsandwich.org\/wp-content\/uploads\/2021\/10\/cms_CUBIERTA_4-GRECAS_cargas1-300x168.jpg 300w, https:\/\/panelsandwich.org\/wp-content\/uploads\/2021\/10\/cms_CUBIERTA_4-GRECAS_cargas1-1024x574.jpg 1024w, https:\/\/panelsandwich.org\/wp-content\/uploads\/2021\/10\/cms_CUBIERTA_4-GRECAS_cargas1-768x430.jpg 768w, https:\/\/panelsandwich.org\/wp-content\/uploads\/2021\/10\/cms_CUBIERTA_4-GRECAS_cargas1-600x336.jpg 600w\" sizes=\"(max-width: 1246px) 100vw, 1246px\" \/> <img decoding=\"async\" class=\" size-full wp-image-33290\" src=\"https:\/\/panelsandwich.org\/wp-content\/uploads\/2021\/10\/cms_CUBIERTA_4-GRECAS_cargas2.JPG\" alt=\"\" width=\"100%\" title=\"\" srcset=\"https:\/\/panelsandwich.org\/wp-content\/uploads\/2021\/10\/cms_CUBIERTA_4-GRECAS_cargas2.JPG 1239w, https:\/\/panelsandwich.org\/wp-content\/uploads\/2021\/10\/cms_CUBIERTA_4-GRECAS_cargas2-300x196.jpg 300w, https:\/\/panelsandwich.org\/wp-content\/uploads\/2021\/10\/cms_CUBIERTA_4-GRECAS_cargas2-1024x668.jpg 1024w, https:\/\/panelsandwich.org\/wp-content\/uploads\/2021\/10\/cms_CUBIERTA_4-GRECAS_cargas2-768x501.jpg 768w, https:\/\/panelsandwich.org\/wp-content\/uploads\/2021\/10\/cms_CUBIERTA_4-GRECAS_cargas2-600x391.jpg 600w\" sizes=\"(max-width: 1239px) 100vw, 1239px\" \/><br \/><\/strong><\/p>\n<p><strong><img decoding=\"async\" class=\" size-full wp-image-33291\" src=\"https:\/\/panelsandwich.org\/wp-content\/uploads\/2021\/10\/cms_CUBIERTA_4-GRECAS_cargas3.JPG\" alt=\"\" width=\"100%\" title=\"\" srcset=\"https:\/\/panelsandwich.org\/wp-content\/uploads\/2021\/10\/cms_CUBIERTA_4-GRECAS_cargas3.JPG 1241w, https:\/\/panelsandwich.org\/wp-content\/uploads\/2021\/10\/cms_CUBIERTA_4-GRECAS_cargas3-300x89.jpg 300w, https:\/\/panelsandwich.org\/wp-content\/uploads\/2021\/10\/cms_CUBIERTA_4-GRECAS_cargas3-1024x305.jpg 1024w, https:\/\/panelsandwich.org\/wp-content\/uploads\/2021\/10\/cms_CUBIERTA_4-GRECAS_cargas3-768x229.jpg 768w, https:\/\/panelsandwich.org\/wp-content\/uploads\/2021\/10\/cms_CUBIERTA_4-GRECAS_cargas3-600x179.jpg 600w\" sizes=\"(max-width: 1241px) 100vw, 1241px\" \/><\/strong><\/p>\n<\/div>\n\t\t\t\t\t\t\t\t\t<div class=\"elementor-tab-title elementor-tab-mobile-title\" aria-selected=\"false\" data-tab=\"3\" role=\"tab\" tabindex=\"-1\" aria-controls=\"elementor-tab-content-1203\" aria-expanded=\"false\">Colors Disponibles<\/div>\n\t\t\t\t\t<div id=\"elementor-tab-content-1203\" class=\"elementor-tab-content elementor-clearfix\" data-tab=\"3\" role=\"tabpanel\" aria-labelledby=\"elementor-tab-title-1203\" tabindex=\"0\" hidden=\"hidden\"><h3><strong>Gamma de Colors<\/strong><\/h3>\n<p>Els colors mostrats al cat\u00e0leg obeeixen els nostres est\u00e0ndards amb la major precisi\u00f3 possible. Aix\u00f2 no obstant, s\u00f3n inevitables petits canvis, ra\u00f3 que ens porta a recomanar que es faci sempre un examen de color amb una mostra real.<\/p>\n<p><img decoding=\"async\" class=\" size-full wp-image-33292\" src=\"https:\/\/panelsandwich.org\/wp-content\/uploads\/2021\/10\/cms_CUBIERTA_4-GRECAS_colores.JPG\" alt=\"\" width=\"100%\" title=\"\" srcset=\"https:\/\/panelsandwich.org\/wp-content\/uploads\/2021\/10\/cms_CUBIERTA_4-GRECAS_colores.JPG 830w, https:\/\/panelsandwich.org\/wp-content\/uploads\/2021\/10\/cms_CUBIERTA_4-GRECAS_colores-100x100.jpg 100w, https:\/\/panelsandwich.org\/wp-content\/uploads\/2021\/10\/cms_CUBIERTA_4-GRECAS_colores-300x296.jpg 300w, https:\/\/panelsandwich.org\/wp-content\/uploads\/2021\/10\/cms_CUBIERTA_4-GRECAS_colores-768x758.jpg 768w, https:\/\/panelsandwich.org\/wp-content\/uploads\/2021\/10\/cms_CUBIERTA_4-GRECAS_colores-600x592.jpg 600w\" sizes=\"(max-width: 830px) 100vw, 830px\" \/><\/p>\n<\/div>\n\t\t\t\t\t\t\t\t\t<div class=\"elementor-tab-title elementor-tab-mobile-title\" aria-selected=\"false\" data-tab=\"4\" role=\"tab\" tabindex=\"-1\" aria-controls=\"elementor-tab-content-1204\" aria-expanded=\"false\">Fitxes T\u00e8cniques \/ Desc\u00e0rregues<\/div>\n\t\t\t\t\t<div id=\"elementor-tab-content-1204\" class=\"elementor-tab-content elementor-clearfix\" data-tab=\"4\" role=\"tabpanel\" aria-labelledby=\"elementor-tab-title-1204\" tabindex=\"0\" hidden=\"hidden\"><p><a href=\"https:\/\/panelsandwich.org\/wp-content\/uploads\/2023\/11\/PanelSandwich-Tapajuntas-Ficha-Tecnica.pdf\" target=\"_blank\" rel=\"noopener\"><button style=\"background-color: #ffa300; border-color: black; color: white;\" spellcheck=\"false\" data-lt-tmp-id=\"lt-827558\" data-gramm=\"false\">Descarregar Fitxa T\u00e8cnica<\/button><\/a><\/p>\n<\/div>\n\t\t\t\t\t\t\t<\/div>\n\t\t<\/div>\n\t\t\t\t\t\t<\/div>\n\t\t\t\t<\/div>\n\t\t\t\t\t<\/div>\n\t\t<\/div>\n\t\t\t\t\t<\/div>\n\t\t<\/section>\n\t\t\t\t<\/div>\n\t\t","protected":false},"excerpt":{"rendered":"<p>PTA-Panel Sandwich de Coberta. Tapajuntes 4 Grecas<\/p>\n<p style=\"text-align: center;\"><strong><span style=\"font-size: medium;\"><a class=\"w-100 btn btn-danger btn-lg\" href=\"https:\/\/panelsandwich.org\/contactenos\">SOL\u00b7LICITAR PREU I INFORMACI\u00d3 T\u00c8CNICA  <i class=\"caret-right\"><\/i><\/a><\/span><\/strong><\/p>\n","protected":false},"featured_media":53093,"comment_status":"closed","ping_status":"closed","template":"","meta":[],"product_brand":[],"product_cat":[3439],"product_tag":[3263,3249,3251,3271,3267,3278,3445,3253,3440,3285,3442,3241,3444,3243,3443,3441,3259,3292,3245],"class_list":{"0":"post-53024","1":"product","2":"type-product","3":"status-publish","4":"has-post-thumbnail","6":"product_cat-panell-sandwich-per-a-coberta","7":"product_tag-agropanell","8":"product_tag-coberta","9":"product_tag-facana","10":"product_tag-frigorific","11":"product_tag-granges","12":"product_tag-llana-de-roca","13":"product_tag-lluernes-estructura-metall","14":"product_tag-ocasio","15":"product_tag-panell-de-coberta","16":"product_tag-panell-fusta","17":"product_tag-panell-per-al-sostre","18":"product_tag-panell-sandvitx","19":"product_tag-panell-tapajuntes","20":"product_tag-panell-teula","21":"product_tag-panells-per-a-la-coberta","22":"product_tag-panells-sandvitx","23":"product_tag-preu","24":"product_tag-remateria-ca","25":"product_tag-sense-cargols","26":"pa_colorexterior-blanc-pirineu-ral-9010","27":"pa_colorexterior-blau-genciana-ral-5010","28":"pa_colorexterior-crema-bidasoa-ral-1015","29":"pa_colorexterior-gris-antracita-ral-7016-ca","30":"pa_colorexterior-gris-basalto-ral-7012-ca","31":"pa_colorexterior-gris-metallitzat-ral-9006","32":"pa_colorexterior-gris-ombra-ral-7022","33":"pa_colorexterior-negre-ral-9004","34":"pa_colorexterior-verd-navarra-ral-6005","35":"pa_colorexterior-vermell-ral-3009-ca","36":"pa_colorinterior-blanc-pirineu-ral-9010","37":"pa_espesorespuma-100-mm-ca","38":"pa_espesorespuma-30-mm-ca","39":"pa_espesorespuma-40-mm-ca","40":"pa_espesorespuma-50-mm-ca","41":"pa_espesorespuma-60-mm-ca","42":"pa_espesorespuma-80-mm-ca","43":"pa_tipoaislamiento-escuma-pir-b-s2-d0","44":"pa_tipoaislamiento-escuma-pir-hi-b-s1-d0","45":"pa_tipoaislamiento-escuma-pur-c-s3-d0","47":"first","48":"instock","49":"taxable","50":"shipping-taxable","51":"product-type-variable","52":"has-default-attributes"},"_links":{"self":[{"href":"https:\/\/panelsandwich.org\/ca\/wp-json\/wp\/v2\/product\/53024","targetHints":{"allow":["GET"]}}],"collection":[{"href":"https:\/\/panelsandwich.org\/ca\/wp-json\/wp\/v2\/product"}],"about":[{"href":"https:\/\/panelsandwich.org\/ca\/wp-json\/wp\/v2\/types\/product"}],"replies":[{"embeddable":true,"href":"https:\/\/panelsandwich.org\/ca\/wp-json\/wp\/v2\/comments?post=53024"}],"version-history":[{"count":0,"href":"https:\/\/panelsandwich.org\/ca\/wp-json\/wp\/v2\/product\/53024\/revisions"}],"wp:featuredmedia":[{"embeddable":true,"href":"https:\/\/panelsandwich.org\/ca\/wp-json\/wp\/v2\/media\/53093"}],"wp:attachment":[{"href":"https:\/\/panelsandwich.org\/ca\/wp-json\/wp\/v2\/media?parent=53024"}],"wp:term":[{"taxonomy":"product_brand","embeddable":true,"href":"https:\/\/panelsandwich.org\/ca\/wp-json\/wp\/v2\/product_brand?post=53024"},{"taxonomy":"product_cat","embeddable":true,"href":"https:\/\/panelsandwich.org\/ca\/wp-json\/wp\/v2\/product_cat?post=53024"},{"taxonomy":"product_tag","embeddable":true,"href":"https:\/\/panelsandwich.org\/ca\/wp-json\/wp\/v2\/product_tag?post=53024"}],"curies":[{"name":"wp","href":"https:\/\/api.w.org\/{rel}","templated":true}]}}