{"id":55923,"date":"2024-02-27T10:46:21","date_gmt":"2024-02-27T09:46:21","guid":{"rendered":"https:\/\/panelsandwich.org\/proteccio-anticaigudes-llanternons\/"},"modified":"2025-11-21T12:17:56","modified_gmt":"2025-11-21T11:17:56","slug":"proteccio-anticaigudes-llanternons","status":"publish","type":"product","link":"https:\/\/panelsandwich.org\/ca\/proteccio-anticaigudes-llanternons\/","title":{"rendered":"Protecci\u00f3 Anticaigudes Llanternons"},"content":{"rendered":"\t\t<div data-elementor-type=\"product-post\" data-elementor-id=\"55923\" class=\"elementor elementor-55923 elementor-55172\" data-elementor-post-type=\"product\">\n\t\t\t\t\t\t<section class=\"elementor-section elementor-top-section elementor-element elementor-element-7b30b5a2 elementor-section-boxed elementor-section-height-default elementor-section-height-default\" data-id=\"7b30b5a2\" data-element_type=\"section\" data-e-type=\"section\" data-settings=\"{&quot;jet_parallax_layout_list&quot;:[]}\">\n\t\t\t\t\t\t<div class=\"elementor-container elementor-column-gap-default\">\n\t\t\t\t\t<div class=\"elementor-column elementor-col-100 elementor-top-column elementor-element elementor-element-28bca4a3\" data-id=\"28bca4a3\" data-element_type=\"column\" data-e-type=\"column\">\n\t\t\t<div class=\"elementor-widget-wrap elementor-element-populated\">\n\t\t\t\t\t\t<div class=\"elementor-element elementor-element-5cc2e480 elementor-widget elementor-widget-heading\" data-id=\"5cc2e480\" data-element_type=\"widget\" data-e-type=\"widget\" data-widget_type=\"heading.default\">\n\t\t\t\t<div class=\"elementor-widget-container\">\n\t\t\t\t\t<h2 class=\"elementor-heading-title elementor-size-default\"><h2>  Sistema Anticaigudes Permanent per a Cobertes Industrials\n\n<\/h2><\/h2>\t\t\t\t<\/div>\n\t\t\t\t<\/div>\n\t\t\t\t<div class=\"elementor-element elementor-element-c7c0e2b elementor-widget elementor-widget-text-editor\" data-id=\"c7c0e2b\" data-element_type=\"widget\" data-e-type=\"widget\" data-widget_type=\"text-editor.default\">\n\t\t\t\t<div class=\"elementor-widget-container\">\n\t\t\t\t\t\t\t\t\t<p>Xarxa de malla rectangular electro-soldada, galvanitzada i plastificada, amb qu\u00e0druple fil a les extremitats longitudinals, per a \u00fas en exteriors.<\/p>\t\t\t\t\t\t\t\t<\/div>\n\t\t\t\t<\/div>\n\t\t\t\t<div class=\"elementor-element elementor-element-57785eb8 elementor-tabs-view-horizontal elementor-widget elementor-widget-tabs\" data-id=\"57785eb8\" data-element_type=\"widget\" data-e-type=\"widget\" data-widget_type=\"tabs.default\">\n\t\t\t\t<div class=\"elementor-widget-container\">\n\t\t\t\t\t\t\t<div class=\"elementor-tabs\">\n\t\t\t<div class=\"elementor-tabs-wrapper\" role=\"tablist\" >\n\t\t\t\t\t\t\t\t\t<div id=\"elementor-tab-title-1461\" class=\"elementor-tab-title elementor-tab-desktop-title\" aria-selected=\"true\" data-tab=\"1\" role=\"tab\" tabindex=\"0\" aria-controls=\"elementor-tab-content-1461\" aria-expanded=\"false\">Descripci\u00f3\/ Aplicaci\u00f3<\/div>\n\t\t\t\t\t\t\t\t\t<div id=\"elementor-tab-title-1462\" class=\"elementor-tab-title elementor-tab-desktop-title\" aria-selected=\"false\" data-tab=\"2\" role=\"tab\" tabindex=\"-1\" aria-controls=\"elementor-tab-content-1462\" aria-expanded=\"false\">Mesures Xarxes<\/div>\n\t\t\t\t\t\t\t\t\t<div id=\"elementor-tab-title-1463\" class=\"elementor-tab-title elementor-tab-desktop-title\" aria-selected=\"false\" data-tab=\"3\" role=\"tab\" tabindex=\"-1\" aria-controls=\"elementor-tab-content-1463\" aria-expanded=\"false\">Fitxes T\u00e8cniques \/ Desc\u00e0rregues<\/div>\n\t\t\t\t\t\t\t<\/div>\n\t\t\t<div class=\"elementor-tabs-content-wrapper\" role=\"tablist\" aria-orientation=\"vertical\">\n\t\t\t\t\t\t\t\t\t<div class=\"elementor-tab-title elementor-tab-mobile-title\" aria-selected=\"true\" data-tab=\"1\" role=\"tab\" tabindex=\"0\" aria-controls=\"elementor-tab-content-1461\" aria-expanded=\"false\">Descripci\u00f3\/ Aplicaci\u00f3<\/div>\n\t\t\t\t\t<div id=\"elementor-tab-content-1461\" class=\"elementor-tab-content elementor-clearfix\" data-tab=\"1\" role=\"tabpanel\" aria-labelledby=\"elementor-tab-title-1461\" tabindex=\"0\" hidden=\"false\"><p>Disposem d&#8217;una \u00e0mplia i completa gamma de sistemes anticaigudes permanents i de totes les peces necess\u00e0ries per a la seva instal\u00b7laci\u00f3: una l\u00ednia de productes \u2013 certificats d&#8217;acord amb la legislaci\u00f3 en vigor \u2013 destinats a protegir els treballadors contra el risc de caiguda durant la col\u00b7locaci\u00f3 a obra i manteniment de cobertes dedificis.&nbsp;<\/p>\n<p>Per garantir que les intervencions de col\u00b7locaci\u00f3 a l&#8217;obra, l&#8217;avaluaci\u00f3, el manteniment i la reparaci\u00f3 de la coberta d&#8217;edificis tinguin lloc en condicions de seguretat, el sistema anticaigudes ha estat examinat i respecta tots els requisits t\u00e8cnics per a la seguretat d&#8217;acord amb les normes:&nbsp;<\/p>\n<\/p>\n<ul>\n<li><b>UNI EN 15057&nbsp;<\/b><\/li>\n<li><b>UNI EN 1873&nbsp;<\/b><\/li>\n<li><b>UNI EN ISO 9227&nbsp;<\/b><\/li>\n<\/ul>\n<p>El sistema anticaigudes est\u00e0 compost per:<br \/> Xarxa de malla rectangular electro-soldada i galvanitzada amb qu\u00e0druple fil de la riba a les extremitats longitudinals.<br \/> Xarxa de malla rectangular electro-soldada, galvanitzada i plastificada (color groc), amb qu\u00e0druple fil de la riba a les extremitats longitudinals. Dissenyada per ser utilitzada tamb\u00e9 en zones C-5 i per ser col\u00b7locades totes dues a sobre i sota dels punts de llum.<\/p>\n<ul>\n<li>Peces d&#8217;ancoratge i subjecci\u00f3 de la xarxa.  <\/li>\n<\/ul>\n<p><\/p>\n<p>La xarxa anticaigudes ha estat<br \/>\n dissenyada per protegir els punts de llum horitzontals<br \/>\n en l&#8217;\u00e0mbit industrial i pot ser col\u00b7locades a<br \/>\n el tendal sota el revestiment. A m\u00e9s de<br \/>\n facilitar-ne la col\u00b7locaci\u00f3, el qu\u00e0druple fil de la riba<br \/>\n permet ampliar la capacitat de resist\u00e8ncia.<br \/>\n Gr\u00e0cies al seu particular recobriment, \u00e9s perfecta per protegir<br \/>\n els punts de llum horitzontals a l&#8217;\u00e0mbit industrial<br \/>\n i pot ser col\u00b7locades ambdues a sobre i sota de<br \/>\n els punts de llum i tamb\u00e9 en entorns exteriors<br \/>\n classificats C-5 per la corrosivitat.<\/p>\n<\/div>\n\t\t\t\t\t\t\t\t\t<div class=\"elementor-tab-title elementor-tab-mobile-title\" aria-selected=\"false\" data-tab=\"2\" role=\"tab\" tabindex=\"-1\" aria-controls=\"elementor-tab-content-1462\" aria-expanded=\"false\">Mesures Xarxes<\/div>\n\t\t\t\t\t<div id=\"elementor-tab-content-1462\" class=\"elementor-tab-content elementor-clearfix\" data-tab=\"2\" role=\"tabpanel\" aria-labelledby=\"elementor-tab-title-1462\" tabindex=\"0\" hidden=\"hidden\"><p><img fetchpriority=\"high\" decoding=\"async\" class=\"alignnone wp-image-55193 size-full\" src=\"https:\/\/panelsandwich.org\/wp-content\/uploads\/2024\/02\/tamanos-de-malla-para-traslucidos.png.webp\" alt=\"\" width=\"515\" height=\"743\" title=\"\" srcset=\"https:\/\/panelsandwich.org\/wp-content\/uploads\/2024\/02\/tamanos-de-malla-para-traslucidos.png.webp 515w, https:\/\/panelsandwich.org\/wp-content\/uploads\/2024\/02\/tamanos-de-malla-para-traslucidos.png-208x300.webp 208w\" sizes=\"(max-width: 515px) 100vw, 515px\" \/><\/p>\n<\/div>\n\t\t\t\t\t\t\t\t\t<div class=\"elementor-tab-title elementor-tab-mobile-title\" aria-selected=\"false\" data-tab=\"3\" role=\"tab\" tabindex=\"-1\" aria-controls=\"elementor-tab-content-1463\" aria-expanded=\"false\">Fitxes T\u00e8cniques \/ Desc\u00e0rregues<\/div>\n\t\t\t\t\t<div id=\"elementor-tab-content-1463\" class=\"elementor-tab-content elementor-clearfix\" data-tab=\"3\" role=\"tabpanel\" aria-labelledby=\"elementor-tab-title-1463\" tabindex=\"0\" hidden=\"hidden\"><ul>\n<li><em><span style=\"text-decoration: underline;\"><strong>DESCARREGAR FITXA T\u00c8CNICA<\/strong><\/span><\/em><\/li>\n<\/ul>\n<\/div>\n\t\t\t\t\t\t\t<\/div>\n\t\t<\/div>\n\t\t\t\t\t\t<\/div>\n\t\t\t\t<\/div>\n\t\t\t\t\t<\/div>\n\t\t<\/div>\n\t\t\t\t\t<\/div>\n\t\t<\/section>\n\t\t\t\t<\/div>\n\t\t","protected":false},"excerpt":{"rendered":"<p>Xarxa de malla rectangular electro-soldada, galvanitzada i plastificada, amb qu\u00e0druple fil a les extremitats longitudinals, per a \u00fas en exteriors.<\/p>\n","protected":false},"featured_media":55346,"comment_status":"closed","ping_status":"closed","template":"","meta":[],"product_brand":[],"product_cat":[3585],"product_tag":[],"class_list":{"0":"post-55923","1":"product","2":"type-product","3":"status-publish","4":"has-post-thumbnail","6":"product_cat-accessoris-muntatge-per-a-panell-sandwich","8":"first","9":"instock","10":"taxable","11":"shipping-taxable","12":"product-type-simple"},"_links":{"self":[{"href":"https:\/\/panelsandwich.org\/ca\/wp-json\/wp\/v2\/product\/55923","targetHints":{"allow":["GET"]}}],"collection":[{"href":"https:\/\/panelsandwich.org\/ca\/wp-json\/wp\/v2\/product"}],"about":[{"href":"https:\/\/panelsandwich.org\/ca\/wp-json\/wp\/v2\/types\/product"}],"replies":[{"embeddable":true,"href":"https:\/\/panelsandwich.org\/ca\/wp-json\/wp\/v2\/comments?post=55923"}],"version-history":[{"count":0,"href":"https:\/\/panelsandwich.org\/ca\/wp-json\/wp\/v2\/product\/55923\/revisions"}],"wp:featuredmedia":[{"embeddable":true,"href":"https:\/\/panelsandwich.org\/ca\/wp-json\/wp\/v2\/media\/55346"}],"wp:attachment":[{"href":"https:\/\/panelsandwich.org\/ca\/wp-json\/wp\/v2\/media?parent=55923"}],"wp:term":[{"taxonomy":"product_brand","embeddable":true,"href":"https:\/\/panelsandwich.org\/ca\/wp-json\/wp\/v2\/product_brand?post=55923"},{"taxonomy":"product_cat","embeddable":true,"href":"https:\/\/panelsandwich.org\/ca\/wp-json\/wp\/v2\/product_cat?post=55923"},{"taxonomy":"product_tag","embeddable":true,"href":"https:\/\/panelsandwich.org\/ca\/wp-json\/wp\/v2\/product_tag?post=55923"}],"curies":[{"name":"wp","href":"https:\/\/api.w.org\/{rel}","templated":true}]}}