{"id":55927,"date":"2024-02-27T11:13:59","date_gmt":"2024-02-27T10:13:59","guid":{"rendered":"https:\/\/panelsandwich.org\/linia-de-vida-per-a-cobertes\/"},"modified":"2025-11-21T08:34:25","modified_gmt":"2025-11-21T07:34:25","slug":"linia-de-vida-per-a-cobertes","status":"publish","type":"product","link":"https:\/\/panelsandwich.org\/ca\/linia-de-vida-per-a-cobertes\/","title":{"rendered":"L\u00ednia de Vida per a Cobertes"},"content":{"rendered":"\t\t<div data-elementor-type=\"product-post\" data-elementor-id=\"55927\" class=\"elementor elementor-55927 elementor-55204\" data-elementor-post-type=\"product\">\n\t\t\t\t\t\t<section class=\"elementor-section elementor-top-section elementor-element elementor-element-4ac9b75b elementor-section-boxed elementor-section-height-default elementor-section-height-default\" data-id=\"4ac9b75b\" data-element_type=\"section\" data-e-type=\"section\" data-settings=\"{&quot;jet_parallax_layout_list&quot;:[]}\">\n\t\t\t\t\t\t<div class=\"elementor-container elementor-column-gap-default\">\n\t\t\t\t\t<div class=\"elementor-column elementor-col-100 elementor-top-column elementor-element elementor-element-7e248347\" data-id=\"7e248347\" data-element_type=\"column\" data-e-type=\"column\">\n\t\t\t<div class=\"elementor-widget-wrap elementor-element-populated\">\n\t\t\t\t\t\t<div class=\"elementor-element elementor-element-ea50274 elementor-widget elementor-widget-heading\" data-id=\"ea50274\" data-element_type=\"widget\" data-e-type=\"widget\" data-widget_type=\"heading.default\">\n\t\t\t\t<div class=\"elementor-widget-container\">\n\t\t\t\t\t<h2 class=\"elementor-heading-title elementor-size-default\"><h2>L\u00ednies de Vida - Sistemes Anticaigudes per a Cobertes de Panell Sandwich\n<\/h2><\/h2>\t\t\t\t<\/div>\n\t\t\t\t<\/div>\n\t\t\t\t<div class=\"elementor-element elementor-element-19aaf7dc elementor-widget elementor-widget-text-editor\" data-id=\"19aaf7dc\" data-element_type=\"widget\" data-e-type=\"widget\" data-widget_type=\"text-editor.default\">\n\t\t\t\t<div class=\"elementor-widget-container\">\n\t\t\t\t\t\t\t\t\t<p>Les l\u00ednies de vida que proposa PanelSandwich.ORG permeten assegurar el despla\u00e7ament dels treballadors a tota la coberta. Els suports per a cada tipus de coberta incorporen absorbidor denergia que disminueixen limpacte de les l\u00ednies de vida en cas demerg\u00e8ncia.  <\/p>\t\t\t\t\t\t\t\t<\/div>\n\t\t\t\t<\/div>\n\t\t\t\t<div class=\"elementor-element elementor-element-4626154 elementor-tabs-view-horizontal elementor-widget elementor-widget-tabs\" data-id=\"4626154\" data-element_type=\"widget\" data-e-type=\"widget\" data-widget_type=\"tabs.default\">\n\t\t\t\t<div class=\"elementor-widget-container\">\n\t\t\t\t\t\t\t<div class=\"elementor-tabs\">\n\t\t\t<div class=\"elementor-tabs-wrapper\" role=\"tablist\" >\n\t\t\t\t\t\t\t\t\t<div id=\"elementor-tab-title-7351\" class=\"elementor-tab-title elementor-tab-desktop-title\" aria-selected=\"true\" data-tab=\"1\" role=\"tab\" tabindex=\"0\" aria-controls=\"elementor-tab-content-7351\" aria-expanded=\"false\">Descripci\u00f3\/ Aplicaci\u00f3<\/div>\n\t\t\t\t\t\t\t\t\t<div id=\"elementor-tab-title-7352\" class=\"elementor-tab-title elementor-tab-desktop-title\" aria-selected=\"false\" data-tab=\"2\" role=\"tab\" tabindex=\"-1\" aria-controls=\"elementor-tab-content-7352\" aria-expanded=\"false\">Caracter\u00edstiques T\u00e8cniques<\/div>\n\t\t\t\t\t\t\t\t\t<div id=\"elementor-tab-title-7353\" class=\"elementor-tab-title elementor-tab-desktop-title\" aria-selected=\"false\" data-tab=\"3\" role=\"tab\" tabindex=\"-1\" aria-controls=\"elementor-tab-content-7353\" aria-expanded=\"false\">Fitxes T\u00e8cniques \/ Desc\u00e0rregues<\/div>\n\t\t\t\t\t\t\t<\/div>\n\t\t\t<div class=\"elementor-tabs-content-wrapper\" role=\"tablist\" aria-orientation=\"vertical\">\n\t\t\t\t\t\t\t\t\t<div class=\"elementor-tab-title elementor-tab-mobile-title\" aria-selected=\"true\" data-tab=\"1\" role=\"tab\" tabindex=\"0\" aria-controls=\"elementor-tab-content-7351\" aria-expanded=\"false\">Descripci\u00f3\/ Aplicaci\u00f3<\/div>\n\t\t\t\t\t<div id=\"elementor-tab-content-7351\" class=\"elementor-tab-content elementor-clearfix\" data-tab=\"1\" role=\"tabpanel\" aria-labelledby=\"elementor-tab-title-7351\" tabindex=\"0\" hidden=\"false\"><p>Les l\u00ednies de vida s\u00f3n sistemes de seguretat essencials que es fan servir per evitar caigudes en obres, ind\u00fastries i edificis. En aquest article, explorarem els diferents tipus i components d&#8217;una l\u00ednia de vida fixa i la normativa que en regula l&#8217;\u00fas. Tamb\u00e9 parlarem de la instal\u00b7laci\u00f3 i manteniment d&#8217;aquests sistemes. Per tant, vegem m\u00e9s de prop qu\u00e8 s\u00f3n les l\u00ednies de vida i per qu\u00e8 s\u00f3n crucials per garantir la seguretat dels treballadors en entorns de treball elevats.<\/p>\n<p>Les l\u00ednies de vida s\u00f3n fonamentals com a sistemes de protecci\u00f3 anticaigudes en diversos entorns de treball, com ara la construcci\u00f3, el manteniment i les operacions industrials. En comprendre de manera exhaustiva el concepte, els tipus, els components, la normativa i el paper fonamental de les empreses especialitzades, les organitzacions i els professionals del sector poden navegar pel complex panorama de la protecci\u00f3 contra caigudes amb un ferm comprom\u00eds amb la seguretat , fomentant aix\u00ed entorns de treball segurs i conformes amb la normativa, i donant prioritat al benestar de les persones que treballen en al\u00e7ada.<\/p>\n<\/p>\n<h3>Normativitat<\/h3>\n<p>Compleix amb requeriments:<br \/> \u2022 Compleix amb EN 795: 2012, classe B. Provat i certificat per<br \/> \u00fas per dos usuaris simult\u00e0niament.<br \/> \u2022 Mosquet\u00f3: ANSI Z 359.12-2009<\/p>\n<\/div>\n\t\t\t\t\t\t\t\t\t<div class=\"elementor-tab-title elementor-tab-mobile-title\" aria-selected=\"false\" data-tab=\"2\" role=\"tab\" tabindex=\"-1\" aria-controls=\"elementor-tab-content-7352\" aria-expanded=\"false\">Caracter\u00edstiques T\u00e8cniques<\/div>\n\t\t\t\t\t<div id=\"elementor-tab-content-7352\" class=\"elementor-tab-content elementor-clearfix\" data-tab=\"2\" role=\"tabpanel\" aria-labelledby=\"elementor-tab-title-7352\" tabindex=\"0\" hidden=\"hidden\"><ul>\n<li>Longitud: de 65 peus (20m)<\/li>\n<li>Longitud ajustable de 2 a 20 m.<\/li>\n<li>M\u00e0xima c\u00e0rrega de treball recomanada: 140 kg (310 lb) cada<\/li>\n<li>usuari.<\/li>\n<li>\u00das m\u00e0xim simultani: 2 usuaris.<\/li>\n<li>Dimensions de la bossa tancada: 38 x 14 x 32 cm<\/li>\n<li>Tensor de trinquet d&#8217;acer per ajustar el sistema una vegada<\/li>\n<li>col\u00b7locada la longitud necess\u00e0ria.<\/li>\n<li>Un mosquet\u00f3 d\u02bbacer a cada extrem, de bloqueig autom\u00e0tic i sistema d\u02bbobertura d\u02bbun quart de gir de l\u02bbasseguran\u00e7a. Amb les seg\u00fcents caracter\u00edstiques:\n<ul>\n<li>&#8211; Capacitat de c\u00e0rrega 5000 lb\/22.2 kN.<\/li>\n<li>&#8211; Capacitat de c\u00e0rrega lateral 3600 lb\/16 kN.<\/li>\n<li>&#8211; Resist\u00e8ncia m\u00ednima al trencament: 9000 lb.<\/li>\n<li>&#8211; For\u00e7a de la comporta: 3600 lb.<\/li>\n<\/ul>\n<\/li>\n<\/ul>\n<\/div>\n\t\t\t\t\t\t\t\t\t<div class=\"elementor-tab-title elementor-tab-mobile-title\" aria-selected=\"false\" data-tab=\"3\" role=\"tab\" tabindex=\"-1\" aria-controls=\"elementor-tab-content-7353\" aria-expanded=\"false\">Fitxes T\u00e8cniques \/ Desc\u00e0rregues<\/div>\n\t\t\t\t\t<div id=\"elementor-tab-content-7353\" class=\"elementor-tab-content elementor-clearfix\" data-tab=\"3\" role=\"tabpanel\" aria-labelledby=\"elementor-tab-title-7353\" tabindex=\"0\" hidden=\"hidden\"><ul>\n<li><em><span style=\"text-decoration: underline;\"><strong>DESCARREGAR FITXA T\u00c8CNICA<\/strong><\/span><\/em><\/li>\n<\/ul>\n<\/div>\n\t\t\t\t\t\t\t<\/div>\n\t\t<\/div>\n\t\t\t\t\t\t<\/div>\n\t\t\t\t<\/div>\n\t\t\t\t\t<\/div>\n\t\t<\/div>\n\t\t\t\t\t<\/div>\n\t\t<\/section>\n\t\t\t\t<\/div>\n\t\t","protected":false},"excerpt":{"rendered":"<p>L\u00ednies de Vida &#8211; Sistemes Anticaigudes per a Cobertes de Panell Sandwich Les l\u00ednies de vida que proposa PanelSandwich.ORG permeten assegurar el despla\u00e7ament dels treballadors a tota la coberta. Els suports per a cada tipus de coberta incorporen absorbidor denergia que disminueixen limpacte de les l\u00ednies de vida en cas demerg\u00e8ncia. Descripci\u00f3\/ Aplicaci\u00f3 Caracter\u00edstiques T\u00e8cniques [&hellip;]<\/p>\n","protected":false},"featured_media":55375,"comment_status":"closed","ping_status":"closed","template":"","meta":[],"product_brand":[],"product_cat":[3585],"product_tag":[],"class_list":{"0":"post-55927","1":"product","2":"type-product","3":"status-publish","4":"has-post-thumbnail","6":"product_cat-accessoris-muntatge-per-a-panell-sandwich","8":"first","9":"instock","10":"taxable","11":"shipping-taxable","12":"product-type-simple"},"_links":{"self":[{"href":"https:\/\/panelsandwich.org\/ca\/wp-json\/wp\/v2\/product\/55927","targetHints":{"allow":["GET"]}}],"collection":[{"href":"https:\/\/panelsandwich.org\/ca\/wp-json\/wp\/v2\/product"}],"about":[{"href":"https:\/\/panelsandwich.org\/ca\/wp-json\/wp\/v2\/types\/product"}],"replies":[{"embeddable":true,"href":"https:\/\/panelsandwich.org\/ca\/wp-json\/wp\/v2\/comments?post=55927"}],"version-history":[{"count":0,"href":"https:\/\/panelsandwich.org\/ca\/wp-json\/wp\/v2\/product\/55927\/revisions"}],"wp:featuredmedia":[{"embeddable":true,"href":"https:\/\/panelsandwich.org\/ca\/wp-json\/wp\/v2\/media\/55375"}],"wp:attachment":[{"href":"https:\/\/panelsandwich.org\/ca\/wp-json\/wp\/v2\/media?parent=55927"}],"wp:term":[{"taxonomy":"product_brand","embeddable":true,"href":"https:\/\/panelsandwich.org\/ca\/wp-json\/wp\/v2\/product_brand?post=55927"},{"taxonomy":"product_cat","embeddable":true,"href":"https:\/\/panelsandwich.org\/ca\/wp-json\/wp\/v2\/product_cat?post=55927"},{"taxonomy":"product_tag","embeddable":true,"href":"https:\/\/panelsandwich.org\/ca\/wp-json\/wp\/v2\/product_tag?post=55927"}],"curies":[{"name":"wp","href":"https:\/\/api.w.org\/{rel}","templated":true}]}}