{"id":67661,"date":"2024-11-22T14:24:06","date_gmt":"2024-11-22T13:24:06","guid":{"rendered":"https:\/\/panelsandwich.org\/?post_type=product&#038;p=67661"},"modified":"2024-11-25T08:25:04","modified_gmt":"2024-11-25T07:25:04","slug":"panell-sandwich-teja-vermell-teula-ral-8004-copia","status":"publish","type":"product","link":"https:\/\/panelsandwich.org\/ca\/panell-sandwich-teja-vermell-teula-ral-8004-copia\/","title":{"rendered":"Panell Sandwich Teja &#8211; Marsella"},"content":{"rendered":"\t\t<div data-elementor-type=\"product-post\" data-elementor-id=\"67661\" class=\"elementor elementor-67661 elementor-67642\" data-elementor-post-type=\"product\">\n\t\t\t\t\t\t<section class=\"elementor-section elementor-top-section elementor-element elementor-element-95d0fe5 elementor-section-boxed elementor-section-height-default elementor-section-height-default\" data-id=\"95d0fe5\" data-element_type=\"section\" data-e-type=\"section\" data-settings=\"{&quot;jet_parallax_layout_list&quot;:[]}\">\n\t\t\t\t\t\t<div class=\"elementor-container elementor-column-gap-default\">\n\t\t\t\t\t<div class=\"elementor-column elementor-col-100 elementor-top-column elementor-element elementor-element-3e48f8c8\" data-id=\"3e48f8c8\" data-element_type=\"column\" data-e-type=\"column\">\n\t\t\t<div class=\"elementor-widget-wrap elementor-element-populated\">\n\t\t\t\t\t\t<div class=\"elementor-element elementor-element-6e713bb5 elementor-widget elementor-widget-heading\" data-id=\"6e713bb5\" data-element_type=\"widget\" data-e-type=\"widget\" data-widget_type=\"heading.default\">\n\t\t\t\t<div class=\"elementor-widget-container\">\n\t\t\t\t\t<h2 class=\"elementor-heading-title elementor-size-default\"><h2>Panell Sandwich Teja - Marsella\n<\/h2><\/h2>\t\t\t\t<\/div>\n\t\t\t\t<\/div>\n\t\t\t\t<div class=\"elementor-element elementor-element-100660f8 elementor-widget elementor-widget-text-editor\" data-id=\"100660f8\" data-element_type=\"widget\" data-e-type=\"widget\" data-widget_type=\"text-editor.default\">\n\t\t\t\t<div class=\"elementor-widget-container\">\n\t\t\t\t\t\t\t\t\t<p>El <strong>panell sandvitx teula Marsella<\/strong> \u00e9s la soluci\u00f3 ideal per als que busquen combinar est\u00e8tica tradicional amb tecnologia moderna. Aquest panell imita perfectament l&#8217;aparen\u00e7a de la teula cl\u00e0ssica, oferint un acabat elegant i r\u00fastic, per\u00f2 amb tots els avantatges del panell sandvitx: excel\u00b7lent a\u00efllament t\u00e8rmic, f\u00e0cil instal\u00b7laci\u00f3 i m\u00e0xima resist\u00e8ncia. Perfecte per a cobertes d&#8217;habitatges, porxos o p\u00e8rgoles, el panell teula Marsella \u00e9s lleuger, durador i garanteix protecci\u00f3 contra filtracions i canvis clim\u00e0tics. La tradici\u00f3 mai no va ser tan eficient!   <\/p>\n\t\t\t\t\t\t\t\t<\/div>\n\t\t\t\t<\/div>\n\t\t\t\t<div class=\"elementor-element elementor-element-3b65599a elementor-tabs-view-horizontal elementor-widget elementor-widget-tabs\" data-id=\"3b65599a\" data-element_type=\"widget\" data-e-type=\"widget\" data-widget_type=\"tabs.default\">\n\t\t\t\t<div class=\"elementor-widget-container\">\n\t\t\t\t\t\t\t<div class=\"elementor-tabs\">\n\t\t\t<div class=\"elementor-tabs-wrapper\" role=\"tablist\" >\n\t\t\t\t\t\t\t\t\t<div id=\"elementor-tab-title-9961\" class=\"elementor-tab-title elementor-tab-desktop-title\" aria-selected=\"true\" data-tab=\"1\" role=\"tab\" tabindex=\"0\" aria-controls=\"elementor-tab-content-9961\" aria-expanded=\"false\">Descripci\u00f3\/ Aplicaci\u00f3<\/div>\n\t\t\t\t\t\t\t\t\t<div id=\"elementor-tab-title-9962\" class=\"elementor-tab-title elementor-tab-desktop-title\" aria-selected=\"false\" data-tab=\"2\" role=\"tab\" tabindex=\"-1\" aria-controls=\"elementor-tab-content-9962\" aria-expanded=\"false\">Taula de C\u00e0rregues<\/div>\n\t\t\t\t\t\t\t\t\t<div id=\"elementor-tab-title-9963\" class=\"elementor-tab-title elementor-tab-desktop-title\" aria-selected=\"false\" data-tab=\"3\" role=\"tab\" tabindex=\"-1\" aria-controls=\"elementor-tab-content-9963\" aria-expanded=\"false\">Colors Disponibles<\/div>\n\t\t\t\t\t\t\t\t\t<div id=\"elementor-tab-title-9964\" class=\"elementor-tab-title elementor-tab-desktop-title\" aria-selected=\"false\" data-tab=\"4\" role=\"tab\" tabindex=\"-1\" aria-controls=\"elementor-tab-content-9964\" aria-expanded=\"false\">Fitxes T\u00e8cniques \/ Desc\u00e0rregues<\/div>\n\t\t\t\t\t\t\t<\/div>\n\t\t\t<div class=\"elementor-tabs-content-wrapper\" role=\"tablist\" aria-orientation=\"vertical\">\n\t\t\t\t\t\t\t\t\t<div class=\"elementor-tab-title elementor-tab-mobile-title\" aria-selected=\"true\" data-tab=\"1\" role=\"tab\" tabindex=\"0\" aria-controls=\"elementor-tab-content-9961\" aria-expanded=\"false\">Descripci\u00f3\/ Aplicaci\u00f3<\/div>\n\t\t\t\t\t<div id=\"elementor-tab-content-9961\" class=\"elementor-tab-content elementor-clearfix\" data-tab=\"1\" role=\"tabpanel\" aria-labelledby=\"elementor-tab-title-9961\" tabindex=\"0\" hidden=\"false\"><h3><strong>Aplicaci\u00f3:<\/strong><\/h3>\n<p>Cobertes dedificis.<\/p>\n<h3><strong>Tipus d&#8217;Uni\u00f3 i Cargoles:<\/strong><\/h3>\n<p>Tipus d&#8217;Uni\u00f3: Tipus Solape. El cargol queda vist.<\/p>\n<p>Cargols: Cargol amb <span style=\"color: var( --e-global-color-text ); font-family: var( --e-global-typography-text-font-family ), Sans-serif; font-weight: var( --e-global-typography-text-font-weight ); font-size: 1rem;\">arandella de goma.<\/span><\/p>\n<h3><strong><img fetchpriority=\"high\" decoding=\"async\" class=\"alignnone size-medium wp-image-67845\" src=\"https:\/\/panelsandwich.org\/wp-content\/uploads\/2024\/11\/Captura-300x295.jpg\" alt=\"\" width=\"300\" height=\"295\" title=\"\" srcset=\"https:\/\/panelsandwich.org\/wp-content\/uploads\/2024\/11\/Captura-300x295.jpg 300w, https:\/\/panelsandwich.org\/wp-content\/uploads\/2024\/11\/Captura.jpg 600w\" sizes=\"(max-width: 300px) 100vw, 300px\" \/><\/strong><\/h3>\n<\/p>\n<h3><strong>Dimensions:<\/strong><\/h3>\n<p>Gruixos: 40-60-80 mm \u00b12 mm<\/p>\n<p>Amplada: 1000 mm \u00b12 mm<\/p>\n<p>Llarg: 2,10 &#8211; 14,00 m, en m\u00faltiples de 0,35 m<\/p>\n<p>Llarg m\u00e0xim recomanat: 8,05 m<\/p>\n<p><img decoding=\"async\" class=\"alignnone wp-image-67850 size-large lazyload\" data-src=\"https:\/\/panelsandwich.org\/wp-content\/uploads\/2024\/11\/Captura-1-1024x303.jpg\" alt=\"\" width=\"1024\" height=\"303\" title=\"\" data-srcset=\"https:\/\/panelsandwich.org\/wp-content\/uploads\/2024\/11\/Captura-1-1024x303.jpg 1024w, https:\/\/panelsandwich.org\/wp-content\/uploads\/2024\/11\/Captura-1-300x89.jpg 300w, https:\/\/panelsandwich.org\/wp-content\/uploads\/2024\/11\/Captura-1-768x227.jpg 768w, https:\/\/panelsandwich.org\/wp-content\/uploads\/2024\/11\/Captura-1-1536x454.jpg 1536w, https:\/\/panelsandwich.org\/wp-content\/uploads\/2024\/11\/Captura-1.jpg 1673w\" data-sizes=\"(max-width: 1024px) 100vw, 1024px\" src=\"data:image\/svg+xml;base64,PHN2ZyB3aWR0aD0iMSIgaGVpZ2h0PSIxIiB4bWxucz0iaHR0cDovL3d3dy53My5vcmcvMjAwMC9zdmciPjwvc3ZnPg==\" style=\"--smush-placeholder-width: 1024px; --smush-placeholder-aspect-ratio: 1024\/303;\" \/>&nbsp;<\/p>\n<h3><strong>Suport met\u00e0l\u00b7lic:<\/strong><\/h3>\n<p>Nucli en xapa d&#8217;acer galvanitzat qualitat S250GD: EN 10142<\/p>\n<p>Gruixos: 0,4\u20130,5\u20130,6 mm<\/p>\n<h3><strong>Nucli a\u00efllant:<\/strong><\/h3>\n<p>Poliuret\u00e0 (PUR) | Poliisocianurat (PIR)<\/p>\n<p>Conductivitat t\u00e8rmica: PUR: 0,022 W\/mK | PIR: 0,022 W\/mK Densitat: 40 kg\/m3 \u00b110%<\/p>\n<p>Reacci\u00f3 al foc: PUR: B-s2,d0 | PIR: B-s2,d0 | PIR-HI: B-s1,d0<\/p>\n<p>Resist\u00e8ncia a la tracci\u00f3 a les xapes (adhesi\u00f3)&gt; 0.10 MPa<\/p>\n<p>Resist\u00e8ncia a la compressi\u00f3 al 10% de deformaci\u00f3&gt; 0.10 MPa<\/p>\n<h3><strong>Revestiment:<\/strong><\/h3>\n<p>Est\u00e0ndard: Pintura poli\u00e8ster texturada 25 \u00b5m<\/p>\n<p>Especials: Granite HDX 55 \u00b5m | PVC 180 \u00b5m color fusta texturada per a la cara interior<\/p>\n<\/div>\n\t\t\t\t\t\t\t\t\t<div class=\"elementor-tab-title elementor-tab-mobile-title\" aria-selected=\"false\" data-tab=\"2\" role=\"tab\" tabindex=\"-1\" aria-controls=\"elementor-tab-content-9962\" aria-expanded=\"false\">Taula de C\u00e0rregues<\/div>\n\t\t\t\t\t<div id=\"elementor-tab-content-9962\" class=\"elementor-tab-content elementor-clearfix\" data-tab=\"2\" role=\"tabpanel\" aria-labelledby=\"elementor-tab-title-9962\" tabindex=\"0\" hidden=\"hidden\"><h2><strong style=\"color: var( --e-global-color-text ); font-family: var( --e-global-typography-text-font-family ), Sans-serif; font-size: 1rem;\"><img decoding=\"async\" class=\"size-full wp-image-30855 lazyload\" data-src=\"https:\/\/panelsandwich.org\/wp-content\/uploads\/2017\/12\/cms_TEJA_cargas1.JPG\" alt=\"\" width=\"100%\" title=\"\" data-srcset=\"https:\/\/panelsandwich.org\/wp-content\/uploads\/2017\/12\/cms_TEJA_cargas1.JPG 1376w, https:\/\/panelsandwich.org\/wp-content\/uploads\/2017\/12\/cms_TEJA_cargas1-300x135.jpg 300w, https:\/\/panelsandwich.org\/wp-content\/uploads\/2017\/12\/cms_TEJA_cargas1-1024x461.jpg 1024w, https:\/\/panelsandwich.org\/wp-content\/uploads\/2017\/12\/cms_TEJA_cargas1-768x346.jpg 768w, https:\/\/panelsandwich.org\/wp-content\/uploads\/2017\/12\/cms_TEJA_cargas1-600x270.jpg 600w\" data-sizes=\"(max-width: 1376px) 100vw, 1376px\" src=\"data:image\/svg+xml;base64,PHN2ZyB3aWR0aD0iMSIgaGVpZ2h0PSIxIiB4bWxucz0iaHR0cDovL3d3dy53My5vcmcvMjAwMC9zdmciPjwvc3ZnPg==\" style=\"--smush-placeholder-width: 1376px; --smush-placeholder-aspect-ratio: 1376\/620;\" \/><\/strong><\/h2>\n<p><strong><img decoding=\"async\" class=\"size-full wp-image-30856 lazyload\" data-src=\"https:\/\/panelsandwich.org\/wp-content\/uploads\/2017\/12\/cms_TEJA_cargas2.JPG\" alt=\"\" width=\"100%\" title=\"\" data-srcset=\"https:\/\/panelsandwich.org\/wp-content\/uploads\/2017\/12\/cms_TEJA_cargas2.JPG 1364w, https:\/\/panelsandwich.org\/wp-content\/uploads\/2017\/12\/cms_TEJA_cargas2-300x132.jpg 300w, https:\/\/panelsandwich.org\/wp-content\/uploads\/2017\/12\/cms_TEJA_cargas2-1024x450.jpg 1024w, https:\/\/panelsandwich.org\/wp-content\/uploads\/2017\/12\/cms_TEJA_cargas2-768x338.jpg 768w, https:\/\/panelsandwich.org\/wp-content\/uploads\/2017\/12\/cms_TEJA_cargas2-600x264.jpg 600w\" data-sizes=\"(max-width: 1364px) 100vw, 1364px\" src=\"data:image\/svg+xml;base64,PHN2ZyB3aWR0aD0iMSIgaGVpZ2h0PSIxIiB4bWxucz0iaHR0cDovL3d3dy53My5vcmcvMjAwMC9zdmciPjwvc3ZnPg==\" style=\"--smush-placeholder-width: 1364px; --smush-placeholder-aspect-ratio: 1364\/600;\" \/><\/strong><\/p>\n<p><strong><img decoding=\"async\" class=\"size-full wp-image-30857 lazyload\" data-src=\"https:\/\/panelsandwich.org\/wp-content\/uploads\/2017\/12\/cms_TEJA_cargas3.JPG\" alt=\"\" width=\"100%\" title=\"\" data-srcset=\"https:\/\/panelsandwich.org\/wp-content\/uploads\/2017\/12\/cms_TEJA_cargas3.JPG 1366w, https:\/\/panelsandwich.org\/wp-content\/uploads\/2017\/12\/cms_TEJA_cargas3-300x60.jpg 300w, https:\/\/panelsandwich.org\/wp-content\/uploads\/2017\/12\/cms_TEJA_cargas3-1024x205.jpg 1024w, https:\/\/panelsandwich.org\/wp-content\/uploads\/2017\/12\/cms_TEJA_cargas3-768x154.jpg 768w, https:\/\/panelsandwich.org\/wp-content\/uploads\/2017\/12\/cms_TEJA_cargas3-600x120.jpg 600w\" data-sizes=\"(max-width: 1366px) 100vw, 1366px\" src=\"data:image\/svg+xml;base64,PHN2ZyB3aWR0aD0iMSIgaGVpZ2h0PSIxIiB4bWxucz0iaHR0cDovL3d3dy53My5vcmcvMjAwMC9zdmciPjwvc3ZnPg==\" style=\"--smush-placeholder-width: 1366px; --smush-placeholder-aspect-ratio: 1366\/274;\" \/><\/strong><\/p>\n<\/div>\n\t\t\t\t\t\t\t\t\t<div class=\"elementor-tab-title elementor-tab-mobile-title\" aria-selected=\"false\" data-tab=\"3\" role=\"tab\" tabindex=\"-1\" aria-controls=\"elementor-tab-content-9963\" aria-expanded=\"false\">Colors Disponibles<\/div>\n\t\t\t\t\t<div id=\"elementor-tab-content-9963\" class=\"elementor-tab-content elementor-clearfix\" data-tab=\"3\" role=\"tabpanel\" aria-labelledby=\"elementor-tab-title-9963\" tabindex=\"0\" hidden=\"hidden\"><h3 style=\"font-family: Roboto, sans-serif; color: #7a7a7a;\"><span style=\"font-weight: bolder;\">Gamma de colors<\/span><\/h3>\n<p style=\"font-size: 16px;\">Els colors mostrats al cat\u00e0leg obeeixen els nostres est\u00e0ndards amb la major precisi\u00f3 possible. Aix\u00f2 no obstant, s\u00f3n inevitables petits canvis, ra\u00f3 que ens porta a recomanar que es faci sempre un examen de color amb una mostra real.<\/p>\n<p style=\"font-size: 16px;\"><img decoding=\"async\" class=\"size-full wp-image-30858 aligncenter lazyload\" data-src=\"https:\/\/panelsandwich.org\/wp-content\/uploads\/2017\/12\/cms_TEJA_colores.JPG\" alt=\"\" width=\"50%\" title=\"\" data-srcset=\"https:\/\/panelsandwich.org\/wp-content\/uploads\/2017\/12\/cms_TEJA_colores.JPG 648w, https:\/\/panelsandwich.org\/wp-content\/uploads\/2017\/12\/cms_TEJA_colores-284x300.jpg 284w, https:\/\/panelsandwich.org\/wp-content\/uploads\/2017\/12\/cms_TEJA_colores-600x633.jpg 600w\" data-sizes=\"(max-width: 648px) 100vw, 648px\" src=\"data:image\/svg+xml;base64,PHN2ZyB3aWR0aD0iMSIgaGVpZ2h0PSIxIiB4bWxucz0iaHR0cDovL3d3dy53My5vcmcvMjAwMC9zdmciPjwvc3ZnPg==\" style=\"--smush-placeholder-width: 648px; --smush-placeholder-aspect-ratio: 648\/684;\" \/><\/p>\n<\/div>\n\t\t\t\t\t\t\t\t\t<div class=\"elementor-tab-title elementor-tab-mobile-title\" aria-selected=\"false\" data-tab=\"4\" role=\"tab\" tabindex=\"-1\" aria-controls=\"elementor-tab-content-9964\" aria-expanded=\"false\">Fitxes T\u00e8cniques \/ Desc\u00e0rregues<\/div>\n\t\t\t\t\t<div id=\"elementor-tab-content-9964\" class=\"elementor-tab-content elementor-clearfix\" data-tab=\"4\" role=\"tabpanel\" aria-labelledby=\"elementor-tab-title-9964\" tabindex=\"0\" hidden=\"hidden\"><p><a href=\"https:\/\/panelsandwich.org\/wp-content\/uploads\/2024\/11\/Panel-Sandwich-Imitacion-Teja-Marsella-PanelSandwichORG.pdf\" target=\"_blank\" rel=\"noopener\"><button style=\"background-color: #ffa300; border-color: black; color: white;\" spellcheck=\"false\" data-lt-tmp-id=\"lt-827558\" data-gramm=\"false\">Descarregar Fitxa T\u00e8cnica<\/button><\/a><\/p>\n<\/div>\n\t\t\t\t\t\t\t<\/div>\n\t\t<\/div>\n\t\t\t\t\t\t<\/div>\n\t\t\t\t<\/div>\n\t\t\t\t\t<\/div>\n\t\t<\/div>\n\t\t\t\t\t<\/div>\n\t\t<\/section>\n\t\t\t\t<\/div>\n\t\t","protected":false},"excerpt":{"rendered":"<p>Panell Sandwich Teja Marsella: La Millor Opci\u00f3 de Coberta<\/p>\n","protected":false},"featured_media":67738,"comment_status":"closed","ping_status":"closed","template":"","meta":[],"product_brand":[],"product_cat":[3239],"product_tag":[3244,3240,3242,3241,3243,3245],"class_list":{"0":"post-67661","1":"product","2":"type-product","3":"status-publish","4":"has-post-thumbnail","6":"product_cat-panell-sandwich-teula","7":"product_tag-estructura-metall","8":"product_tag-panell","9":"product_tag-panell-imitacio-teula","10":"product_tag-panell-sandvitx","11":"product_tag-panell-teula","12":"product_tag-sense-cargols","13":"pa_colorexterior-teula-ral-3009","14":"pa_colorinterior-blanc-pirineu-ral-9010","15":"pa_colorinterior-fusta-alistonada","16":"pa_espesorespuma-3-cm-7-cm-gruix-mitja-5-cm","17":"pa_espesorespuma-4-cm-8-cm-gruix-mitja-6-cm","18":"pa_espesorespuma-5-cm-9-cm-gruix-mitja-7-cm","19":"pa_tipoaislamiento-escuma-pir-hi-b-s1-d0","20":"pa_tipoaislamiento-escuma-pur-b-s2-d0","21":"pa_tipoaislamiento-escuma-pur-c-s3-d0","23":"first","24":"outofstock","25":"taxable","26":"shipping-taxable","27":"purchasable","28":"product-type-variable","29":"has-default-attributes"},"_links":{"self":[{"href":"https:\/\/panelsandwich.org\/ca\/wp-json\/wp\/v2\/product\/67661","targetHints":{"allow":["GET"]}}],"collection":[{"href":"https:\/\/panelsandwich.org\/ca\/wp-json\/wp\/v2\/product"}],"about":[{"href":"https:\/\/panelsandwich.org\/ca\/wp-json\/wp\/v2\/types\/product"}],"replies":[{"embeddable":true,"href":"https:\/\/panelsandwich.org\/ca\/wp-json\/wp\/v2\/comments?post=67661"}],"version-history":[{"count":0,"href":"https:\/\/panelsandwich.org\/ca\/wp-json\/wp\/v2\/product\/67661\/revisions"}],"wp:featuredmedia":[{"embeddable":true,"href":"https:\/\/panelsandwich.org\/ca\/wp-json\/wp\/v2\/media\/67738"}],"wp:attachment":[{"href":"https:\/\/panelsandwich.org\/ca\/wp-json\/wp\/v2\/media?parent=67661"}],"wp:term":[{"taxonomy":"product_brand","embeddable":true,"href":"https:\/\/panelsandwich.org\/ca\/wp-json\/wp\/v2\/product_brand?post=67661"},{"taxonomy":"product_cat","embeddable":true,"href":"https:\/\/panelsandwich.org\/ca\/wp-json\/wp\/v2\/product_cat?post=67661"},{"taxonomy":"product_tag","embeddable":true,"href":"https:\/\/panelsandwich.org\/ca\/wp-json\/wp\/v2\/product_tag?post=67661"}],"curies":[{"name":"wp","href":"https:\/\/api.w.org\/{rel}","templated":true}]}}