{"id":43399,"date":"2022-12-25T10:36:06","date_gmt":"2022-12-25T09:36:06","guid":{"rendered":"https:\/\/panelsandwich.org\/paiement-securise\/"},"modified":"2024-02-19T15:34:12","modified_gmt":"2024-02-19T14:34:12","slug":"paiement-securise","status":"publish","type":"page","link":"https:\/\/panelsandwich.org\/fr\/paiement-securise\/","title":{"rendered":"Paiement s\u00e9curis\u00e9"},"content":{"rendered":"\t\t<div data-elementor-type=\"wp-page\" data-elementor-id=\"43399\" class=\"elementor elementor-43399 elementor-1320\" data-elementor-post-type=\"page\">\n\t\t\t\t\t\t<section class=\"elementor-section elementor-top-section elementor-element elementor-element-317c167 elementor-section-boxed elementor-section-height-default elementor-section-height-default\" data-id=\"317c167\" data-element_type=\"section\" data-e-type=\"section\" data-settings=\"{&quot;background_background&quot;:&quot;classic&quot;,&quot;jet_parallax_layout_list&quot;:[]}\">\n\t\t\t\t\t\t<div class=\"elementor-container elementor-column-gap-default\">\n\t\t\t\t\t<div class=\"elementor-column elementor-col-100 elementor-top-column elementor-element elementor-element-a70002e\" data-id=\"a70002e\" data-element_type=\"column\" data-e-type=\"column\">\n\t\t\t<div class=\"elementor-widget-wrap elementor-element-populated\">\n\t\t\t\t\t\t<div class=\"elementor-element elementor-element-40bd93a elementor-widget elementor-widget-heading\" data-id=\"40bd93a\" data-element_type=\"widget\" data-e-type=\"widget\" data-widget_type=\"heading.default\">\n\t\t\t\t<div class=\"elementor-widget-container\">\n\t\t\t\t\t<h1 class=\"elementor-heading-title elementor-size-default\">Paiement s\u00e9curis\u00e9 - Panel Sandwich. ORG<\/h1>\t\t\t\t<\/div>\n\t\t\t\t<\/div>\n\t\t\t\t\t<\/div>\n\t\t<\/div>\n\t\t\t\t\t<\/div>\n\t\t<\/section>\n\t\t\t\t<section class=\"elementor-section elementor-top-section elementor-element elementor-element-f23d4d5 elementor-section-boxed elementor-section-height-default elementor-section-height-default\" data-id=\"f23d4d5\" data-element_type=\"section\" data-e-type=\"section\" data-settings=\"{&quot;jet_parallax_layout_list&quot;:[]}\">\n\t\t\t\t\t\t<div class=\"elementor-container elementor-column-gap-default\">\n\t\t\t\t\t<div class=\"elementor-column elementor-col-100 elementor-top-column elementor-element elementor-element-0d5c967\" data-id=\"0d5c967\" data-element_type=\"column\" data-e-type=\"column\">\n\t\t\t<div class=\"elementor-widget-wrap elementor-element-populated\">\n\t\t\t\t\t\t<div class=\"elementor-element elementor-element-d613532 elementor-widget elementor-widget-text-editor\" data-id=\"d613532\" data-element_type=\"widget\" data-e-type=\"widget\" data-widget_type=\"text-editor.default\">\n\t\t\t\t<div class=\"elementor-widget-container\">\n\t\t\t\t\t\t\t\t\t<p style=\"font-weight: 400;\">Notre objectif est de rendre votre achat rapide et facile en vous offrant une vari\u00e9t\u00e9 de m\u00e9thodes de paiement, afin que vous puissiez choisir celle qui vous convient le mieux. Le paiement par carte de cr\u00e9dit\/d\u00e9bit, virement bancaire ou PayPal est accept\u00e9.<\/p>\n<p style=\"font-weight: 400;\">Le client s&rsquo;engage \u00e0 payer au moment de la commande. Le prix initial indiqu\u00e9 par Starmodul S.L. pour chacun des produits propos\u00e9s sera major\u00e9 des frais d&rsquo;exp\u00e9dition correspondants. En tout \u00e9tat de cause, ces tarifs seront communiqu\u00e9s au client avant la formalisation de l&rsquo;achat.<\/p>\n<p style=\"font-weight: 400;\">Le re\u00e7u ou la preuve d&rsquo;achat correspondant au bon de commande sera disponible et pourra \u00eatre consult\u00e9 sur le site www.starmodul.com dans la section \u00ab\u00a0Mon compte\u00a0\u00bb, \u00ab\u00a0Commandes\u00a0\u00bb.<\/p>\n<p style=\"font-weight: 400;\">Le Client doit payer le montant correspondant \u00e0 sa commande par carte de cr\u00e9dit ou de d\u00e9bit (Visa, Mastercard, Visa Electron et\/ou autres cartes similaires), virement bancaire ou Paypal. La carte avec laquelle le paiement est effectu\u00e9 doit \u00eatre \u00e9mise par une banque ou une caisse d&rsquo;\u00e9pargne europ\u00e9enne. Le paiement par carte s&rsquo;effectue par l&rsquo;interm\u00e9diaire de Cajamar et de ses protocoles de s\u00e9curit\u00e9.<\/p>\n<p style=\"font-weight: 400;\">Le Client doit signaler \u00e0 Starmodul S.L. tout pr\u00e9l\u00e8vement indu ou frauduleux sur la carte utilis\u00e9e pour les achats, par email ou par t\u00e9l\u00e9phone, dans les plus brefs d\u00e9lais afin que Starmodul S.L. puisse prendre les mesures ad\u00e9quates.<\/p>\n\t\t\t\t\t\t\t\t<\/div>\n\t\t\t\t<\/div>\n\t\t\t\t\t<\/div>\n\t\t<\/div>\n\t\t\t\t\t<\/div>\n\t\t<\/section>\n\t\t\t\t<section class=\"elementor-section elementor-top-section elementor-element elementor-element-093c60a elementor-section-boxed elementor-section-height-default elementor-section-height-default\" data-id=\"093c60a\" data-element_type=\"section\" data-e-type=\"section\" data-settings=\"{&quot;jet_parallax_layout_list&quot;:[],&quot;background_background&quot;:&quot;classic&quot;}\">\n\t\t\t\t\t\t<div class=\"elementor-container elementor-column-gap-default\">\n\t\t\t\t\t<div class=\"elementor-column elementor-col-100 elementor-top-column elementor-element elementor-element-ee0b2dd\" data-id=\"ee0b2dd\" data-element_type=\"column\" data-e-type=\"column\">\n\t\t\t<div class=\"elementor-widget-wrap elementor-element-populated\">\n\t\t\t\t\t\t<div class=\"elementor-element elementor-element-4157986 elementor-widget elementor-widget-heading\" data-id=\"4157986\" data-element_type=\"widget\" data-e-type=\"widget\" data-widget_type=\"heading.default\">\n\t\t\t\t<div class=\"elementor-widget-container\">\n\t\t\t\t\t<h2 class=\"elementor-heading-title elementor-size-default\">Paiement s\u00e9curis\u00e9 par carte<\/h2>\t\t\t\t<\/div>\n\t\t\t\t<\/div>\n\t\t\t\t<div class=\"elementor-element elementor-element-7ff2154 elementor-widget elementor-widget-text-editor\" data-id=\"7ff2154\" data-element_type=\"widget\" data-e-type=\"widget\" data-widget_type=\"text-editor.default\">\n\t\t\t\t<div class=\"elementor-widget-container\">\n\t\t\t\t\t\t\t\t\t<p style=\"font-weight: 400;\">Starmodul S.L. met \u00e0 votre disposition le syst\u00e8me de paiement s\u00e9curis\u00e9 par carte en ligne, gr\u00e2ce auquel vous pourrez effectuer vos achats en ligne avec un maximum de tranquillit\u00e9 et de s\u00e9curit\u00e9. Toutes les donn\u00e9es fournies dans le cadre du processus sont crypt\u00e9es selon le protocole SSL (Secure Socket Layers) afin de garantir la plus grande s\u00e9curit\u00e9 et ne peuvent \u00eatre intercept\u00e9es lors de leur transmission.<\/p>\n<p style=\"font-weight: 400;\">\u00c0 cette fin, Starmodul S.L. a adopt\u00e9 la norme internationale de s\u00e9curit\u00e9 VISA, appel\u00e9e Verified by VISA, mise en \u0153uvre depuis avril 2002. Pour Mastercard, il s&rsquo;agit du \u00ab\u00a0MasterCard SecureCode\u00a0\u00bb.<\/p>\n<ul style=\"font-weight: 400;\">\n<li><a href=\"https:\/\/sis-t.redsys.es:25443\/sis\/html\/verifiedByVisa1.html\" target=\"_blank\" rel=\"noopener\">V\u00c9RIFI\u00c9 PAR VISA<\/a><\/li>\n<li><a href=\"https:\/\/www.mastercard.us\/en-us.html\" target=\"_blank\" rel=\"noopener\">CODE S\u00c9CURIS\u00c9 MASTERCARD<\/a><\/li>\n<\/ul>\n<p style=\"font-weight: 400;\">De plus amples informations sur ce service sont disponibles sur la page V\u00e9rifi\u00e9 par VISA.<\/p>\n\t\t\t\t\t\t\t\t<\/div>\n\t\t\t\t<\/div>\n\t\t\t\t\t<\/div>\n\t\t<\/div>\n\t\t\t\t\t<\/div>\n\t\t<\/section>\n\t\t\t\t<section class=\"elementor-section elementor-top-section elementor-element elementor-element-24cf5ee elementor-section-boxed elementor-section-height-default elementor-section-height-default\" data-id=\"24cf5ee\" data-element_type=\"section\" data-e-type=\"section\" data-settings=\"{&quot;jet_parallax_layout_list&quot;:[]}\">\n\t\t\t\t\t\t<div class=\"elementor-container elementor-column-gap-default\">\n\t\t\t\t\t<div class=\"elementor-column elementor-col-100 elementor-top-column elementor-element elementor-element-547555a\" data-id=\"547555a\" data-element_type=\"column\" data-e-type=\"column\">\n\t\t\t<div class=\"elementor-widget-wrap elementor-element-populated\">\n\t\t\t\t\t\t<div class=\"elementor-element elementor-element-fff86d8 elementor-widget elementor-widget-heading\" data-id=\"fff86d8\" data-element_type=\"widget\" data-e-type=\"widget\" data-widget_type=\"heading.default\">\n\t\t\t\t<div class=\"elementor-widget-container\">\n\t\t\t\t\t<h2 class=\"elementor-heading-title elementor-size-default\">Comment fonctionnent les syst\u00e8mes Verified By Visa - MasterCard SecureCode ?<\/h2>\t\t\t\t<\/div>\n\t\t\t\t<\/div>\n\t\t\t\t<div class=\"elementor-element elementor-element-00c0cd2 elementor-widget elementor-widget-text-editor\" data-id=\"00c0cd2\" data-element_type=\"widget\" data-e-type=\"widget\" data-widget_type=\"text-editor.default\">\n\t\t\t\t<div class=\"elementor-widget-container\">\n\t\t\t\t\t\t\t\t\t<p style=\"font-weight: 400;\">Vous devez contacter votre agence bancaire et demander l&rsquo;activation du service de paiement s\u00e9curis\u00e9 pour les achats en ligne. Ce syst\u00e8me se compose d&rsquo;un mot de passe, d&rsquo;une phrase que vous \u00eates le seul \u00e0 conna\u00eetre, d&rsquo;un code al\u00e9atoire envoy\u00e9 sur votre t\u00e9l\u00e9phone portable, etc. Chaque banque a son propre syst\u00e8me d&rsquo;identification. De nombreuses banques proposent m\u00eame l&rsquo;inscription en ligne, sans qu&rsquo;il soit n\u00e9cessaire de se rendre \u00e0 l&rsquo;agence. V\u00e9rifiez aupr\u00e8s de votre banque.<\/p>\n<p style=\"font-weight: 400;\">Le syst\u00e8me consiste en ce que, lorsque vous avez fini de s\u00e9lectionner le mode de paiement et SANS AUCUN D\u00c9TAIL DE CARTE \u00c0 STARMODUL S.L., notre boutique vous envoie, ainsi que les informations relatives \u00e0 votre commande, directement \u00e0 la passerelle s\u00e9curis\u00e9e de la banque afin que vous puissiez terminer le processus d&rsquo;achat avec votre carte. De cette fa\u00e7on, votre annonceur ne conna\u00eet JAMAIS les d\u00e9tails de votre carte.<\/p>\n\t\t\t\t\t\t\t\t<\/div>\n\t\t\t\t<\/div>\n\t\t\t\t\t<\/div>\n\t\t<\/div>\n\t\t\t\t\t<\/div>\n\t\t<\/section>\n\t\t\t\t<\/div>\n\t\t","protected":false},"excerpt":{"rendered":"<p>Paiement s\u00e9curis\u00e9 &#8211; Panel Sandwich. ORG Notre objectif est de rendre votre achat rapide et facile en vous offrant une vari\u00e9t\u00e9 de m\u00e9thodes de paiement, afin que vous puissiez choisir celle qui vous convient le mieux. Le paiement par carte de cr\u00e9dit\/d\u00e9bit, virement bancaire ou PayPal est accept\u00e9. Le client s&rsquo;engage \u00e0 payer au moment [&hellip;]<\/p>\n","protected":false},"author":5963,"featured_media":0,"parent":0,"menu_order":0,"comment_status":"closed","ping_status":"closed","template":"elementor_header_footer","meta":{"footnotes":""},"class_list":["post-43399","page","type-page","status-publish","hentry"],"_links":{"self":[{"href":"https:\/\/panelsandwich.org\/fr\/wp-json\/wp\/v2\/pages\/43399","targetHints":{"allow":["GET"]}}],"collection":[{"href":"https:\/\/panelsandwich.org\/fr\/wp-json\/wp\/v2\/pages"}],"about":[{"href":"https:\/\/panelsandwich.org\/fr\/wp-json\/wp\/v2\/types\/page"}],"author":[{"embeddable":true,"href":"https:\/\/panelsandwich.org\/fr\/wp-json\/wp\/v2\/users\/5963"}],"replies":[{"embeddable":true,"href":"https:\/\/panelsandwich.org\/fr\/wp-json\/wp\/v2\/comments?post=43399"}],"version-history":[{"count":0,"href":"https:\/\/panelsandwich.org\/fr\/wp-json\/wp\/v2\/pages\/43399\/revisions"}],"wp:attachment":[{"href":"https:\/\/panelsandwich.org\/fr\/wp-json\/wp\/v2\/media?parent=43399"}],"curies":[{"name":"wp","href":"https:\/\/api.w.org\/{rel}","templated":true}]}}