{"id":43427,"date":"2023-09-29T10:39:22","date_gmt":"2023-09-29T08:39:22","guid":{"rendered":"https:\/\/panelsandwich.org\/09-epreuves-du-feu\/"},"modified":"2025-01-15T10:55:21","modified_gmt":"2025-01-15T09:55:21","slug":"09-epreuves-du-feu","status":"publish","type":"page","link":"https:\/\/panelsandwich.org\/fr\/09-epreuves-du-feu\/","title":{"rendered":"09 &#8211; \u00c9preuves du feu"},"content":{"rendered":"\t\t<div data-elementor-type=\"wp-page\" data-elementor-id=\"43427\" class=\"elementor elementor-43427 elementor-33525\" data-elementor-post-type=\"page\">\n\t\t\t\t<div class=\"elementor-element elementor-element-4e14d08 e-flex e-con-boxed e-con e-parent\" data-id=\"4e14d08\" data-element_type=\"container\" data-e-type=\"container\" data-settings=\"{&quot;jet_parallax_layout_list&quot;:[]}\">\n\t\t\t\t\t<div class=\"e-con-inner\">\n\t\t\t\t<div class=\"elementor-element elementor-element-c768893 elementor-widget elementor-widget-text-editor\" data-id=\"c768893\" data-element_type=\"widget\" data-e-type=\"widget\" data-widget_type=\"text-editor.default\">\n\t\t\t\t<div class=\"elementor-widget-container\">\n\t\t\t\t\t\t\t\t\t<h1><strong>R\u00e9action au feu des panneaux sandwichs selon les Euroclasses<\/strong><\/h1>\n<p>La norme europ\u00e9enne <strong>Euroclass<\/strong> \u00e9value la performance au feu des mat\u00e9riaux, y compris les <strong>panneaux sandwichs<\/strong>, et leur contribution \u00e0 la propagation du feu. Cette classification est essentielle pour garantir la s\u00e9curit\u00e9 dans la construction et facilite l&rsquo;uniformit\u00e9 dans l&rsquo;utilisation des mat\u00e9riaux au sein de l&rsquo;Union europ\u00e9enne. Nous d\u00e9taillons ci-dessous la classification des panneaux sandwichs en fonction de leur r\u00e9sistance au feu et d&rsquo;autres crit\u00e8res :  <\/p>\n<hr>\n<h2><strong>Contribution \u00e9nerg\u00e9tique \u00e0 l&rsquo;incendie (classes A1, A2, B, C, D, E et F)<\/strong><\/h2>\n<ol>\n<li><strong>A1<\/strong>: Panneaux sandwiches <strong>incombustibles<\/strong> qui ne contribuent en aucun cas au d\u00e9veloppement d&rsquo;un incendie. Aucun essai suppl\u00e9mentaire de fum\u00e9e et de gouttelettes enflamm\u00e9es n&rsquo;est requis. <\/li>\n<li><strong>A2<\/strong>: Panneaux sandwichs <strong>pratiquement incombustibles<\/strong>, avec un comportement similaire \u00e0 A1 mais avec un impact minimal sur le feu.<\/li>\n<li><strong>B<\/strong>: Panneaux sandwichs qui <strong>r\u00e9sistent \u00e0 l&rsquo;attaque prolong\u00e9e de petites flammes<\/strong> et limitent consid\u00e9rablement la propagation du feu.<\/li>\n<li><strong>C<\/strong>: Panneaux sandwichs qui r\u00e9sistent \u00e0 une courte attaque de petites flammes, mais dont <strong>la propagation du feu est moins limit\u00e9e<\/strong> que celle de la classe B.<\/li>\n<li><strong>D<\/strong>: Panneaux sandwichs dont la r\u00e9sistance au feu est limit\u00e9e, ce qui permet une propagation accrue du feu.<\/li>\n<li><strong>E<\/strong>: Panneaux sandwich avec une r\u00e9sistance au feu de base, qui peuvent facilement s&rsquo;enflammer.<\/li>\n<li><strong>F<\/strong>: Panneaux sandwichs <strong>non class\u00e9s<\/strong> ou ne r\u00e9pondant pas aux crit\u00e8res minimaux.<\/li>\n<\/ol>\n<hr>\n<h3><strong>Opacit\u00e9 de la fum\u00e9e (s1, s2, s3)<\/strong><\/h3>\n<p>Dans les panneaux sandwichs, la production de fum\u00e9e est class\u00e9e en trois niveaux :<\/p>\n<ul>\n<li><strong>s1<\/strong>: <strong>Faible opacit\u00e9<\/strong>, la fum\u00e9e g\u00e9n\u00e9r\u00e9e est faible et n&rsquo;affecte pas la visibilit\u00e9 de mani\u00e8re significative.<\/li>\n<li><strong>s2<\/strong>: <strong>L\u00e9g\u00e8re opacit\u00e9<\/strong>, la fum\u00e9e est mod\u00e9r\u00e9e et peut g\u00eaner la visibilit\u00e9 dans certaines conditions.<\/li>\n<li><strong>s3<\/strong>: <strong>Forte opacit\u00e9<\/strong>, la fum\u00e9e est dense et peut s\u00e9rieusement obstruer la visibilit\u00e9.<\/li>\n<\/ul>\n<hr>\n<h3><strong>Gouttes enflamm\u00e9es (j0, j1, j2)<\/strong><\/h3>\n<p>Les panneaux sandwichs sont \u00e9galement \u00e9valu\u00e9s en fonction des gouttelettes ou des particules enflamm\u00e9es qu&rsquo;ils g\u00e9n\u00e8rent lors de leur combustion :<\/p>\n<ul>\n<li><strong>d0<\/strong>: <strong>Pas de gouttes gonfl\u00e9es<\/strong> en 10 minutes.<\/li>\n<li><strong>d1<\/strong>: <strong>Gouttelettes enflamm\u00e9es<\/strong>, mais avec des limitations (moins de 10 secondes d&rsquo;inflammation).<\/li>\n<li><strong>d2<\/strong>: g\u00e9n\u00e8re des gouttelettes gonfl\u00e9es sans restriction.<\/li>\n<\/ul>\n<hr>\n<h2><strong>Interpr\u00e9tation des classes dans les panneaux sandwichs<\/strong><\/h2>\n<p>La classification des <strong>panneaux sandwiches<\/strong> selon les Euroclasses peut \u00eatre combin\u00e9e avec des indications sur l&rsquo;<strong>opacit\u00e9 des fum\u00e9es (s1, s2, s3)<\/strong> et les <strong>gouttelettes enflamm\u00e9es (d0, d1, d2)<\/strong>. A titre d&rsquo;exemple : <\/p>\n<ul>\n<li>Un panneau sandwich class\u00e9 <strong>B-s1-d0<\/strong> moyens :\n<ul>\n<li>Haute r\u00e9sistance au feu (classe B).<\/li>\n<li>G\u00e9n\u00e8re peu de fum\u00e9e (s1).<\/li>\n<li>Ne produit pas de gouttelettes enflamm\u00e9es (d0).<\/li>\n<\/ul>\n<\/li>\n<\/ul>\n<hr>\n<h3><strong>Importance du classement des panneaux sandwich<\/strong><\/h3>\n<p>La classification selon les <strong>Euroclasses<\/strong> est essentielle pour garantir :<\/p>\n<ul>\n<li><strong>Renforcement de la s\u00e9curit\u00e9 dans les b\u00e2timents.<\/strong><\/li>\n<li><strong>Conformit\u00e9 \u00e0 la r\u00e9glementation europ\u00e9enne.<\/strong><\/li>\n<li><strong>Facilit\u00e9 de sp\u00e9cification technique<\/strong> dans les projets de construction utilisant des panneaux sandwichs.<\/li>\n<\/ul>\n<p>Chez <strong>Starmodul<\/strong>, nous travaillons avec des <strong>panneaux sandwichs<\/strong> conformes aux r\u00e9glementations les plus exigeantes, offrant des solutions s\u00fbres, fiables et adapt\u00e9es aux besoins sp\u00e9cifiques de nos clients.<\/p>\n<p>Si vous souhaitez plus d&rsquo;informations sur les <strong>panneaux sandwichs<\/strong> et leur classification au feu ou sur la mani\u00e8re dont nous appliquons ces r\u00e9glementations \u00e0 nos produits, <strong>n&rsquo;h\u00e9sitez pas \u00e0 nous contacter.<\/strong><\/p>\n\t\t\t\t\t\t\t\t<\/div>\n\t\t\t\t<\/div>\n\t\t\t\t<div class=\"elementor-element elementor-element-49a7b32 elementor-widget elementor-widget-image\" data-id=\"49a7b32\" data-element_type=\"widget\" data-e-type=\"widget\" data-widget_type=\"image.default\">\n\t\t\t\t<div class=\"elementor-widget-container\">\n\t\t\t\t\t\t\t\t\t\t\t\t\t\t\t<img fetchpriority=\"high\" decoding=\"async\" width=\"654\" height=\"542\" src=\"https:\/\/panelsandwich.org\/wp-content\/uploads\/2025\/01\/euroclases.jpg\" class=\"attachment-large size-large wp-image-69181\" alt=\"filename\" srcset=\"https:\/\/panelsandwich.org\/wp-content\/uploads\/2025\/01\/euroclases.jpg 654w, https:\/\/panelsandwich.org\/wp-content\/uploads\/2025\/01\/euroclases-300x249.jpg 300w\" sizes=\"(max-width: 654px) 100vw, 654px\" title=\"% %count(title)\">\t\t\t\t\t\t\t\t\t\t\t\t\t\t\t<\/div>\n\t\t\t\t<\/div>\n\t\t\t\t<div class=\"elementor-element elementor-element-9db2b99 elementor-widget elementor-widget-text-editor\" data-id=\"9db2b99\" data-element_type=\"widget\" data-e-type=\"widget\" data-widget_type=\"text-editor.default\">\n\t\t\t\t<div class=\"elementor-widget-container\">\n\t\t\t\t\t\t\t\t\t<h2><strong>R\u00e9glementation europ\u00e9enne en mati\u00e8re d&rsquo;incendie : s\u00e9curit\u00e9 et conformit\u00e9 dans l&rsquo;utilisation des panneaux sandwichs<\/strong><\/h2>\n<p>Chez <strong>Starmodul<\/strong>, nous nous engageons sur la qualit\u00e9 et la s\u00e9curit\u00e9, en proposant des <strong>panneaux sandwichs<\/strong> qui r\u00e9pondent aux normes les plus strictes en mati\u00e8re de r\u00e9sistance au feu. Notre priorit\u00e9 est de veiller \u00e0 ce que nos syst\u00e8mes de construction et nos panneaux sandwichs soient conformes \u00e0 la <strong>r\u00e9glementation europ\u00e9enne en mati\u00e8re d&rsquo;incendie<\/strong>, afin de garantir la tranquillit\u00e9 d&rsquo;esprit et la confiance dans chaque projet. <\/p>\n<hr>\n<h2><strong>Qu&rsquo;est-ce que la r\u00e9glementation europ\u00e9enne en mati\u00e8re d&rsquo;incendie ?<\/strong><\/h2>\n<p>La norme europ\u00e9enne relative aux incendies \u00e9tablit des lignes directrices claires pour l&rsquo;\u00e9valuation et la classification de la performance au feu des mat\u00e9riaux, tels que les panneaux sandwichs. Son principal objectif est le suivant : <\/p>\n<ul>\n<li><strong>Prot\u00e9ger la vie humaine :<\/strong> veiller \u00e0 ce que les b\u00e2timents construits avec des panneaux sandwichs laissent suffisamment de temps pour une \u00e9vacuation en toute s\u00e9curit\u00e9 en cas d&rsquo;incendie.<\/li>\n<li><strong>R\u00e9duire les d\u00e9g\u00e2ts mat\u00e9riels :<\/strong> limiter la propagation du feu et minimiser les d\u00e9g\u00e2ts structurels.<\/li>\n<li><strong>Faciliter les interventions d&rsquo;urgence :<\/strong> cr\u00e9er des environnements plus s\u00fbrs pour les \u00e9quipes de sauvetage et de lutte contre l&rsquo;incendie.<\/li>\n<\/ul>\n<hr>\n<h3><strong>Classification europ\u00e9enne de r\u00e9sistance au feu<\/strong><\/h3>\n<p>La norme europ\u00e9enne utilise le syst\u00e8me <strong>Euroclass<\/strong> (EN 13501-1) pour classer les <strong>panneaux sandwichs<\/strong> en fonction de leur comportement au feu, en tenant compte des \u00e9l\u00e9ments suivants<\/p>\n<ol>\n<li><strong>R\u00e9action au feu :<\/strong> capacit\u00e9 du panneau sandwich \u00e0 contribuer ou non \u00e0 la propagation du feu. Il est class\u00e9 de <strong>A1<\/strong> (incombustible) \u00e0 <strong>F<\/strong> (sans classification). <\/li>\n<li><strong>R\u00e9sistance au feu :<\/strong> temps pendant lequel le panneau sandwich conserve sa fonctionnalit\u00e9 face \u00e0 des temp\u00e9ratures \u00e9lev\u00e9es. Il s&rsquo;agit notamment de\n<ul>\n<li><strong>A :<\/strong> Capacit\u00e9 portante de la structure.<\/li>\n<li><strong>E :<\/strong> Etanch\u00e9it\u00e9 aux flammes et aux gaz.<\/li>\n<li><strong>I :<\/strong> Isolation thermique pour emp\u00eacher la transmission de la chaleur.<\/li>\n<\/ul>\n<\/li>\n<\/ol>\n<p>Par exemple, un panneau sandwich <strong>class\u00e9 REI 60<\/strong> peut conserver sa r\u00e9sistance, son int\u00e9grit\u00e9 et son isolation thermique pendant 60 minutes.<\/p>\n<hr>\n<h4><strong>Application aux panneaux sandwich Starmodul<\/strong><\/h4>\n<p>Chez <strong>Starmodul<\/strong>, nous concevons et commercialisons des <strong>panneaux sandwichs<\/strong> conformes aux normes europ\u00e9ennes les plus exigeantes, ce qui vous garantit<\/p>\n<ul>\n<li><strong>Mat\u00e9riaux certifi\u00e9s :<\/strong> nous travaillons avec des panneaux sandwich test\u00e9s selon les exigences strictes des Euroclasses.<\/li>\n<li><strong>Essais et validation :<\/strong> nos panneaux ont \u00e9t\u00e9 test\u00e9s dans des laboratoires accr\u00e9dit\u00e9s dans des conditions d&rsquo;incendie r\u00e9elles.<\/li>\n<li><strong>Conception s\u00fbre :<\/strong> nous proposons des panneaux sandwichs aux propri\u00e9t\u00e9s de r\u00e9sistance au feu optimales, adapt\u00e9s \u00e0 tout projet de construction.<\/li>\n<\/ul>\n<hr>\n<h4><strong>Avantages de la mise en conformit\u00e9 avec la r\u00e9glementation europ\u00e9enne en mati\u00e8re d&rsquo;incendie gr\u00e2ce aux panneaux sandwichs<\/strong><\/h4>\n<ol>\n<li><strong>Fiabilit\u00e9 certifi\u00e9e :<\/strong> nous garantissons que nos panneaux sandwich r\u00e9pondent aux normes les plus strictes.<\/li>\n<li><strong>S\u00e9curit\u00e9 renforc\u00e9e :<\/strong> protection efficace des personnes et des biens.<\/li>\n<li><strong>Compatibilit\u00e9 internationale :<\/strong> nos panneaux sont conformes aux r\u00e9glementations en mati\u00e8re d&rsquo;exportation et aux exigences locales dans toute l&rsquo;Europe.<\/li>\n<\/ol>\n<hr>\n<h4><strong>Engagement en mati\u00e8re de s\u00e9curit\u00e9<\/strong><\/h4>\n<p>Chez <strong>Starmodul<\/strong>, nous ne nous contentons pas d&rsquo;optimiser la construction de vos <strong>panneaux sandwich<\/strong>, nous accordons \u00e9galement la priorit\u00e9 \u00e0 la s\u00e9curit\u00e9 \u00e0 chaque \u00e9tape. Nous veillons \u00e0 ce que nos produits r\u00e9pondent aux normes les plus strictes et s&rsquo;adaptent \u00e0 vos besoins sp\u00e9cifiques sans compromettre la qualit\u00e9 ou la durabilit\u00e9. <\/p>\n<p>Si vous souhaitez obtenir plus d&rsquo;informations sur la conformit\u00e9 de nos <strong>panneaux sandwich<\/strong> \u00e0 la r\u00e9glementation europ\u00e9enne en mati\u00e8re d&rsquo;incendie ou si vous avez besoin de conseils pour votre projet, n&rsquo;h\u00e9sitez pas \u00e0 <strong>nous contacter.<\/strong> Chez <strong>Starmodul<\/strong>, nous sommes l\u00e0 pour vous aider \u00e0 construire en toute s\u00e9curit\u00e9, efficacement et avec les meilleurs mat\u00e9riaux. <\/p>\n\t\t\t\t\t\t\t\t<\/div>\n\t\t\t\t<\/div>\n\t\t\t\t\t<\/div>\n\t\t\t\t<\/div>\n\t\t\t\t<\/div>\n\t\t","protected":false},"excerpt":{"rendered":"<p>R\u00e9action au feu des panneaux sandwichs selon les Euroclasses La norme europ\u00e9enne Euroclass \u00e9value la performance au feu des mat\u00e9riaux, y compris les panneaux sandwichs, et leur contribution \u00e0 la propagation du feu. Cette classification est essentielle pour garantir la s\u00e9curit\u00e9 dans la construction et facilite l&rsquo;uniformit\u00e9 dans l&rsquo;utilisation des mat\u00e9riaux au sein de l&rsquo;Union [&hellip;]<\/p>\n","protected":false},"author":5963,"featured_media":0,"parent":0,"menu_order":0,"comment_status":"closed","ping_status":"closed","template":"","meta":{"footnotes":""},"class_list":["post-43427","page","type-page","status-publish","hentry"],"_links":{"self":[{"href":"https:\/\/panelsandwich.org\/fr\/wp-json\/wp\/v2\/pages\/43427","targetHints":{"allow":["GET"]}}],"collection":[{"href":"https:\/\/panelsandwich.org\/fr\/wp-json\/wp\/v2\/pages"}],"about":[{"href":"https:\/\/panelsandwich.org\/fr\/wp-json\/wp\/v2\/types\/page"}],"author":[{"embeddable":true,"href":"https:\/\/panelsandwich.org\/fr\/wp-json\/wp\/v2\/users\/5963"}],"replies":[{"embeddable":true,"href":"https:\/\/panelsandwich.org\/fr\/wp-json\/wp\/v2\/comments?post=43427"}],"version-history":[{"count":0,"href":"https:\/\/panelsandwich.org\/fr\/wp-json\/wp\/v2\/pages\/43427\/revisions"}],"wp:attachment":[{"href":"https:\/\/panelsandwich.org\/fr\/wp-json\/wp\/v2\/media?parent=43427"}],"curies":[{"name":"wp","href":"https:\/\/api.w.org\/{rel}","templated":true}]}}