{"id":45333,"date":"2022-12-25T10:03:11","date_gmt":"2022-12-25T09:03:11","guid":{"rendered":"https:\/\/panelsandwich.org\/conditions-generales-dutilisation\/"},"modified":"2024-02-19T15:51:22","modified_gmt":"2024-02-19T14:51:22","slug":"conditions-generales-dutilisation","status":"publish","type":"page","link":"https:\/\/panelsandwich.org\/fr\/conditions-generales-dutilisation\/","title":{"rendered":"Conditions g\u00e9n\u00e9rales d&rsquo;utilisation"},"content":{"rendered":"\t\t<div data-elementor-type=\"wp-page\" data-elementor-id=\"45333\" class=\"elementor elementor-45333 elementor-1299\" data-elementor-post-type=\"page\">\n\t\t\t\t\t\t<section class=\"elementor-section elementor-top-section elementor-element elementor-element-317c167 elementor-section-boxed elementor-section-height-default elementor-section-height-default\" data-id=\"317c167\" data-element_type=\"section\" data-e-type=\"section\" data-settings=\"{&quot;background_background&quot;:&quot;classic&quot;,&quot;jet_parallax_layout_list&quot;:[]}\">\n\t\t\t\t\t\t<div class=\"elementor-container elementor-column-gap-default\">\n\t\t\t\t\t<div class=\"elementor-column elementor-col-100 elementor-top-column elementor-element elementor-element-a70002e\" data-id=\"a70002e\" data-element_type=\"column\" data-e-type=\"column\">\n\t\t\t<div class=\"elementor-widget-wrap elementor-element-populated\">\n\t\t\t\t\t\t<div class=\"elementor-element elementor-element-40bd93a elementor-widget elementor-widget-heading\" data-id=\"40bd93a\" data-element_type=\"widget\" data-e-type=\"widget\" data-widget_type=\"heading.default\">\n\t\t\t\t<div class=\"elementor-widget-container\">\n\t\t\t\t\t<h1 class=\"elementor-heading-title elementor-size-default\">Conditions d'utilisation - Panel Sandwich .ORG<\/h1>\t\t\t\t<\/div>\n\t\t\t\t<\/div>\n\t\t\t\t\t<\/div>\n\t\t<\/div>\n\t\t\t\t\t<\/div>\n\t\t<\/section>\n\t\t\t\t<section class=\"elementor-section elementor-top-section elementor-element elementor-element-f23d4d5 elementor-section-boxed elementor-section-height-default elementor-section-height-default\" data-id=\"f23d4d5\" data-element_type=\"section\" data-e-type=\"section\" data-settings=\"{&quot;jet_parallax_layout_list&quot;:[]}\">\n\t\t\t\t\t\t<div class=\"elementor-container elementor-column-gap-default\">\n\t\t\t\t\t<div class=\"elementor-column elementor-col-100 elementor-top-column elementor-element elementor-element-0d5c967\" data-id=\"0d5c967\" data-element_type=\"column\" data-e-type=\"column\">\n\t\t\t<div class=\"elementor-widget-wrap elementor-element-populated\">\n\t\t\t\t\t\t<div class=\"elementor-element elementor-element-0d6ec29 elementor-widget elementor-widget-heading\" data-id=\"0d6ec29\" data-element_type=\"widget\" data-e-type=\"widget\" data-widget_type=\"heading.default\">\n\t\t\t\t<div class=\"elementor-widget-container\">\n\t\t\t\t\t<h2 class=\"elementor-heading-title elementor-size-default\">Informations pertinentes\n<\/h2>\t\t\t\t<\/div>\n\t\t\t\t<\/div>\n\t\t\t\t<div class=\"elementor-element elementor-element-d613532 elementor-widget elementor-widget-text-editor\" data-id=\"d613532\" data-element_type=\"widget\" data-e-type=\"widget\" data-widget_type=\"text-editor.default\">\n\t\t\t\t<div class=\"elementor-widget-container\">\n\t\t\t\t\t\t\t\t\t<p style=\"font-weight: 400;\">L&rsquo;achat des produits propos\u00e9s sur ce site est subordonn\u00e9 \u00e0 la lecture et \u00e0 l&rsquo;acceptation des conditions g\u00e9n\u00e9rales \u00e9nonc\u00e9es ci-dessous. L&rsquo;utilisation de nos services ainsi que l&rsquo;achat de nos produits impliquent que vous avez lu et accept\u00e9 les conditions d&rsquo;utilisation du pr\u00e9sent document. Tous les produits propos\u00e9s par notre site web peuvent \u00eatre cr\u00e9\u00e9s, factur\u00e9s, exp\u00e9di\u00e9s ou pr\u00e9sent\u00e9s par un site web tiers et, dans ce cas, ils sont soumis \u00e0 leurs propres conditions g\u00e9n\u00e9rales. Dans certains cas, pour acheter un produit, l&rsquo;utilisateur devra s&rsquo;enregistrer en saisissant des donn\u00e9es personnelles fiables et en d\u00e9finissant un mot de passe.<\/p>\n<p style=\"font-weight: 400;\">L&rsquo;utilisateur peut choisir et modifier le mot de passe pour l&rsquo;acc\u00e8s \u00e0 la gestion de son compte \u00e0 tout moment, dans le cas o\u00f9 il s&rsquo;est enregistr\u00e9 et que cela est n\u00e9cessaire pour l&rsquo;achat de l&rsquo;un de nos produits. Starmodul S.L. n&rsquo;assume aucune responsabilit\u00e9 dans le cas o\u00f9 vous donneriez cette cl\u00e9 \u00e0 un tiers.<\/p>\n<p style=\"font-weight: 400;\">Tous les achats et transactions effectu\u00e9s sur ce site sont soumis \u00e0 un processus de confirmation et de v\u00e9rification, qui peut inclure la v\u00e9rification du stock et de la disponibilit\u00e9 des produits, la validation du mode de paiement, la validation de la facture (le cas \u00e9ch\u00e9ant) et le respect des conditions requises par le mode de paiement s\u00e9lectionn\u00e9. Dans certains cas, une v\u00e9rification de l&rsquo;adresse \u00e9lectronique peut \u00eatre requise.<\/p>\n<p style=\"font-weight: 400;\">Les prix des produits propos\u00e9s dans cette boutique en ligne ne sont valables que pour les achats effectu\u00e9s sur ce site.<\/p>\n\t\t\t\t\t\t\t\t<\/div>\n\t\t\t\t<\/div>\n\t\t\t\t\t<\/div>\n\t\t<\/div>\n\t\t\t\t\t<\/div>\n\t\t<\/section>\n\t\t\t\t<section class=\"elementor-section elementor-top-section elementor-element elementor-element-093c60a elementor-section-boxed elementor-section-height-default elementor-section-height-default\" data-id=\"093c60a\" data-element_type=\"section\" data-e-type=\"section\" data-settings=\"{&quot;jet_parallax_layout_list&quot;:[],&quot;background_background&quot;:&quot;classic&quot;}\">\n\t\t\t\t\t\t<div class=\"elementor-container elementor-column-gap-default\">\n\t\t\t\t\t<div class=\"elementor-column elementor-col-100 elementor-top-column elementor-element elementor-element-ee0b2dd\" data-id=\"ee0b2dd\" data-element_type=\"column\" data-e-type=\"column\">\n\t\t\t<div class=\"elementor-widget-wrap elementor-element-populated\">\n\t\t\t\t\t\t<div class=\"elementor-element elementor-element-4157986 elementor-widget elementor-widget-heading\" data-id=\"4157986\" data-element_type=\"widget\" data-e-type=\"widget\" data-widget_type=\"heading.default\">\n\t\t\t\t<div class=\"elementor-widget-container\">\n\t\t\t\t\t<h2 class=\"elementor-heading-title elementor-size-default\">Licence<\/h2>\t\t\t\t<\/div>\n\t\t\t\t<\/div>\n\t\t\t\t<div class=\"elementor-element elementor-element-7ff2154 elementor-widget elementor-widget-text-editor\" data-id=\"7ff2154\" data-element_type=\"widget\" data-e-type=\"widget\" data-widget_type=\"text-editor.default\">\n\t\t\t\t<div class=\"elementor-widget-container\">\n\t\t\t\t\t\t\t\t\t<p style=\"font-weight: 400;\">Starmodul S.L., par l&rsquo;interm\u00e9diaire de son site web, accorde une licence aux utilisateurs pour l&rsquo;utilisation des produits qui sont vendus sur ce site web, conform\u00e9ment aux conditions g\u00e9n\u00e9rales d\u00e9crites dans le pr\u00e9sent document.<\/p>\n\t\t\t\t\t\t\t\t<\/div>\n\t\t\t\t<\/div>\n\t\t\t\t\t<\/div>\n\t\t<\/div>\n\t\t\t\t\t<\/div>\n\t\t<\/section>\n\t\t\t\t<section class=\"elementor-section elementor-top-section elementor-element elementor-element-24cf5ee elementor-section-boxed elementor-section-height-default elementor-section-height-default\" data-id=\"24cf5ee\" data-element_type=\"section\" data-e-type=\"section\" data-settings=\"{&quot;jet_parallax_layout_list&quot;:[]}\">\n\t\t\t\t\t\t<div class=\"elementor-container elementor-column-gap-default\">\n\t\t\t\t\t<div class=\"elementor-column elementor-col-100 elementor-top-column elementor-element elementor-element-547555a\" data-id=\"547555a\" data-element_type=\"column\" data-e-type=\"column\">\n\t\t\t<div class=\"elementor-widget-wrap elementor-element-populated\">\n\t\t\t\t\t\t<div class=\"elementor-element elementor-element-fff86d8 elementor-widget elementor-widget-heading\" data-id=\"fff86d8\" data-element_type=\"widget\" data-e-type=\"widget\" data-widget_type=\"heading.default\">\n\t\t\t\t<div class=\"elementor-widget-container\">\n\t\t\t\t\t<h2 class=\"elementor-heading-title elementor-size-default\">Utilisation non autoris\u00e9e<\/h2>\t\t\t\t<\/div>\n\t\t\t\t<\/div>\n\t\t\t\t<div class=\"elementor-element elementor-element-00c0cd2 elementor-widget elementor-widget-text-editor\" data-id=\"00c0cd2\" data-element_type=\"widget\" data-e-type=\"widget\" data-widget_type=\"text-editor.default\">\n\t\t\t\t<div class=\"elementor-widget-container\">\n\t\t\t\t\t\t\t\t\t<p style=\"font-weight: 400;\">Le cas \u00e9ch\u00e9ant (pour la vente de logiciels, de templets ou d&rsquo;autres produits de conception et de programmation), vous ne pouvez pas placer l&rsquo;un de nos produits, modifi\u00e9 ou non, sur un CD, un site web ou tout autre support et le proposer \u00e0 la redistribution ou \u00e0 la revente sous quelque forme que ce soit.<\/p>\n\t\t\t\t\t\t\t\t<\/div>\n\t\t\t\t<\/div>\n\t\t\t\t\t<\/div>\n\t\t<\/div>\n\t\t\t\t\t<\/div>\n\t\t<\/section>\n\t\t\t\t<section class=\"elementor-section elementor-top-section elementor-element elementor-element-dab5026 elementor-section-boxed elementor-section-height-default elementor-section-height-default\" data-id=\"dab5026\" data-element_type=\"section\" data-e-type=\"section\" data-settings=\"{&quot;jet_parallax_layout_list&quot;:[],&quot;background_background&quot;:&quot;classic&quot;}\">\n\t\t\t\t\t\t<div class=\"elementor-container elementor-column-gap-default\">\n\t\t\t\t\t<div class=\"elementor-column elementor-col-100 elementor-top-column elementor-element elementor-element-abd5df8\" data-id=\"abd5df8\" data-element_type=\"column\" data-e-type=\"column\">\n\t\t\t<div class=\"elementor-widget-wrap elementor-element-populated\">\n\t\t\t\t\t\t<div class=\"elementor-element elementor-element-9cfae3d elementor-widget elementor-widget-heading\" data-id=\"9cfae3d\" data-element_type=\"widget\" data-e-type=\"widget\" data-widget_type=\"heading.default\">\n\t\t\t\t<div class=\"elementor-widget-container\">\n\t\t\t\t\t<h2 class=\"elementor-heading-title elementor-size-default\">Propri\u00e9t\u00e9<\/h2>\t\t\t\t<\/div>\n\t\t\t\t<\/div>\n\t\t\t\t<div class=\"elementor-element elementor-element-ba5f471 elementor-widget elementor-widget-text-editor\" data-id=\"ba5f471\" data-element_type=\"widget\" data-e-type=\"widget\" data-widget_type=\"text-editor.default\">\n\t\t\t\t<div class=\"elementor-widget-container\">\n\t\t\t\t\t\t\t\t\t<p style=\"font-weight: 400;\">Vous ne pouvez pas revendiquer la propri\u00e9t\u00e9 intellectuelle ou exclusive de l&rsquo;un de nos produits, modifi\u00e9 ou non. Tous les produits sont la propri\u00e9t\u00e9 des fournisseurs de contenu. Sauf indication contraire, nos produits sont fournis sans garantie d&rsquo;aucune sorte, expresse ou implicite. En aucun cas, cette soci\u00e9t\u00e9 ne peut \u00eatre tenue responsable des dommages, y compris, mais sans s&rsquo;y limiter, des dommages directs, indirects, sp\u00e9ciaux, accessoires ou cons\u00e9cutifs ou d&rsquo;autres pertes r\u00e9sultant de l&rsquo;utilisation ou de l&rsquo;impossibilit\u00e9 d&rsquo;utiliser nos produits.<\/p>\n\t\t\t\t\t\t\t\t<\/div>\n\t\t\t\t<\/div>\n\t\t\t\t\t<\/div>\n\t\t<\/div>\n\t\t\t\t\t<\/div>\n\t\t<\/section>\n\t\t\t\t<section class=\"elementor-section elementor-top-section elementor-element elementor-element-941678d elementor-section-boxed elementor-section-height-default elementor-section-height-default\" data-id=\"941678d\" data-element_type=\"section\" data-e-type=\"section\" data-settings=\"{&quot;jet_parallax_layout_list&quot;:[]}\">\n\t\t\t\t\t\t<div class=\"elementor-container elementor-column-gap-default\">\n\t\t\t\t\t<div class=\"elementor-column elementor-col-100 elementor-top-column elementor-element elementor-element-41db047\" data-id=\"41db047\" data-element_type=\"column\" data-e-type=\"column\">\n\t\t\t<div class=\"elementor-widget-wrap elementor-element-populated\">\n\t\t\t\t\t\t<div class=\"elementor-element elementor-element-13c2338 elementor-widget elementor-widget-heading\" data-id=\"13c2338\" data-element_type=\"widget\" data-e-type=\"widget\" data-widget_type=\"heading.default\">\n\t\t\t\t<div class=\"elementor-widget-container\">\n\t\t\t\t\t<h2 class=\"elementor-heading-title elementor-size-default\">Politique de remboursement et garantie\n<\/h2>\t\t\t\t<\/div>\n\t\t\t\t<\/div>\n\t\t\t\t<div class=\"elementor-element elementor-element-021ee4a elementor-widget elementor-widget-text-editor\" data-id=\"021ee4a\" data-element_type=\"widget\" data-e-type=\"widget\" data-widget_type=\"text-editor.default\">\n\t\t\t\t<div class=\"elementor-widget-container\">\n\t\t\t\t\t\t\t\t\t<p style=\"font-weight: 400;\">Dans le cas de produits qui sont des biens non tangibles irr\u00e9vocables, nous n&rsquo;effectuons pas de remboursement apr\u00e8s l&rsquo;exp\u00e9dition du produit, il est de votre responsabilit\u00e9 de comprendre les caract\u00e9ristiques avant d&rsquo;acheter. Veuillez lire attentivement la description avant d&rsquo;acheter. Les exceptions \u00e0 cette r\u00e8gle ne sont possibles que lorsque la description ne correspond pas au produit.  <\/p>\n<p style=\"font-weight: 400;\">Certains produits peuvent b\u00e9n\u00e9ficier d&rsquo;une garantie et d&rsquo;un remboursement, mais cela sera pr\u00e9cis\u00e9 au moment de l&rsquo;achat. Dans ce cas, la garantie ne couvre que les d\u00e9fauts de fabrication et ne prend effet que lorsque le produit a \u00e9t\u00e9 utilis\u00e9 correctement.  <\/p>\n<p style=\"font-weight: 400;\">La garantie ne couvre pas les dysfonctionnements ou les dommages caus\u00e9s par une utilisation inappropri\u00e9e. Les conditions de la garantie sont li\u00e9es aux d\u00e9fauts de fabrication et de fonctionnement dans des conditions normales des produits et ces conditions ne seront effectives que si l&rsquo;\u00e9quipement a \u00e9t\u00e9 utilis\u00e9 correctement. Il s&rsquo;agit notamment de<\/p>\n<ul>\n<li style=\"font-weight: 400;\">Selon les sp\u00e9cifications techniques indiqu\u00e9es pour chaque produit.<\/li>\n<li style=\"font-weight: 400;\">Dans des conditions ambiantes conformes aux sp\u00e9cifications indiqu\u00e9es par le fabricant.<\/li>\n<li style=\"font-weight: 400;\">En usage sp\u00e9cifique pour la fonction pour laquelle il a \u00e9t\u00e9 con\u00e7u en usine.<\/li>\n<li style=\"font-weight: 400;\">Dans des conditions de fonctionnement \u00e9lectrique conformes aux sp\u00e9cifications et tol\u00e9rances indiqu\u00e9es.  <\/li>\n<\/ul>\n\t\t\t\t\t\t\t\t<\/div>\n\t\t\t\t<\/div>\n\t\t\t\t\t<\/div>\n\t\t<\/div>\n\t\t\t\t\t<\/div>\n\t\t<\/section>\n\t\t\t\t<section class=\"elementor-section elementor-top-section elementor-element elementor-element-ae70b74 elementor-section-boxed elementor-section-height-default elementor-section-height-default\" data-id=\"ae70b74\" data-element_type=\"section\" data-e-type=\"section\" data-settings=\"{&quot;jet_parallax_layout_list&quot;:[],&quot;background_background&quot;:&quot;classic&quot;}\">\n\t\t\t\t\t\t<div class=\"elementor-container elementor-column-gap-default\">\n\t\t\t\t\t<div class=\"elementor-column elementor-col-100 elementor-top-column elementor-element elementor-element-3c85037\" data-id=\"3c85037\" data-element_type=\"column\" data-e-type=\"column\">\n\t\t\t<div class=\"elementor-widget-wrap elementor-element-populated\">\n\t\t\t\t\t\t<div class=\"elementor-element elementor-element-9bc8261 elementor-widget elementor-widget-heading\" data-id=\"9bc8261\" data-element_type=\"widget\" data-e-type=\"widget\" data-widget_type=\"heading.default\">\n\t\t\t\t<div class=\"elementor-widget-container\">\n\t\t\t\t\t<h2 class=\"elementor-heading-title elementor-size-default\">Contr\u00f4le anti-fraude<\/h2>\t\t\t\t<\/div>\n\t\t\t\t<\/div>\n\t\t\t\t<div class=\"elementor-element elementor-element-7b2b3db elementor-widget elementor-widget-text-editor\" data-id=\"7b2b3db\" data-element_type=\"widget\" data-e-type=\"widget\" data-widget_type=\"text-editor.default\">\n\t\t\t\t<div class=\"elementor-widget-container\">\n\t\t\t\t\t\t\t\t\t<p style=\"font-weight: 400;\">L&rsquo;achat du client peut \u00eatre report\u00e9 pour des contr\u00f4les anti-fraude. Il peut \u00e9galement \u00eatre suspendu pour une p\u00e9riode plus longue afin de proc\u00e9der \u00e0 une enqu\u00eate plus approfondie visant \u00e0 pr\u00e9venir les transactions frauduleuses.<\/p>\n\t\t\t\t\t\t\t\t<\/div>\n\t\t\t\t<\/div>\n\t\t\t\t\t<\/div>\n\t\t<\/div>\n\t\t\t\t\t<\/div>\n\t\t<\/section>\n\t\t\t\t<section class=\"elementor-section elementor-top-section elementor-element elementor-element-40b5eb6 elementor-section-boxed elementor-section-height-default elementor-section-height-default\" data-id=\"40b5eb6\" data-element_type=\"section\" data-e-type=\"section\" data-settings=\"{&quot;jet_parallax_layout_list&quot;:[]}\">\n\t\t\t\t\t\t<div class=\"elementor-container elementor-column-gap-default\">\n\t\t\t\t\t<div class=\"elementor-column elementor-col-100 elementor-top-column elementor-element elementor-element-a949861\" data-id=\"a949861\" data-element_type=\"column\" data-e-type=\"column\">\n\t\t\t<div class=\"elementor-widget-wrap elementor-element-populated\">\n\t\t\t\t\t\t<div class=\"elementor-element elementor-element-94d166f elementor-widget elementor-widget-heading\" data-id=\"94d166f\" data-element_type=\"widget\" data-e-type=\"widget\" data-widget_type=\"heading.default\">\n\t\t\t\t<div class=\"elementor-widget-container\">\n\t\t\t\t\t<h2 class=\"elementor-heading-title elementor-size-default\">Vie priv\u00e9e<\/h2>\t\t\t\t<\/div>\n\t\t\t\t<\/div>\n\t\t\t\t<div class=\"elementor-element elementor-element-524c5ed elementor-widget elementor-widget-text-editor\" data-id=\"524c5ed\" data-element_type=\"widget\" data-e-type=\"widget\" data-widget_type=\"text-editor.default\">\n\t\t\t\t<div class=\"elementor-widget-container\">\n\t\t\t\t\t\t\t\t\t<p style=\"font-weight: 400;\">Starmodul S.L. garantit que les informations personnelles que vous soumettez sont s\u00e9curis\u00e9es. Les donn\u00e9es saisies par l&rsquo;utilisateur ou en cas de validation des commandes ne seront pas divulgu\u00e9es \u00e0 des tiers, sauf si elles doivent l&rsquo;\u00eatre en vertu d&rsquo;une d\u00e9cision de justice ou d&rsquo;une obligation l\u00e9gale.<\/p>\n<p style=\"font-weight: 400;\">L&rsquo;abonnement aux bulletins d&rsquo;information marketing par courrier \u00e9lectronique est facultatif et peut \u00eatre s\u00e9lectionn\u00e9 au moment o\u00f9 vous cr\u00e9ez votre compte.<\/p>\n<p style=\"font-weight: 400;\">Starmodul S.L. se r\u00e9serve le droit de changer ou de modifier ces conditions sans pr\u00e9avis.<\/p>\n\t\t\t\t\t\t\t\t<\/div>\n\t\t\t\t<\/div>\n\t\t\t\t\t<\/div>\n\t\t<\/div>\n\t\t\t\t\t<\/div>\n\t\t<\/section>\n\t\t\t\t<\/div>\n\t\t","protected":false},"excerpt":{"rendered":"<p>Conditions d&rsquo;utilisation &#8211; Panel Sandwich .ORG Informations pertinentes L&rsquo;achat des produits propos\u00e9s sur ce site est subordonn\u00e9 \u00e0 la lecture et \u00e0 l&rsquo;acceptation des conditions g\u00e9n\u00e9rales \u00e9nonc\u00e9es ci-dessous. L&rsquo;utilisation de nos services ainsi que l&rsquo;achat de nos produits impliquent que vous avez lu et accept\u00e9 les conditions d&rsquo;utilisation du pr\u00e9sent document. Tous les produits propos\u00e9s [&hellip;]<\/p>\n","protected":false},"author":5963,"featured_media":0,"parent":0,"menu_order":0,"comment_status":"closed","ping_status":"closed","template":"elementor_header_footer","meta":{"footnotes":""},"class_list":["post-45333","page","type-page","status-publish","hentry"],"_links":{"self":[{"href":"https:\/\/panelsandwich.org\/fr\/wp-json\/wp\/v2\/pages\/45333","targetHints":{"allow":["GET"]}}],"collection":[{"href":"https:\/\/panelsandwich.org\/fr\/wp-json\/wp\/v2\/pages"}],"about":[{"href":"https:\/\/panelsandwich.org\/fr\/wp-json\/wp\/v2\/types\/page"}],"author":[{"embeddable":true,"href":"https:\/\/panelsandwich.org\/fr\/wp-json\/wp\/v2\/users\/5963"}],"replies":[{"embeddable":true,"href":"https:\/\/panelsandwich.org\/fr\/wp-json\/wp\/v2\/comments?post=45333"}],"version-history":[{"count":0,"href":"https:\/\/panelsandwich.org\/fr\/wp-json\/wp\/v2\/pages\/45333\/revisions"}],"wp:attachment":[{"href":"https:\/\/panelsandwich.org\/fr\/wp-json\/wp\/v2\/media?parent=45333"}],"curies":[{"name":"wp","href":"https:\/\/api.w.org\/{rel}","templated":true}]}}