{"id":45456,"date":"2022-12-25T09:58:52","date_gmt":"2022-12-25T08:58:52","guid":{"rendered":"https:\/\/panelsandwich.org\/note-juridique\/"},"modified":"2024-11-26T09:50:58","modified_gmt":"2024-11-26T08:50:58","slug":"note-juridique","status":"publish","type":"page","link":"https:\/\/panelsandwich.org\/fr\/note-juridique\/","title":{"rendered":"Note juridique"},"content":{"rendered":"\t\t<div data-elementor-type=\"wp-page\" data-elementor-id=\"45456\" class=\"elementor elementor-45456 elementor-1290\" data-elementor-post-type=\"page\">\n\t\t\t\t\t\t<section class=\"elementor-section elementor-top-section elementor-element elementor-element-306f71e elementor-section-boxed elementor-section-height-default elementor-section-height-default\" data-id=\"306f71e\" data-element_type=\"section\" data-e-type=\"section\" data-settings=\"{&quot;background_background&quot;:&quot;classic&quot;,&quot;jet_parallax_layout_list&quot;:[]}\">\n\t\t\t\t\t\t<div class=\"elementor-container elementor-column-gap-default\">\n\t\t\t\t\t<div class=\"elementor-column elementor-col-100 elementor-top-column elementor-element elementor-element-78e4442\" data-id=\"78e4442\" data-element_type=\"column\" data-e-type=\"column\">\n\t\t\t<div class=\"elementor-widget-wrap elementor-element-populated\">\n\t\t\t\t\t\t<div class=\"elementor-element elementor-element-7605007 elementor-widget elementor-widget-heading\" data-id=\"7605007\" data-element_type=\"widget\" data-e-type=\"widget\" data-widget_type=\"heading.default\">\n\t\t\t\t<div class=\"elementor-widget-container\">\n\t\t\t\t\t<h2 class=\"elementor-heading-title elementor-size-default\">Note juridique<\/h2>\t\t\t\t<\/div>\n\t\t\t\t<\/div>\n\t\t\t\t\t<\/div>\n\t\t<\/div>\n\t\t\t\t\t<\/div>\n\t\t<\/section>\n\t\t\t\t<section class=\"elementor-section elementor-top-section elementor-element elementor-element-6cd7ae5 elementor-section-boxed elementor-section-height-default elementor-section-height-default\" data-id=\"6cd7ae5\" data-element_type=\"section\" data-e-type=\"section\" data-settings=\"{&quot;jet_parallax_layout_list&quot;:[]}\">\n\t\t\t\t\t\t<div class=\"elementor-container elementor-column-gap-default\">\n\t\t\t\t\t<div class=\"elementor-column elementor-col-100 elementor-top-column elementor-element elementor-element-490afc2\" data-id=\"490afc2\" data-element_type=\"column\" data-e-type=\"column\">\n\t\t\t<div class=\"elementor-widget-wrap elementor-element-populated\">\n\t\t\t\t\t\t<div class=\"elementor-element elementor-element-1939a40 elementor-widget elementor-widget-text-editor\" data-id=\"1939a40\" data-element_type=\"widget\" data-e-type=\"widget\" data-widget_type=\"text-editor.default\">\n\t\t\t\t<div class=\"elementor-widget-container\">\n\t\t\t\t\t\t\t\t\t<p>Il est interdit de transmettre, transf\u00e9rer, vendre, louer, exposer publiquement ce site web sans l&rsquo;autorisation de CuatelArt SL.<\/p>\n<p><span class=\"Y2IQFc\" lang=\"es\" xml:lang=\"es\">Les informations pr\u00e9sent\u00e9es sur ce site web sont donn\u00e9es \u00e0 titre indicatif. Cuatelart SL. Elle d\u00e9cline toute responsabilit\u00e9 en cas d&rsquo;inexactitude ou d&rsquo;inefficacit\u00e9 de ces informations ou conseils.<\/span><\/p>\n<p><span class=\"Y2IQFc\" lang=\"es\" xml:lang=\"es\">Cuatelart SL. Nous nous r\u00e9servons le droit de modifier le contenu du site web sans pr\u00e9avis et sans limitation. En cas de dommages caus\u00e9s par des virus informatiques<\/span><\/p>\n<p><span class=\"Y2IQFc\" lang=\"es\" xml:lang=\"es\">Cuatelart SL. d\u00e9cline toute responsabilit\u00e9 dans la mesure o\u00f9 elle ne peut garantir \u00e0 100 % l&rsquo;absence de virus et d&rsquo;autres \u00e9l\u00e9ments sur le site web. Cuatelart SL. Elle propose sur son site web des informations relatives aux services, activit\u00e9s et produits qu&rsquo;elle fabrique.<\/span><\/p>\n<p><span class=\"Y2IQFc\" lang=\"es\" xml:lang=\"es\">Cuatelart SL. se r\u00e9serve le droit de mettre \u00e0 jour, de modifier, de supprimer des informations, de restreindre et de refuser l&rsquo;acc\u00e8s \u00e0 notre site www.panelsandwich.org.<\/span><\/p>\t\t\t\t\t\t\t\t<\/div>\n\t\t\t\t<\/div>\n\t\t\t\t<div class=\"elementor-element elementor-element-82c39fd elementor-align-center elementor-mobile-align-justify elementor-widget elementor-widget-button\" data-id=\"82c39fd\" data-element_type=\"widget\" data-e-type=\"widget\" data-widget_type=\"button.default\">\n\t\t\t\t<div class=\"elementor-widget-container\">\n\t\t\t\t\t\t\t\t\t<div class=\"elementor-button-wrapper\">\n\t\t\t\t\t<a class=\"elementor-button elementor-button-link elementor-size-sm\" href=\"https:\/\/panelsandwich.org\/fr\/contact\/\">\n\t\t\t\t\t\t<span class=\"elementor-button-content-wrapper\">\n\t\t\t\t\t\t\t\t\t<span class=\"elementor-button-text\">Nous contacter<\/span>\n\t\t\t\t\t<\/span>\n\t\t\t\t\t<\/a>\n\t\t\t\t<\/div>\n\t\t\t\t\t\t\t\t<\/div>\n\t\t\t\t<\/div>\n\t\t\t\t\t<\/div>\n\t\t<\/div>\n\t\t\t\t\t<\/div>\n\t\t<\/section>\n\t\t\t\t<\/div>\n\t\t","protected":false},"excerpt":{"rendered":"<p>Note juridique Il est interdit de transmettre, transf\u00e9rer, vendre, louer, exposer publiquement ce site web sans l&rsquo;autorisation de CuatelArt SL. Les informations pr\u00e9sent\u00e9es sur ce site web sont donn\u00e9es \u00e0 titre indicatif. Cuatelart SL. Elle d\u00e9cline toute responsabilit\u00e9 en cas d&rsquo;inexactitude ou d&rsquo;inefficacit\u00e9 de ces informations ou conseils. Cuatelart SL. Nous nous r\u00e9servons le droit [&hellip;]<\/p>\n","protected":false},"author":5963,"featured_media":0,"parent":0,"menu_order":0,"comment_status":"closed","ping_status":"closed","template":"elementor_header_footer","meta":{"footnotes":""},"class_list":["post-45456","page","type-page","status-publish","hentry"],"_links":{"self":[{"href":"https:\/\/panelsandwich.org\/fr\/wp-json\/wp\/v2\/pages\/45456","targetHints":{"allow":["GET"]}}],"collection":[{"href":"https:\/\/panelsandwich.org\/fr\/wp-json\/wp\/v2\/pages"}],"about":[{"href":"https:\/\/panelsandwich.org\/fr\/wp-json\/wp\/v2\/types\/page"}],"author":[{"embeddable":true,"href":"https:\/\/panelsandwich.org\/fr\/wp-json\/wp\/v2\/users\/5963"}],"replies":[{"embeddable":true,"href":"https:\/\/panelsandwich.org\/fr\/wp-json\/wp\/v2\/comments?post=45456"}],"version-history":[{"count":0,"href":"https:\/\/panelsandwich.org\/fr\/wp-json\/wp\/v2\/pages\/45456\/revisions"}],"wp:attachment":[{"href":"https:\/\/panelsandwich.org\/fr\/wp-json\/wp\/v2\/media?parent=45456"}],"curies":[{"name":"wp","href":"https:\/\/api.w.org\/{rel}","templated":true}]}}