{"id":43568,"date":"2023-09-28T23:16:06","date_gmt":"2023-09-28T21:16:06","guid":{"rendered":"https:\/\/panelsandwich.org\/vis-pour-panneaux-sandwich-beton\/"},"modified":"2025-11-21T08:12:42","modified_gmt":"2025-11-21T07:12:42","slug":"vis-pour-panneaux-sandwich-beton","status":"publish","type":"product","link":"https:\/\/panelsandwich.org\/fr\/vis-pour-panneaux-sandwich-beton\/","title":{"rendered":"Vis pour panneaux sandwich &#8211; B\u00e9ton"},"content":{"rendered":"<h2>Description :<\/h2>\n<p>Vis utilis\u00e9e pour la fixation de panneaux sandwich avec des supports m\u00e9talliques, d&rsquo;une \u00e9paisseur ne d\u00e9passant pas 6 mm.<\/p>\n<p>Deux filets de 5,5 mm sont plac\u00e9s sur le mat\u00e9riau de support et sous la t\u00eate de filetage, ce qui emp\u00eache l&rsquo;\u00e9crasement et sert de but\u00e9e pour le vissage.<\/p>\n<p style=\"text-align: center;\"><strong><span style=\"font-size: medium;\"><a class=\"w-100 btn btn-danger btn-lg\" href=\"https:\/\/panelsandwich.org\/contactenos\">DEMANDE DE PRIX ET D&rsquo;INFORMATIONS TECHNIQUES  <i class=\"caret-right\"><\/i><\/a><\/span><\/strong><\/p>\n<h2>Caract\u00e9ristiques<\/h2>\n<ul style=\"list-style-type: circle;\">\n<li>Aucun pr\u00e9-per\u00e7age n&rsquo;est n\u00e9cessaire.<\/li>\n<li>Cl\u00e9 8.<\/li>\n<li>Max. Capacit\u00e9 de per\u00e7age 2,0x 0,8 + 6,0 mm.<\/li>\n<li>Vitesse de per\u00e7age : 1000 1500 tr\/min.<\/li>\n<\/ul>\n<h2>Mesures :<\/h2>\n<ul style=\"list-style-type: circle;\">\n<li>Ref-TOCO06 Vis de panneau 5,5\/6,3 X 60<\/li>\n<li>Ref-TOCO08 Panneau de vis 5,5\/6,3 X 80<\/li>\n<li>Ref-TOCO10 Vis \u00e0 panneaux 5,5\/6,3 X 100<\/li>\n<li>Ref-TOCO11 Panneau de vis 5,5\/6,3 X 115<\/li>\n<li>Ref-TOCO13 Vis de panneau 5,5\/6,3 X 132<\/li>\n<li>Ref-TOCO15 Vis de panneau 5,5\/6,3 X 150<\/li>\n<li>Ref-TOCO17 Vis de panneau 5,5\/6,3 X 170<\/li>\n<\/ul>\n<h2>Donn\u00e9es techniques<\/h2>\n<table class=\"MsoTable15Grid1LightAccent5\" style=\"width: 100%; border-collapse: collapse; border: none;\" border=\"1\" width=\"965\" cellspacing=\"0\" cellpadding=\"0\">\n<tbody>\n<tr>\n<td style=\"width: 53.25pt; border-width: 1pt 1pt 1.5pt; border-style: solid; border-color: #bdd6ee #bdd6ee #9cc2e5; padding: 0cm 5.4pt; text-align: center;\" valign=\"top\" width=\"71\">\n<p class=\"MsoNormal\" style=\"text-align: center; line-height: 18.4pt; margin: .75pt 0cm .75pt 0cm;\" align=\"center\"><b><span style=\"font-size: 8.5pt; font-family: Verdana, sans-serif; color: #242c2e;\">Dimension D1+D2x L (mm)<\/span><\/b><b><\/b><\/p>\n<p>&nbsp;<\/p>\n<p>&nbsp;<\/td>\n<td style=\"width: 45.25pt; border-top: 1pt solid #bdd6ee; border-left: none; border-bottom: 1.5pt solid #9cc2e5; border-right: 1pt solid #bdd6ee; padding: 0cm 5.4pt; text-align: center;\" valign=\"top\" width=\"60\">\n<p class=\"MsoNormal\" style=\"text-align: center; line-height: 18.4pt; margin: .75pt 0cm .75pt 0cm;\" align=\"center\"><b><span style=\"font-size: 8.5pt; font-family: Verdana, sans-serif; color: #242c2e;\">L (mm)<\/span><\/b><b><\/b><\/p>\n<p>&nbsp;<\/p>\n<p>&nbsp;<\/td>\n<td style=\"width: 45.2pt; border-top: 1pt solid #bdd6ee; border-left: none; border-bottom: 1.5pt solid #9cc2e5; border-right: 1pt solid #bdd6ee; padding: 0cm 5.4pt; text-align: center;\" valign=\"top\" width=\"60\">\n<p class=\"MsoNormal\" style=\"text-align: center; line-height: 18.4pt; margin: .75pt 0cm .75pt 0cm;\" align=\"center\"><b><span style=\"font-size: 8.5pt; font-family: Verdana, sans-serif; color: #242c2e;\">S (mm)<\/span><\/b><b><\/b><\/p>\n<p>&nbsp;<\/p>\n<p>&nbsp;<\/td>\n<td style=\"width: 47.25pt; border-top: 1pt solid #bdd6ee; border-left: none; border-bottom: 1.5pt solid #9cc2e5; border-right: 1pt solid #bdd6ee; padding: 0cm 5.4pt; text-align: center;\" valign=\"top\" width=\"63\">\n<p class=\"MsoNormal\" style=\"text-align: center; line-height: 18.4pt; margin: .75pt 0cm .75pt 0cm;\" align=\"center\"><b><span style=\"font-size: 8.5pt; font-family: Verdana, sans-serif; color: #242c2e;\">B (mm)<\/span><\/b><b><\/b><\/p>\n<p>&nbsp;<\/p>\n<p>&nbsp;<\/td>\n<td style=\"width: 48.65pt; border-top: 1pt solid #bdd6ee; border-left: none; border-bottom: 1.5pt solid #9cc2e5; border-right: 1pt solid #bdd6ee; padding: 0cm 5.4pt; text-align: center;\" valign=\"top\" width=\"65\">\n<p class=\"MsoNormal\" style=\"text-align: center; line-height: 18.4pt; margin: .75pt 0cm .75pt 0cm;\" align=\"center\"><b><span style=\"font-size: 8.5pt; font-family: Verdana, sans-serif; color: #242c2e;\">B1 (mm)<\/span><\/b><b><\/b><\/p>\n<p>&nbsp;<\/p>\n<p>&nbsp;<\/td>\n<td style=\"width: 46.35pt; border-top: 1pt solid #bdd6ee; border-left: none; border-bottom: 1.5pt solid #9cc2e5; border-right: 1pt solid #bdd6ee; padding: 0cm 5.4pt; text-align: center;\" valign=\"top\" width=\"62\">\n<p class=\"MsoNormal\" style=\"text-align: center; line-height: 18.4pt; margin: .75pt 0cm .75pt 0cm;\" align=\"center\"><b><span style=\"font-size: 8.5pt; font-family: Verdana, sans-serif; color: #242c2e;\">H (mm)<\/span><\/b><b><\/b><\/p>\n<p>&nbsp;<\/p>\n<p>&nbsp;<\/td>\n<\/tr>\n<tr>\n<td style=\"width: 53.25pt; border-right: 1pt solid #bdd6ee; border-bottom: 1pt solid #bdd6ee; border-left: 1pt solid #bdd6ee; border-top: none; padding: 0cm 5.4pt; text-align: center;\" valign=\"top\" width=\"71\">\n<p class=\"MsoNormal\" style=\"text-align: center; line-height: 18.4pt; margin: .75pt 0cm .75pt 0cm;\" align=\"center\"><b><span style=\"font-size: 8.5pt; font-family: Verdana, sans-serif; color: #242c2e;\">5,5\/6,3x L<\/span><\/b><b><\/b><\/p>\n<p>&nbsp;<\/p>\n<p>&nbsp;<\/td>\n<td style=\"width: 45.25pt; border-top: none; border-left: none; border-bottom: 1pt solid #bdd6ee; border-right: 1pt solid #bdd6ee; padding: 0cm 5.4pt; text-align: center;\" valign=\"top\" width=\"60\">\n<p class=\"MsoNormal\" style=\"text-align: center; line-height: 18.4pt; margin: .75pt 0cm .75pt 0cm;\" align=\"center\"><span style=\"font-size: 8.5pt; font-family: Verdana, sans-serif; color: #242c2e;\">7,78-8,00<\/span><\/p>\n<\/td>\n<td style=\"width: 45.2pt; border-top: none; border-left: none; border-bottom: 1pt solid #bdd6ee; border-right: 1pt solid #bdd6ee; padding: 0cm 5.4pt; text-align: center;\" valign=\"top\" width=\"60\">\n<p class=\"MsoNormal\" style=\"text-align: center; line-height: 18.4pt; margin: .75pt 0cm .75pt 0cm;\" align=\"center\"><span style=\"font-size: 8.5pt; font-family: Verdana, sans-serif; color: #242c2e;\">8,64<\/span><\/p>\n<\/td>\n<td style=\"width: 47.25pt; border-top: none; border-left: none; border-bottom: 1pt solid #bdd6ee; border-right: 1pt solid #bdd6ee; padding: 0cm 5.4pt; text-align: center;\" valign=\"top\" width=\"63\">\n<p class=\"MsoNormal\" style=\"text-align: center; line-height: 18.4pt; margin: .75pt 0cm .75pt 0cm;\" align=\"center\"><span style=\"font-size: 8.5pt; font-family: Verdana, sans-serif; color: #242c2e;\">5,15-5,45<\/span><\/p>\n<\/td>\n<td style=\"width: 48.65pt; border-top: none; border-left: none; border-bottom: 1pt solid #bdd6ee; border-right: 1pt solid #bdd6ee; padding: 0cm 5.4pt; text-align: center;\" valign=\"top\" width=\"65\">\n<p class=\"MsoNormal\" style=\"text-align: center; line-height: 18.4pt; margin: .75pt 0cm .75pt 0cm;\" align=\"center\"><span style=\"font-size: 8.5pt; font-family: Verdana, sans-serif; color: #242c2e;\">5,15-5,45<\/span><\/p>\n<\/td>\n<td style=\"width: 46.35pt; border-top: none; border-left: none; border-bottom: 1pt solid #bdd6ee; border-right: 1pt solid #bdd6ee; padding: 0cm 5.4pt; text-align: center;\" valign=\"top\" width=\"62\">\n<p class=\"MsoNormal\" style=\"text-align: center; line-height: 18.4pt; margin: .75pt 0cm .75pt 0cm;\" align=\"center\"><span style=\"font-size: 8.5pt; font-family: Verdana, sans-serif; color: #242c2e;\">1,00-1,25<\/span><\/p>\n<\/td>\n<\/tr>\n<\/tbody>\n<\/table>\n<table class=\"MsoTable15Grid1LightAccent5\" style=\"width: 100%; border-collapse: collapse; border: none;\" border=\"1\" width=\"965\" cellspacing=\"0\" cellpadding=\"0\">\n<tbody>\n<tr>\n<td style=\"width: 88.15pt; border-width: 1pt 1pt 1.5pt; border-style: solid; border-color: #bdd6ee #bdd6ee #9cc2e5; padding: 0cm 5.4pt; text-align: center;\" valign=\"top\" width=\"118\">\n<p class=\"MsoNormal\" style=\"text-align: center; line-height: 18.4pt; margin: .75pt 0cm .75pt 0cm;\" align=\"center\"><b><span style=\"font-size: 8.5pt; font-family: Verdana, sans-serif; color: #242c2e;\">Type<\/span><\/b><b><\/b><\/p>\n<p>&nbsp;<\/p>\n<p>&nbsp;<\/td>\n<td style=\"width: 82.3pt; border-top: 1pt solid #bdd6ee; border-left: none; border-bottom: 1.5pt solid #9cc2e5; border-right: 1pt solid #bdd6ee; padding: 0cm 5.4pt; text-align: center;\" valign=\"top\" width=\"110\">\n<p class=\"MsoNormal\" style=\"text-align: center; line-height: 18.4pt; margin: .75pt 0cm .75pt 0cm;\" align=\"center\"><b><span style=\"font-size: 8.5pt; font-family: Verdana, sans-serif; color: #242c2e;\">Mat\u00e9riau<\/span><\/b><b><\/b><\/p>\n<p>&nbsp;<\/p>\n<p>&nbsp;<\/td>\n<td style=\"width: 88.6pt; border-top: 1pt solid #bdd6ee; border-left: none; border-bottom: 1.5pt solid #9cc2e5; border-right: 1pt solid #bdd6ee; padding: 0cm 5.4pt; text-align: center;\" valign=\"top\" width=\"118\">\n<p class=\"MsoNormal\" style=\"text-align: center; line-height: 18.4pt; margin: .75pt 0cm .75pt 0cm;\" align=\"center\"><b><span style=\"font-size: 8.5pt; font-family: Verdana, sans-serif; color: #242c2e;\">Rev\u00eatement<\/span><\/b><b><\/b><\/p>\n<p>&nbsp;<\/p>\n<p>&nbsp;<\/td>\n<\/tr>\n<tr>\n<td style=\"width: 88.15pt; border-right: 1pt solid #bdd6ee; border-bottom: 1pt solid #bdd6ee; border-left: 1pt solid #bdd6ee; border-top: none; padding: 0cm 5.4pt; text-align: center;\" rowspan=\"5\" valign=\"top\" width=\"118\">\n<p class=\"MsoNormal\" style=\"text-align: center; line-height: 18.4pt; margin: .75pt 0cm .75pt 0cm;\" align=\"center\"><b><span style=\"font-size: 8.5pt; font-family: Verdana, sans-serif; color: #242c2e;\">Vis \u00e0 t\u00eate hexagonale 8 mm<\/span><\/b><b><\/b><\/p>\n<p>&nbsp;<\/p>\n<p>&nbsp;<\/td>\n<td style=\"width: 82.3pt; border-top: none; border-left: none; border-bottom: 1pt solid #bdd6ee; border-right: 1pt solid #bdd6ee; padding: 0cm 5.4pt; text-align: center;\" rowspan=\"5\" valign=\"top\" width=\"110\">\n<p class=\"MsoNormal\" style=\"text-align: center; line-height: 18.4pt; margin: .75pt 0cm .75pt 0cm;\" align=\"center\"><span style=\"font-size: 8.5pt; font-family: Verdana, sans-serif; color: #242c2e;\">Acier c\u00e9ment\u00e9<\/span><\/p>\n<\/td>\n<td style=\"width: 88.6pt; border-top: none; border-left: none; border-bottom: 1pt solid #bdd6ee; border-right: 1pt solid #bdd6ee; padding: 0cm 5.4pt; text-align: center;\" rowspan=\"5\" valign=\"top\" width=\"118\">\n<p class=\"MsoNormal\" style=\"text-align: center; line-height: 18.4pt; margin: .75pt 0cm .75pt 0cm;\" align=\"center\"><span style=\"font-size: 8.5pt; font-family: Verdana, sans-serif; color: #242c2e;\">Zingu\u00e9 jaune &lt;= 5micron ISO 4042<\/span><\/p>\n<\/td>\n<\/tr>\n<\/tbody>\n<\/table>\n<table class=\"MsoTable15Grid1LightAccent5\" style=\"width: 100%; border-collapse: collapse; border: none;\" border=\"1\" width=\"965\" cellspacing=\"0\" cellpadding=\"0\">\n<tbody>\n<tr>\n<td style=\"width: 464.7pt; border-width: 1pt 1pt 1.5pt; border-style: solid; border-color: #bdd6ee #bdd6ee #9cc2e5; padding: 0cm 5.4pt; text-align: center;\" colspan=\"2\" valign=\"top\" width=\"620\">\n<p class=\"MsoNormal\" style=\"text-align: center; line-height: 18.4pt; margin: .75pt 0cm .75pt 0cm;\" align=\"center\"><b><span style=\"font-size: 8.5pt; font-family: Verdana, sans-serif; color: #242c2e;\">\u00c9paisseur \u00e0 fixer (mm)<\/span><\/b><b><\/b><\/p>\n<p>&nbsp;<\/p>\n<p>&nbsp;<\/td>\n<\/tr>\n<tr>\n<td style=\"width: 81pt; border-right: 1pt solid #bdd6ee; border-bottom: 1pt solid #bdd6ee; border-left: 1pt solid #bdd6ee; border-top: none; padding: 0cm 5.4pt; text-align: center;\" valign=\"top\" width=\"108\">\n<p class=\"MsoNormal\" style=\"text-align: center; line-height: 18.4pt; margin: .75pt 0cm .75pt 0cm;\" align=\"center\"><b><span style=\"font-size: 8.5pt; font-family: Verdana, sans-serif; color: #242c2e;\">Mesure D1+D2x L<\/span><\/b><b><\/b><\/p>\n<p>&nbsp;<\/p>\n<p>&nbsp;<\/td>\n<td style=\"width: 383.7pt; border-top: none; border-left: none; border-bottom: 1pt solid #bdd6ee; border-right: 1pt solid #bdd6ee; padding: 0cm 5.4pt; text-align: center;\" valign=\"top\" width=\"512\">\n<p class=\"MsoNormal\" style=\"text-align: center; line-height: 18.4pt; margin: .75pt 0cm .75pt 0cm;\" align=\"center\"><span style=\"font-size: 8.5pt; font-family: Verdana, sans-serif; color: #242c2e;\">Epaisseur du panneau<\/span><\/p>\n<\/td>\n<\/tr>\n<tr>\n<td style=\"width: 81pt; border-right: 1pt solid #bdd6ee; border-bottom: 1pt solid #bdd6ee; border-left: 1pt solid #bdd6ee; border-top: none; padding: 0cm 5.4pt; text-align: center;\" valign=\"top\" width=\"108\">\n<p class=\"MsoNormal\" style=\"text-align: center; line-height: 18.4pt; margin: .75pt 0cm .75pt 0cm;\" align=\"center\"><b><span style=\"font-size: 8.5pt; font-family: Verdana, sans-serif; color: #242c2e;\">5,5\/6,3x 63<\/span><\/b><b><\/b><\/p>\n<p>&nbsp;<\/p>\n<p>&nbsp;<\/td>\n<td style=\"width: 383.7pt; border-top: none; border-left: none; border-bottom: 1pt solid #bdd6ee; border-right: 1pt solid #bdd6ee; padding: 0cm 5.4pt; text-align: center;\" valign=\"top\" width=\"512\">\n<p class=\"MsoNormal\" style=\"text-align: center; line-height: 18.4pt; margin: .75pt 0cm .75pt 0cm;\" align=\"center\"><span style=\"font-size: 8.5pt; font-family: Verdana, sans-serif; color: #242c2e;\">30%45<\/span><\/p>\n<\/td>\n<\/tr>\n<tr>\n<td style=\"width: 81pt; border-right: 1pt solid #bdd6ee; border-bottom: 1pt solid #bdd6ee; border-left: 1pt solid #bdd6ee; border-top: none; padding: 0cm 5.4pt; text-align: center;\" valign=\"top\" width=\"108\">\n<p class=\"MsoNormal\" style=\"text-align: center; line-height: 18.4pt; margin: .75pt 0cm .75pt 0cm;\" align=\"center\"><b><span style=\"font-size: 8.5pt; font-family: Verdana, sans-serif; color: #242c2e;\">5,5\/6,3x 82<\/span><\/b><b><\/b><\/p>\n<p>&nbsp;<\/p>\n<p>&nbsp;<\/td>\n<td style=\"width: 383.7pt; border-top: none; border-left: none; border-bottom: 1pt solid #bdd6ee; border-right: 1pt solid #bdd6ee; padding: 0cm 5.4pt; text-align: center;\" valign=\"top\" width=\"512\">\n<p class=\"MsoNormal\" style=\"text-align: center; line-height: 18.4pt; margin: .75pt 0cm .75pt 0cm;\" align=\"center\"><span style=\"font-size: 8.5pt; font-family: Verdana, sans-serif; color: #242c2e;\">30%65<\/span><\/p>\n<\/td>\n<\/tr>\n<tr>\n<td style=\"width: 81pt; border-right: 1pt solid #bdd6ee; border-bottom: 1pt solid #bdd6ee; border-left: 1pt solid #bdd6ee; border-top: none; padding: 0cm 5.4pt; text-align: center;\" valign=\"top\" width=\"108\">\n<p class=\"MsoNormal\" style=\"text-align: center; line-height: 18.4pt; margin: .75pt 0cm .75pt 0cm;\" align=\"center\"><b><span style=\"font-size: 8.5pt; font-family: Verdana, sans-serif; color: #242c2e;\">5,5\/6,3x 98<\/span><\/b><b><\/b><\/p>\n<p>&nbsp;<\/p>\n<p>&nbsp;<\/td>\n<td style=\"width: 383.7pt; border-top: none; border-left: none; border-bottom: 1pt solid #bdd6ee; border-right: 1pt solid #bdd6ee; padding: 0cm 5.4pt; text-align: center;\" valign=\"top\" width=\"512\">\n<p class=\"MsoNormal\" style=\"text-align: center; line-height: 18.4pt; margin: .75pt 0cm .75pt 0cm;\" align=\"center\"><span style=\"font-size: 8.5pt; font-family: Verdana, sans-serif; color: #242c2e;\">45%85<\/span><\/p>\n<\/td>\n<\/tr>\n<tr>\n<td style=\"width: 81pt; border-right: 1pt solid #bdd6ee; border-bottom: 1pt solid #bdd6ee; border-left: 1pt solid #bdd6ee; border-top: none; padding: 0cm 5.4pt; text-align: center;\" valign=\"top\" width=\"108\">\n<p class=\"MsoNormal\" style=\"text-align: center; line-height: 18.4pt; margin: .75pt 0cm .75pt 0cm;\" align=\"center\"><b><span style=\"font-size: 8.5pt; font-family: Verdana, sans-serif; color: #242c2e;\">5,5\/6,3x 115<\/span><\/b><b><\/b><\/p>\n<p>&nbsp;<\/p>\n<p>&nbsp;<\/td>\n<td style=\"width: 383.7pt; border-top: none; border-left: none; border-bottom: 1pt solid #bdd6ee; border-right: 1pt solid #bdd6ee; padding: 0cm 5.4pt; text-align: center;\" valign=\"top\" width=\"512\">\n<p class=\"MsoNormal\" style=\"text-align: center; line-height: 18.4pt; margin: .75pt 0cm .75pt 0cm;\" align=\"center\"><span style=\"font-size: 8.5pt; font-family: Verdana, sans-serif; color: #242c2e;\">65%100<\/span><\/p>\n<\/td>\n<\/tr>\n<\/tbody>\n<\/table>\n<p style=\"text-align: center;\"><strong><span style=\"font-size: medium;\"><a class=\"w-100 btn btn-danger btn-lg\" href=\"https:\/\/panelsandwich.org\/contactenos\">DEMANDE DE PRIX ET D&rsquo;INFORMATIONS TECHNIQUES  <i class=\"caret-right\"><\/i><\/a><\/span><\/strong><\/p>\n","protected":false},"excerpt":{"rendered":"<p>Vis utilis\u00e9e pour la fixation de panneaux sandwich avec des supports m\u00e9talliques, d&rsquo;une \u00e9paisseur ne d\u00e9passant pas 6 mm.<\/p>\n<p>Deux filets de 5,5 mm sont plac\u00e9s sur le mat\u00e9riau de support et sous la t\u00eate de filetage, ce qui emp\u00eache l&rsquo;\u00e9crasement et sert de but\u00e9e pour le vissage.<\/p>\n<p style=\"text-align: center;\"><strong><span style=\"font-size: medium;\"><a class=\"w-100 btn btn-danger btn-lg\" href=\"https:\/\/panelsandwich.org\/contactenos\">DEMANDE DE PRIX ET D&rsquo;INFORMATIONS TECHNIQUES  <i class=\"caret-right\"><\/i><\/a><\/span><\/strong><\/p>\n","protected":false},"featured_media":43603,"comment_status":"closed","ping_status":"closed","template":"","meta":[],"product_brand":[],"product_cat":[3256],"product_tag":[3369,3367,3368],"class_list":{"0":"post-43568","1":"product","2":"type-product","3":"status-publish","4":"has-post-thumbnail","6":"product_cat-vis-pour-panneaux-sandwich","7":"product_tag-boulons-pour-poutres-en-beton","8":"product_tag-fixations-pour-le-beton","9":"product_tag-vis-bleue","11":"first","12":"instock","13":"taxable","14":"shipping-taxable","15":"product-type-simple"},"_links":{"self":[{"href":"https:\/\/panelsandwich.org\/fr\/wp-json\/wp\/v2\/product\/43568","targetHints":{"allow":["GET"]}}],"collection":[{"href":"https:\/\/panelsandwich.org\/fr\/wp-json\/wp\/v2\/product"}],"about":[{"href":"https:\/\/panelsandwich.org\/fr\/wp-json\/wp\/v2\/types\/product"}],"replies":[{"embeddable":true,"href":"https:\/\/panelsandwich.org\/fr\/wp-json\/wp\/v2\/comments?post=43568"}],"version-history":[{"count":0,"href":"https:\/\/panelsandwich.org\/fr\/wp-json\/wp\/v2\/product\/43568\/revisions"}],"wp:featuredmedia":[{"embeddable":true,"href":"https:\/\/panelsandwich.org\/fr\/wp-json\/wp\/v2\/media\/43603"}],"wp:attachment":[{"href":"https:\/\/panelsandwich.org\/fr\/wp-json\/wp\/v2\/media?parent=43568"}],"wp:term":[{"taxonomy":"product_brand","embeddable":true,"href":"https:\/\/panelsandwich.org\/fr\/wp-json\/wp\/v2\/product_brand?post=43568"},{"taxonomy":"product_cat","embeddable":true,"href":"https:\/\/panelsandwich.org\/fr\/wp-json\/wp\/v2\/product_cat?post=43568"},{"taxonomy":"product_tag","embeddable":true,"href":"https:\/\/panelsandwich.org\/fr\/wp-json\/wp\/v2\/product_tag?post=43568"}],"curies":[{"name":"wp","href":"https:\/\/api.w.org\/{rel}","templated":true}]}}