{"id":43672,"date":"2023-09-28T23:16:05","date_gmt":"2023-09-28T21:16:05","guid":{"rendered":"https:\/\/panelsandwich.org\/sangle-metallique-omegas\/"},"modified":"2025-11-21T08:11:53","modified_gmt":"2025-11-21T07:11:53","slug":"sangle-metallique-omegas","status":"publish","type":"product","link":"https:\/\/panelsandwich.org\/fr\/sangle-metallique-omegas\/","title":{"rendered":"Sangle m\u00e9tallique &#8211; Omegas"},"content":{"rendered":"<h2>Description :<\/h2>\n<p>Les profil\u00e9s C et Z en acier doux form\u00e9s \u00e0 froid pr\u00e9sentent de nombreux avantages par rapport aux profil\u00e9s en acier lamin\u00e9s \u00e0 chaud. Le rapport poids\/r\u00e9sistance est une caract\u00e9ristique qui a conduit \u00e0 une croissance exponentielle de l&rsquo;utilisation de ces profil\u00e9s dans la construction de b\u00e2timents aux typologies les plus vari\u00e9es. Par cons\u00e9quent, ce document contient les propri\u00e9t\u00e9s de la section brute et de la section effective des profil\u00e9s en C et en Z actuellement produits par Panel Sandwich .ORG.<\/p>\n<h2><img decoding=\"async\" class=\"size-full wp-image-31899 lazyload\" data-src=\"https:\/\/panelsandwich.org\/wp-content\/uploads\/2018\/02\/cms_2_1.JPG\" alt=\"filename\" width=\"100%\" title=\"% %count(title)\" data-srcset=\"https:\/\/panelsandwich.org\/wp-content\/uploads\/2018\/02\/cms_2_1.JPG 1012w, https:\/\/panelsandwich.org\/wp-content\/uploads\/2018\/02\/cms_2_1-300x100.jpg 300w, https:\/\/panelsandwich.org\/wp-content\/uploads\/2018\/02\/cms_2_1-768x255.jpg 768w, https:\/\/panelsandwich.org\/wp-content\/uploads\/2018\/02\/cms_2_1-600x199.jpg 600w\" data-sizes=\"(max-width: 1012px) 100vw, 1012px\" src=\"data:image\/svg+xml;base64,PHN2ZyB3aWR0aD0iMSIgaGVpZ2h0PSIxIiB4bWxucz0iaHR0cDovL3d3dy53My5vcmcvMjAwMC9zdmciPjwvc3ZnPg==\" style=\"--smush-placeholder-width: 1012px; --smush-placeholder-aspect-ratio: 1012\/336;\" \/><\/h2>\n<p style=\"text-align: center;\"><strong><span style=\"font-size: medium;\"><a class=\"w-100 btn btn-danger btn-lg\" href=\"https:\/\/panelsandwich.org\/contactenos\">DEMANDE DE PRIX ET D&rsquo;INFORMATIONS TECHNIQUES  <i class=\"caret-right\"><\/i><\/a><\/span><\/strong><\/p>\n<h2>Application :<\/h2>\n<p>L&rsquo;application des profil\u00e9s en acier form\u00e9s \u00e0 froid a connu une croissance exponentielle en raison des avantages consid\u00e9rables qu&rsquo;elle pr\u00e9sente par rapport aux solutions concurrentes.<\/p>\n<ul style=\"list-style-type: circle;\">\n<li>Structure secondaire pour toiture et fa\u00e7ade support pour toitures et fa\u00e7ades<\/li>\n<li>Cloisons et compartiments ext\u00e9rieurs<\/li>\n<li>Enveloppes des b\u00e2timents<\/li>\n<li>Structures de soutien pour les syst\u00e8mes de panneaux solaires ou photovolta\u00efques<\/li>\n<li>Planchers interm\u00e9diaires<\/li>\n<li>R\u00e9novation de b\u00e2timents.<\/li>\n<\/ul>\n<h2>Qualit\u00e9 des mat\u00e9riaux :<\/h2>\n<p>Les profil\u00e9s C et Z mentionn\u00e9s dans le catalogue sont fabriqu\u00e9s en acier pr\u00e9-galvanis\u00e9 conform\u00e9ment \u00e0 la norme EN 10346, avec une qualit\u00e9 de zinc variant entre Z10 et Z275, en fonction des exigences du projet. En option, ce produit peut \u00eatre fourni avec un autre type de finition de surface, notamment avec une laque RAL \u00e0 d\u00e9finir.<\/p>\n<h2>Propri\u00e9t\u00e9s g\u00e9om\u00e9triques<\/h2>\n<p>Dans le cadre des normes europ\u00e9ennes en vigueur, le dimensionnement des profil\u00e9s en acier doux form\u00e9s \u00e0 froid (classes 3 et 4) est effectu\u00e9 \u00e0 l&rsquo;aide de l&rsquo;Eurocode 3 Conception des structures en acier, parties 1.1, 1.3 et 1.5. Ces normes pr\u00e9sentent des mod\u00e8les pour la conception d&rsquo;\u00e9l\u00e9ments soumis \u00e0 diff\u00e9rents types de contraintes agissant seules ou en combinaison, sur la base de propri\u00e9t\u00e9s effectives. Les tron\u00e7ons trait\u00e9s ici respectent les restrictions pr\u00e9vues par la norme EN 1993-1-3 en ce qui concerne les limites maximales entre les rapports des diff\u00e9rentes largeurs.<\/p>\n<p>Les sections transversales et les propri\u00e9t\u00e9s g\u00e9om\u00e9triques correspondantes ont \u00e9t\u00e9 obtenues s\u00e9par\u00e9ment, pour la compression pure, la flexion selon et la flexion selon z. Toutefois, ces propri\u00e9t\u00e9s peuvent \u00eatre utilis\u00e9es pour la v\u00e9rification des sections soumises \u00e0 des contraintes combin\u00e9es, comme le pr\u00e9voient les clauses 4.3(3) et 4.3(4) de la norme. EN 1993-1-3.<\/p>\n<p>Les tableaux pr\u00e9sent\u00e9s dans ce catalogue contiennent les propri\u00e9t\u00e9s de la section transversale et des sections efficaces (en compression et en flexion) des profil\u00e9s en C et en Z qui composent notre gamme. Pour la section efficace, les moments d&rsquo;inertie et le module d&rsquo;\u00e9lasticit\u00e9 de la flexion dans les directions y et z sont pr\u00e9sent\u00e9s, en tenant compte des moments de flexion positifs et n\u00e9gatifs, ainsi que de la surface efficace et de la position du centre de gravit\u00e9 par rapport \u00e0 la position initiale. (section brute) pour les contraintes de compression pure.<\/p>\n<p>Afin de d\u00e9terminer les propri\u00e9t\u00e9s effectives des sections Z, une simplification a \u00e9t\u00e9 envisag\u00e9e, qui consiste \u00e0 calculer les propri\u00e9t\u00e9s pour le m\u00eame syst\u00e8me d&rsquo;axes du profil C, c&rsquo;est-\u00e0-dire selon les axes horizontaux et verticaux, bien qu&rsquo;ils ne soient pas les principaux axes d&rsquo;inertie du profil C. section.<\/p>\n<h2>Support en m\u00e9tal :  <img decoding=\"async\" class=\"size-full wp-image-31900 lazyload\" data-src=\"https:\/\/panelsandwich.org\/wp-content\/uploads\/2018\/02\/cms_1_1.JPG\" alt=\"filename\" width=\"100%\" title=\"% %count(title)\" data-srcset=\"https:\/\/panelsandwich.org\/wp-content\/uploads\/2018\/02\/cms_1_1.JPG 967w, https:\/\/panelsandwich.org\/wp-content\/uploads\/2018\/02\/cms_1_1-300x224.jpg 300w, https:\/\/panelsandwich.org\/wp-content\/uploads\/2018\/02\/cms_1_1-768x573.jpg 768w, https:\/\/panelsandwich.org\/wp-content\/uploads\/2018\/02\/cms_1_1-600x448.jpg 600w\" data-sizes=\"(max-width: 967px) 100vw, 967px\" src=\"data:image\/svg+xml;base64,PHN2ZyB3aWR0aD0iMSIgaGVpZ2h0PSIxIiB4bWxucz0iaHR0cDovL3d3dy53My5vcmcvMjAwMC9zdmciPjwvc3ZnPg==\" style=\"--smush-placeholder-width: 967px; --smush-placeholder-aspect-ratio: 967\/722;\" \/><\/h2>\n<h2>Renforcement :<\/h2>\n<p>Sangles m\u00e9talliques C Afin de permettre la transmission des efforts de continuit\u00e9 dans les situations de jonction, des connexions standardis\u00e9es ont \u00e9t\u00e9 d\u00e9finies pour chacune des situations en fonction du type de profil. Polyur\u00e9thane (PUR) | Polyisocyanurate (PIR)<\/p>\n<h2>Mod\u00e8les de per\u00e7age :<\/h2>\n<p>Profil\u00e9s m\u00e9talliques C Les profil\u00e9s C sont pourvus de trous permettant de les fixer \u00e0 la structure principale au moyen de raccords.<\/p>\n<ul style=\"list-style-type: circle;\">\n<li>Al\u00e9sage standard L&rsquo;al\u00e9sage standard est ovale dans le sens du d\u00e9veloppement longitudinal des pannes, soit \u00d817\u00d725 pour les vis M12-8.8.<\/li>\n<li>Centre de forage Outre le forage standard, nous disposons d&rsquo;un \u00e9quipement qui nous permet de r\u00e9aliser des forages diversifi\u00e9s et personnalis\u00e9s pour r\u00e9pondre aux exigences de n&rsquo;importe quel projet.<\/li>\n<\/ul>\n<p><img decoding=\"async\" class=\"size-full wp-image-31901 lazyload\" data-src=\"https:\/\/panelsandwich.org\/wp-content\/uploads\/2018\/02\/cms_c.JPG\" alt=\"filename\" width=\"100%\" title=\"% %count(title)\" data-srcset=\"https:\/\/panelsandwich.org\/wp-content\/uploads\/2018\/02\/cms_c.JPG 973w, https:\/\/panelsandwich.org\/wp-content\/uploads\/2018\/02\/cms_c-300x173.jpg 300w, https:\/\/panelsandwich.org\/wp-content\/uploads\/2018\/02\/cms_c-768x442.jpg 768w, https:\/\/panelsandwich.org\/wp-content\/uploads\/2018\/02\/cms_c-600x345.jpg 600w\" data-sizes=\"(max-width: 973px) 100vw, 973px\" src=\"data:image\/svg+xml;base64,PHN2ZyB3aWR0aD0iMSIgaGVpZ2h0PSIxIiB4bWxucz0iaHR0cDovL3d3dy53My5vcmcvMjAwMC9zdmciPjwvc3ZnPg==\" style=\"--smush-placeholder-width: 973px; --smush-placeholder-aspect-ratio: 973\/560;\" \/><img decoding=\"async\" class=\"size-full wp-image-31902 lazyload\" data-src=\"https:\/\/panelsandwich.org\/wp-content\/uploads\/2018\/02\/cms_z.JPG\" alt=\"filename\" width=\"100%\" title=\"% %count(title)\" data-srcset=\"https:\/\/panelsandwich.org\/wp-content\/uploads\/2018\/02\/cms_z.JPG 968w, https:\/\/panelsandwich.org\/wp-content\/uploads\/2018\/02\/cms_z-300x173.jpg 300w, https:\/\/panelsandwich.org\/wp-content\/uploads\/2018\/02\/cms_z-768x444.jpg 768w, https:\/\/panelsandwich.org\/wp-content\/uploads\/2018\/02\/cms_z-600x346.jpg 600w\" data-sizes=\"(max-width: 968px) 100vw, 968px\" src=\"data:image\/svg+xml;base64,PHN2ZyB3aWR0aD0iMSIgaGVpZ2h0PSIxIiB4bWxucz0iaHR0cDovL3d3dy53My5vcmcvMjAwMC9zdmciPjwvc3ZnPg==\" style=\"--smush-placeholder-width: 968px; --smush-placeholder-aspect-ratio: 968\/559;\" \/><\/p>\n<p style=\"text-align: center;\"><strong><span style=\"font-size: medium;\"><a class=\"w-100 btn btn-danger btn-lg\" href=\"https:\/\/panelsandwich.org\/contactenos\">DEMANDE DE PRIX ET D&rsquo;INFORMATIONS TECHNIQUES  <i class=\"caret-right\"><\/i><\/a><\/span><\/strong><\/p>\n","protected":false},"excerpt":{"rendered":"<p style=\"text-align: center;\"><strong><span style=\"font-size: medium;\"><a class=\"w-100 btn btn-danger btn-lg\" href=\"https:\/\/panelsandwich.org\/contactenos\">DEMANDE DE PRIX ET D&rsquo;INFORMATIONS TECHNIQUES  <i class=\"caret-right\"><\/i><\/a><\/span><\/strong><\/p>\n","protected":false},"featured_media":43713,"comment_status":"closed","ping_status":"closed","template":"","meta":[],"product_brand":[],"product_cat":[3299],"product_tag":[3397,3398,3395],"class_list":{"0":"post-43672","1":"product","2":"type-product","3":"status-publish","4":"has-post-thumbnail","6":"product_cat-courroies-metalliques-structurelles","7":"product_tag-lattes","8":"product_tag-omega-fr","9":"product_tag-omegas-metalica-fr","10":"pa_colorexterior-galvanise","11":"pa_espesordelachapa-100-mm-fr","12":"pa_medidas-metres-lineaires-ml","13":"pa_situacion-sur-demande","15":"first","16":"outofstock","17":"taxable","18":"shipping-taxable","19":"purchasable","20":"product-type-variable","21":"has-default-attributes"},"_links":{"self":[{"href":"https:\/\/panelsandwich.org\/fr\/wp-json\/wp\/v2\/product\/43672","targetHints":{"allow":["GET"]}}],"collection":[{"href":"https:\/\/panelsandwich.org\/fr\/wp-json\/wp\/v2\/product"}],"about":[{"href":"https:\/\/panelsandwich.org\/fr\/wp-json\/wp\/v2\/types\/product"}],"replies":[{"embeddable":true,"href":"https:\/\/panelsandwich.org\/fr\/wp-json\/wp\/v2\/comments?post=43672"}],"version-history":[{"count":0,"href":"https:\/\/panelsandwich.org\/fr\/wp-json\/wp\/v2\/product\/43672\/revisions"}],"wp:featuredmedia":[{"embeddable":true,"href":"https:\/\/panelsandwich.org\/fr\/wp-json\/wp\/v2\/media\/43713"}],"wp:attachment":[{"href":"https:\/\/panelsandwich.org\/fr\/wp-json\/wp\/v2\/media?parent=43672"}],"wp:term":[{"taxonomy":"product_brand","embeddable":true,"href":"https:\/\/panelsandwich.org\/fr\/wp-json\/wp\/v2\/product_brand?post=43672"},{"taxonomy":"product_cat","embeddable":true,"href":"https:\/\/panelsandwich.org\/fr\/wp-json\/wp\/v2\/product_cat?post=43672"},{"taxonomy":"product_tag","embeddable":true,"href":"https:\/\/panelsandwich.org\/fr\/wp-json\/wp\/v2\/product_tag?post=43672"}],"curies":[{"name":"wp","href":"https:\/\/api.w.org\/{rel}","templated":true}]}}