{"id":43940,"date":"2023-09-28T23:16:19","date_gmt":"2023-09-28T21:16:19","guid":{"rendered":"https:\/\/panelsandwich.org\/tuile-a-panneaux-sandwich-gres-vieilli\/"},"modified":"2025-11-21T08:17:01","modified_gmt":"2025-11-21T07:17:01","slug":"tuile-a-panneaux-sandwich-gres-vieilli","status":"publish","type":"product","link":"https:\/\/panelsandwich.org\/fr\/tuile-a-panneaux-sandwich-gres-vieilli\/","title":{"rendered":"Tuile \u00e0 panneaux sandwich &#8211; Gr\u00e8s vieilli"},"content":{"rendered":"\t\t<div data-elementor-type=\"product-post\" data-elementor-id=\"43940\" class=\"elementor elementor-43940 elementor-30872\" data-elementor-post-type=\"product\">\n\t\t\t\t\t\t<section class=\"elementor-section elementor-top-section elementor-element elementor-element-168d3cbd elementor-section-boxed elementor-section-height-default elementor-section-height-default\" data-id=\"168d3cbd\" data-element_type=\"section\" data-e-type=\"section\" data-settings=\"{&quot;jet_parallax_layout_list&quot;:[]}\">\n\t\t\t\t\t\t<div class=\"elementor-container elementor-column-gap-default\">\n\t\t\t\t\t<div class=\"elementor-column elementor-col-50 elementor-top-column elementor-element elementor-element-25d3a388\" data-id=\"25d3a388\" data-element_type=\"column\" data-e-type=\"column\">\n\t\t\t<div class=\"elementor-widget-wrap elementor-element-populated\">\n\t\t\t\t\t\t<div class=\"elementor-element elementor-element-7192482c elementor-hidden-tablet elementor-hidden-mobile jet-nav-align-flex-start elementor-widget elementor-widget-jet-nav-menu\" data-id=\"7192482c\" data-element_type=\"widget\" data-e-type=\"widget\" data-settings=\"{&quot;sticky&quot;:&quot;top&quot;,&quot;sticky_offset&quot;:80,&quot;sticky_parent&quot;:&quot;yes&quot;,&quot;sticky_on&quot;:[&quot;desktop&quot;,&quot;tablet&quot;,&quot;mobile&quot;],&quot;sticky_effects_offset&quot;:0,&quot;sticky_anchor_link_offset&quot;:0}\" data-widget_type=\"jet-nav-menu.default\">\n\t\t\t\t<div class=\"elementor-widget-container\">\n\t\t\t\t\t<nav class=\"jet-nav-wrap m-layout-mobile\"><div class=\"menu-menu-producto-frances-container\"><div class=\"jet-nav m-layout-mobile jet-nav--vertical jet-nav--vertical-sub-right-side\"><div class=\"menu-item menu-item-type-custom menu-item-object-custom jet-nav__item-69518 jet-nav__item\"><a href=\"#DESCRIPCION\" class=\"menu-item-link menu-item-link-depth-0 menu-item-link-top\"><span class=\"jet-nav-link-text\">DESCRIPCI\u00d3N<\/span><\/a><\/div>\n<div class=\"menu-item menu-item-type-custom menu-item-object-custom jet-nav__item-69519 jet-nav__item\"><a href=\"#preguntas\" class=\"menu-item-link menu-item-link-depth-0 menu-item-link-top\"><span class=\"jet-nav-link-text\">PREGUNTAS<\/span><\/a><\/div>\n<div class=\"menu-item menu-item-type-custom menu-item-object-custom jet-nav__item-69520 jet-nav__item\"><a href=\"#IMAGENES\" class=\"menu-item-link menu-item-link-depth-0 menu-item-link-top\"><span class=\"jet-nav-link-text\">IM\u00c1GENES<\/span><\/a><\/div>\n<div class=\"menu-item menu-item-type-custom menu-item-object-custom jet-nav__item-69521 jet-nav__item\"><a href=\"#caracteristicas\" class=\"menu-item-link menu-item-link-depth-0 menu-item-link-top\"><span class=\"jet-nav-link-text\">CARACTER\u00cdSTICAS<\/span><\/a><\/div>\n<div class=\"menu-item menu-item-type-custom menu-item-object-custom jet-nav__item-69522 jet-nav__item\"><a href=\"#TABLADECARGAS\" class=\"menu-item-link menu-item-link-depth-0 menu-item-link-top\"><span class=\"jet-nav-link-text\">TABLA DE CARGAS<\/span><\/a><\/div>\n<div class=\"menu-item menu-item-type-custom menu-item-object-custom jet-nav__item-69523 jet-nav__item\"><a href=\"#COLORESDISPONIBLES\" class=\"menu-item-link menu-item-link-depth-0 menu-item-link-top\"><span class=\"jet-nav-link-text\">COLORES DISPONIBLES<\/span><\/a><\/div>\n<div class=\"menu-item menu-item-type-custom menu-item-object-custom jet-nav__item-69536 jet-nav__item\"><a href=\"#fichatecnica\" class=\"menu-item-link menu-item-link-depth-0 menu-item-link-top\"><span class=\"jet-nav-link-text\">FICHAS T\u00c9CNICAS<\/span><\/a><\/div>\n<div class=\"menu-item menu-item-type-custom menu-item-object-custom jet-nav__item-69537 jet-nav__item\"><a href=\"#accesorios\" class=\"menu-item-link menu-item-link-depth-0 menu-item-link-top\"><span class=\"jet-nav-link-text\">ACCESORIOS<\/span><\/a><\/div>\n<div class=\"menu-item menu-item-type-custom menu-item-object-custom jet-nav__item-69538 jet-nav__item\"><a href=\"#blog\" class=\"menu-item-link menu-item-link-depth-0 menu-item-link-top\"><span class=\"jet-nav-link-text\">BLOG<\/span><\/a><\/div>\n<\/div><\/div><\/nav>\t\t\t\t<\/div>\n\t\t\t\t<\/div>\n\t\t\t\t\t<\/div>\n\t\t<\/div>\n\t\t\t\t<div class=\"elementor-column elementor-col-50 elementor-top-column elementor-element elementor-element-4ad83de1\" data-id=\"4ad83de1\" data-element_type=\"column\" data-e-type=\"column\">\n\t\t\t<div class=\"elementor-widget-wrap elementor-element-populated\">\n\t\t\t\t\t\t<div class=\"elementor-element elementor-element-6aac551a elementor-widget elementor-widget-menu-anchor\" data-id=\"6aac551a\" data-element_type=\"widget\" data-e-type=\"widget\" data-widget_type=\"menu-anchor.default\">\n\t\t\t\t<div class=\"elementor-widget-container\">\n\t\t\t\t\t\t\t<div class=\"elementor-menu-anchor\" id=\"DESCRIPTION\"><\/div>\n\t\t\t\t\t\t<\/div>\n\t\t\t\t<\/div>\n\t\t\t\t<div class=\"elementor-element elementor-element-1218dde elementor-widget elementor-widget-heading\" data-id=\"1218dde\" data-element_type=\"widget\" data-e-type=\"widget\" data-widget_type=\"heading.default\">\n\t\t\t\t<div class=\"elementor-widget-container\">\n\t\t\t\t\t<h2 class=\"elementor-heading-title elementor-size-default\">Description<\/h2>\t\t\t\t<\/div>\n\t\t\t\t<\/div>\n\t\t\t\t<div class=\"elementor-element elementor-element-c01cb1c elementor-widget elementor-widget-text-editor\" data-id=\"c01cb1c\" data-element_type=\"widget\" data-e-type=\"widget\" data-widget_type=\"text-editor.default\">\n\t\t\t\t<div class=\"elementor-widget-container\">\n\t\t\t\t\t\t\t\t\t<p>Panneau d&rsquo;isolation de toiture de forme traditionnelle, compos\u00e9 de deux t\u00f4les m\u00e9talliques en profil\u00e9s, reli\u00e9es par une \u00e2me isolante en mousse rigide de polyur\u00e9thane (PUR) ou de polyisocyanurate (PIR).<\/p><p>Le panneau sandwich imitation tuile est un papier de toiture sandwich compos\u00e9 de deux feuilles m\u00e9talliques et d&rsquo;une \u00e2me en mousse isolante de polyur\u00e9thane. Le profilage de la feuille ext\u00e9rieure ressemble \u00e0 la tuile classique, ce qui donne au panneau un aspect agr\u00e9able et imite de mani\u00e8re tr\u00e8s r\u00e9aliste la tuile traditionnelle. Les panneaux Teja sont utilis\u00e9s sur des toits ayant une pente minimale de 7 % dans le secteur de la construction civile et industrielle. Il peut \u00eatre mont\u00e9 sur une structure porteuse en acier, en b\u00e9ton ou en bois et est autoportant. L&rsquo;\u00e9paisseur constante de l&rsquo;isolation am\u00e9liore le confort int\u00e9rieur du b\u00e2timent et est tr\u00e8s efficace pour isoler l&rsquo;int\u00e9rieur du b\u00e2timent des effets du rayonnement solaire et du froid.<\/p>\t\t\t\t\t\t\t\t<\/div>\n\t\t\t\t<\/div>\n\t\t\t\t<div class=\"elementor-element elementor-element-62c607e5 elementor-widget-divider--view-line elementor-widget elementor-widget-divider\" data-id=\"62c607e5\" data-element_type=\"widget\" data-e-type=\"widget\" data-widget_type=\"divider.default\">\n\t\t\t\t<div class=\"elementor-widget-container\">\n\t\t\t\t\t\t\t<div class=\"elementor-divider\">\n\t\t\t<span class=\"elementor-divider-separator\">\n\t\t\t\t\t\t<\/span>\n\t\t<\/div>\n\t\t\t\t\t\t<\/div>\n\t\t\t\t<\/div>\n\t\t\t\t<div class=\"elementor-element elementor-element-740298a elementor-widget elementor-widget-menu-anchor\" data-id=\"740298a\" data-element_type=\"widget\" data-e-type=\"widget\" data-widget_type=\"menu-anchor.default\">\n\t\t\t\t<div class=\"elementor-widget-container\">\n\t\t\t\t\t\t\t<div class=\"elementor-menu-anchor\" id=\"caractristiques\"><\/div>\n\t\t\t\t\t\t<\/div>\n\t\t\t\t<\/div>\n\t\t\t\t<div class=\"elementor-element elementor-element-64504344 elementor-widget elementor-widget-heading\" data-id=\"64504344\" data-element_type=\"widget\" data-e-type=\"widget\" data-widget_type=\"heading.default\">\n\t\t\t\t<div class=\"elementor-widget-container\">\n\t\t\t\t\t<h2 class=\"elementor-heading-title elementor-size-default\">Caract\u00e9ristiques<\/h2>\t\t\t\t<\/div>\n\t\t\t\t<\/div>\n\t\t\t\t<div class=\"elementor-element elementor-element-b0e04f9 elementor-widget elementor-widget-text-editor\" data-id=\"b0e04f9\" data-element_type=\"widget\" data-e-type=\"widget\" data-widget_type=\"text-editor.default\">\n\t\t\t\t<div class=\"elementor-widget-container\">\n\t\t\t\t\t\t\t\t\t<h3><strong>Application :<\/strong><\/h3><p>Enveloppes des b\u00e2timents.<\/p><h3><strong>Type de joint et de vis :<\/strong><\/h3><p>Type de joint : Type d&#8217;embo\u00eetement. La vis est visible.<\/p><p>Vis : Vis avec rondelle en caoutchouc.<\/p><p><img fetchpriority=\"high\" decoding=\"async\" class=\" size-full wp-image-30853\" src=\"https:\/\/panelsandwich.org\/wp-content\/uploads\/2017\/12\/cms_union-Teja-panel-sandwich-teja-detalle-union.png\" alt=\"panneau sandwich d\u00e9tail des joints de tuiles\" width=\"250\" height=\"250\" title=\"% %count(title)\" srcset=\"https:\/\/panelsandwich.org\/wp-content\/uploads\/2017\/12\/cms_union-Teja-panel-sandwich-teja-detalle-union.png 378w, https:\/\/panelsandwich.org\/wp-content\/uploads\/2017\/12\/cms_union-Teja-panel-sandwich-teja-detalle-union-100x100.png 100w, https:\/\/panelsandwich.org\/wp-content\/uploads\/2017\/12\/cms_union-Teja-panel-sandwich-teja-detalle-union-300x300.png 300w, https:\/\/panelsandwich.org\/wp-content\/uploads\/2017\/12\/cms_union-Teja-panel-sandwich-teja-detalle-union-150x150.png 150w\" sizes=\"(max-width: 250px) 100vw, 250px\" \/><\/p><h3><strong>Dimensions :<\/strong><\/h3><p>\u00c9paisseurs : 30-40-50 mm \u00b11 mm<\/p><p>Largeur : 1000 mm \u00b11 mm<\/p><p>Longueur : 4,00 &#8211; 18,00 m \u00b110 mm (par multiples de 0,35 m)<\/p><p><img decoding=\"async\" class=\" size-full wp-image-30854\" src=\"https:\/\/panelsandwich.org\/wp-content\/uploads\/2017\/12\/cms_TEJA_medidas.JPG\" alt=\"filename\" width=\"100%\" title=\"% %count(title)\" srcset=\"https:\/\/panelsandwich.org\/wp-content\/uploads\/2017\/12\/cms_TEJA_medidas.JPG 966w, https:\/\/panelsandwich.org\/wp-content\/uploads\/2017\/12\/cms_TEJA_medidas-300x107.jpg 300w, https:\/\/panelsandwich.org\/wp-content\/uploads\/2017\/12\/cms_TEJA_medidas-768x273.jpg 768w, https:\/\/panelsandwich.org\/wp-content\/uploads\/2017\/12\/cms_TEJA_medidas-600x214.jpg 600w\" sizes=\"(max-width: 966px) 100vw, 966px\" \/><\/p><h3><strong>Support en m\u00e9tal :<\/strong><\/h3><p>T\u00f4le d&rsquo;acier galvanis\u00e9e de qualit\u00e9 S250GD : EN 10142<\/p><p>\u00c9paisseur : 0,4-0,5-0,6 mm<\/p><h3><strong>Noyau isolant :<\/strong><\/h3><p>Polyur\u00e9thane (PUR) | Polyisocyanurate (PIR)<\/p><p>Conductivit\u00e9 thermique : PUR : 0,022 W\/mK | PIR : 0,022 W\/mK Densit\u00e9 : 40 kg\/m3 \u00b110% Densit\u00e9 : 40 kg\/m3 \u00b110% Conductivit\u00e9 thermique : PUR : 0,022 W\/mK | PIR : 0,022 W\/mK<\/p><p>R\u00e9action au feu : PUR : B-s2,d0 | PIR : B-s2,d0 | PIR-HI : B-s1,d0<\/p><p>R\u00e9sistance \u00e0 la traction des feuilles (adh\u00e9rence) &gt; 0,10 MPa<\/p><p>R\u00e9sistance \u00e0 la compression \u00e0 10 % de d\u00e9formation &gt; 0,10 MPa<\/p><h3><strong>Rev\u00eatement :<\/strong><\/h3><p>Standard : peinture polyester textur\u00e9e 25 \u00b5m<\/p><p>Sp\u00e9cial : Granite HDX 55 \u00b5m | PVC 180 \u00b5m textur\u00e9 couleur bois pour la surface int\u00e9rieure<\/p>\t\t\t\t\t\t\t\t<\/div>\n\t\t\t\t<\/div>\n\t\t\t\t<div class=\"elementor-element elementor-element-20e0a4ca elementor-widget-divider--view-line elementor-widget elementor-widget-divider\" data-id=\"20e0a4ca\" data-element_type=\"widget\" data-e-type=\"widget\" data-widget_type=\"divider.default\">\n\t\t\t\t<div class=\"elementor-widget-container\">\n\t\t\t\t\t\t\t<div class=\"elementor-divider\">\n\t\t\t<span class=\"elementor-divider-separator\">\n\t\t\t\t\t\t<\/span>\n\t\t<\/div>\n\t\t\t\t\t\t<\/div>\n\t\t\t\t<\/div>\n\t\t\t\t<section class=\"elementor-section elementor-inner-section elementor-element elementor-element-b428464 elementor-section-boxed elementor-section-height-default elementor-section-height-default\" data-id=\"b428464\" data-element_type=\"section\" data-e-type=\"section\" data-settings=\"{&quot;jet_parallax_layout_list&quot;:[]}\">\n\t\t\t\t\t\t<div class=\"elementor-container elementor-column-gap-default\">\n\t\t\t\t\t<div class=\"elementor-column elementor-col-100 elementor-inner-column elementor-element elementor-element-7829a2a8\" data-id=\"7829a2a8\" data-element_type=\"column\" data-e-type=\"column\">\n\t\t\t<div class=\"elementor-widget-wrap elementor-element-populated\">\n\t\t\t\t\t\t<div class=\"elementor-element elementor-element-1dba4dc2 elementor-widget__width-initial elementor-widget elementor-widget-menu-anchor\" data-id=\"1dba4dc2\" data-element_type=\"widget\" data-e-type=\"widget\" data-widget_type=\"menu-anchor.default\">\n\t\t\t\t<div class=\"elementor-widget-container\">\n\t\t\t\t\t\t\t<div class=\"elementor-menu-anchor\" id=\"TABLADECARGAS\"><\/div>\n\t\t\t\t\t\t<\/div>\n\t\t\t\t<\/div>\n\t\t\t\t\t<\/div>\n\t\t<\/div>\n\t\t\t\t\t<\/div>\n\t\t<\/section>\n\t\t\t\t<div class=\"elementor-element elementor-element-f709670 elementor-widget elementor-widget-heading\" data-id=\"f709670\" data-element_type=\"widget\" data-e-type=\"widget\" data-widget_type=\"heading.default\">\n\t\t\t\t<div class=\"elementor-widget-container\">\n\t\t\t\t\t<h2 class=\"elementor-heading-title elementor-size-default\">Tableau des charges<\/h2>\t\t\t\t<\/div>\n\t\t\t\t<\/div>\n\t\t\t\t<div class=\"elementor-element elementor-element-6b2766e elementor-widget elementor-widget-html\" data-id=\"6b2766e\" data-element_type=\"widget\" data-e-type=\"widget\" data-widget_type=\"html.default\">\n\t\t\t\t<div class=\"elementor-widget-container\">\n\t\t\t\t\t<strong><img decoding=\"async\" class=\" size-full wp-image-30855\" src=\"https:\/\/panelsandwich.org\/wp-content\/uploads\/2017\/12\/cms_TEJA_cargas1.JPG\" alt=\"filename\" width=\"100%\" title=\"% %count(title)\" srcset=\"https:\/\/panelsandwich.org\/wp-content\/uploads\/2017\/12\/cms_TEJA_cargas1.JPG 1376w, https:\/\/panelsandwich.org\/wp-content\/uploads\/2017\/12\/cms_TEJA_cargas1-300x135.jpg 300w, https:\/\/panelsandwich.org\/wp-content\/uploads\/2017\/12\/cms_TEJA_cargas1-1024x461.jpg 1024w, https:\/\/panelsandwich.org\/wp-content\/uploads\/2017\/12\/cms_TEJA_cargas1-768x346.jpg 768w, https:\/\/panelsandwich.org\/wp-content\/uploads\/2017\/12\/cms_TEJA_cargas1-600x270.jpg 600w\" sizes=\"(max-width: 1376px) 100vw, 1376px\" \/><\/strong>\r\n\r\n<strong><img decoding=\"async\" class=\" size-full wp-image-30856\" src=\"https:\/\/panelsandwich.org\/wp-content\/uploads\/2017\/12\/cms_TEJA_cargas2.JPG\" alt=\"filename\" width=\"100%\" title=\"% %count(title)\" srcset=\"https:\/\/panelsandwich.org\/wp-content\/uploads\/2017\/12\/cms_TEJA_cargas2.JPG 1364w, https:\/\/panelsandwich.org\/wp-content\/uploads\/2017\/12\/cms_TEJA_cargas2-300x132.jpg 300w, https:\/\/panelsandwich.org\/wp-content\/uploads\/2017\/12\/cms_TEJA_cargas2-1024x450.jpg 1024w, https:\/\/panelsandwich.org\/wp-content\/uploads\/2017\/12\/cms_TEJA_cargas2-768x338.jpg 768w, https:\/\/panelsandwich.org\/wp-content\/uploads\/2017\/12\/cms_TEJA_cargas2-600x264.jpg 600w\" sizes=\"(max-width: 1364px) 100vw, 1364px\" \/><\/strong>\r\n\r\n<strong><img decoding=\"async\" class=\" size-full wp-image-30857\" src=\"https:\/\/panelsandwich.org\/wp-content\/uploads\/2017\/12\/cms_TEJA_cargas3.JPG\" alt=\"filename\" width=\"100%\" title=\"% %count(title)\" srcset=\"https:\/\/panelsandwich.org\/wp-content\/uploads\/2017\/12\/cms_TEJA_cargas3.JPG 1366w, https:\/\/panelsandwich.org\/wp-content\/uploads\/2017\/12\/cms_TEJA_cargas3-300x60.jpg 300w, https:\/\/panelsandwich.org\/wp-content\/uploads\/2017\/12\/cms_TEJA_cargas3-1024x205.jpg 1024w, https:\/\/panelsandwich.org\/wp-content\/uploads\/2017\/12\/cms_TEJA_cargas3-768x154.jpg 768w, https:\/\/panelsandwich.org\/wp-content\/uploads\/2017\/12\/cms_TEJA_cargas3-600x120.jpg 600w\" sizes=\"(max-width: 1366px) 100vw, 1366px\" \/><\/strong>\t\t\t\t<\/div>\n\t\t\t\t<\/div>\n\t\t\t\t<div class=\"elementor-element elementor-element-2f2becb0 elementor-widget-divider--view-line elementor-widget elementor-widget-divider\" data-id=\"2f2becb0\" data-element_type=\"widget\" data-e-type=\"widget\" data-widget_type=\"divider.default\">\n\t\t\t\t<div class=\"elementor-widget-container\">\n\t\t\t\t\t\t\t<div class=\"elementor-divider\">\n\t\t\t<span class=\"elementor-divider-separator\">\n\t\t\t\t\t\t<\/span>\n\t\t<\/div>\n\t\t\t\t\t\t<\/div>\n\t\t\t\t<\/div>\n\t\t\t\t<div class=\"elementor-element elementor-element-273083c2 elementor-widget__width-initial elementor-widget elementor-widget-menu-anchor\" data-id=\"273083c2\" data-element_type=\"widget\" data-e-type=\"widget\" data-widget_type=\"menu-anchor.default\">\n\t\t\t\t<div class=\"elementor-widget-container\">\n\t\t\t\t\t\t\t<div class=\"elementor-menu-anchor\" id=\"COULEURSDISPONIBLES\"><\/div>\n\t\t\t\t\t\t<\/div>\n\t\t\t\t<\/div>\n\t\t\t\t<div class=\"elementor-element elementor-element-6cc4b61 elementor-widget elementor-widget-heading\" data-id=\"6cc4b61\" data-element_type=\"widget\" data-e-type=\"widget\" data-widget_type=\"heading.default\">\n\t\t\t\t<div class=\"elementor-widget-container\">\n\t\t\t\t\t<h2 class=\"elementor-heading-title elementor-size-default\">Couleurs disponibles<\/h2>\t\t\t\t<\/div>\n\t\t\t\t<\/div>\n\t\t\t\t<div class=\"elementor-element elementor-element-7d1b6f8 elementor-widget elementor-widget-html\" data-id=\"7d1b6f8\" data-element_type=\"widget\" data-e-type=\"widget\" data-widget_type=\"html.default\">\n\t\t\t\t<div class=\"elementor-widget-container\">\n\t\t\t\t\t<h3><strong>Gamme de couleurs<\/strong><\/h3>\r\nLes couleurs pr\u00e9sent\u00e9es dans le catalogue correspondent le plus fid\u00e8lement possible \u00e0 nos normes. Cependant, de petits changements sont in\u00e9vitables, c'est pourquoi nous recommandons de toujours effectuer un test de couleur sur un \u00e9chantillon r\u00e9el.\r\n\r\n<img decoding=\"async\" class=\"size-full wp-image-30858 aligncenter\" src=\"https:\/\/panelsandwich.org\/wp-content\/uploads\/2017\/12\/cms_TEJA_colores.JPG\" alt=\"filename\" width=\"50%\" title=\"% %count(title)\" srcset=\"https:\/\/panelsandwich.org\/wp-content\/uploads\/2017\/12\/cms_TEJA_colores.JPG 648w, https:\/\/panelsandwich.org\/wp-content\/uploads\/2017\/12\/cms_TEJA_colores-284x300.jpg 284w, https:\/\/panelsandwich.org\/wp-content\/uploads\/2017\/12\/cms_TEJA_colores-600x633.jpg 600w\" sizes=\"(max-width: 648px) 100vw, 648px\" \/>\t\t\t\t<\/div>\n\t\t\t\t<\/div>\n\t\t\t\t<div class=\"elementor-element elementor-element-3b9f883d elementor-widget-divider--view-line elementor-widget elementor-widget-divider\" data-id=\"3b9f883d\" data-element_type=\"widget\" data-e-type=\"widget\" data-widget_type=\"divider.default\">\n\t\t\t\t<div class=\"elementor-widget-container\">\n\t\t\t\t\t\t\t<div class=\"elementor-divider\">\n\t\t\t<span class=\"elementor-divider-separator\">\n\t\t\t\t\t\t<\/span>\n\t\t<\/div>\n\t\t\t\t\t\t<\/div>\n\t\t\t\t<\/div>\n\t\t\t\t<div class=\"elementor-element elementor-element-4822e888 elementor-widget__width-initial elementor-widget elementor-widget-menu-anchor\" data-id=\"4822e888\" data-element_type=\"widget\" data-e-type=\"widget\" data-widget_type=\"menu-anchor.default\">\n\t\t\t\t<div class=\"elementor-widget-container\">\n\t\t\t\t\t\t\t<div class=\"elementor-menu-anchor\" id=\"fichatecnica\"><\/div>\n\t\t\t\t\t\t<\/div>\n\t\t\t\t<\/div>\n\t\t\t\t<div class=\"elementor-element elementor-element-eeebe1a elementor-widget elementor-widget-heading\" data-id=\"eeebe1a\" data-element_type=\"widget\" data-e-type=\"widget\" data-widget_type=\"heading.default\">\n\t\t\t\t<div class=\"elementor-widget-container\">\n\t\t\t\t\t<h2 class=\"elementor-heading-title elementor-size-default\">Fiches techniques<\/h2>\t\t\t\t<\/div>\n\t\t\t\t<\/div>\n\t\t\t\t<div class=\"elementor-element elementor-element-6507f3e elementor-widget elementor-widget-button\" data-id=\"6507f3e\" data-element_type=\"widget\" data-e-type=\"widget\" data-widget_type=\"button.default\">\n\t\t\t\t<div class=\"elementor-widget-container\">\n\t\t\t\t\t\t\t\t\t<div class=\"elementor-button-wrapper\">\n\t\t\t\t\t<a class=\"elementor-button elementor-button-link elementor-size-sm\" href=\"https:\/\/panelsandwich.org\/wp-content\/uploads\/2023\/11\/PanelSandwich-Panel-Teja-Ficha.pdf\" target=\"_blank\">\n\t\t\t\t\t\t<span class=\"elementor-button-content-wrapper\">\n\t\t\t\t\t\t\t\t\t<span class=\"elementor-button-text\">T\u00e9l\u00e9charger la fiche technique<\/span>\n\t\t\t\t\t<\/span>\n\t\t\t\t\t<\/a>\n\t\t\t\t<\/div>\n\t\t\t\t\t\t\t\t<\/div>\n\t\t\t\t<\/div>\n\t\t\t\t\t<\/div>\n\t\t<\/div>\n\t\t\t\t\t<\/div>\n\t\t<\/section>\n\t\t\t\t<\/div>\n\t\t","protected":false},"excerpt":{"rendered":"[elementor-template id=\"69107\"]\n","protected":false},"featured_media":44060,"comment_status":"closed","ping_status":"closed","template":"","meta":[],"product_brand":[],"product_cat":[3408],"product_tag":[3409,3338,3410,3334],"class_list":{"0":"post-43940","1":"product","2":"type-product","3":"status-publish","4":"has-post-thumbnail","6":"product_cat-panneau-sandwich-carrele","7":"product_tag-panneau","8":"product_tag-panneau-de-carrelage","9":"product_tag-panneau-imitation-carrelage","10":"product_tag-panneau-sandwich","11":"pa_colorexterior-vieilli-a-lalbero","12":"pa_colorinterior-blanc-des-pyrenees-ral-9010","13":"pa_colorinterior-glulam-fr","14":"pa_espesorespuma-3-cm-7-cm-epaisseur-moyenne-5-cm","15":"pa_espesorespuma-4-cm-8-cm-epaisseur-moyenne-6-cm","16":"pa_espesorespuma-5-cm-9-cm-epaisseur-moyenne-7-cm","17":"pa_tipoaislamiento-mousse-pir-hi-b-s1-d0","18":"pa_tipoaislamiento-mousse-pur-b-s2-d0","19":"pa_tipoaislamiento-mousse-pur-c-s3-d0","21":"first","22":"outofstock","23":"taxable","24":"shipping-taxable","25":"purchasable","26":"product-type-variable","27":"has-default-attributes"},"_links":{"self":[{"href":"https:\/\/panelsandwich.org\/fr\/wp-json\/wp\/v2\/product\/43940","targetHints":{"allow":["GET"]}}],"collection":[{"href":"https:\/\/panelsandwich.org\/fr\/wp-json\/wp\/v2\/product"}],"about":[{"href":"https:\/\/panelsandwich.org\/fr\/wp-json\/wp\/v2\/types\/product"}],"replies":[{"embeddable":true,"href":"https:\/\/panelsandwich.org\/fr\/wp-json\/wp\/v2\/comments?post=43940"}],"version-history":[{"count":0,"href":"https:\/\/panelsandwich.org\/fr\/wp-json\/wp\/v2\/product\/43940\/revisions"}],"wp:featuredmedia":[{"embeddable":true,"href":"https:\/\/panelsandwich.org\/fr\/wp-json\/wp\/v2\/media\/44060"}],"wp:attachment":[{"href":"https:\/\/panelsandwich.org\/fr\/wp-json\/wp\/v2\/media?parent=43940"}],"wp:term":[{"taxonomy":"product_brand","embeddable":true,"href":"https:\/\/panelsandwich.org\/fr\/wp-json\/wp\/v2\/product_brand?post=43940"},{"taxonomy":"product_cat","embeddable":true,"href":"https:\/\/panelsandwich.org\/fr\/wp-json\/wp\/v2\/product_cat?post=43940"},{"taxonomy":"product_tag","embeddable":true,"href":"https:\/\/panelsandwich.org\/fr\/wp-json\/wp\/v2\/product_tag?post=43940"}],"curies":[{"name":"wp","href":"https:\/\/api.w.org\/{rel}","templated":true}]}}