{"id":44470,"date":"2023-09-28T23:16:13","date_gmt":"2023-09-28T21:16:13","guid":{"rendered":"https:\/\/panelsandwich.org\/panneau-sandwich-agropanel-3-grecas\/"},"modified":"2026-01-15T06:31:52","modified_gmt":"2026-01-15T05:31:52","slug":"panneau-sandwich-agropanel-3-grecas","status":"publish","type":"product","link":"https:\/\/panelsandwich.org\/fr\/panneau-sandwich-agropanel-3-grecas\/","title":{"rendered":"Panneau sandwich Agropanel &#8211; 3 Grecas"},"content":{"rendered":"\t\t<div data-elementor-type=\"product-post\" data-elementor-id=\"44470\" class=\"elementor elementor-44470 elementor-31377\" data-elementor-post-type=\"product\">\n\t\t\t\t\t\t<section class=\"elementor-section elementor-top-section elementor-element elementor-element-e1e9bd3 elementor-section-boxed elementor-section-height-default elementor-section-height-default\" data-id=\"e1e9bd3\" data-element_type=\"section\" data-e-type=\"section\" data-settings=\"{&quot;jet_parallax_layout_list&quot;:[]}\">\n\t\t\t\t\t\t<div class=\"elementor-container elementor-column-gap-default\">\n\t\t\t\t\t<div class=\"elementor-column elementor-col-100 elementor-top-column elementor-element elementor-element-990a391\" data-id=\"990a391\" data-element_type=\"column\" data-e-type=\"column\">\n\t\t\t<div class=\"elementor-widget-wrap elementor-element-populated\">\n\t\t\t\t\t\t<div class=\"elementor-element elementor-element-44938a5f elementor-widget elementor-widget-heading\" data-id=\"44938a5f\" data-element_type=\"widget\" data-e-type=\"widget\" data-widget_type=\"heading.default\">\n\t\t\t\t<div class=\"elementor-widget-container\">\n\t\t\t\t\t<h2 class=\"elementor-heading-title elementor-size-default\"><h2>Agropanel - 3 Grecas\n<\/h2><\/h2>\t\t\t\t<\/div>\n\t\t\t\t<\/div>\n\t\t\t\t<div class=\"elementor-element elementor-element-659cf1e5 elementor-widget elementor-widget-text-editor\" data-id=\"659cf1e5\" data-element_type=\"widget\" data-e-type=\"widget\" data-widget_type=\"text-editor.default\">\n\t\t\t\t<div class=\"elementor-widget-container\">\n\t\t\t\t\t\t\t\t\tPanneau isolant compos\u00e9 de deux t\u00f4les m\u00e9talliques en profil\u00e9s, reli\u00e9es par une \u00e2me isolante en mousse rigide de polyur\u00e9thane. Panneau de couverture \u00e0 3 ailes pour installations agricoles et d&rsquo;\u00e9levage, avec face ext\u00e9rieure en t\u00f4le profil\u00e9e et face int\u00e9rieure en r\u00e9sine polyester, renforc\u00e9e par de la fibre de verre, r\u00e9sistant \u00e0 la corrosion biochimique.\t\t\t\t\t\t\t\t<\/div>\n\t\t\t\t<\/div>\n\t\t\t\t<div class=\"elementor-element elementor-element-36fc7bbc elementor-tabs-view-horizontal elementor-widget elementor-widget-tabs\" data-id=\"36fc7bbc\" data-element_type=\"widget\" data-e-type=\"widget\" data-widget_type=\"tabs.default\">\n\t\t\t\t<div class=\"elementor-widget-container\">\n\t\t\t\t\t\t\t<div class=\"elementor-tabs\">\n\t\t\t<div class=\"elementor-tabs-wrapper\" role=\"tablist\" >\n\t\t\t\t\t\t\t\t\t<div id=\"elementor-tab-title-9221\" class=\"elementor-tab-title elementor-tab-desktop-title\" aria-selected=\"true\" data-tab=\"1\" role=\"tab\" tabindex=\"0\" aria-controls=\"elementor-tab-content-9221\" aria-expanded=\"false\">Description\/ Application<\/div>\n\t\t\t\t\t\t\t\t\t<div id=\"elementor-tab-title-9222\" class=\"elementor-tab-title elementor-tab-desktop-title\" aria-selected=\"false\" data-tab=\"2\" role=\"tab\" tabindex=\"-1\" aria-controls=\"elementor-tab-content-9222\" aria-expanded=\"false\">Tableau des charges<\/div>\n\t\t\t\t\t\t\t\t\t<div id=\"elementor-tab-title-9223\" class=\"elementor-tab-title elementor-tab-desktop-title\" aria-selected=\"false\" data-tab=\"3\" role=\"tab\" tabindex=\"-1\" aria-controls=\"elementor-tab-content-9223\" aria-expanded=\"false\">Couleurs disponibles<\/div>\n\t\t\t\t\t\t\t\t\t<div id=\"elementor-tab-title-9224\" class=\"elementor-tab-title elementor-tab-desktop-title\" aria-selected=\"false\" data-tab=\"4\" role=\"tab\" tabindex=\"-1\" aria-controls=\"elementor-tab-content-9224\" aria-expanded=\"false\">Fiches techniques \/ T\u00e9l\u00e9chargements<\/div>\n\t\t\t\t\t\t\t<\/div>\n\t\t\t<div class=\"elementor-tabs-content-wrapper\" role=\"tablist\" aria-orientation=\"vertical\">\n\t\t\t\t\t\t\t\t\t<div class=\"elementor-tab-title elementor-tab-mobile-title\" aria-selected=\"true\" data-tab=\"1\" role=\"tab\" tabindex=\"0\" aria-controls=\"elementor-tab-content-9221\" aria-expanded=\"false\">Description\/ Application<\/div>\n\t\t\t\t\t<div id=\"elementor-tab-content-9221\" class=\"elementor-tab-content elementor-clearfix\" data-tab=\"1\" role=\"tabpanel\" aria-labelledby=\"elementor-tab-title-9221\" tabindex=\"0\" hidden=\"false\"><h3 style=\"font-weight: 500;\">Application :<\/h3>\n<p style=\"font-weight: 400;\">Couverture d&rsquo;installations agricoles ou d&rsquo;installations expos\u00e9es \u00e0 des environnements corrosifs.<\/p>\n<p style=\"font-weight: 400;\">&nbsp;Ils sont con\u00e7us pour \u00eatre utilis\u00e9s sur les toits en pente g\u00e9n\u00e9ralement appliqu\u00e9s aux exploitations agricoles (\u00e0 l&rsquo;exception des \u00e9levages de porcs pour lesquels nous recommandons l&rsquo;installation de notre produit SPM) avec une pente minimale de 5 % sur les toits non superpos\u00e9s et de 7 % sur les toits superpos\u00e9s. La longueur maximale recommand\u00e9e pour ce produit est de 15 000 mm avec une largeur utile de 1 000 mm.<\/p>\n<h3 style=\"font-weight: 500;\">Type de syndicat :<\/h3>\n<p style=\"font-weight: 400;\">Union : vis vue<\/p>\n<p style=\"font-weight: 400;\">&nbsp;Vis : Vis avec rondelle<\/p>\n<p style=\"font-weight: 400;\"><img fetchpriority=\"high\" decoding=\"async\" class=\"alignnone wp-image-33005 size-medium\" src=\"https:\/\/panelsandwich.org\/wp-content\/uploads\/2018\/12\/cms_union-greca-union-greca.png-300x300.png\" alt=\"union greca.png\" width=\"300\" height=\"300\" title=\"% %count(title)\" srcset=\"https:\/\/panelsandwich.org\/wp-content\/uploads\/2018\/12\/cms_union-greca-union-greca.png-300x300.png 300w, https:\/\/panelsandwich.org\/wp-content\/uploads\/2018\/12\/cms_union-greca-union-greca.png-100x100.png 100w, https:\/\/panelsandwich.org\/wp-content\/uploads\/2018\/12\/cms_union-greca-union-greca.png-150x150.png 150w, https:\/\/panelsandwich.org\/wp-content\/uploads\/2018\/12\/cms_union-greca-union-greca.png.png 378w\" sizes=\"(max-width: 300px) 100vw, 300px\" \/><\/p>\n<h3 style=\"font-weight: 500;\">Avantages<\/h3>\n<p style=\"font-weight: 400;\">Le syst\u00e8me de fixation visible permet un montage rapide et assure l&rsquo;\u00e9tanch\u00e9it\u00e9 \u00e0 l&rsquo;eau de pluie. Le film int\u00e9rieur en polyester est tr\u00e8s r\u00e9sistant aux attaques des micro-organismes, des bact\u00e9ries, des vapeurs et de la condensation des acides organiques pr\u00e9sents dans les exploitations agricoles.<\/p>\n<h3 style=\"font-weight: 500;\">Dimensions :<\/h3>\n<p style=\"font-weight: 400;\">\u00c9paisseurs : 30-40-50-60-80-100 mm.<br \/>Largeur : 1000 mm<br \/>Longueur : 2.00 &#8211; 18.00 m<\/p>\n<p style=\"font-weight: 400;\"><img decoding=\"async\" class=\"alignnone wp-image-36925 size-full\" src=\"https:\/\/panelsandwich.org\/wp-content\/uploads\/2023\/11\/Captura-6.jpg\" alt=\"filename\" width=\"1331\" height=\"252\" title=\"% %count(title)\" srcset=\"https:\/\/panelsandwich.org\/wp-content\/uploads\/2023\/11\/Captura-6.jpg 1331w, https:\/\/panelsandwich.org\/wp-content\/uploads\/2023\/11\/Captura-6-300x57.jpg 300w, https:\/\/panelsandwich.org\/wp-content\/uploads\/2023\/11\/Captura-6-1024x194.jpg 1024w, https:\/\/panelsandwich.org\/wp-content\/uploads\/2023\/11\/Captura-6-768x145.jpg 768w\" sizes=\"(max-width: 1331px) 100vw, 1331px\" \/><\/p>\n<h3 style=\"font-weight: 500;\">Support en m\u00e9tal :<\/h3>\n<p style=\"font-weight: 400;\">Noyau en t\u00f4le d&rsquo;acier de qualit\u00e9 S250GD : EN 10346<\/p>\n<p style=\"font-weight: 400;\">Bobines laqu\u00e9es \u00e0 rev\u00eatement organique : EN 10169+A1.<\/p>\n<p style=\"font-weight: 400;\">\u00c9paisseur : 0,4-0,5-0,6 mm<\/p>\n<h3 style=\"font-weight: 500;\">Noyau isolant :<\/h3>\n<p style=\"font-weight: 400;\">Polyur\u00e9thane (PUR)<br \/>Conductivit\u00e9 thermique : 0,022 W\/mK<br \/>Densit\u00e9 : 40 kg\/m3.<\/p>\n<h3 style=\"font-weight: 500;\">Rev\u00eatement :<\/h3>\n<p style=\"font-weight: 400;\">Standard : Peinture polyester 25 \u00b5m <br \/><span style=\"color: var( --e-global-color-text ); font-family: var( --e-global-typography-text-font-family ), Sans-serif; font-size: 1rem;\">Sp\u00e9cial : Granite HDX 55 \u00b5m | PVDF 35 \u00b5m.<br \/><\/span><span style=\"color: var( --e-global-color-text ); font-family: var( --e-global-typography-text-font-family ), Sans-serif; font-size: 1rem;\">Feuille de polyester avec fibre de verre \u00e0 l&rsquo;int\u00e9rieur.<\/span><\/p>\n<\/div>\n\t\t\t\t\t\t\t\t\t<div class=\"elementor-tab-title elementor-tab-mobile-title\" aria-selected=\"false\" data-tab=\"2\" role=\"tab\" tabindex=\"-1\" aria-controls=\"elementor-tab-content-9222\" aria-expanded=\"false\">Tableau des charges<\/div>\n\t\t\t\t\t<div id=\"elementor-tab-content-9222\" class=\"elementor-tab-content elementor-clearfix\" data-tab=\"2\" role=\"tabpanel\" aria-labelledby=\"elementor-tab-title-9222\" tabindex=\"0\" hidden=\"hidden\"><p><img decoding=\"async\" class=\"alignnone wp-image-36926 size-full\" src=\"https:\/\/panelsandwich.org\/wp-content\/uploads\/2023\/11\/Captura-7.jpg\" alt=\"filename\" width=\"1291\" height=\"798\" title=\"% %count(title)\" srcset=\"https:\/\/panelsandwich.org\/wp-content\/uploads\/2023\/11\/Captura-7.jpg 1291w, https:\/\/panelsandwich.org\/wp-content\/uploads\/2023\/11\/Captura-7-300x185.jpg 300w, https:\/\/panelsandwich.org\/wp-content\/uploads\/2023\/11\/Captura-7-1024x633.jpg 1024w, https:\/\/panelsandwich.org\/wp-content\/uploads\/2023\/11\/Captura-7-768x475.jpg 768w\" sizes=\"(max-width: 1291px) 100vw, 1291px\" \/><\/p>\n<\/div>\n\t\t\t\t\t\t\t\t\t<div class=\"elementor-tab-title elementor-tab-mobile-title\" aria-selected=\"false\" data-tab=\"3\" role=\"tab\" tabindex=\"-1\" aria-controls=\"elementor-tab-content-9223\" aria-expanded=\"false\">Couleurs disponibles<\/div>\n\t\t\t\t\t<div id=\"elementor-tab-content-9223\" class=\"elementor-tab-content elementor-clearfix\" data-tab=\"3\" role=\"tabpanel\" aria-labelledby=\"elementor-tab-title-9223\" tabindex=\"0\" hidden=\"hidden\"><p><img loading=\"lazy\" decoding=\"async\" class=\"aligncenter wp-image-33292 size-full\" src=\"https:\/\/panelsandwich.org\/wp-content\/uploads\/2021\/10\/cms_CUBIERTA_4-GRECAS_colores.JPG\" alt=\"filename\" width=\"830\" height=\"819\" title=\"% %count(title)\" srcset=\"https:\/\/panelsandwich.org\/wp-content\/uploads\/2021\/10\/cms_CUBIERTA_4-GRECAS_colores.JPG 830w, https:\/\/panelsandwich.org\/wp-content\/uploads\/2021\/10\/cms_CUBIERTA_4-GRECAS_colores-100x100.jpg 100w, https:\/\/panelsandwich.org\/wp-content\/uploads\/2021\/10\/cms_CUBIERTA_4-GRECAS_colores-300x296.jpg 300w, https:\/\/panelsandwich.org\/wp-content\/uploads\/2021\/10\/cms_CUBIERTA_4-GRECAS_colores-768x758.jpg 768w, https:\/\/panelsandwich.org\/wp-content\/uploads\/2021\/10\/cms_CUBIERTA_4-GRECAS_colores-600x592.jpg 600w\" sizes=\"(max-width: 830px) 100vw, 830px\" \/><\/p>\n<\/div>\n\t\t\t\t\t\t\t\t\t<div class=\"elementor-tab-title elementor-tab-mobile-title\" aria-selected=\"false\" data-tab=\"4\" role=\"tab\" tabindex=\"-1\" aria-controls=\"elementor-tab-content-9224\" aria-expanded=\"false\">Fiches techniques \/ T\u00e9l\u00e9chargements<\/div>\n\t\t\t\t\t<div id=\"elementor-tab-content-9224\" class=\"elementor-tab-content elementor-clearfix\" data-tab=\"4\" role=\"tabpanel\" aria-labelledby=\"elementor-tab-title-9224\" tabindex=\"0\" hidden=\"hidden\"><p><a href=\"https:\/\/panelsandwich.org\/wp-content\/uploads\/2023\/11\/PanelSandwich-Agropanel-3G.pdf\" target=\"_blank\" rel=\"noopener\"><button style=\"background-color: #ffa300; border-color: black; color: white;\" spellcheck=\"false\" data-lt-tmp-id=\"lt-827558\" data-gramm=\"false\">T\u00e9l\u00e9charger la fiche technique<\/button><\/a><\/p>\n<p><a href=\"https:\/\/panelsandwich.org\/wp-content\/uploads\/2023\/11\/Carta-de-Colores-PanelSandwich.ORG_.pdf\" target=\"_blank\" rel=\"noopener\"><button style=\"background-color: #ffa300; border-color: black; color: white;\" spellcheck=\"false\" data-lt-tmp-id=\"lt-827558\" data-gramm=\"false\">Tableau des couleurs<\/button><\/a><\/p>\n<\/div>\n\t\t\t\t\t\t\t<\/div>\n\t\t<\/div>\n\t\t\t\t\t\t<\/div>\n\t\t\t\t<\/div>\n\t\t\t\t\t<\/div>\n\t\t<\/div>\n\t\t\t\t\t<\/div>\n\t\t<\/section>\n\t\t\t\t<\/div>\n\t\t","protected":false},"excerpt":{"rendered":"<p>P3A- Panneau sandwich Agropanel. 3 Grecas<\/p>\n<p style=\"text-align: center;\"><strong><span style=\"font-size: medium;\"><a class=\"w-100 btn btn-danger btn-lg\" href=\"https:\/\/panelsandwich.org\/contactenos\">DEMANDE DE PRIX ET D&rsquo;INFORMATIONS TECHNIQUES  <i class=\"caret-right\"><\/i><\/a><\/span><\/strong><\/p>\n","protected":false},"featured_media":45815,"comment_status":"closed","ping_status":"closed","template":"","meta":[],"product_brand":[],"product_cat":[3457],"product_tag":[3351,3341,3344,3354,3359,3347,3360,3338,3460,3334,3459,3349,3362,3357,3361,3458],"class_list":{"0":"post-44470","1":"product","2":"type-product","3":"status-publish","4":"has-post-thumbnail","6":"product_cat-panneau-sandwich-pour-fermes-agropanel","7":"product_tag-agropanel-fr","8":"product_tag-couverture","9":"product_tag-facade-fr","10":"product_tag-fermes","11":"product_tag-laine-de-roche","12":"product_tag-occasion-fr","13":"product_tag-panneau-de-bois","14":"product_tag-panneau-de-carrelage","15":"product_tag-panneau-de-carrelage-vieilli","16":"product_tag-panneau-sandwich","17":"product_tag-panneau-sandwich-de-facade","18":"product_tag-prix","19":"product_tag-puits-de-lumiere","20":"product_tag-refrigerateur","21":"product_tag-remateria-fr","22":"product_tag-toiture-en-panneaux-sandwich","23":"pa_colorexterior-blanc-des-pyrenees-ral-9010","24":"pa_colorexterior-bleu-gentiane-ral-5010","25":"pa_colorexterior-creme-bidassoa-ral-1015","26":"pa_colorexterior-gris-anthracite-ral-7016","27":"pa_colorexterior-gris-ardoise-ral-7024","28":"pa_colorexterior-gris-metallise-ral-9006","29":"pa_colorexterior-gris-ombre-ral-7022","30":"pa_colorexterior-noir-ral-9004","31":"pa_colorexterior-rouge-ral-3009","32":"pa_colorexterior-vert-navarra-ral-6005","33":"pa_colorinterior-blanc-feuilles-de-polyester-et-de-fibre-de-verre","34":"pa_espesorespuma-100-mm-fr","35":"pa_espesorespuma-30-mm-fr","36":"pa_espesorespuma-40-mm-fr","37":"pa_espesorespuma-50-mm-fr","38":"pa_espesorespuma-60-mm-fr","39":"pa_espesorespuma-80-mm-fr","40":"pa_tipoaislamiento-mousse-pir-b-s2-d0","41":"pa_tipoaislamiento-mousse-pir-hi-b-s1-d0","42":"pa_tipoaislamiento-mousse-pur-c-s3-d0","44":"first","45":"outofstock","46":"taxable","47":"shipping-taxable","48":"purchasable","49":"product-type-variable","50":"has-default-attributes"},"_links":{"self":[{"href":"https:\/\/panelsandwich.org\/fr\/wp-json\/wp\/v2\/product\/44470","targetHints":{"allow":["GET"]}}],"collection":[{"href":"https:\/\/panelsandwich.org\/fr\/wp-json\/wp\/v2\/product"}],"about":[{"href":"https:\/\/panelsandwich.org\/fr\/wp-json\/wp\/v2\/types\/product"}],"replies":[{"embeddable":true,"href":"https:\/\/panelsandwich.org\/fr\/wp-json\/wp\/v2\/comments?post=44470"}],"version-history":[{"count":0,"href":"https:\/\/panelsandwich.org\/fr\/wp-json\/wp\/v2\/product\/44470\/revisions"}],"wp:featuredmedia":[{"embeddable":true,"href":"https:\/\/panelsandwich.org\/fr\/wp-json\/wp\/v2\/media\/45815"}],"wp:attachment":[{"href":"https:\/\/panelsandwich.org\/fr\/wp-json\/wp\/v2\/media?parent=44470"}],"wp:term":[{"taxonomy":"product_brand","embeddable":true,"href":"https:\/\/panelsandwich.org\/fr\/wp-json\/wp\/v2\/product_brand?post=44470"},{"taxonomy":"product_cat","embeddable":true,"href":"https:\/\/panelsandwich.org\/fr\/wp-json\/wp\/v2\/product_cat?post=44470"},{"taxonomy":"product_tag","embeddable":true,"href":"https:\/\/panelsandwich.org\/fr\/wp-json\/wp\/v2\/product_tag?post=44470"}],"curies":[{"name":"wp","href":"https:\/\/api.w.org\/{rel}","templated":true}]}}