{"id":45044,"date":"2023-09-28T23:16:15","date_gmt":"2023-09-28T21:16:15","guid":{"rendered":"https:\/\/panelsandwich.org\/panneau-sandwich-pour-refrigerateur-congelation-10-20-cm\/"},"modified":"2025-11-21T08:19:11","modified_gmt":"2025-11-21T07:19:11","slug":"panneau-sandwich-pour-refrigerateur-congelation-10-20-cm","status":"publish","type":"product","link":"https:\/\/panelsandwich.org\/fr\/panneau-sandwich-pour-refrigerateur-congelation-10-20-cm\/","title":{"rendered":"Panneau sandwich pour r\u00e9frig\u00e9rateur &#8211; cong\u00e9lation &#8211; 10\/20 CM"},"content":{"rendered":"\t\t<div data-elementor-type=\"product-post\" data-elementor-id=\"45044\" class=\"elementor elementor-45044 elementor-31334\" data-elementor-post-type=\"product\">\n\t\t\t\t\t\t<section class=\"elementor-section elementor-top-section elementor-element elementor-element-1feda859 elementor-section-boxed elementor-section-height-default elementor-section-height-default\" data-id=\"1feda859\" data-element_type=\"section\" data-e-type=\"section\" data-settings=\"{&quot;jet_parallax_layout_list&quot;:[]}\">\n\t\t\t\t\t\t<div class=\"elementor-container elementor-column-gap-default\">\n\t\t\t\t\t<div class=\"elementor-column elementor-col-100 elementor-top-column elementor-element elementor-element-505572ec\" data-id=\"505572ec\" data-element_type=\"column\" data-e-type=\"column\">\n\t\t\t<div class=\"elementor-widget-wrap elementor-element-populated\">\n\t\t\t\t\t\t<div class=\"elementor-element elementor-element-1a3578f3 elementor-widget elementor-widget-heading\" data-id=\"1a3578f3\" data-element_type=\"widget\" data-e-type=\"widget\" data-widget_type=\"heading.default\">\n\t\t\t\t<div class=\"elementor-widget-container\">\n\t\t\t\t\t<h2 class=\"elementor-heading-title elementor-size-default\"><h2>R\u00e9frig\u00e9rateur-cong\u00e9lateur \u00e0 panneau sandwich\n<\/h2><\/h2>\t\t\t\t<\/div>\n\t\t\t\t<\/div>\n\t\t\t\t<div class=\"elementor-element elementor-element-4aaf6dbf elementor-widget elementor-widget-text-editor\" data-id=\"4aaf6dbf\" data-element_type=\"widget\" data-e-type=\"widget\" data-widget_type=\"text-editor.default\">\n\t\t\t\t<div class=\"elementor-widget-container\">\n\t\t\t\t\t\t\t\t\t<p>Panneau isolant compos\u00e9 de deux t\u00f4les m\u00e9talliques en profil\u00e9s, reli\u00e9es par une \u00e2me isolante en mousse rigide de polyur\u00e9thane (PUR) ou en polyisocyanurate (PIR).<br>Panneau autoportant de grande \u00e9paisseur pour chambres froides industrielles.<br>Solution tr\u00e8s polyvalente et facile \u00e0 assembler pour les environnements \u00e0 temp\u00e9rature contr\u00f4l\u00e9e.<br>Panneau produit conform\u00e9ment \u00e0 la norme EN 14509 et soumis \u00e0 l&rsquo;\u00e9valuation et \u00e0 la v\u00e9rification de la r\u00e9gularit\u00e9 des performances conform\u00e9ment au syst\u00e8me 1.<\/p>\t\t\t\t\t\t\t\t<\/div>\n\t\t\t\t<\/div>\n\t\t\t\t<div class=\"elementor-element elementor-element-5822ebc8 elementor-tabs-view-horizontal elementor-widget elementor-widget-tabs\" data-id=\"5822ebc8\" data-element_type=\"widget\" data-e-type=\"widget\" data-widget_type=\"tabs.default\">\n\t\t\t\t<div class=\"elementor-widget-container\">\n\t\t\t\t\t\t\t<div class=\"elementor-tabs\">\n\t\t\t<div class=\"elementor-tabs-wrapper\" role=\"tablist\" >\n\t\t\t\t\t\t\t\t\t<div id=\"elementor-tab-title-1471\" class=\"elementor-tab-title elementor-tab-desktop-title\" aria-selected=\"true\" data-tab=\"1\" role=\"tab\" tabindex=\"0\" aria-controls=\"elementor-tab-content-1471\" aria-expanded=\"false\">Description\/ Application<\/div>\n\t\t\t\t\t\t\t\t\t<div id=\"elementor-tab-title-1472\" class=\"elementor-tab-title elementor-tab-desktop-title\" aria-selected=\"false\" data-tab=\"2\" role=\"tab\" tabindex=\"-1\" aria-controls=\"elementor-tab-content-1472\" aria-expanded=\"false\">Tableau des charges<\/div>\n\t\t\t\t\t\t\t\t\t<div id=\"elementor-tab-title-1473\" class=\"elementor-tab-title elementor-tab-desktop-title\" aria-selected=\"false\" data-tab=\"3\" role=\"tab\" tabindex=\"-1\" aria-controls=\"elementor-tab-content-1473\" aria-expanded=\"false\">Couleurs disponibles<\/div>\n\t\t\t\t\t\t\t\t\t<div id=\"elementor-tab-title-1474\" class=\"elementor-tab-title elementor-tab-desktop-title\" aria-selected=\"false\" data-tab=\"4\" role=\"tab\" tabindex=\"-1\" aria-controls=\"elementor-tab-content-1474\" aria-expanded=\"false\">Fiches techniques \/ T\u00e9l\u00e9chargements<\/div>\n\t\t\t\t\t\t\t<\/div>\n\t\t\t<div class=\"elementor-tabs-content-wrapper\" role=\"tablist\" aria-orientation=\"vertical\">\n\t\t\t\t\t\t\t\t\t<div class=\"elementor-tab-title elementor-tab-mobile-title\" aria-selected=\"true\" data-tab=\"1\" role=\"tab\" tabindex=\"0\" aria-controls=\"elementor-tab-content-1471\" aria-expanded=\"false\">Description\/ Application<\/div>\n\t\t\t\t\t<div id=\"elementor-tab-content-1471\" class=\"elementor-tab-content elementor-clearfix\" data-tab=\"1\" role=\"tabpanel\" aria-labelledby=\"elementor-tab-title-1471\" tabindex=\"0\" hidden=\"false\"><h3><strong>Application :<\/strong><\/h3>\n<p>Chambres froides industrielles.<\/p>\n<h3><strong>Type de syndicat :<\/strong><\/h3>\n<p>Union : vis vue<\/p>\n<p>Vis : Vis avec rondelle<\/p>\n<p><img fetchpriority=\"high\" decoding=\"async\" class=\" size-full wp-image-31315\" src=\"https:\/\/panelsandwich.org\/wp-content\/uploads\/2017\/12\/cms_union-frigo-detalle-union-panel-frigorifico.png\" alt=\"d\u00e9tail de la connexion du panneau du r\u00e9frig\u00e9rateur\" width=\"250\" height=\"250\" title=\"% %count(title)\" srcset=\"https:\/\/panelsandwich.org\/wp-content\/uploads\/2017\/12\/cms_union-frigo-detalle-union-panel-frigorifico.png 378w, https:\/\/panelsandwich.org\/wp-content\/uploads\/2017\/12\/cms_union-frigo-detalle-union-panel-frigorifico-100x100.png 100w, https:\/\/panelsandwich.org\/wp-content\/uploads\/2017\/12\/cms_union-frigo-detalle-union-panel-frigorifico-300x300.png 300w, https:\/\/panelsandwich.org\/wp-content\/uploads\/2017\/12\/cms_union-frigo-detalle-union-panel-frigorifico-150x150.png 150w\" sizes=\"(max-width: 250px) 100vw, 250px\" \/><\/p>\n<p><strong>Dimensions :<\/strong><\/p>\n<p>\u00c9paisseurs : 60-80-100-120-150-180-200 mm \u00b11 mm<\/p>\n<p>Largeur : 1000 &#8211; 1165 mm \u00b11 mm<\/p>\n<p>Longueur : 4,00 &#8211; 16,00 m \u00b110 mm<\/p>\n<p><img decoding=\"async\" class=\" size-full wp-image-31316\" src=\"https:\/\/panelsandwich.org\/wp-content\/uploads\/2017\/12\/cms_FRIGO_medidas.JPG\" alt=\"filename\" width=\"100%\" title=\"% %count(title)\" srcset=\"https:\/\/panelsandwich.org\/wp-content\/uploads\/2017\/12\/cms_FRIGO_medidas.JPG 1460w, https:\/\/panelsandwich.org\/wp-content\/uploads\/2017\/12\/cms_FRIGO_medidas-300x149.jpg 300w, https:\/\/panelsandwich.org\/wp-content\/uploads\/2017\/12\/cms_FRIGO_medidas-1024x508.jpg 1024w, https:\/\/panelsandwich.org\/wp-content\/uploads\/2017\/12\/cms_FRIGO_medidas-768x381.jpg 768w, https:\/\/panelsandwich.org\/wp-content\/uploads\/2017\/12\/cms_FRIGO_medidas-600x298.jpg 600w\" sizes=\"(max-width: 1460px) 100vw, 1460px\" \/><\/p>\n<h3><strong>Support en m\u00e9tal :<\/strong><\/h3>\n<p>Noyau en t\u00f4le d&rsquo;acier de qualit\u00e9 S250GD : EN 10346<\/p>\n<p>Bobines laqu\u00e9es \u00e0 rev\u00eatement organique : EN 10169+A1<\/p>\n<p>\u00c9paisseur : 0,5 mm<\/p>\n<h3><strong>Noyau isolant :<\/strong><\/h3>\n<p>Polyur\u00e9thane (PUR) | Polyisocyanurate (PIR)<\/p>\n<p>Conductivit\u00e9 thermique : PUR : 0,022 W\/mK | PIR : 0,022 W\/mK<\/p>\n<p>Densit\u00e9 : 40 kg\/m3 \u00b110%.<\/p>\n<p>R\u00e9action au feu : PUR : B-s2,d0 | PIR : B-s2,d0 | PIR-HI : B-s1,d0<\/p>\n<p>R\u00e9sistance \u00e0 la traction des feuilles (adh\u00e9rence) &gt; 0,10 MPa<\/p>\n<p>R\u00e9sistance \u00e0 la compression \u00e0 10 % de d\u00e9formation &gt;0,10 MPa<\/p>\n<h3><strong>Rev\u00eatement :<\/strong><\/h3>\n<p>Standard : peinture polyester 25 \u00b5m<\/p>\n<p>Particularit\u00e9s : Granite HDX 55 \u00b5m | PVC <em>alimentaire<\/em><\/p>\n<h3><strong>Comportement thermique et poids<\/strong><\/h3>\n<p><strong><img decoding=\"async\" class=\" size-full wp-image-31317\" src=\"https:\/\/panelsandwich.org\/wp-content\/uploads\/2017\/12\/cms_FRIGO_comportamiento.JPG\" alt=\"filename\" width=\"100%\" title=\"% %count(title)\" srcset=\"https:\/\/panelsandwich.org\/wp-content\/uploads\/2017\/12\/cms_FRIGO_comportamiento.JPG 1452w, https:\/\/panelsandwich.org\/wp-content\/uploads\/2017\/12\/cms_FRIGO_comportamiento-300x38.jpg 300w, https:\/\/panelsandwich.org\/wp-content\/uploads\/2017\/12\/cms_FRIGO_comportamiento-1024x128.jpg 1024w, https:\/\/panelsandwich.org\/wp-content\/uploads\/2017\/12\/cms_FRIGO_comportamiento-768x96.jpg 768w, https:\/\/panelsandwich.org\/wp-content\/uploads\/2017\/12\/cms_FRIGO_comportamiento-600x75.jpg 600w\" sizes=\"(max-width: 1452px) 100vw, 1452px\" \/><\/strong><\/p>\n<\/div>\n\t\t\t\t\t\t\t\t\t<div class=\"elementor-tab-title elementor-tab-mobile-title\" aria-selected=\"false\" data-tab=\"2\" role=\"tab\" tabindex=\"-1\" aria-controls=\"elementor-tab-content-1472\" aria-expanded=\"false\">Tableau des charges<\/div>\n\t\t\t\t\t<div id=\"elementor-tab-content-1472\" class=\"elementor-tab-content elementor-clearfix\" data-tab=\"2\" role=\"tabpanel\" aria-labelledby=\"elementor-tab-title-1472\" tabindex=\"0\" hidden=\"hidden\"><p><img decoding=\"async\" class=\" size-full wp-image-31318\" src=\"https:\/\/panelsandwich.org\/wp-content\/uploads\/2017\/12\/cms_FRIGO_cargas1.JPG\" alt=\"filename\" width=\"100%\" title=\"% %count(title)\" srcset=\"https:\/\/panelsandwich.org\/wp-content\/uploads\/2017\/12\/cms_FRIGO_cargas1.JPG 1457w, https:\/\/panelsandwich.org\/wp-content\/uploads\/2017\/12\/cms_FRIGO_cargas1-300x115.jpg 300w, https:\/\/panelsandwich.org\/wp-content\/uploads\/2017\/12\/cms_FRIGO_cargas1-1024x394.jpg 1024w, https:\/\/panelsandwich.org\/wp-content\/uploads\/2017\/12\/cms_FRIGO_cargas1-768x295.jpg 768w, https:\/\/panelsandwich.org\/wp-content\/uploads\/2017\/12\/cms_FRIGO_cargas1-600x231.jpg 600w\" sizes=\"(max-width: 1457px) 100vw, 1457px\" \/><\/p>\n<p><img decoding=\"async\" class=\" size-full wp-image-31319\" src=\"https:\/\/panelsandwich.org\/wp-content\/uploads\/2017\/12\/cms_FRIGO_cargas2.JPG\" alt=\"filename\" width=\"100%\" title=\"% %count(title)\" srcset=\"https:\/\/panelsandwich.org\/wp-content\/uploads\/2017\/12\/cms_FRIGO_cargas2.JPG 1457w, https:\/\/panelsandwich.org\/wp-content\/uploads\/2017\/12\/cms_FRIGO_cargas2-300x110.jpg 300w, https:\/\/panelsandwich.org\/wp-content\/uploads\/2017\/12\/cms_FRIGO_cargas2-1024x375.jpg 1024w, https:\/\/panelsandwich.org\/wp-content\/uploads\/2017\/12\/cms_FRIGO_cargas2-768x281.jpg 768w, https:\/\/panelsandwich.org\/wp-content\/uploads\/2017\/12\/cms_FRIGO_cargas2-600x220.jpg 600w\" sizes=\"(max-width: 1457px) 100vw, 1457px\" \/><\/p>\n<\/div>\n\t\t\t\t\t\t\t\t\t<div class=\"elementor-tab-title elementor-tab-mobile-title\" aria-selected=\"false\" data-tab=\"3\" role=\"tab\" tabindex=\"-1\" aria-controls=\"elementor-tab-content-1473\" aria-expanded=\"false\">Couleurs disponibles<\/div>\n\t\t\t\t\t<div id=\"elementor-tab-content-1473\" class=\"elementor-tab-content elementor-clearfix\" data-tab=\"3\" role=\"tabpanel\" aria-labelledby=\"elementor-tab-title-1473\" tabindex=\"0\" hidden=\"hidden\"><h3>Gamme de couleurs<\/h3>\n<p>Les couleurs pr\u00e9sent\u00e9es dans le catalogue correspondent le plus fid\u00e8lement possible \u00e0 nos normes. Cependant, de petits changements sont in\u00e9vitables, c&rsquo;est pourquoi nous recommandons de toujours effectuer un test de couleur sur un \u00e9chantillon r\u00e9el.<\/p>\n<p><img decoding=\"async\" class=\"aligncenter wp-image-31320 size-full\" src=\"https:\/\/panelsandwich.org\/wp-content\/uploads\/2017\/12\/cms_FRIGO_colores.JPG\" alt=\"filename\" width=\"713\" height=\"709\" title=\"% %count(title)\" srcset=\"https:\/\/panelsandwich.org\/wp-content\/uploads\/2017\/12\/cms_FRIGO_colores.JPG 713w, https:\/\/panelsandwich.org\/wp-content\/uploads\/2017\/12\/cms_FRIGO_colores-100x100.jpg 100w, https:\/\/panelsandwich.org\/wp-content\/uploads\/2017\/12\/cms_FRIGO_colores-300x298.jpg 300w, https:\/\/panelsandwich.org\/wp-content\/uploads\/2017\/12\/cms_FRIGO_colores-150x150.jpg 150w, https:\/\/panelsandwich.org\/wp-content\/uploads\/2017\/12\/cms_FRIGO_colores-600x597.jpg 600w\" sizes=\"(max-width: 713px) 100vw, 713px\" \/><\/p>\n<\/div>\n\t\t\t\t\t\t\t\t\t<div class=\"elementor-tab-title elementor-tab-mobile-title\" aria-selected=\"false\" data-tab=\"4\" role=\"tab\" tabindex=\"-1\" aria-controls=\"elementor-tab-content-1474\" aria-expanded=\"false\">Fiches techniques \/ T\u00e9l\u00e9chargements<\/div>\n\t\t\t\t\t<div id=\"elementor-tab-content-1474\" class=\"elementor-tab-content elementor-clearfix\" data-tab=\"4\" role=\"tabpanel\" aria-labelledby=\"elementor-tab-title-1474\" tabindex=\"0\" hidden=\"hidden\"><p><a href=\"https:\/\/panelsandwich.org\/wp-content\/uploads\/2023\/11\/PanelSandwich-Frigorifico-Ficha-Tecnica.pdf\" target=\"_blank\" rel=\"noopener\"><button style=\"background-color: #ffa300; border-color: black; color: white;\" spellcheck=\"false\" data-lt-tmp-id=\"lt-827558\" data-gramm=\"false\">T\u00e9l\u00e9charger la fiche technique<\/button><\/a><\/p>\n<\/div>\n\t\t\t\t\t\t\t<\/div>\n\t\t<\/div>\n\t\t\t\t\t\t<\/div>\n\t\t\t\t<\/div>\n\t\t\t\t\t<\/div>\n\t\t<\/div>\n\t\t\t\t\t<\/div>\n\t\t<\/section>\n\t\t\t\t<\/div>\n\t\t","protected":false},"excerpt":{"rendered":"<p>PFC- Panneau sandwich r\u00e9frig\u00e9r\u00e9. Salles de cong\u00e9lation<\/p>\n<p style=\"text-align: center;\"><strong><span style=\"font-size: medium;\"><a class=\"w-100 btn btn-danger btn-lg\" href=\"https:\/\/panelsandwich.org\/contactenos\">DEMANDE DE PRIX ET D&rsquo;INFORMATIONS TECHNIQUES  <i class=\"caret-right\"><\/i><\/a><\/span><\/strong><\/p>\n","protected":false},"featured_media":45212,"comment_status":"closed","ping_status":"closed","template":"","meta":[],"product_brand":[],"product_cat":[3305],"product_tag":[3486,3485,3487,3482,3484,3325,3483,3488],"class_list":{"0":"post-45044","1":"product","2":"type-product","3":"status-publish","4":"has-post-thumbnail","6":"product_cat-panneau-sandwich-pour-refrigerateur","7":"product_tag-gel-des-installations","8":"product_tag-panneau-de-congelation","9":"product_tag-panneau-sandwich-pour-la-congelation","10":"product_tag-panneaux-de-facade","11":"product_tag-panneaux-de-facade-maisons","12":"product_tag-panneaux-pour-enceintes","13":"product_tag-panneaux-pour-halls","14":"product_tag-panneaux-pour-la-congelation","15":"pa_colorexterior-blanc-des-pyrenees-ral-9010","16":"pa_colorinterior-blanc-des-pyrenees-ral-9010","17":"pa_espesorespuma-100-mm-fr","18":"pa_espesorespuma-120-mm-fr","19":"pa_espesorespuma-150-mm-fr","20":"pa_espesorespuma-180-mm-fr","21":"pa_espesorespuma-200-mm-fr","22":"pa_tipoaislamiento-mousse-pir-b-s2-d0","23":"pa_tipoaislamiento-mousse-pir-hi-b-s1-d0","24":"pa_tipoaislamiento-mousse-pur-c-s3-d0","26":"first","27":"outofstock","28":"taxable","29":"shipping-taxable","30":"purchasable","31":"product-type-variable","32":"has-default-attributes"},"_links":{"self":[{"href":"https:\/\/panelsandwich.org\/fr\/wp-json\/wp\/v2\/product\/45044","targetHints":{"allow":["GET"]}}],"collection":[{"href":"https:\/\/panelsandwich.org\/fr\/wp-json\/wp\/v2\/product"}],"about":[{"href":"https:\/\/panelsandwich.org\/fr\/wp-json\/wp\/v2\/types\/product"}],"replies":[{"embeddable":true,"href":"https:\/\/panelsandwich.org\/fr\/wp-json\/wp\/v2\/comments?post=45044"}],"version-history":[{"count":0,"href":"https:\/\/panelsandwich.org\/fr\/wp-json\/wp\/v2\/product\/45044\/revisions"}],"wp:featuredmedia":[{"embeddable":true,"href":"https:\/\/panelsandwich.org\/fr\/wp-json\/wp\/v2\/media\/45212"}],"wp:attachment":[{"href":"https:\/\/panelsandwich.org\/fr\/wp-json\/wp\/v2\/media?parent=45044"}],"wp:term":[{"taxonomy":"product_brand","embeddable":true,"href":"https:\/\/panelsandwich.org\/fr\/wp-json\/wp\/v2\/product_brand?post=45044"},{"taxonomy":"product_cat","embeddable":true,"href":"https:\/\/panelsandwich.org\/fr\/wp-json\/wp\/v2\/product_cat?post=45044"},{"taxonomy":"product_tag","embeddable":true,"href":"https:\/\/panelsandwich.org\/fr\/wp-json\/wp\/v2\/product_tag?post=45044"}],"curies":[{"name":"wp","href":"https:\/\/api.w.org\/{rel}","templated":true}]}}