{"id":46230,"date":"2023-09-28T23:16:12","date_gmt":"2023-09-28T21:16:12","guid":{"rendered":"https:\/\/panelsandwich.org\/panneau-sandwich-agropanel-faux-plafond\/"},"modified":"2023-11-22T17:54:11","modified_gmt":"2023-11-22T16:54:11","slug":"panneau-sandwich-agropanel-faux-plafond","status":"publish","type":"product","link":"https:\/\/panelsandwich.org\/fr\/panneau-sandwich-agropanel-faux-plafond\/","title":{"rendered":"Panneau sandwich Agropanel &#8211; Faux plafond"},"content":{"rendered":"\t\t<div data-elementor-type=\"product-post\" data-elementor-id=\"46230\" class=\"elementor elementor-46230 elementor-31515\" data-elementor-post-type=\"product\">\n\t\t\t\t\t\t<section class=\"elementor-section elementor-top-section elementor-element elementor-element-1700f9c0 elementor-section-boxed elementor-section-height-default elementor-section-height-default\" data-id=\"1700f9c0\" data-element_type=\"section\" data-e-type=\"section\" data-settings=\"{&quot;jet_parallax_layout_list&quot;:[]}\">\n\t\t\t\t\t\t<div class=\"elementor-container elementor-column-gap-default\">\n\t\t\t\t\t<div class=\"elementor-column elementor-col-100 elementor-top-column elementor-element elementor-element-538dbd7c\" data-id=\"538dbd7c\" data-element_type=\"column\" data-e-type=\"column\">\n\t\t\t<div class=\"elementor-widget-wrap elementor-element-populated\">\n\t\t\t\t\t\t<div class=\"elementor-element elementor-element-5bd1e127 elementor-widget elementor-widget-heading\" data-id=\"5bd1e127\" data-element_type=\"widget\" data-e-type=\"widget\" data-widget_type=\"heading.default\">\n\t\t\t\t<div class=\"elementor-widget-container\">\n\t\t\t\t\t<h2 class=\"elementor-heading-title elementor-size-default\"><h2>Agropanel - Faux plafond\n<\/h2><\/h2>\t\t\t\t<\/div>\n\t\t\t\t<\/div>\n\t\t\t\t<div class=\"elementor-element elementor-element-5a85b985 elementor-widget elementor-widget-text-editor\" data-id=\"5a85b985\" data-element_type=\"widget\" data-e-type=\"widget\" data-widget_type=\"text-editor.default\">\n\t\t\t\t<div class=\"elementor-widget-container\">\n\t\t\t\t\t\t\t\t\t<p>Les panneaux sandwichs non autoportants sont compos\u00e9s de deux faces qui peuvent \u00eatre fabriqu\u00e9es en diff\u00e9rentes finitions et d&rsquo;un noyau en mousse de polyur\u00e9thane \u00e0 haute isolation thermique. Ils sont destin\u00e9s \u00e0 la r\u00e9alisation de faux plafonds et de bardages \u00e0 l&rsquo;int\u00e9rieur des exploitations agricoles, des b\u00e2timents industriels et dans les locaux o\u00f9 des conditions agressives n\u00e9cessitent leur installation.<\/p>\n\t\t\t\t\t\t\t\t<\/div>\n\t\t\t\t<\/div>\n\t\t\t\t<div class=\"elementor-element elementor-element-53599de2 elementor-tabs-view-horizontal elementor-widget elementor-widget-tabs\" data-id=\"53599de2\" data-element_type=\"widget\" data-e-type=\"widget\" data-widget_type=\"tabs.default\">\n\t\t\t\t<div class=\"elementor-widget-container\">\n\t\t\t\t\t\t\t<div class=\"elementor-tabs\">\n\t\t\t<div class=\"elementor-tabs-wrapper\" role=\"tablist\" >\n\t\t\t\t\t\t\t\t\t<div id=\"elementor-tab-title-1391\" class=\"elementor-tab-title elementor-tab-desktop-title\" aria-selected=\"true\" data-tab=\"1\" role=\"tab\" tabindex=\"0\" aria-controls=\"elementor-tab-content-1391\" aria-expanded=\"false\">Description\/ Application<\/div>\n\t\t\t\t\t\t\t\t\t<div id=\"elementor-tab-title-1392\" class=\"elementor-tab-title elementor-tab-desktop-title\" aria-selected=\"false\" data-tab=\"2\" role=\"tab\" tabindex=\"-1\" aria-controls=\"elementor-tab-content-1392\" aria-expanded=\"false\">Tableau des charges<\/div>\n\t\t\t\t\t\t\t\t\t<div id=\"elementor-tab-title-1393\" class=\"elementor-tab-title elementor-tab-desktop-title\" aria-selected=\"false\" data-tab=\"3\" role=\"tab\" tabindex=\"-1\" aria-controls=\"elementor-tab-content-1393\" aria-expanded=\"false\">Couleurs disponibles<\/div>\n\t\t\t\t\t\t\t\t\t<div id=\"elementor-tab-title-1394\" class=\"elementor-tab-title elementor-tab-desktop-title\" aria-selected=\"false\" data-tab=\"4\" role=\"tab\" tabindex=\"-1\" aria-controls=\"elementor-tab-content-1394\" aria-expanded=\"false\">Fiches techniques \/ T\u00e9l\u00e9chargements<\/div>\n\t\t\t\t\t\t\t<\/div>\n\t\t\t<div class=\"elementor-tabs-content-wrapper\" role=\"tablist\" aria-orientation=\"vertical\">\n\t\t\t\t\t\t\t\t\t<div class=\"elementor-tab-title elementor-tab-mobile-title\" aria-selected=\"true\" data-tab=\"1\" role=\"tab\" tabindex=\"0\" aria-controls=\"elementor-tab-content-1391\" aria-expanded=\"false\">Description\/ Application<\/div>\n\t\t\t\t\t<div id=\"elementor-tab-content-1391\" class=\"elementor-tab-content elementor-clearfix\" data-tab=\"1\" role=\"tabpanel\" aria-labelledby=\"elementor-tab-title-1391\" tabindex=\"0\" hidden=\"false\"><h3>Type de syndicat :<\/h3>\n<p>Union : Raccord REMATE PVC H<\/p>\n<p><img decoding=\"async\" class=\" size-full wp-image-31512\" src=\"https:\/\/panelsandwich.org\/wp-content\/uploads\/2018\/01\/cms_AGROPANEL_falso-techo_union.png\" alt=\"filename\" width=\"50%\" title=\"% %count(title)\" srcset=\"https:\/\/panelsandwich.org\/wp-content\/uploads\/2018\/01\/cms_AGROPANEL_falso-techo_union.png 567w, https:\/\/panelsandwich.org\/wp-content\/uploads\/2018\/01\/cms_AGROPANEL_falso-techo_union-300x76.png 300w\" sizes=\"(max-width: 567px) 100vw, 567px\" \/><\/p>\n<h3>Avantages<\/h3>\n<p>Comme il s&rsquo;agit d&rsquo;un panneau pr\u00e9fabriqu\u00e9 tr\u00e8s l\u00e9ger, il faut souligner la facilit\u00e9 et la rapidit\u00e9 de montage, l&rsquo;homog\u00e9n\u00e9it\u00e9 et la qualit\u00e9 des finitions typiques d&rsquo;un produit fabriqu\u00e9 en continu. Les diff\u00e9rents types de finition dans lesquels la face cach\u00e9e peut \u00eatre fabriqu\u00e9e conf\u00e8rent au panneau une grande polyvalence et une grande adaptabilit\u00e9 en fonction de l&rsquo;environnement.<\/p>\n<h3>Dimensions :<\/h3>\n<p>\u00c9paisseurs : 30-40-50-60mm.<\/p>\n<p>Largeur : 1000 mm<\/p>\n<p>Longueur : 2,00 &#8211; 18,00 m<\/p>\n<p><img decoding=\"async\" class=\" size-full wp-image-31513\" src=\"https:\/\/panelsandwich.org\/wp-content\/uploads\/2018\/01\/cms_AGROPANEL_falso-techo_medidas.png\" alt=\"filename\" width=\"80%\" title=\"% %count(title)\" srcset=\"https:\/\/panelsandwich.org\/wp-content\/uploads\/2018\/01\/cms_AGROPANEL_falso-techo_medidas.png 567w, https:\/\/panelsandwich.org\/wp-content\/uploads\/2018\/01\/cms_AGROPANEL_falso-techo_medidas-300x57.png 300w\" sizes=\"(max-width: 567px) 100vw, 567px\" \/><\/p>\n<\/div>\n\t\t\t\t\t\t\t\t\t<div class=\"elementor-tab-title elementor-tab-mobile-title\" aria-selected=\"false\" data-tab=\"2\" role=\"tab\" tabindex=\"-1\" aria-controls=\"elementor-tab-content-1392\" aria-expanded=\"false\">Tableau des charges<\/div>\n\t\t\t\t\t<div id=\"elementor-tab-content-1392\" class=\"elementor-tab-content elementor-clearfix\" data-tab=\"2\" role=\"tabpanel\" aria-labelledby=\"elementor-tab-title-1392\" tabindex=\"0\" hidden=\"hidden\"><h3>Comportement thermique et poids<\/h3>\n<p><img fetchpriority=\"high\" decoding=\"async\" class=\"aligncenter wp-image-31514 size-full\" src=\"https:\/\/panelsandwich.org\/wp-content\/uploads\/2018\/01\/cms_AGROPANEL_falso-techo_cargas-cargas.jpg.jpg\" alt=\"chargements.jpg\" width=\"567\" height=\"300\" title=\"% %count(title)\" srcset=\"https:\/\/panelsandwich.org\/wp-content\/uploads\/2018\/01\/cms_AGROPANEL_falso-techo_cargas-cargas.jpg.jpg 567w, https:\/\/panelsandwich.org\/wp-content\/uploads\/2018\/01\/cms_AGROPANEL_falso-techo_cargas-cargas.jpg-300x159.jpg 300w\" sizes=\"(max-width: 567px) 100vw, 567px\" \/><\/p>\n<\/div>\n\t\t\t\t\t\t\t\t\t<div class=\"elementor-tab-title elementor-tab-mobile-title\" aria-selected=\"false\" data-tab=\"3\" role=\"tab\" tabindex=\"-1\" aria-controls=\"elementor-tab-content-1393\" aria-expanded=\"false\">Couleurs disponibles<\/div>\n\t\t\t\t\t<div id=\"elementor-tab-content-1393\" class=\"elementor-tab-content elementor-clearfix\" data-tab=\"3\" role=\"tabpanel\" aria-labelledby=\"elementor-tab-title-1393\" tabindex=\"0\" hidden=\"hidden\"><p><img decoding=\"async\" class=\"aligncenter wp-image-36943 size-full\" src=\"https:\/\/panelsandwich.org\/wp-content\/uploads\/2023\/11\/Captura-10.jpg\" alt=\"filename\" width=\"879\" height=\"522\" title=\"% %count(title)\" srcset=\"https:\/\/panelsandwich.org\/wp-content\/uploads\/2023\/11\/Captura-10.jpg 879w, https:\/\/panelsandwich.org\/wp-content\/uploads\/2023\/11\/Captura-10-300x178.jpg 300w, https:\/\/panelsandwich.org\/wp-content\/uploads\/2023\/11\/Captura-10-768x456.jpg 768w\" sizes=\"(max-width: 879px) 100vw, 879px\" \/><\/p>\n<\/div>\n\t\t\t\t\t\t\t\t\t<div class=\"elementor-tab-title elementor-tab-mobile-title\" aria-selected=\"false\" data-tab=\"4\" role=\"tab\" tabindex=\"-1\" aria-controls=\"elementor-tab-content-1394\" aria-expanded=\"false\">Fiches techniques \/ T\u00e9l\u00e9chargements<\/div>\n\t\t\t\t\t<div id=\"elementor-tab-content-1394\" class=\"elementor-tab-content elementor-clearfix\" data-tab=\"4\" role=\"tabpanel\" aria-labelledby=\"elementor-tab-title-1394\" tabindex=\"0\" hidden=\"hidden\"><p><a href=\"https:\/\/panelsandwich.org\/wp-content\/uploads\/2023\/11\/PanelSandwich.ORG-Agropanel-Falso-Techo.pdf\" target=\"_blank\" rel=\"noopener\"><button style=\"background-color: #ffa300; border-color: black; color: white;\" spellcheck=\"false\" data-lt-tmp-id=\"lt-827558\" data-gramm=\"false\">T\u00e9l\u00e9charger la fiche technique<\/button><\/a><\/p>\n<p><a href=\"https:\/\/panelsandwich.org\/wp-content\/uploads\/2023\/11\/Carta-de-Colores-PanelSandwich.ORG_-1.pdf\" target=\"_blank\" rel=\"noopener\"> <button style=\"background-color: #ffa300; border-color: black; color: white;\" spellcheck=\"false\" data-lt-tmp-id=\"lt-827558\" data-gramm=\"false\">Tableau des couleurs<\/button><\/a><\/p>\n<\/div>\n\t\t\t\t\t\t\t<\/div>\n\t\t<\/div>\n\t\t\t\t\t\t<\/div>\n\t\t\t\t<\/div>\n\t\t\t\t\t<\/div>\n\t\t<\/div>\n\t\t\t\t\t<\/div>\n\t\t<\/section>\n\t\t\t\t<\/div>\n\t\t","protected":false},"excerpt":{"rendered":"<p>PAF- Panneau sandwich en agropanneau. Faux plafond<\/p>\n<p style=\"text-align: center;\"><strong><span style=\"font-size: medium;\"><a class=\"w-100 btn btn-danger btn-lg\" href=\"https:\/\/panelsandwich.org\/contactenos\">DEMANDE DE PRIX ET D&rsquo;INFORMATIONS TECHNIQUES  <i class=\"caret-right\"><\/i><\/a><\/span><\/strong><\/p>\n","protected":false},"featured_media":35642,"comment_status":"open","ping_status":"closed","template":"","meta":[],"product_brand":[],"product_cat":[3457],"product_tag":[3351,3338,3460,3334,3459,3458],"class_list":{"0":"post-46230","1":"product","2":"type-product","3":"status-publish","4":"has-post-thumbnail","6":"product_cat-panneau-sandwich-pour-fermes-agropanel","7":"product_tag-agropanel-fr","8":"product_tag-panneau-de-carrelage","9":"product_tag-panneau-de-carrelage-vieilli","10":"product_tag-panneau-sandwich","11":"product_tag-panneau-sandwich-de-facade","12":"product_tag-toiture-en-panneaux-sandwich","13":"pa_colorexterior-aluminium-centesimal","14":"pa_colorexterior-le-kraf-du-carton","15":"pa_colorinterior-blanc-feuilles-de-polyester-et-de-fibre-de-verre","16":"pa_espesorespuma-30-mm-fr","17":"pa_espesorespuma-40-mm-fr","18":"pa_espesorespuma-50-mm-fr","19":"pa_espesorespuma-60-mm-fr","20":"pa_tipoaislamiento-mousse-pur-c-s3-d0","22":"first","23":"outofstock","24":"taxable","25":"shipping-taxable","26":"purchasable","27":"product-type-variable","28":"has-default-attributes"},"_links":{"self":[{"href":"https:\/\/panelsandwich.org\/fr\/wp-json\/wp\/v2\/product\/46230","targetHints":{"allow":["GET"]}}],"collection":[{"href":"https:\/\/panelsandwich.org\/fr\/wp-json\/wp\/v2\/product"}],"about":[{"href":"https:\/\/panelsandwich.org\/fr\/wp-json\/wp\/v2\/types\/product"}],"replies":[{"embeddable":true,"href":"https:\/\/panelsandwich.org\/fr\/wp-json\/wp\/v2\/comments?post=46230"}],"version-history":[{"count":0,"href":"https:\/\/panelsandwich.org\/fr\/wp-json\/wp\/v2\/product\/46230\/revisions"}],"wp:featuredmedia":[{"embeddable":true,"href":"https:\/\/panelsandwich.org\/fr\/wp-json\/wp\/v2\/media\/35642"}],"wp:attachment":[{"href":"https:\/\/panelsandwich.org\/fr\/wp-json\/wp\/v2\/media?parent=46230"}],"wp:term":[{"taxonomy":"product_brand","embeddable":true,"href":"https:\/\/panelsandwich.org\/fr\/wp-json\/wp\/v2\/product_brand?post=46230"},{"taxonomy":"product_cat","embeddable":true,"href":"https:\/\/panelsandwich.org\/fr\/wp-json\/wp\/v2\/product_cat?post=46230"},{"taxonomy":"product_tag","embeddable":true,"href":"https:\/\/panelsandwich.org\/fr\/wp-json\/wp\/v2\/product_tag?post=46230"}],"curies":[{"name":"wp","href":"https:\/\/api.w.org\/{rel}","templated":true}]}}