{"id":46237,"date":"2023-09-28T23:16:13","date_gmt":"2023-09-28T21:16:13","guid":{"rendered":"https:\/\/panelsandwich.org\/panneau-sandwich-agropanel-3-rainures-de-fixation\/"},"modified":"2025-11-21T08:20:10","modified_gmt":"2025-11-21T07:20:10","slug":"panneau-sandwich-agropanel-3-rainures-de-fixation","status":"publish","type":"product","link":"https:\/\/panelsandwich.org\/fr\/panneau-sandwich-agropanel-3-rainures-de-fixation\/","title":{"rendered":"Panneau sandwich Agropanel &#8211; 3 rainures de fixation"},"content":{"rendered":"\t\t<div data-elementor-type=\"product-post\" data-elementor-id=\"46237\" class=\"elementor elementor-46237 elementor-31432\" data-elementor-post-type=\"product\">\n\t\t\t\t\t\t<section class=\"elementor-section elementor-top-section elementor-element elementor-element-6467db89 elementor-section-boxed elementor-section-height-default elementor-section-height-default\" data-id=\"6467db89\" data-element_type=\"section\" data-e-type=\"section\" data-settings=\"{&quot;jet_parallax_layout_list&quot;:[]}\">\n\t\t\t\t\t\t<div class=\"elementor-container elementor-column-gap-default\">\n\t\t\t\t\t<div class=\"elementor-column elementor-col-100 elementor-top-column elementor-element elementor-element-1ec172d1\" data-id=\"1ec172d1\" data-element_type=\"column\" data-e-type=\"column\">\n\t\t\t<div class=\"elementor-widget-wrap elementor-element-populated\">\n\t\t\t\t\t\t<div class=\"elementor-element elementor-element-6558f0d3 elementor-widget elementor-widget-heading\" data-id=\"6558f0d3\" data-element_type=\"widget\" data-e-type=\"widget\" data-widget_type=\"heading.default\">\n\t\t\t\t<div class=\"elementor-widget-container\">\n\t\t\t\t\t<h2 class=\"elementor-heading-title elementor-size-default\"><h2>Agropanel - Flashing \u00e0 3 brides\n<\/h2><\/h2>\t\t\t\t<\/div>\n\t\t\t\t<\/div>\n\t\t\t\t<div class=\"elementor-element elementor-element-79d27cac elementor-widget elementor-widget-text-editor\" data-id=\"79d27cac\" data-element_type=\"widget\" data-e-type=\"widget\" data-widget_type=\"text-editor.default\">\n\t\t\t\t<div class=\"elementor-widget-container\">\n\t\t\t\t\t\t\t\t\t<p>Panneau de recouvrement avec solin pour installations agricoles, avec une face ext\u00e9rieure en t\u00f4le profil\u00e9e et une face int\u00e9rieure en r\u00e9sine de polyester, renforc\u00e9e par de la fibre de verre, r\u00e9sistant \u00e0 la corrosion dans des environnements corrosifs tels que les exploitations agricoles et les entreprises chimiques. Les panneaux sandwichs autoportants sont compos\u00e9s d&rsquo;une feuille d&rsquo;acier \u00e0 l&rsquo;ext\u00e9rieur, d&rsquo;une feuille de polyester \u00e0 l&rsquo;int\u00e9rieur et d&rsquo;un noyau de mousse de polyur\u00e9thane \u00e0 haute isolation thermique.<\/p>\t\t\t\t\t\t\t\t<\/div>\n\t\t\t\t<\/div>\n\t\t\t\t<div class=\"elementor-element elementor-element-7625b0bf elementor-tabs-view-horizontal elementor-widget elementor-widget-tabs\" data-id=\"7625b0bf\" data-element_type=\"widget\" data-e-type=\"widget\" data-widget_type=\"tabs.default\">\n\t\t\t\t<div class=\"elementor-widget-container\">\n\t\t\t\t\t\t\t<div class=\"elementor-tabs\">\n\t\t\t<div class=\"elementor-tabs-wrapper\" role=\"tablist\" >\n\t\t\t\t\t\t\t\t\t<div id=\"elementor-tab-title-1981\" class=\"elementor-tab-title elementor-tab-desktop-title\" aria-selected=\"true\" data-tab=\"1\" role=\"tab\" tabindex=\"0\" aria-controls=\"elementor-tab-content-1981\" aria-expanded=\"false\">Description\/ Application<\/div>\n\t\t\t\t\t\t\t\t\t<div id=\"elementor-tab-title-1982\" class=\"elementor-tab-title elementor-tab-desktop-title\" aria-selected=\"false\" data-tab=\"2\" role=\"tab\" tabindex=\"-1\" aria-controls=\"elementor-tab-content-1982\" aria-expanded=\"false\">Tableau des charges<\/div>\n\t\t\t\t\t\t\t\t\t<div id=\"elementor-tab-title-1983\" class=\"elementor-tab-title elementor-tab-desktop-title\" aria-selected=\"false\" data-tab=\"3\" role=\"tab\" tabindex=\"-1\" aria-controls=\"elementor-tab-content-1983\" aria-expanded=\"false\">Couleurs disponibles<\/div>\n\t\t\t\t\t\t\t\t\t<div id=\"elementor-tab-title-1984\" class=\"elementor-tab-title elementor-tab-desktop-title\" aria-selected=\"false\" data-tab=\"4\" role=\"tab\" tabindex=\"-1\" aria-controls=\"elementor-tab-content-1984\" aria-expanded=\"false\">Fiches techniques \/ T\u00e9l\u00e9chargements<\/div>\n\t\t\t\t\t\t\t<\/div>\n\t\t\t<div class=\"elementor-tabs-content-wrapper\" role=\"tablist\" aria-orientation=\"vertical\">\n\t\t\t\t\t\t\t\t\t<div class=\"elementor-tab-title elementor-tab-mobile-title\" aria-selected=\"true\" data-tab=\"1\" role=\"tab\" tabindex=\"0\" aria-controls=\"elementor-tab-content-1981\" aria-expanded=\"false\">Description\/ Application<\/div>\n\t\t\t\t\t<div id=\"elementor-tab-content-1981\" class=\"elementor-tab-content elementor-clearfix\" data-tab=\"1\" role=\"tabpanel\" aria-labelledby=\"elementor-tab-title-1981\" tabindex=\"0\" hidden=\"false\"><h3>Application :<\/h3>\n<p>Couverture d&rsquo;installations agricoles ou d&rsquo;installations expos\u00e9es \u00e0 des environnements corrosifs.<\/p>\n<h3>Type de syndicat :<\/h3>\n<p>Joint : dissimul\u00e9 par un solin. La vis est cach\u00e9e par l&#8217;embout. Vis : Vis sans rondelle<\/p>\n<p><img decoding=\"async\" class=\" size-full wp-image-31429\" src=\"https:\/\/panelsandwich.org\/wp-content\/uploads\/2018\/01\/cms_AGROPANEL_TAPAJUNTAS_union.jpg\" alt=\"filename\" width=\"50%\" title=\"% %count(title)\" srcset=\"https:\/\/panelsandwich.org\/wp-content\/uploads\/2018\/01\/cms_AGROPANEL_TAPAJUNTAS_union.jpg 567w, https:\/\/panelsandwich.org\/wp-content\/uploads\/2018\/01\/cms_AGROPANEL_TAPAJUNTAS_union-300x107.jpg 300w\" sizes=\"(max-width: 567px) 100vw, 567px\" \/><\/p>\n<h3>Avantages<\/h3>\n<p>Le syst\u00e8me de solin dissimule le double syst\u00e8me de fixation et offre toutes les garanties d&rsquo;\u00e9tanch\u00e9it\u00e9 \u00e0 l&rsquo;eau de pluie. Le film int\u00e9rieur en polyester est tr\u00e8s r\u00e9sistant aux attaques des micro-organismes, des bact\u00e9ries, des vapeurs et de la condensation des acides organiques pr\u00e9sents dans les exploitations agricoles.<\/p>\n<p>R\u00e9action au feu<\/p>\n<p>Classification F, selon UNE-EN 13501-1:2007+A1:2010. Sans CFC.<\/p>\n<\/p>\n<h3>Section du panneau<\/h3>\n<p><img fetchpriority=\"high\" decoding=\"async\" class=\"alignnone wp-image-36913 size-full\" src=\"https:\/\/panelsandwich.org\/wp-content\/uploads\/2023\/11\/Captura-3.jpg\" alt=\"filename\" width=\"1086\" height=\"523\" title=\"% %count(title)\" srcset=\"https:\/\/panelsandwich.org\/wp-content\/uploads\/2023\/11\/Captura-3.jpg 1086w, https:\/\/panelsandwich.org\/wp-content\/uploads\/2023\/11\/Captura-3-300x144.jpg 300w, https:\/\/panelsandwich.org\/wp-content\/uploads\/2023\/11\/Captura-3-1024x493.jpg 1024w, https:\/\/panelsandwich.org\/wp-content\/uploads\/2023\/11\/Captura-3-768x370.jpg 768w\" sizes=\"(max-width: 1086px) 100vw, 1086px\" \/><\/p>\n<\/div>\n\t\t\t\t\t\t\t\t\t<div class=\"elementor-tab-title elementor-tab-mobile-title\" aria-selected=\"false\" data-tab=\"2\" role=\"tab\" tabindex=\"-1\" aria-controls=\"elementor-tab-content-1982\" aria-expanded=\"false\">Tableau des charges<\/div>\n\t\t\t\t\t<div id=\"elementor-tab-content-1982\" class=\"elementor-tab-content elementor-clearfix\" data-tab=\"2\" role=\"tabpanel\" aria-labelledby=\"elementor-tab-title-1982\" tabindex=\"0\" hidden=\"hidden\"><p><img decoding=\"async\" class=\"alignnone wp-image-36914 size-full\" src=\"https:\/\/panelsandwich.org\/wp-content\/uploads\/2023\/11\/Captura-4.jpg\" alt=\"filename\" width=\"1271\" height=\"526\" title=\"% %count(title)\" srcset=\"https:\/\/panelsandwich.org\/wp-content\/uploads\/2023\/11\/Captura-4.jpg 1271w, https:\/\/panelsandwich.org\/wp-content\/uploads\/2023\/11\/Captura-4-300x124.jpg 300w, https:\/\/panelsandwich.org\/wp-content\/uploads\/2023\/11\/Captura-4-1024x424.jpg 1024w, https:\/\/panelsandwich.org\/wp-content\/uploads\/2023\/11\/Captura-4-768x318.jpg 768w\" sizes=\"(max-width: 1271px) 100vw, 1271px\" \/><\/p>\n<\/div>\n\t\t\t\t\t\t\t\t\t<div class=\"elementor-tab-title elementor-tab-mobile-title\" aria-selected=\"false\" data-tab=\"3\" role=\"tab\" tabindex=\"-1\" aria-controls=\"elementor-tab-content-1983\" aria-expanded=\"false\">Couleurs disponibles<\/div>\n\t\t\t\t\t<div id=\"elementor-tab-content-1983\" class=\"elementor-tab-content elementor-clearfix\" data-tab=\"3\" role=\"tabpanel\" aria-labelledby=\"elementor-tab-title-1983\" tabindex=\"0\" hidden=\"hidden\"><p><img decoding=\"async\" class=\"aligncenter wp-image-36915 size-full\" src=\"https:\/\/panelsandwich.org\/wp-content\/uploads\/2023\/11\/Captura-5.jpg\" alt=\"filename\" width=\"590\" height=\"860\" title=\"% %count(title)\" srcset=\"https:\/\/panelsandwich.org\/wp-content\/uploads\/2023\/11\/Captura-5.jpg 590w, https:\/\/panelsandwich.org\/wp-content\/uploads\/2023\/11\/Captura-5-206x300.jpg 206w\" sizes=\"(max-width: 590px) 100vw, 590px\" \/><\/p>\n<\/div>\n\t\t\t\t\t\t\t\t\t<div class=\"elementor-tab-title elementor-tab-mobile-title\" aria-selected=\"false\" data-tab=\"4\" role=\"tab\" tabindex=\"-1\" aria-controls=\"elementor-tab-content-1984\" aria-expanded=\"false\">Fiches techniques \/ T\u00e9l\u00e9chargements<\/div>\n\t\t\t\t\t<div id=\"elementor-tab-content-1984\" class=\"elementor-tab-content elementor-clearfix\" data-tab=\"4\" role=\"tabpanel\" aria-labelledby=\"elementor-tab-title-1984\" tabindex=\"0\" hidden=\"hidden\"><p><a href=\"https:\/\/panelsandwich.org\/wp-content\/uploads\/2023\/11\/PanelSandwich-Agropanel-3G-Tapajuntas.pdf\" target=\"_blank\" rel=\"noopener\"><button style=\"background-color: #ffa300; border-color: black; color: white;\" spellcheck=\"false\" data-lt-tmp-id=\"lt-827558\" data-gramm=\"false\">T\u00e9l\u00e9charger la fiche technique<\/button><\/a><\/p>\n<p><a href=\"https:\/\/panelsandwich.org\/wp-content\/uploads\/2023\/11\/Carta-de-Colores-PanelSandwich.ORG_-1.pdf\" target=\"_blank\" rel=\"noopener\"> <button style=\"background-color: #ffa300; border-color: black; color: white;\" spellcheck=\"false\" data-lt-tmp-id=\"lt-827558\" data-gramm=\"false\">Tableau des couleurs<\/button><\/a><\/p>\n<\/div>\n\t\t\t\t\t\t\t<\/div>\n\t\t<\/div>\n\t\t\t\t\t\t<\/div>\n\t\t\t\t<\/div>\n\t\t\t\t\t<\/div>\n\t\t<\/div>\n\t\t\t\t\t<\/div>\n\t\t<\/section>\n\t\t\t\t<\/div>\n\t\t","protected":false},"excerpt":{"rendered":"<p>PAT- Panneau sandwich Agropanel. Solins<\/p>\n<p style=\"text-align: center;\"><strong><span style=\"font-size: medium;\"><a class=\"w-100 btn btn-danger btn-lg\" href=\"https:\/\/panelsandwich.org\/contactenos\">DEMANDE DE PRIX ET D&rsquo;INFORMATIONS TECHNIQUES  <i class=\"caret-right\"><\/i><\/a><\/span><\/strong><\/p>\n","protected":false},"featured_media":53190,"comment_status":"closed","ping_status":"closed","template":"","meta":[],"product_brand":[],"product_cat":[3457],"product_tag":[3351,3341,3344,3354,3359,3347,3360,3338,3349,3362,3357,3361,3432],"class_list":{"0":"post-46237","1":"product","2":"type-product","3":"status-publish","4":"has-post-thumbnail","6":"product_cat-panneau-sandwich-pour-fermes-agropanel","7":"product_tag-agropanel-fr","8":"product_tag-couverture","9":"product_tag-facade-fr","10":"product_tag-fermes","11":"product_tag-laine-de-roche","12":"product_tag-occasion-fr","13":"product_tag-panneau-de-bois","14":"product_tag-panneau-de-carrelage","15":"product_tag-prix","16":"product_tag-puits-de-lumiere","17":"product_tag-refrigerateur","18":"product_tag-remateria-fr","19":"product_tag-sandwich-anel","20":"pa_colorexterior-blanc-des-pyrenees-ral-9010","21":"pa_colorexterior-bleu-gentiane-ral-5010","22":"pa_colorexterior-creme-bidassoa-ral-1015","23":"pa_colorexterior-gris-anthracite-ral-7016","24":"pa_colorexterior-gris-ardoise-ral-7024","25":"pa_colorexterior-gris-basalte-ral-7012","26":"pa_colorexterior-gris-metallise-ral-9006","27":"pa_colorexterior-gris-ombre-ral-7022","28":"pa_colorexterior-noir-ral-9004","29":"pa_colorexterior-rouge-ral-3009","30":"pa_colorexterior-vert-navarra-ral-6005","31":"pa_colorinterior-blanc-feuilles-de-polyester-et-de-fibre-de-verre","32":"pa_espesorespuma-100-mm-fr","33":"pa_espesorespuma-30-mm-fr","34":"pa_espesorespuma-40-mm-fr","35":"pa_espesorespuma-50-mm-fr","36":"pa_espesorespuma-60-mm-fr","37":"pa_espesorespuma-80-mm-fr","38":"pa_tipoaislamiento-mousse-pir-b-s2-d0","39":"pa_tipoaislamiento-mousse-pir-hi-b-s1-d0","40":"pa_tipoaislamiento-mousse-pur-c-s3-d0","42":"first","43":"instock","44":"taxable","45":"shipping-taxable","46":"product-type-variable","47":"has-default-attributes"},"_links":{"self":[{"href":"https:\/\/panelsandwich.org\/fr\/wp-json\/wp\/v2\/product\/46237","targetHints":{"allow":["GET"]}}],"collection":[{"href":"https:\/\/panelsandwich.org\/fr\/wp-json\/wp\/v2\/product"}],"about":[{"href":"https:\/\/panelsandwich.org\/fr\/wp-json\/wp\/v2\/types\/product"}],"replies":[{"embeddable":true,"href":"https:\/\/panelsandwich.org\/fr\/wp-json\/wp\/v2\/comments?post=46237"}],"version-history":[{"count":0,"href":"https:\/\/panelsandwich.org\/fr\/wp-json\/wp\/v2\/product\/46237\/revisions"}],"wp:featuredmedia":[{"embeddable":true,"href":"https:\/\/panelsandwich.org\/fr\/wp-json\/wp\/v2\/media\/53190"}],"wp:attachment":[{"href":"https:\/\/panelsandwich.org\/fr\/wp-json\/wp\/v2\/media?parent=46237"}],"wp:term":[{"taxonomy":"product_brand","embeddable":true,"href":"https:\/\/panelsandwich.org\/fr\/wp-json\/wp\/v2\/product_brand?post=46237"},{"taxonomy":"product_cat","embeddable":true,"href":"https:\/\/panelsandwich.org\/fr\/wp-json\/wp\/v2\/product_cat?post=46237"},{"taxonomy":"product_tag","embeddable":true,"href":"https:\/\/panelsandwich.org\/fr\/wp-json\/wp\/v2\/product_tag?post=46237"}],"curies":[{"name":"wp","href":"https:\/\/api.w.org\/{rel}","templated":true}]}}