{"id":48859,"date":"2023-09-28T23:16:11","date_gmt":"2023-09-28T21:16:11","guid":{"rendered":"https:\/\/panelsandwich.org\/panneau-sandwich-ignifuge-en-laine-de-roche-toit-rei-30-120-180\/"},"modified":"2023-11-22T17:58:00","modified_gmt":"2023-11-22T16:58:00","slug":"panneau-sandwich-ignifuge-en-laine-de-roche-toit-rei-30-120-180","status":"publish","type":"product","link":"https:\/\/panelsandwich.org\/fr\/panneau-sandwich-ignifuge-en-laine-de-roche-toit-rei-30-120-180\/","title":{"rendered":"Panneau sandwich ignifug\u00e9 en laine de roche &#8211; Toit &#8211; REI 30\/120\/180"},"content":{"rendered":"\t\t<div data-elementor-type=\"product-post\" data-elementor-id=\"48859\" class=\"elementor elementor-48859 elementor-31536\" data-elementor-post-type=\"product\">\n\t\t\t\t\t\t<section class=\"elementor-section elementor-top-section elementor-element elementor-element-5b38231d elementor-section-boxed elementor-section-height-default elementor-section-height-default\" data-id=\"5b38231d\" data-element_type=\"section\" data-e-type=\"section\" data-settings=\"{&quot;jet_parallax_layout_list&quot;:[]}\">\n\t\t\t\t\t\t<div class=\"elementor-container elementor-column-gap-default\">\n\t\t\t\t\t<div class=\"elementor-column elementor-col-100 elementor-top-column elementor-element elementor-element-341bb393\" data-id=\"341bb393\" data-element_type=\"column\" data-e-type=\"column\">\n\t\t\t<div class=\"elementor-widget-wrap elementor-element-populated\">\n\t\t\t\t\t\t<div class=\"elementor-element elementor-element-65ce557a elementor-widget elementor-widget-heading\" data-id=\"65ce557a\" data-element_type=\"widget\" data-e-type=\"widget\" data-widget_type=\"heading.default\">\n\t\t\t\t<div class=\"elementor-widget-container\">\n\t\t\t\t\t<h2 class=\"elementor-heading-title elementor-size-default\"><h2>Panneau sandwich en laine de roche ignifug\u00e9 - Toiture\n\n<\/h2><\/h2>\t\t\t\t<\/div>\n\t\t\t\t<\/div>\n\t\t\t\t<div class=\"elementor-element elementor-element-50ea0ffa elementor-widget elementor-widget-text-editor\" data-id=\"50ea0ffa\" data-element_type=\"widget\" data-e-type=\"widget\" data-widget_type=\"text-editor.default\">\n\t\t\t\t<div class=\"elementor-widget-container\">\n\t\t\t\t\t\t\t\t\t<p>Panneau m\u00e9tallique autoportant isol\u00e9 avec de la laine de roche pour les toitures et les fa\u00e7ades n\u00e9cessitant une r\u00e9sistance au feu et une insonorisation \u00e9lev\u00e9es.<\/p>\n<p>Le panneau, fabriqu\u00e9 selon un syst\u00e8me de production brevet\u00e9, est compos\u00e9 d&rsquo;une t\u00f4le d&rsquo;acier ondul\u00e9e ext\u00e9rieure et d&rsquo;une t\u00f4le int\u00e9rieure micro nervur\u00e9e dans laquelle est intercal\u00e9e une couche isolante de laine de roche. La laine de roche, dont les fibres orient\u00e9es sont dispos\u00e9es orthogonalement au plan des plaques, est pos\u00e9e en lamelles avec une alternance de joints longitudinaux et transversaux compact\u00e9s qui rendent le panneau parfaitement monolithique. La fourrure ext\u00e9rieure est remplie de lattes per\ufb01l\u00e9es remplies de laine de roche.<\/p>\n\t\t\t\t\t\t\t\t<\/div>\n\t\t\t\t<\/div>\n\t\t\t\t<div class=\"elementor-element elementor-element-59d326ea elementor-tabs-view-horizontal elementor-widget elementor-widget-tabs\" data-id=\"59d326ea\" data-element_type=\"widget\" data-e-type=\"widget\" data-widget_type=\"tabs.default\">\n\t\t\t\t<div class=\"elementor-widget-container\">\n\t\t\t\t\t\t\t<div class=\"elementor-tabs\">\n\t\t\t<div class=\"elementor-tabs-wrapper\" role=\"tablist\" >\n\t\t\t\t\t\t\t\t\t<div id=\"elementor-tab-title-1501\" class=\"elementor-tab-title elementor-tab-desktop-title\" aria-selected=\"true\" data-tab=\"1\" role=\"tab\" tabindex=\"0\" aria-controls=\"elementor-tab-content-1501\" aria-expanded=\"false\">Description\/ Application<\/div>\n\t\t\t\t\t\t\t\t\t<div id=\"elementor-tab-title-1502\" class=\"elementor-tab-title elementor-tab-desktop-title\" aria-selected=\"false\" data-tab=\"2\" role=\"tab\" tabindex=\"-1\" aria-controls=\"elementor-tab-content-1502\" aria-expanded=\"false\">Profils disponibles<\/div>\n\t\t\t\t\t\t\t\t\t<div id=\"elementor-tab-title-1503\" class=\"elementor-tab-title elementor-tab-desktop-title\" aria-selected=\"false\" data-tab=\"3\" role=\"tab\" tabindex=\"-1\" aria-controls=\"elementor-tab-content-1503\" aria-expanded=\"false\">Couleurs disponibles<\/div>\n\t\t\t\t\t\t\t\t\t<div id=\"elementor-tab-title-1504\" class=\"elementor-tab-title elementor-tab-desktop-title\" aria-selected=\"false\" data-tab=\"4\" role=\"tab\" tabindex=\"-1\" aria-controls=\"elementor-tab-content-1504\" aria-expanded=\"false\">Fiches techniques \/ T\u00e9l\u00e9chargements<\/div>\n\t\t\t\t\t\t\t<\/div>\n\t\t\t<div class=\"elementor-tabs-content-wrapper\" role=\"tablist\" aria-orientation=\"vertical\">\n\t\t\t\t\t\t\t\t\t<div class=\"elementor-tab-title elementor-tab-mobile-title\" aria-selected=\"true\" data-tab=\"1\" role=\"tab\" tabindex=\"0\" aria-controls=\"elementor-tab-content-1501\" aria-expanded=\"false\">Description\/ Application<\/div>\n\t\t\t\t\t<div id=\"elementor-tab-content-1501\" class=\"elementor-tab-content elementor-clearfix\" data-tab=\"1\" role=\"tabpanel\" aria-labelledby=\"elementor-tab-title-1501\" tabindex=\"0\" hidden=\"false\"><h3>Description<\/h3>\n<p>Panneau m\u00e9tallique autoportant isol\u00e9 avec de la laine de roche pour les toitures et les fa\u00e7ades n\u00e9cessitant une r\u00e9sistance au feu et une insonorisation \u00e9lev\u00e9es.<\/p>\n<p>Le panneau, fabriqu\u00e9 selon un syst\u00e8me de production brevet\u00e9, est compos\u00e9 d&rsquo;une t\u00f4le d&rsquo;acier ondul\u00e9e ext\u00e9rieure et d&rsquo;une t\u00f4le int\u00e9rieure micro nervur\u00e9e dans laquelle est intercal\u00e9e une couche isolante de laine de roche. La laine de roche, dont les fibres orient\u00e9es sont dispos\u00e9es orthogonalement au plan des plaques, est pos\u00e9e en lamelles avec une alternance de joints longitudinaux et transversaux compact\u00e9s qui rendent le panneau parfaitement monolithique. La fourrure ext\u00e9rieure est remplie de lattes per\ufb01l\u00e9es remplies de laine de roche.<\/p>\n<h3>Applications<\/h3>\n<p>Les panneaux sont con\u00e7us pour la construction d&rsquo;enceintes dans les grandes zones industrielles ou de construction civile. Il peut \u00eatre utilis\u00e9 indistinctement pour la construction des toits des types de b\u00e2timents suivants :<\/p>\n<ul>\n<li>Locaux chauff\u00e9s.<\/li>\n<li>Blindage acoustique int\u00e9rieur dans les installations industrielles.<\/li>\n<li>Locaux de fabrication.<\/li>\n<li>Locaux o\u00f9 la r\u00e9sistance au feu est une exigence importante.<\/li>\n<li>Enceintes incombustibles : DPC, garages, entrep\u00f4ts pour substances dangereuses, etc.<\/li>\n<li>B\u00e2timents o\u00f9 l&rsquo;activit\u00e9 est changeante ou destin\u00e9e \u00e0 la location<\/li>\n<\/ul>\n<h3> <\/h3>\n<h3>Avantages<\/h3>\n<p>Les avantages d&rsquo;un panneau pr\u00e9fabriqu\u00e9 sont la facilit\u00e9 et la rapidit\u00e9 de montage, l&rsquo;homog\u00e9n\u00e9it\u00e9 et la qualit\u00e9 des finitions, ainsi que les certifications.<\/p>\n<p>Gr\u00e2ce aux propri\u00e9t\u00e9s de la laine de roche, le panneau sandwich FTB combine plusieurs avantages en un seul mat\u00e9riau, dont les suivants :<\/p>\n<ul>\n<li>Isolation thermique ;<\/li>\n<li>Isolation acoustique ;<\/li>\n<li>S\u00e9curit\u00e9 incendie.<\/li>\n<\/ul>\n<div> <\/div>\n<h3>Mesures<\/h3>\n<p><img fetchpriority=\"high\" decoding=\"async\" class=\"alignnone wp-image-37003 size-full\" src=\"https:\/\/panelsandwich.org\/wp-content\/uploads\/2023\/11\/Captura-20.jpg\" alt=\"filename\" width=\"1610\" height=\"342\" title=\"% %count(title)\" srcset=\"https:\/\/panelsandwich.org\/wp-content\/uploads\/2023\/11\/Captura-20.jpg 1610w, https:\/\/panelsandwich.org\/wp-content\/uploads\/2023\/11\/Captura-20-300x64.jpg 300w, https:\/\/panelsandwich.org\/wp-content\/uploads\/2023\/11\/Captura-20-1024x218.jpg 1024w, https:\/\/panelsandwich.org\/wp-content\/uploads\/2023\/11\/Captura-20-768x163.jpg 768w, https:\/\/panelsandwich.org\/wp-content\/uploads\/2023\/11\/Captura-20-1536x326.jpg 1536w\" sizes=\"(max-width: 1610px) 100vw, 1610px\" \/><\/p>\n<p><img decoding=\"async\" class=\"alignnone wp-image-37004 size-full lazyload\" data-src=\"https:\/\/panelsandwich.org\/wp-content\/uploads\/2023\/11\/Captura-21.jpg\" alt=\"filename\" width=\"1276\" height=\"439\" title=\"% %count(title)\" data-srcset=\"https:\/\/panelsandwich.org\/wp-content\/uploads\/2023\/11\/Captura-21.jpg 1276w, https:\/\/panelsandwich.org\/wp-content\/uploads\/2023\/11\/Captura-21-300x103.jpg 300w, https:\/\/panelsandwich.org\/wp-content\/uploads\/2023\/11\/Captura-21-1024x352.jpg 1024w, https:\/\/panelsandwich.org\/wp-content\/uploads\/2023\/11\/Captura-21-768x264.jpg 768w\" data-sizes=\"(max-width: 1276px) 100vw, 1276px\" src=\"data:image\/svg+xml;base64,PHN2ZyB3aWR0aD0iMSIgaGVpZ2h0PSIxIiB4bWxucz0iaHR0cDovL3d3dy53My5vcmcvMjAwMC9zdmciPjwvc3ZnPg==\" style=\"--smush-placeholder-width: 1276px; --smush-placeholder-aspect-ratio: 1276\/439;\" \/> <img decoding=\"async\" class=\"alignnone wp-image-37005 size-full lazyload\" data-src=\"https:\/\/panelsandwich.org\/wp-content\/uploads\/2023\/11\/Captura-22.jpg\" alt=\"filename\" width=\"1334\" height=\"379\" title=\"% %count(title)\" data-srcset=\"https:\/\/panelsandwich.org\/wp-content\/uploads\/2023\/11\/Captura-22.jpg 1334w, https:\/\/panelsandwich.org\/wp-content\/uploads\/2023\/11\/Captura-22-300x85.jpg 300w, https:\/\/panelsandwich.org\/wp-content\/uploads\/2023\/11\/Captura-22-1024x291.jpg 1024w, https:\/\/panelsandwich.org\/wp-content\/uploads\/2023\/11\/Captura-22-768x218.jpg 768w\" data-sizes=\"(max-width: 1334px) 100vw, 1334px\" src=\"data:image\/svg+xml;base64,PHN2ZyB3aWR0aD0iMSIgaGVpZ2h0PSIxIiB4bWxucz0iaHR0cDovL3d3dy53My5vcmcvMjAwMC9zdmciPjwvc3ZnPg==\" style=\"--smush-placeholder-width: 1334px; --smush-placeholder-aspect-ratio: 1334\/379;\" \/><\/p>\n<h3><img decoding=\"async\" class=\"wp-image-36964 size-full aligncenter lazyload\" data-src=\"https:\/\/panelsandwich.org\/wp-content\/uploads\/2023\/11\/Captura-16.jpg\" alt=\"filename\" width=\"932\" height=\"320\" title=\"% %count(title)\" data-srcset=\"https:\/\/panelsandwich.org\/wp-content\/uploads\/2023\/11\/Captura-16.jpg 932w, https:\/\/panelsandwich.org\/wp-content\/uploads\/2023\/11\/Captura-16-300x103.jpg 300w, https:\/\/panelsandwich.org\/wp-content\/uploads\/2023\/11\/Captura-16-768x264.jpg 768w\" data-sizes=\"(max-width: 932px) 100vw, 932px\" src=\"data:image\/svg+xml;base64,PHN2ZyB3aWR0aD0iMSIgaGVpZ2h0PSIxIiB4bWxucz0iaHR0cDovL3d3dy53My5vcmcvMjAwMC9zdmciPjwvc3ZnPg==\" style=\"--smush-placeholder-width: 932px; --smush-placeholder-aspect-ratio: 932\/320;\" \/><\/h3>\n<p><img decoding=\"async\" class=\"alignnone wp-image-36985 size-full lazyload\" data-src=\"https:\/\/panelsandwich.org\/wp-content\/uploads\/2023\/11\/Captura-19.jpg\" alt=\"filename\" width=\"1148\" height=\"428\" title=\"% %count(title)\" data-srcset=\"https:\/\/panelsandwich.org\/wp-content\/uploads\/2023\/11\/Captura-19.jpg 1148w, https:\/\/panelsandwich.org\/wp-content\/uploads\/2023\/11\/Captura-19-300x112.jpg 300w, https:\/\/panelsandwich.org\/wp-content\/uploads\/2023\/11\/Captura-19-1024x382.jpg 1024w, https:\/\/panelsandwich.org\/wp-content\/uploads\/2023\/11\/Captura-19-768x286.jpg 768w\" data-sizes=\"(max-width: 1148px) 100vw, 1148px\" src=\"data:image\/svg+xml;base64,PHN2ZyB3aWR0aD0iMSIgaGVpZ2h0PSIxIiB4bWxucz0iaHR0cDovL3d3dy53My5vcmcvMjAwMC9zdmciPjwvc3ZnPg==\" style=\"--smush-placeholder-width: 1148px; --smush-placeholder-aspect-ratio: 1148\/428;\" \/><\/p>\n<\/div>\n\t\t\t\t\t\t\t\t\t<div class=\"elementor-tab-title elementor-tab-mobile-title\" aria-selected=\"false\" data-tab=\"2\" role=\"tab\" tabindex=\"-1\" aria-controls=\"elementor-tab-content-1502\" aria-expanded=\"false\">Profils disponibles<\/div>\n\t\t\t\t\t<div id=\"elementor-tab-content-1502\" class=\"elementor-tab-content elementor-clearfix\" data-tab=\"2\" role=\"tabpanel\" aria-labelledby=\"elementor-tab-title-1502\" tabindex=\"0\" hidden=\"hidden\"><p><img decoding=\"async\" class=\"aligncenter wp-image-36965 size-full lazyload\" data-src=\"https:\/\/panelsandwich.org\/wp-content\/uploads\/2023\/11\/c.jpg\" alt=\"filename\" width=\"931\" height=\"765\" title=\"% %count(title)\" data-srcset=\"https:\/\/panelsandwich.org\/wp-content\/uploads\/2023\/11\/c.jpg 931w, https:\/\/panelsandwich.org\/wp-content\/uploads\/2023\/11\/c-300x247.jpg 300w, https:\/\/panelsandwich.org\/wp-content\/uploads\/2023\/11\/c-768x631.jpg 768w\" data-sizes=\"(max-width: 931px) 100vw, 931px\" src=\"data:image\/svg+xml;base64,PHN2ZyB3aWR0aD0iMSIgaGVpZ2h0PSIxIiB4bWxucz0iaHR0cDovL3d3dy53My5vcmcvMjAwMC9zdmciPjwvc3ZnPg==\" style=\"--smush-placeholder-width: 931px; --smush-placeholder-aspect-ratio: 931\/765;\" \/><\/p>\n<\/div>\n\t\t\t\t\t\t\t\t\t<div class=\"elementor-tab-title elementor-tab-mobile-title\" aria-selected=\"false\" data-tab=\"3\" role=\"tab\" tabindex=\"-1\" aria-controls=\"elementor-tab-content-1503\" aria-expanded=\"false\">Couleurs disponibles<\/div>\n\t\t\t\t\t<div id=\"elementor-tab-content-1503\" class=\"elementor-tab-content elementor-clearfix\" data-tab=\"3\" role=\"tabpanel\" aria-labelledby=\"elementor-tab-title-1503\" tabindex=\"0\" hidden=\"hidden\"><p><img decoding=\"async\" class=\"aligncenter wp-image-36969 size-full lazyload\" data-src=\"https:\/\/panelsandwich.org\/wp-content\/uploads\/2023\/11\/Captura-17.jpg\" alt=\"filename\" width=\"654\" height=\"393\" title=\"% %count(title)\" data-srcset=\"https:\/\/panelsandwich.org\/wp-content\/uploads\/2023\/11\/Captura-17.jpg 654w, https:\/\/panelsandwich.org\/wp-content\/uploads\/2023\/11\/Captura-17-300x180.jpg 300w\" data-sizes=\"(max-width: 654px) 100vw, 654px\" src=\"data:image\/svg+xml;base64,PHN2ZyB3aWR0aD0iMSIgaGVpZ2h0PSIxIiB4bWxucz0iaHR0cDovL3d3dy53My5vcmcvMjAwMC9zdmciPjwvc3ZnPg==\" style=\"--smush-placeholder-width: 654px; --smush-placeholder-aspect-ratio: 654\/393;\" \/><\/p>\n<\/div>\n\t\t\t\t\t\t\t\t\t<div class=\"elementor-tab-title elementor-tab-mobile-title\" aria-selected=\"false\" data-tab=\"4\" role=\"tab\" tabindex=\"-1\" aria-controls=\"elementor-tab-content-1504\" aria-expanded=\"false\">Fiches techniques \/ T\u00e9l\u00e9chargements<\/div>\n\t\t\t\t\t<div id=\"elementor-tab-content-1504\" class=\"elementor-tab-content elementor-clearfix\" data-tab=\"4\" role=\"tabpanel\" aria-labelledby=\"elementor-tab-title-1504\" tabindex=\"0\" hidden=\"hidden\"><ul>\n<li><em><span style=\"text-decoration: underline;\"><strong>T\u00c9L\u00c9CHARGER LA FICHE TECHNIQUE<\/strong><\/span><\/em><\/li>\n<\/ul>\n<\/div>\n\t\t\t\t\t\t\t<\/div>\n\t\t<\/div>\n\t\t\t\t\t\t<\/div>\n\t\t\t\t<\/div>\n\t\t\t\t\t<\/div>\n\t\t<\/div>\n\t\t\t\t\t<\/div>\n\t\t<\/section>\n\t\t\t\t<\/div>\n\t\t","protected":false},"excerpt":{"rendered":"<p>PRC- Panneau sandwich Toiture en laine de roche. A l&rsquo;\u00e9preuve du feu<\/p>\n<p>Les panneaux sandwichs .ORG sont constitu\u00e9s de deux t\u00f4les d&rsquo;acier coll\u00e9es par un adh\u00e9sif organique au noyau de laine de roche.<\/p>\n<p style=\"text-align: center;\"><strong><span style=\"font-size: medium;\"><a class=\"w-100 btn btn-danger btn-lg\" href=\"https:\/\/panelsandwich.org\/contactenos\">DEMANDE DE PRIX ET D&rsquo;INFORMATIONS TECHNIQUES  <i class=\"caret-right\"><\/i><\/a><\/span><\/strong><\/p>\n","protected":false},"featured_media":49034,"comment_status":"open","ping_status":"closed","template":"","meta":[],"product_brand":[],"product_cat":[3495],"product_tag":[3351,3338,3460,3334,3459,3458],"class_list":{"0":"post-48859","1":"product","2":"type-product","3":"status-publish","4":"has-post-thumbnail","6":"product_cat-panneau-sandwich-en-laine-de-roche","7":"product_tag-agropanel-fr","8":"product_tag-panneau-de-carrelage","9":"product_tag-panneau-de-carrelage-vieilli","10":"product_tag-panneau-sandwich","11":"product_tag-panneau-sandwich-de-facade","12":"product_tag-toiture-en-panneaux-sandwich","13":"pa_colorexterior-blanc-des-pyrenees-ral-9010","14":"pa_colorexterior-bleu-gentiane-ral-5010","15":"pa_colorexterior-bleu-lac-ral-5019","16":"pa_colorexterior-creme-bidassoa-ral-1015","17":"pa_colorexterior-gris-ardoise-ral-7024","18":"pa_colorexterior-gris-basalte-ral-7012","19":"pa_colorexterior-gris-metallise-ral-9006","20":"pa_colorexterior-gris-ombre-ral-7022","21":"pa_colorexterior-rouge-ral-3009","22":"pa_colorexterior-vert-navarra-ral-6005","23":"pa_colorinterior-blanc-des-pyrenees-ral-9010","24":"pa_espesorespuma-100-mm-fr","25":"pa_espesorespuma-120-mm-fr","26":"pa_espesorespuma-50-mm-fr","27":"pa_espesorespuma-75-mm-fr","28":"pa_tipoaislamiento-laine-de-roche-100-mm-a2-s1-d0-rei-180","29":"pa_tipoaislamiento-laine-de-roche-120-mm-a2-s1-d0-ei-180","30":"pa_tipoaislamiento-rockwool-50-mm-a2-s1-d0-rei-30-fr","31":"pa_tipoaislamiento-rockwool-75-mm-a2-s1-d0-rei-120-fr","33":"first","34":"outofstock","35":"taxable","36":"shipping-taxable","37":"purchasable","38":"product-type-variable","39":"has-default-attributes"},"_links":{"self":[{"href":"https:\/\/panelsandwich.org\/fr\/wp-json\/wp\/v2\/product\/48859","targetHints":{"allow":["GET"]}}],"collection":[{"href":"https:\/\/panelsandwich.org\/fr\/wp-json\/wp\/v2\/product"}],"about":[{"href":"https:\/\/panelsandwich.org\/fr\/wp-json\/wp\/v2\/types\/product"}],"replies":[{"embeddable":true,"href":"https:\/\/panelsandwich.org\/fr\/wp-json\/wp\/v2\/comments?post=48859"}],"version-history":[{"count":0,"href":"https:\/\/panelsandwich.org\/fr\/wp-json\/wp\/v2\/product\/48859\/revisions"}],"wp:featuredmedia":[{"embeddable":true,"href":"https:\/\/panelsandwich.org\/fr\/wp-json\/wp\/v2\/media\/49034"}],"wp:attachment":[{"href":"https:\/\/panelsandwich.org\/fr\/wp-json\/wp\/v2\/media?parent=48859"}],"wp:term":[{"taxonomy":"product_brand","embeddable":true,"href":"https:\/\/panelsandwich.org\/fr\/wp-json\/wp\/v2\/product_brand?post=48859"},{"taxonomy":"product_cat","embeddable":true,"href":"https:\/\/panelsandwich.org\/fr\/wp-json\/wp\/v2\/product_cat?post=48859"},{"taxonomy":"product_tag","embeddable":true,"href":"https:\/\/panelsandwich.org\/fr\/wp-json\/wp\/v2\/product_tag?post=48859"}],"curies":[{"name":"wp","href":"https:\/\/api.w.org\/{rel}","templated":true}]}}