{"id":49668,"date":"2023-09-28T23:16:10","date_gmt":"2023-09-28T21:16:10","guid":{"rendered":"https:\/\/panelsandwich.org\/panneau-sandwich-acoustique-en-laine-de-roche-facade-ei-30-60-120-180\/"},"modified":"2025-11-21T08:23:35","modified_gmt":"2025-11-21T07:23:35","slug":"panneau-sandwich-acoustique-en-laine-de-roche-facade-ei-30-60-120-180","status":"publish","type":"product","link":"https:\/\/panelsandwich.org\/fr\/panneau-sandwich-acoustique-en-laine-de-roche-facade-ei-30-60-120-180\/","title":{"rendered":"Panneau sandwich acoustique en laine de roche &#8211; Fa\u00e7ade &#8211; EI 30\/60\/120\/180"},"content":{"rendered":"\t\t<div data-elementor-type=\"product-post\" data-elementor-id=\"49668\" class=\"elementor elementor-49668 elementor-31586\" data-elementor-post-type=\"product\">\n\t\t\t\t\t\t<section class=\"elementor-section elementor-top-section elementor-element elementor-element-69798b70 elementor-section-boxed elementor-section-height-default elementor-section-height-default\" data-id=\"69798b70\" data-element_type=\"section\" data-e-type=\"section\" data-settings=\"{&quot;jet_parallax_layout_list&quot;:[]}\">\n\t\t\t\t\t\t<div class=\"elementor-container elementor-column-gap-default\">\n\t\t\t\t\t<div class=\"elementor-column elementor-col-100 elementor-top-column elementor-element elementor-element-39abd3e4\" data-id=\"39abd3e4\" data-element_type=\"column\" data-e-type=\"column\">\n\t\t\t<div class=\"elementor-widget-wrap elementor-element-populated\">\n\t\t\t\t\t\t<div class=\"elementor-element elementor-element-6e22b6f1 elementor-widget elementor-widget-heading\" data-id=\"6e22b6f1\" data-element_type=\"widget\" data-e-type=\"widget\" data-widget_type=\"heading.default\">\n\t\t\t\t<div class=\"elementor-widget-container\">\n\t\t\t\t\t<h2 class=\"elementor-heading-title elementor-size-default\"><h2>Panneau sandwich acoustique en laine de roche - Fa\u00e7ade\n\n\n\n<\/h2><\/h2>\t\t\t\t<\/div>\n\t\t\t\t<\/div>\n\t\t\t\t<div class=\"elementor-element elementor-element-2de85c50 elementor-widget elementor-widget-text-editor\" data-id=\"2de85c50\" data-element_type=\"widget\" data-e-type=\"widget\" data-widget_type=\"text-editor.default\">\n\t\t\t\t<div class=\"elementor-widget-container\">\n\t\t\t\t\t\t\t\t\t<p>Panneau m\u00e9tallique autoportant isol\u00e9 avec de la laine de roche pour les toitures et les fa\u00e7ades n\u00e9cessitant une r\u00e9sistance au feu et une insonorisation \u00e9lev\u00e9es.<\/p><p>Le panneau, fabriqu\u00e9 selon un syst\u00e8me de production brevet\u00e9, est compos\u00e9 d&rsquo;une t\u00f4le d&rsquo;acier ondul\u00e9e ext\u00e9rieure et d&rsquo;une t\u00f4le int\u00e9rieure micro nervur\u00e9e dans laquelle est intercal\u00e9e une couche isolante de laine de roche. La laine de roche, dont les fibres orient\u00e9es sont dispos\u00e9es orthogonalement au plan des plaques, est pos\u00e9e en lamelles avec une alternance de joints longitudinaux et transversaux compact\u00e9s qui rendent le panneau parfaitement monolithique. La fourrure ext\u00e9rieure est remplie de lattes per\ufb01l\u00e9es remplies de laine de roche.<\/p>\t\t\t\t\t\t\t\t<\/div>\n\t\t\t\t<\/div>\n\t\t\t\t<div class=\"elementor-element elementor-element-290ae279 elementor-tabs-view-horizontal elementor-widget elementor-widget-tabs\" data-id=\"290ae279\" data-element_type=\"widget\" data-e-type=\"widget\" data-widget_type=\"tabs.default\">\n\t\t\t\t<div class=\"elementor-widget-container\">\n\t\t\t\t\t\t\t<div class=\"elementor-tabs\">\n\t\t\t<div class=\"elementor-tabs-wrapper\" role=\"tablist\" >\n\t\t\t\t\t\t\t\t\t<div id=\"elementor-tab-title-6881\" class=\"elementor-tab-title elementor-tab-desktop-title\" aria-selected=\"true\" data-tab=\"1\" role=\"tab\" tabindex=\"0\" aria-controls=\"elementor-tab-content-6881\" aria-expanded=\"false\">Description\/ Application<\/div>\n\t\t\t\t\t\t\t\t\t<div id=\"elementor-tab-title-6882\" class=\"elementor-tab-title elementor-tab-desktop-title\" aria-selected=\"false\" data-tab=\"2\" role=\"tab\" tabindex=\"-1\" aria-controls=\"elementor-tab-content-6882\" aria-expanded=\"false\">Profils disponibles<\/div>\n\t\t\t\t\t\t\t\t\t<div id=\"elementor-tab-title-6883\" class=\"elementor-tab-title elementor-tab-desktop-title\" aria-selected=\"false\" data-tab=\"3\" role=\"tab\" tabindex=\"-1\" aria-controls=\"elementor-tab-content-6883\" aria-expanded=\"false\">Couleurs disponibles<\/div>\n\t\t\t\t\t\t\t\t\t<div id=\"elementor-tab-title-6884\" class=\"elementor-tab-title elementor-tab-desktop-title\" aria-selected=\"false\" data-tab=\"4\" role=\"tab\" tabindex=\"-1\" aria-controls=\"elementor-tab-content-6884\" aria-expanded=\"false\">Fiches techniques \/ T\u00e9l\u00e9chargements<\/div>\n\t\t\t\t\t\t\t<\/div>\n\t\t\t<div class=\"elementor-tabs-content-wrapper\" role=\"tablist\" aria-orientation=\"vertical\">\n\t\t\t\t\t\t\t\t\t<div class=\"elementor-tab-title elementor-tab-mobile-title\" aria-selected=\"true\" data-tab=\"1\" role=\"tab\" tabindex=\"0\" aria-controls=\"elementor-tab-content-6881\" aria-expanded=\"false\">Description\/ Application<\/div>\n\t\t\t\t\t<div id=\"elementor-tab-content-6881\" class=\"elementor-tab-content elementor-clearfix\" data-tab=\"1\" role=\"tabpanel\" aria-labelledby=\"elementor-tab-title-6881\" tabindex=\"0\" hidden=\"false\"><h3>Description<\/h3>\n<p>Panneau m\u00e9tallique autoportant isol\u00e9 avec de la laine de roche pour les toitures et les fa\u00e7ades n\u00e9cessitant une r\u00e9sistance au feu et une insonorisation \u00e9lev\u00e9es.<\/p>\n<p>Le panneau, fabriqu\u00e9 selon un syst\u00e8me de production brevet\u00e9, est compos\u00e9 d&rsquo;une t\u00f4le d&rsquo;acier ondul\u00e9e ext\u00e9rieure et d&rsquo;une t\u00f4le int\u00e9rieure micro nervur\u00e9e dans laquelle est intercal\u00e9e une couche isolante de laine de roche. La laine de roche, dont les fibres orient\u00e9es sont dispos\u00e9es orthogonalement au plan des plaques, est pos\u00e9e en lamelles avec une alternance de joints longitudinaux et transversaux compact\u00e9s qui rendent le panneau parfaitement monolithique. La fourrure ext\u00e9rieure est remplie de lattes per\ufb01l\u00e9es remplies de laine de roche.<\/p>\n<h3>Applications<\/h3>\n<p>Les panneaux sont con\u00e7us pour la construction d&rsquo;enceintes dans de grandes zones industrielles ou de b\u00e2timents civils. Il peut \u00eatre utilis\u00e9 indistinctement pour la construction des toits des types de b\u00e2timents suivants :<\/p>\n<ul>\n<li>Locaux chauff\u00e9s.<\/li>\n<li>Blindage acoustique int\u00e9rieur dans les installations industrielles.<\/li>\n<li>Locaux de fabrication.<\/li>\n<li>Locaux o\u00f9 la r\u00e9sistance au feu est une exigence importante.<\/li>\n<li>Enceintes incombustibles : DPC, garages, entrep\u00f4ts pour substances dangereuses, etc.<\/li>\n<li>B\u00e2timents o\u00f9 l&rsquo;activit\u00e9 est changeante ou destin\u00e9e \u00e0 la location<\/li>\n<\/ul>\n<h3> <\/h3>\n<h3>Avantages<\/h3>\n<p>Les avantages d&rsquo;un panneau pr\u00e9fabriqu\u00e9 sont la facilit\u00e9 et la rapidit\u00e9 de montage, l&rsquo;homog\u00e9n\u00e9it\u00e9 et la qualit\u00e9 des finitions, ainsi que les certifications.<\/p>\n<p>Gr\u00e2ce aux propri\u00e9t\u00e9s de la laine de roche, le panneau sandwich FTB combine plusieurs avantages en un seul mat\u00e9riau, dont les suivants :<\/p>\n<ul>\n<li>Isolation thermique ;<\/li>\n<li>Isolation acoustique ;<\/li>\n<li>S\u00e9curit\u00e9 incendie.<\/li>\n<\/ul>\n<h3>Mesures<\/h3>\n<p><img fetchpriority=\"high\" decoding=\"async\" class=\"aligncenter wp-image-36962 size-full\" src=\"https:\/\/panelsandwich.org\/wp-content\/uploads\/2023\/11\/Captura-14.jpg\" alt=\"filename\" width=\"1511\" height=\"369\" title=\"% %count(title)\" srcset=\"https:\/\/panelsandwich.org\/wp-content\/uploads\/2023\/11\/Captura-14.jpg 1511w, https:\/\/panelsandwich.org\/wp-content\/uploads\/2023\/11\/Captura-14-300x73.jpg 300w, https:\/\/panelsandwich.org\/wp-content\/uploads\/2023\/11\/Captura-14-1024x250.jpg 1024w, https:\/\/panelsandwich.org\/wp-content\/uploads\/2023\/11\/Captura-14-768x188.jpg 768w\" sizes=\"(max-width: 1511px) 100vw, 1511px\" \/><\/p>\n<p><img decoding=\"async\" class=\"aligncenter wp-image-36984 size-full lazyload\" data-src=\"https:\/\/panelsandwich.org\/wp-content\/uploads\/2023\/11\/Captura-18.jpg\" alt=\"filename\" width=\"1620\" height=\"488\" title=\"% %count(title)\" data-srcset=\"https:\/\/panelsandwich.org\/wp-content\/uploads\/2023\/11\/Captura-18.jpg 1620w, https:\/\/panelsandwich.org\/wp-content\/uploads\/2023\/11\/Captura-18-300x90.jpg 300w, https:\/\/panelsandwich.org\/wp-content\/uploads\/2023\/11\/Captura-18-1024x308.jpg 1024w, https:\/\/panelsandwich.org\/wp-content\/uploads\/2023\/11\/Captura-18-768x231.jpg 768w, https:\/\/panelsandwich.org\/wp-content\/uploads\/2023\/11\/Captura-18-1536x463.jpg 1536w\" data-sizes=\"(max-width: 1620px) 100vw, 1620px\" src=\"data:image\/svg+xml;base64,PHN2ZyB3aWR0aD0iMSIgaGVpZ2h0PSIxIiB4bWxucz0iaHR0cDovL3d3dy53My5vcmcvMjAwMC9zdmciPjwvc3ZnPg==\" style=\"--smush-placeholder-width: 1620px; --smush-placeholder-aspect-ratio: 1620\/488;\" \/><\/p>\n<h3><img decoding=\"async\" class=\"wp-image-36964 size-full aligncenter lazyload\" data-src=\"https:\/\/panelsandwich.org\/wp-content\/uploads\/2023\/11\/Captura-16.jpg\" alt=\"filename\" width=\"932\" height=\"320\" title=\"% %count(title)\" data-srcset=\"https:\/\/panelsandwich.org\/wp-content\/uploads\/2023\/11\/Captura-16.jpg 932w, https:\/\/panelsandwich.org\/wp-content\/uploads\/2023\/11\/Captura-16-300x103.jpg 300w, https:\/\/panelsandwich.org\/wp-content\/uploads\/2023\/11\/Captura-16-768x264.jpg 768w\" data-sizes=\"(max-width: 932px) 100vw, 932px\" src=\"data:image\/svg+xml;base64,PHN2ZyB3aWR0aD0iMSIgaGVpZ2h0PSIxIiB4bWxucz0iaHR0cDovL3d3dy53My5vcmcvMjAwMC9zdmciPjwvc3ZnPg==\" style=\"--smush-placeholder-width: 932px; --smush-placeholder-aspect-ratio: 932\/320;\" \/><\/h3>\n<p><img decoding=\"async\" class=\"alignnone wp-image-36985 size-full lazyload\" data-src=\"https:\/\/panelsandwich.org\/wp-content\/uploads\/2023\/11\/Captura-19.jpg\" alt=\"filename\" width=\"1148\" height=\"428\" title=\"% %count(title)\" data-srcset=\"https:\/\/panelsandwich.org\/wp-content\/uploads\/2023\/11\/Captura-19.jpg 1148w, https:\/\/panelsandwich.org\/wp-content\/uploads\/2023\/11\/Captura-19-300x112.jpg 300w, https:\/\/panelsandwich.org\/wp-content\/uploads\/2023\/11\/Captura-19-1024x382.jpg 1024w, https:\/\/panelsandwich.org\/wp-content\/uploads\/2023\/11\/Captura-19-768x286.jpg 768w\" data-sizes=\"(max-width: 1148px) 100vw, 1148px\" src=\"data:image\/svg+xml;base64,PHN2ZyB3aWR0aD0iMSIgaGVpZ2h0PSIxIiB4bWxucz0iaHR0cDovL3d3dy53My5vcmcvMjAwMC9zdmciPjwvc3ZnPg==\" style=\"--smush-placeholder-width: 1148px; --smush-placeholder-aspect-ratio: 1148\/428;\" \/><\/p>\n<\/div>\n\t\t\t\t\t\t\t\t\t<div class=\"elementor-tab-title elementor-tab-mobile-title\" aria-selected=\"false\" data-tab=\"2\" role=\"tab\" tabindex=\"-1\" aria-controls=\"elementor-tab-content-6882\" aria-expanded=\"false\">Profils disponibles<\/div>\n\t\t\t\t\t<div id=\"elementor-tab-content-6882\" class=\"elementor-tab-content elementor-clearfix\" data-tab=\"2\" role=\"tabpanel\" aria-labelledby=\"elementor-tab-title-6882\" tabindex=\"0\" hidden=\"hidden\"><p><img decoding=\"async\" class=\"aligncenter wp-image-36965 size-full lazyload\" data-src=\"https:\/\/panelsandwich.org\/wp-content\/uploads\/2023\/11\/c.jpg\" alt=\"filename\" width=\"931\" height=\"765\" title=\"% %count(title)\" data-srcset=\"https:\/\/panelsandwich.org\/wp-content\/uploads\/2023\/11\/c.jpg 931w, https:\/\/panelsandwich.org\/wp-content\/uploads\/2023\/11\/c-300x247.jpg 300w, https:\/\/panelsandwich.org\/wp-content\/uploads\/2023\/11\/c-768x631.jpg 768w\" data-sizes=\"(max-width: 931px) 100vw, 931px\" src=\"data:image\/svg+xml;base64,PHN2ZyB3aWR0aD0iMSIgaGVpZ2h0PSIxIiB4bWxucz0iaHR0cDovL3d3dy53My5vcmcvMjAwMC9zdmciPjwvc3ZnPg==\" style=\"--smush-placeholder-width: 931px; --smush-placeholder-aspect-ratio: 931\/765;\" \/><\/p>\n<\/div>\n\t\t\t\t\t\t\t\t\t<div class=\"elementor-tab-title elementor-tab-mobile-title\" aria-selected=\"false\" data-tab=\"3\" role=\"tab\" tabindex=\"-1\" aria-controls=\"elementor-tab-content-6883\" aria-expanded=\"false\">Couleurs disponibles<\/div>\n\t\t\t\t\t<div id=\"elementor-tab-content-6883\" class=\"elementor-tab-content elementor-clearfix\" data-tab=\"3\" role=\"tabpanel\" aria-labelledby=\"elementor-tab-title-6883\" tabindex=\"0\" hidden=\"hidden\"><p><img decoding=\"async\" class=\"aligncenter wp-image-36969 size-full lazyload\" data-src=\"https:\/\/panelsandwich.org\/wp-content\/uploads\/2023\/11\/Captura-17.jpg\" alt=\"filename\" width=\"654\" height=\"393\" title=\"% %count(title)\" data-srcset=\"https:\/\/panelsandwich.org\/wp-content\/uploads\/2023\/11\/Captura-17.jpg 654w, https:\/\/panelsandwich.org\/wp-content\/uploads\/2023\/11\/Captura-17-300x180.jpg 300w\" data-sizes=\"(max-width: 654px) 100vw, 654px\" src=\"data:image\/svg+xml;base64,PHN2ZyB3aWR0aD0iMSIgaGVpZ2h0PSIxIiB4bWxucz0iaHR0cDovL3d3dy53My5vcmcvMjAwMC9zdmciPjwvc3ZnPg==\" style=\"--smush-placeholder-width: 654px; --smush-placeholder-aspect-ratio: 654\/393;\" \/><\/p>\n<\/div>\n\t\t\t\t\t\t\t\t\t<div class=\"elementor-tab-title elementor-tab-mobile-title\" aria-selected=\"false\" data-tab=\"4\" role=\"tab\" tabindex=\"-1\" aria-controls=\"elementor-tab-content-6884\" aria-expanded=\"false\">Fiches techniques \/ T\u00e9l\u00e9chargements<\/div>\n\t\t\t\t\t<div id=\"elementor-tab-content-6884\" class=\"elementor-tab-content elementor-clearfix\" data-tab=\"4\" role=\"tabpanel\" aria-labelledby=\"elementor-tab-title-6884\" tabindex=\"0\" hidden=\"hidden\"><p><a href=\"https:\/\/panelsandwich.org\/wp-content\/uploads\/2023\/11\/FACHADA_OCULTA.pdf\" target=\"_blank\" rel=\"noopener\"><button style=\"background-color: #ffa300; border-color: black; color: white;\" spellcheck=\"false\" data-lt-tmp-id=\"lt-827558\" data-gramm=\"false\">T\u00e9l\u00e9charger la fiche technique<\/button><\/a><\/p>\n<\/div>\n\t\t\t\t\t\t\t<\/div>\n\t\t<\/div>\n\t\t\t\t\t\t<\/div>\n\t\t\t\t<\/div>\n\t\t\t\t\t<\/div>\n\t\t<\/div>\n\t\t\t\t\t<\/div>\n\t\t<\/section>\n\t\t\t\t<\/div>\n\t\t","protected":false},"excerpt":{"rendered":"<p>PRFA- Panneau sandwich de fa\u00e7ade en laine de roche. Acoustique<\/p>\n<p style=\"text-align: center;\"><strong><span style=\"font-size: medium;\"><a class=\"w-100 btn btn-danger btn-lg\" href=\"https:\/\/panelsandwich.org\/contactenos\">DEMANDE DE PRIX ET D&rsquo;INFORMATIONS TECHNIQUES  <i class=\"caret-right\"><\/i><\/a><\/span><\/strong><\/p>\n","protected":false},"featured_media":49797,"comment_status":"closed","ping_status":"closed","template":"","meta":[],"product_brand":[],"product_cat":[3495],"product_tag":[3351,3338,3460,3334,3459,3458],"class_list":{"0":"post-49668","1":"product","2":"type-product","3":"status-publish","4":"has-post-thumbnail","6":"product_cat-panneau-sandwich-en-laine-de-roche","7":"product_tag-agropanel-fr","8":"product_tag-panneau-de-carrelage","9":"product_tag-panneau-de-carrelage-vieilli","10":"product_tag-panneau-sandwich","11":"product_tag-panneau-sandwich-de-facade","12":"product_tag-toiture-en-panneaux-sandwich","13":"pa_colorexterior-blanc-des-pyrenees-ral-9010","14":"pa_colorexterior-bleu-gentiane-ral-5010","15":"pa_colorexterior-creme-bidassoa-ral-1015","16":"pa_colorexterior-gris-ardoise-ral-7024","17":"pa_colorexterior-gris-basalte-ral-7012","18":"pa_colorexterior-gris-metallise-ral-9006","19":"pa_colorexterior-gris-ombre-ral-7022","20":"pa_colorexterior-rouge-ral-3009","21":"pa_colorexterior-vert-navarra-ral-6005","22":"pa_colorinterior-blanc-des-pyrenees-ral-9010","23":"pa_espesorespuma-100-mm-fr","24":"pa_espesorespuma-120-mm-fr","25":"pa_espesorespuma-50-mm-fr","26":"pa_espesorespuma-75-mm-fr","27":"pa_tipoaislamiento-laine-de-roche-100-mm-a2-s1-d0-ei-120","28":"pa_tipoaislamiento-laine-de-roche-120-mm-a2-s1-d0-ei-180","29":"pa_tipoaislamiento-laine-de-roche-50-mm-a2-s1-d0-ei-30","30":"pa_tipoaislamiento-laine-de-roche-75-mm-a2-s1-d0-ei-60","32":"first","33":"instock","34":"taxable","35":"shipping-taxable","36":"product-type-variable","37":"has-default-attributes"},"_links":{"self":[{"href":"https:\/\/panelsandwich.org\/fr\/wp-json\/wp\/v2\/product\/49668","targetHints":{"allow":["GET"]}}],"collection":[{"href":"https:\/\/panelsandwich.org\/fr\/wp-json\/wp\/v2\/product"}],"about":[{"href":"https:\/\/panelsandwich.org\/fr\/wp-json\/wp\/v2\/types\/product"}],"replies":[{"embeddable":true,"href":"https:\/\/panelsandwich.org\/fr\/wp-json\/wp\/v2\/comments?post=49668"}],"version-history":[{"count":0,"href":"https:\/\/panelsandwich.org\/fr\/wp-json\/wp\/v2\/product\/49668\/revisions"}],"wp:featuredmedia":[{"embeddable":true,"href":"https:\/\/panelsandwich.org\/fr\/wp-json\/wp\/v2\/media\/49797"}],"wp:attachment":[{"href":"https:\/\/panelsandwich.org\/fr\/wp-json\/wp\/v2\/media?parent=49668"}],"wp:term":[{"taxonomy":"product_brand","embeddable":true,"href":"https:\/\/panelsandwich.org\/fr\/wp-json\/wp\/v2\/product_brand?post=49668"},{"taxonomy":"product_cat","embeddable":true,"href":"https:\/\/panelsandwich.org\/fr\/wp-json\/wp\/v2\/product_cat?post=49668"},{"taxonomy":"product_tag","embeddable":true,"href":"https:\/\/panelsandwich.org\/fr\/wp-json\/wp\/v2\/product_tag?post=49668"}],"curies":[{"name":"wp","href":"https:\/\/api.w.org\/{rel}","templated":true}]}}