{"id":50267,"date":"2023-09-28T23:16:04","date_gmt":"2023-09-28T21:16:04","guid":{"rendered":"https:\/\/panelsandwich.org\/rt1014-imitation-carrelage-garniture-arriere-estampillee\/"},"modified":"2023-09-28T23:16:04","modified_gmt":"2023-09-28T21:16:04","slug":"rt1014-imitation-carrelage-garniture-arriere-estampillee","status":"publish","type":"product","link":"https:\/\/panelsandwich.org\/fr\/rt1014-imitation-carrelage-garniture-arriere-estampillee\/","title":{"rendered":"RT1014 &#8211; Imitation carrelage &#8211; Garniture arri\u00e8re estampill\u00e9e"},"content":{"rendered":"<p>Garniture pour le joint de la prise murale couleur Ral 8004<\/p>\n","protected":false},"excerpt":{"rendered":"<p>Garniture arri\u00e8re d\u00e9coup\u00e9e \u00e0 l&#8217;emporte-pi\u00e8ce Ral 8004 colour<\/p>\n","protected":false},"featured_media":31971,"comment_status":"open","ping_status":"closed","template":"","meta":[],"product_brand":[],"product_cat":[3560,3563],"product_tag":[3571,3577,3574,3565,3566],"class_list":{"0":"post-50267","1":"product","2":"type-product","3":"status-publish","4":"has-post-thumbnail","6":"product_cat-garniture-panneau-sandwich","7":"product_cat-garniture-finitions-panneau-sandwich-carreaux-ral-8004","8":"product_tag-finitions-speciales-fr","9":"product_tag-garnitures-de-toiture-fr","10":"product_tag-garnitures-metalliques-2","11":"product_tag-tuile-de-couverture","12":"product_tag-vente-aux-encheres-sur-mesure","13":"pa_colorexterior-carrelage-ral-3009","14":"pa_espesordelachapa-06-mm-acier-galvanise-s250gd","15":"pa_medidas-metres-lineaires-ml","16":"pa_situacion-stock-de-lentrepot","18":"first","19":"outofstock","20":"taxable","21":"shipping-taxable","22":"purchasable","23":"product-type-variable","24":"has-default-attributes"},"_links":{"self":[{"href":"https:\/\/panelsandwich.org\/fr\/wp-json\/wp\/v2\/product\/50267","targetHints":{"allow":["GET"]}}],"collection":[{"href":"https:\/\/panelsandwich.org\/fr\/wp-json\/wp\/v2\/product"}],"about":[{"href":"https:\/\/panelsandwich.org\/fr\/wp-json\/wp\/v2\/types\/product"}],"replies":[{"embeddable":true,"href":"https:\/\/panelsandwich.org\/fr\/wp-json\/wp\/v2\/comments?post=50267"}],"version-history":[{"count":0,"href":"https:\/\/panelsandwich.org\/fr\/wp-json\/wp\/v2\/product\/50267\/revisions"}],"wp:featuredmedia":[{"embeddable":true,"href":"https:\/\/panelsandwich.org\/fr\/wp-json\/wp\/v2\/media\/31971"}],"wp:attachment":[{"href":"https:\/\/panelsandwich.org\/fr\/wp-json\/wp\/v2\/media?parent=50267"}],"wp:term":[{"taxonomy":"product_brand","embeddable":true,"href":"https:\/\/panelsandwich.org\/fr\/wp-json\/wp\/v2\/product_brand?post=50267"},{"taxonomy":"product_cat","embeddable":true,"href":"https:\/\/panelsandwich.org\/fr\/wp-json\/wp\/v2\/product_cat?post=50267"},{"taxonomy":"product_tag","embeddable":true,"href":"https:\/\/panelsandwich.org\/fr\/wp-json\/wp\/v2\/product_tag?post=50267"}],"curies":[{"name":"wp","href":"https:\/\/api.w.org\/{rel}","templated":true}]}}