{"id":50317,"date":"2023-09-28T23:15:59","date_gmt":"2023-09-28T21:15:59","guid":{"rendered":"https:\/\/panelsandwich.org\/2014-embout-arriere-decoupe\/"},"modified":"2023-09-28T23:15:59","modified_gmt":"2023-09-28T21:15:59","slug":"2014-embout-arriere-decoupe","status":"publish","type":"product","link":"https:\/\/panelsandwich.org\/fr\/2014-embout-arriere-decoupe\/","title":{"rendered":"2014 &#8211; Embout arri\u00e8re d\u00e9coup\u00e9"},"content":{"rendered":"<p style=\"text-align: center;\"><strong><span style=\"font-size: medium;\"><a class=\"w-100 btn btn-danger btn-lg\" href=\"https:\/\/panelsandwich.org\/contactenos\" target=\"  _blank=\" rel=\"noreferrer noopener\">DEMANDE DE PRIX ET D&rsquo;INFORMATIONS TECHNIQUES  <i class=\"caret-right\"><\/i><\/a><\/span><\/strong><\/p>\n","protected":false},"excerpt":{"rendered":"<p>2014-Remate Rear Die-cut<\/p>\n<p style=\"text-align: center;\"><strong><span style=\"font-size: medium;\"><a class=\"w-100 btn btn-danger btn-lg\" href=\"https:\/\/panelsandwich.org\/contactenos\" target=\"  _blank=\" rel=\"noreferrer noopener\">DEMANDE DE PRIX ET D&rsquo;INFORMATIONS TECHNIQUES  <i class=\"caret-right\"><\/i><\/a><\/span><\/strong><\/p>\n","protected":false},"featured_media":32048,"comment_status":"open","ping_status":"closed","template":"","meta":[],"product_brand":[],"product_cat":[3561],"product_tag":[3571,3577,3574,3565,3566],"class_list":{"0":"post-50317","1":"product","2":"type-product","3":"status-publish","4":"has-post-thumbnail","6":"product_cat-garniture-toiture-en-panneaux-sandwich","7":"product_tag-finitions-speciales-fr","8":"product_tag-garnitures-de-toiture-fr","9":"product_tag-garnitures-metalliques-2","10":"product_tag-tuile-de-couverture","11":"product_tag-vente-aux-encheres-sur-mesure","12":"pa_colorexterior-blanc-des-pyrenees-ral-9010","13":"pa_colorexterior-creme-bidassoa-ral-1015","14":"pa_colorexterior-gris-ardoise-ral-7024","15":"pa_colorexterior-gris-metallise-ral-9006","16":"pa_colorexterior-rouge-ral-3009","17":"pa_colorexterior-vert-navarra-ral-6005","18":"pa_espesordelachapa-06-mm-acier-galvanise-s250gd","19":"pa_medidas-metres-lineaires-ml","20":"pa_situacion-stock-de-lentrepot","21":"pa_situacion-sur-demande","23":"first","24":"outofstock","25":"taxable","26":"shipping-taxable","27":"purchasable","28":"product-type-variable","29":"has-default-attributes"},"_links":{"self":[{"href":"https:\/\/panelsandwich.org\/fr\/wp-json\/wp\/v2\/product\/50317","targetHints":{"allow":["GET"]}}],"collection":[{"href":"https:\/\/panelsandwich.org\/fr\/wp-json\/wp\/v2\/product"}],"about":[{"href":"https:\/\/panelsandwich.org\/fr\/wp-json\/wp\/v2\/types\/product"}],"replies":[{"embeddable":true,"href":"https:\/\/panelsandwich.org\/fr\/wp-json\/wp\/v2\/comments?post=50317"}],"version-history":[{"count":0,"href":"https:\/\/panelsandwich.org\/fr\/wp-json\/wp\/v2\/product\/50317\/revisions"}],"wp:featuredmedia":[{"embeddable":true,"href":"https:\/\/panelsandwich.org\/fr\/wp-json\/wp\/v2\/media\/32048"}],"wp:attachment":[{"href":"https:\/\/panelsandwich.org\/fr\/wp-json\/wp\/v2\/media?parent=50317"}],"wp:term":[{"taxonomy":"product_brand","embeddable":true,"href":"https:\/\/panelsandwich.org\/fr\/wp-json\/wp\/v2\/product_brand?post=50317"},{"taxonomy":"product_cat","embeddable":true,"href":"https:\/\/panelsandwich.org\/fr\/wp-json\/wp\/v2\/product_cat?post=50317"},{"taxonomy":"product_tag","embeddable":true,"href":"https:\/\/panelsandwich.org\/fr\/wp-json\/wp\/v2\/product_tag?post=50317"}],"curies":[{"name":"wp","href":"https:\/\/api.w.org\/{rel}","templated":true}]}}