{"id":50461,"date":"2023-09-28T23:15:59","date_gmt":"2023-09-28T21:15:59","guid":{"rendered":"https:\/\/panelsandwich.org\/2015-epi-de-faitage-decoupe-a-lemporte-piece\/"},"modified":"2023-09-28T23:15:59","modified_gmt":"2023-09-28T21:15:59","slug":"2015-epi-de-faitage-decoupe-a-lemporte-piece","status":"publish","type":"product","link":"https:\/\/panelsandwich.org\/fr\/2015-epi-de-faitage-decoupe-a-lemporte-piece\/","title":{"rendered":"2015 &#8211; \u00c9pi de fa\u00eetage d\u00e9coup\u00e9 \u00e0 l&#8217;emporte-pi\u00e8ce"},"content":{"rendered":"<p><img decoding=\"async\" class=\"size-full wp-image-32071 lazyload\" data-src=\"https:\/\/panelsandwich.org\/wp-content\/uploads\/2018\/04\/https__ofelizpainel.com_wp-content_uploads_2017_11_cumeeira-topcover-3-5-cap-desenho-1280x893.png\" width=\"100%\" alt=\"filename\" title=\"% %count(title)\" data-srcset=\"https:\/\/panelsandwich.org\/wp-content\/uploads\/2018\/04\/https__ofelizpainel.com_wp-content_uploads_2017_11_cumeeira-topcover-3-5-cap-desenho-1280x893.png 1280w, https:\/\/panelsandwich.org\/wp-content\/uploads\/2018\/04\/https__ofelizpainel.com_wp-content_uploads_2017_11_cumeeira-topcover-3-5-cap-desenho-1280x893-300x209.png 300w, https:\/\/panelsandwich.org\/wp-content\/uploads\/2018\/04\/https__ofelizpainel.com_wp-content_uploads_2017_11_cumeeira-topcover-3-5-cap-desenho-1280x893-1024x714.png 1024w, https:\/\/panelsandwich.org\/wp-content\/uploads\/2018\/04\/https__ofelizpainel.com_wp-content_uploads_2017_11_cumeeira-topcover-3-5-cap-desenho-1280x893-768x536.png 768w, https:\/\/panelsandwich.org\/wp-content\/uploads\/2018\/04\/https__ofelizpainel.com_wp-content_uploads_2017_11_cumeeira-topcover-3-5-cap-desenho-1280x893-600x419.png 600w\" data-sizes=\"(max-width: 1280px) 100vw, 1280px\" src=\"data:image\/svg+xml;base64,PHN2ZyB3aWR0aD0iMSIgaGVpZ2h0PSIxIiB4bWxucz0iaHR0cDovL3d3dy53My5vcmcvMjAwMC9zdmciPjwvc3ZnPg==\" style=\"--smush-placeholder-width: 1280px; --smush-placeholder-aspect-ratio: 1280\/893;\" \/><\/p>\n<p style=\"text-align: center;\"><strong><span style=\"font-size: medium;\"><a class=\"w-100 btn btn-danger btn-lg\" href=\"https:\/\/panelsandwich.org\/contactenos\" target=\"  _blank=\" rel=\"noreferrer noopener\">DEMANDE DE PRIX ET D&rsquo;INFORMATIONS TECHNIQUES  <i class=\"caret-right\"><\/i><\/a><\/span><\/strong><\/p>\n","protected":false},"excerpt":{"rendered":"<p>2015-Remate Stamped Ridge Coping (en anglais)<\/p>\n<p style=\"text-align: center;\"><strong><span style=\"font-size: medium;\"><a class=\"w-100 btn btn-danger btn-lg\" href=\"https:\/\/panelsandwich.org\/contactenos\" target=\"  _blank=\" rel=\"noreferrer noopener\">DEMANDE DE PRIX ET D&rsquo;INFORMATIONS TECHNIQUES  <i class=\"caret-right\"><\/i><\/a><\/span><\/strong><\/p>\n","protected":false},"featured_media":32063,"comment_status":"open","ping_status":"closed","template":"","meta":[],"product_brand":[],"product_cat":[3561],"product_tag":[3571,3577,3574,3565,3566],"class_list":{"0":"post-50461","1":"product","2":"type-product","3":"status-publish","4":"has-post-thumbnail","6":"product_cat-garniture-toiture-en-panneaux-sandwich","7":"product_tag-finitions-speciales-fr","8":"product_tag-garnitures-de-toiture-fr","9":"product_tag-garnitures-metalliques-2","10":"product_tag-tuile-de-couverture","11":"product_tag-vente-aux-encheres-sur-mesure","12":"pa_colorexterior-blanc-des-pyrenees-ral-9010","13":"pa_colorexterior-creme-bidassoa-ral-1015","14":"pa_colorexterior-gris-ardoise-ral-7024","15":"pa_colorexterior-gris-metallise-ral-9006","16":"pa_colorexterior-rouge-ral-3009","17":"pa_colorexterior-vert-navarra-ral-6005","18":"pa_espesordelachapa-06-mm-acier-galvanise-s250gd","19":"pa_medidas-metres-lineaires-ml","20":"pa_situacion-stock-de-lentrepot","21":"pa_situacion-sur-demande","23":"first","24":"outofstock","25":"taxable","26":"shipping-taxable","27":"purchasable","28":"product-type-variable","29":"has-default-attributes"},"_links":{"self":[{"href":"https:\/\/panelsandwich.org\/fr\/wp-json\/wp\/v2\/product\/50461","targetHints":{"allow":["GET"]}}],"collection":[{"href":"https:\/\/panelsandwich.org\/fr\/wp-json\/wp\/v2\/product"}],"about":[{"href":"https:\/\/panelsandwich.org\/fr\/wp-json\/wp\/v2\/types\/product"}],"replies":[{"embeddable":true,"href":"https:\/\/panelsandwich.org\/fr\/wp-json\/wp\/v2\/comments?post=50461"}],"version-history":[{"count":0,"href":"https:\/\/panelsandwich.org\/fr\/wp-json\/wp\/v2\/product\/50461\/revisions"}],"wp:featuredmedia":[{"embeddable":true,"href":"https:\/\/panelsandwich.org\/fr\/wp-json\/wp\/v2\/media\/32063"}],"wp:attachment":[{"href":"https:\/\/panelsandwich.org\/fr\/wp-json\/wp\/v2\/media?parent=50461"}],"wp:term":[{"taxonomy":"product_brand","embeddable":true,"href":"https:\/\/panelsandwich.org\/fr\/wp-json\/wp\/v2\/product_brand?post=50461"},{"taxonomy":"product_cat","embeddable":true,"href":"https:\/\/panelsandwich.org\/fr\/wp-json\/wp\/v2\/product_cat?post=50461"},{"taxonomy":"product_tag","embeddable":true,"href":"https:\/\/panelsandwich.org\/fr\/wp-json\/wp\/v2\/product_tag?post=50461"}],"curies":[{"name":"wp","href":"https:\/\/api.w.org\/{rel}","templated":true}]}}