{"id":50590,"date":"2023-09-28T23:15:53","date_gmt":"2023-09-28T21:15:53","guid":{"rendered":"https:\/\/panelsandwich.org\/ra1011-embout-lateral\/"},"modified":"2023-09-28T23:15:53","modified_gmt":"2023-09-28T21:15:53","slug":"ra1011-embout-lateral","status":"publish","type":"product","link":"https:\/\/panelsandwich.org\/fr\/ra1011-embout-lateral\/","title":{"rendered":"RA1011 &#8211; Embout lat\u00e9ral"},"content":{"rendered":"<p>Garniture pour recouvrir le c\u00f4t\u00e9 droit du panneau en couleur RAL Albero Envejecido.<\/p>\n","protected":false},"excerpt":{"rendered":"<p>Couleur des garnitures lat\u00e9rales Ral Albero Aged<\/p>\n","protected":false},"featured_media":32205,"comment_status":"open","ping_status":"closed","template":"","meta":[],"product_brand":[],"product_cat":[3581,3560],"product_tag":[3571,3577,3574,3565,3566],"class_list":{"0":"post-50590","1":"product","2":"type-product","3":"status-publish","4":"has-post-thumbnail","6":"product_cat-garniture-des-panneaux-sandwich-panneau-sandwich-en-aluminium-vieilli","7":"product_cat-garniture-panneau-sandwich","8":"product_tag-finitions-speciales-fr","9":"product_tag-garnitures-de-toiture-fr","10":"product_tag-garnitures-metalliques-2","11":"product_tag-tuile-de-couverture","12":"product_tag-vente-aux-encheres-sur-mesure","13":"pa_colorexterior-vieilli-a-lalbero","14":"pa_espesordelachapa-06-mm-acier-galvanise-s250gd","15":"pa_medidas-metres-lineaires-ml","16":"pa_situacion-stock-de-lentrepot","18":"first","19":"outofstock","20":"taxable","21":"shipping-taxable","22":"purchasable","23":"product-type-variable","24":"has-default-attributes"},"_links":{"self":[{"href":"https:\/\/panelsandwich.org\/fr\/wp-json\/wp\/v2\/product\/50590","targetHints":{"allow":["GET"]}}],"collection":[{"href":"https:\/\/panelsandwich.org\/fr\/wp-json\/wp\/v2\/product"}],"about":[{"href":"https:\/\/panelsandwich.org\/fr\/wp-json\/wp\/v2\/types\/product"}],"replies":[{"embeddable":true,"href":"https:\/\/panelsandwich.org\/fr\/wp-json\/wp\/v2\/comments?post=50590"}],"version-history":[{"count":0,"href":"https:\/\/panelsandwich.org\/fr\/wp-json\/wp\/v2\/product\/50590\/revisions"}],"wp:featuredmedia":[{"embeddable":true,"href":"https:\/\/panelsandwich.org\/fr\/wp-json\/wp\/v2\/media\/32205"}],"wp:attachment":[{"href":"https:\/\/panelsandwich.org\/fr\/wp-json\/wp\/v2\/media?parent=50590"}],"wp:term":[{"taxonomy":"product_brand","embeddable":true,"href":"https:\/\/panelsandwich.org\/fr\/wp-json\/wp\/v2\/product_brand?post=50590"},{"taxonomy":"product_cat","embeddable":true,"href":"https:\/\/panelsandwich.org\/fr\/wp-json\/wp\/v2\/product_cat?post=50590"},{"taxonomy":"product_tag","embeddable":true,"href":"https:\/\/panelsandwich.org\/fr\/wp-json\/wp\/v2\/product_tag?post=50590"}],"curies":[{"name":"wp","href":"https:\/\/api.w.org\/{rel}","templated":true}]}}