{"id":50775,"date":"2023-09-28T23:15:50","date_gmt":"2023-09-28T21:15:50","guid":{"rendered":"https:\/\/panelsandwich.org\/3000-garniture-en-forme-de-u-panneau-frigo-40-80\/"},"modified":"2024-02-13T17:28:01","modified_gmt":"2024-02-13T16:28:01","slug":"3000-garniture-en-forme-de-u-panneau-frigo-40-80","status":"publish","type":"product","link":"https:\/\/panelsandwich.org\/fr\/3000-garniture-en-forme-de-u-panneau-frigo-40-80\/","title":{"rendered":"3000 &#8211; Garniture en U &#8211; Panneau r\u00e9frig\u00e9r\u00e9 40-80"},"content":{"rendered":"<p style=\"text-align: center;\"><strong><span style=\"font-size: medium;\"><a class=\"w-100 btn btn-danger btn-lg\" href=\"https:\/\/panelsandwich.org\/contactenos\" target=\"  _blank=\" rel=\"noreferrer noopener\">DEMANDE DE PRIX ET D&rsquo;INFORMATIONS TECHNIQUES  <i class=\"caret-right\"><\/i><\/a><\/span><\/strong><\/p>\n","protected":false},"excerpt":{"rendered":"<p>3000-Remate Panneau en U R\u00e9frig\u00e9rateur 40-80<\/p>\n<p style=\"text-align: center;\"><strong><span style=\"font-size: medium;\"><a class=\"w-100 btn btn-danger btn-lg\" href=\"https:\/\/panelsandwich.org\/contactenos\" target=\"  _blank=\" rel=\"noreferrer noopener\">DEMANDE DE PRIX ET D&rsquo;INFORMATIONS TECHNIQUES  <i class=\"caret-right\"><\/i><\/a><\/span><\/strong><\/p>\n","protected":false},"featured_media":50831,"comment_status":"closed","ping_status":"closed","template":"","meta":[],"product_brand":[],"product_cat":[3602],"product_tag":[3571,3577,3574,3565,3566],"class_list":{"0":"post-50775","1":"product","2":"type-product","3":"status-publish","4":"has-post-thumbnail","6":"product_cat-garniture-panneau-sandwich-refrigerateur","7":"product_tag-finitions-speciales-fr","8":"product_tag-garnitures-de-toiture-fr","9":"product_tag-garnitures-metalliques-2","10":"product_tag-tuile-de-couverture","11":"product_tag-vente-aux-encheres-sur-mesure","12":"pa_colorexterior-blanc-des-pyrenees-ral-9010","13":"pa_espesordelachapa-06-mm-acier-galvanise-s250gd","14":"pa_espesorespuma-40-mm-fr","15":"pa_espesorespuma-50-mm-fr","16":"pa_espesorespuma-60-mm-fr","17":"pa_espesorespuma-80-mm-fr","18":"pa_medidas-metres-lineaires-ml","19":"pa_situacion-sur-demande","21":"first","22":"outofstock","23":"taxable","24":"shipping-taxable","25":"purchasable","26":"product-type-variable","27":"has-default-attributes"},"_links":{"self":[{"href":"https:\/\/panelsandwich.org\/fr\/wp-json\/wp\/v2\/product\/50775","targetHints":{"allow":["GET"]}}],"collection":[{"href":"https:\/\/panelsandwich.org\/fr\/wp-json\/wp\/v2\/product"}],"about":[{"href":"https:\/\/panelsandwich.org\/fr\/wp-json\/wp\/v2\/types\/product"}],"replies":[{"embeddable":true,"href":"https:\/\/panelsandwich.org\/fr\/wp-json\/wp\/v2\/comments?post=50775"}],"version-history":[{"count":0,"href":"https:\/\/panelsandwich.org\/fr\/wp-json\/wp\/v2\/product\/50775\/revisions"}],"wp:featuredmedia":[{"embeddable":true,"href":"https:\/\/panelsandwich.org\/fr\/wp-json\/wp\/v2\/media\/50831"}],"wp:attachment":[{"href":"https:\/\/panelsandwich.org\/fr\/wp-json\/wp\/v2\/media?parent=50775"}],"wp:term":[{"taxonomy":"product_brand","embeddable":true,"href":"https:\/\/panelsandwich.org\/fr\/wp-json\/wp\/v2\/product_brand?post=50775"},{"taxonomy":"product_cat","embeddable":true,"href":"https:\/\/panelsandwich.org\/fr\/wp-json\/wp\/v2\/product_cat?post=50775"},{"taxonomy":"product_tag","embeddable":true,"href":"https:\/\/panelsandwich.org\/fr\/wp-json\/wp\/v2\/product_tag?post=50775"}],"curies":[{"name":"wp","href":"https:\/\/api.w.org\/{rel}","templated":true}]}}