{"id":50820,"date":"2023-09-28T23:15:46","date_gmt":"2023-09-28T21:15:46","guid":{"rendered":"https:\/\/panelsandwich.org\/accessoire-de-montage-chapeau-de-cheminee\/"},"modified":"2025-11-21T08:14:19","modified_gmt":"2025-11-21T07:14:19","slug":"accessoire-de-montage-chapeau-de-cheminee","status":"publish","type":"product","link":"https:\/\/panelsandwich.org\/fr\/accessoire-de-montage-chapeau-de-cheminee\/","title":{"rendered":"Accessoire de montage &#8211; chapeau de chemin\u00e9e"},"content":{"rendered":"<p>Joint d&rsquo;arbre flexible en EPDM<\/p>\n<p>Prot\u00e8ge et permet une parfaite \u00e9tanch\u00e9it\u00e9 des sorties de tuyaux vers l&rsquo;ext\u00e9rieur.<\/p>\n<p>R\u00e9siste \u00e0 de longues ann\u00e9es de vieillissement d\u00fb \u00e0 l&rsquo;ozone et aux ultraviolets<\/p>\n<p>Adaptable \u00e0 tout diam\u00e8tre de tuyau de 114 mm \u00e0 864 mm.<\/p>\n<p style=\"text-align: center;\"><strong><span style=\"font-size: medium;\"><a class=\"w-100 btn btn-danger btn-lg\" href=\"https:\/\/panelsandwich.org\/contactenos\">DEMANDE DE PRIX ET D&rsquo;INFORMATIONS TECHNIQUES  <i class=\"caret-right\"><\/i><\/a><\/span><\/strong><\/p>\n","protected":false},"excerpt":{"rendered":"<p style=\"text-align: center;\"><strong><span style=\"font-size: medium;\"><a class=\"w-100 btn btn-danger btn-lg\" href=\"https:\/\/panelsandwich.org\/contactenos\">DEMANDE DE PRIX ET D&rsquo;INFORMATIONS TECHNIQUES  <i class=\"caret-right\"><\/i><\/a><\/span><\/strong><\/p>\n","protected":false},"featured_media":50872,"comment_status":"closed","ping_status":"closed","template":"","meta":[],"product_brand":[],"product_cat":[3582],"product_tag":[],"class_list":{"0":"post-50820","1":"product","2":"type-product","3":"status-publish","4":"has-post-thumbnail","6":"product_cat-accessoires-de-montage-des-panneaux-sandwich","7":"pa_diametrodeltubo-tube-102-175-mm-fr","8":"pa_diametrodeltubo-tube-152-280-mm-fr","9":"pa_diametrodeltubo-tube-245-467-mm-fr","11":"first","12":"outofstock","13":"taxable","14":"shipping-taxable","15":"purchasable","16":"product-type-variable","17":"has-default-attributes"},"_links":{"self":[{"href":"https:\/\/panelsandwich.org\/fr\/wp-json\/wp\/v2\/product\/50820","targetHints":{"allow":["GET"]}}],"collection":[{"href":"https:\/\/panelsandwich.org\/fr\/wp-json\/wp\/v2\/product"}],"about":[{"href":"https:\/\/panelsandwich.org\/fr\/wp-json\/wp\/v2\/types\/product"}],"replies":[{"embeddable":true,"href":"https:\/\/panelsandwich.org\/fr\/wp-json\/wp\/v2\/comments?post=50820"}],"version-history":[{"count":0,"href":"https:\/\/panelsandwich.org\/fr\/wp-json\/wp\/v2\/product\/50820\/revisions"}],"wp:featuredmedia":[{"embeddable":true,"href":"https:\/\/panelsandwich.org\/fr\/wp-json\/wp\/v2\/media\/50872"}],"wp:attachment":[{"href":"https:\/\/panelsandwich.org\/fr\/wp-json\/wp\/v2\/media?parent=50820"}],"wp:term":[{"taxonomy":"product_brand","embeddable":true,"href":"https:\/\/panelsandwich.org\/fr\/wp-json\/wp\/v2\/product_brand?post=50820"},{"taxonomy":"product_cat","embeddable":true,"href":"https:\/\/panelsandwich.org\/fr\/wp-json\/wp\/v2\/product_cat?post=50820"},{"taxonomy":"product_tag","embeddable":true,"href":"https:\/\/panelsandwich.org\/fr\/wp-json\/wp\/v2\/product_tag?post=50820"}],"curies":[{"name":"wp","href":"https:\/\/api.w.org\/{rel}","templated":true}]}}