{"id":50950,"date":"2023-09-28T23:15:48","date_gmt":"2023-09-28T21:15:48","guid":{"rendered":"https:\/\/panelsandwich.org\/3019-bordure-en-l-interieur-10-x-10\/"},"modified":"2023-09-28T23:15:48","modified_gmt":"2023-09-28T21:15:48","slug":"3019-bordure-en-l-interieur-10-x-10","status":"publish","type":"product","link":"https:\/\/panelsandwich.org\/fr\/3019-bordure-en-l-interieur-10-x-10\/","title":{"rendered":"3019 &#8211; Bordure en L &#8211; Int\u00e9rieur 10 x 10"},"content":{"rendered":"<p>&lt;  Garniture polyvalente avec couleur \u00e0 l&rsquo;int\u00e9rieur.<\/p>\n","protected":false},"excerpt":{"rendered":"<p>3019-Remate Form L Interior 10 x 10<\/p>\n","protected":false},"featured_media":32613,"comment_status":"open","ping_status":"closed","template":"","meta":[],"product_brand":[],"product_cat":[3589],"product_tag":[3571,3577,3574,3565,3566],"class_list":{"0":"post-50950","1":"product","2":"type-product","3":"status-publish","4":"has-post-thumbnail","6":"product_cat-garniture-facade-en-panneaux-sandwich","7":"product_tag-finitions-speciales-fr","8":"product_tag-garnitures-de-toiture-fr","9":"product_tag-garnitures-metalliques-2","10":"product_tag-tuile-de-couverture","11":"product_tag-vente-aux-encheres-sur-mesure","12":"pa_colorexterior-blanc-des-pyrenees-ral-9010","13":"pa_colorexterior-bleu-lac-ral-5019","14":"pa_colorexterior-creme-bidassoa-ral-1015","15":"pa_colorexterior-gris-ardoise-ral-7024","16":"pa_colorexterior-gris-metallise-ral-9006","17":"pa_colorexterior-rouge-ral-3009","18":"pa_colorexterior-vert-navarra-ral-6005","19":"pa_medidas-metres-lineaires-ml","20":"pa_situacion-stock-de-lentrepot","21":"pa_situacion-sur-demande","23":"first","24":"outofstock","25":"taxable","26":"shipping-taxable","27":"purchasable","28":"product-type-variable","29":"has-default-attributes"},"_links":{"self":[{"href":"https:\/\/panelsandwich.org\/fr\/wp-json\/wp\/v2\/product\/50950","targetHints":{"allow":["GET"]}}],"collection":[{"href":"https:\/\/panelsandwich.org\/fr\/wp-json\/wp\/v2\/product"}],"about":[{"href":"https:\/\/panelsandwich.org\/fr\/wp-json\/wp\/v2\/types\/product"}],"replies":[{"embeddable":true,"href":"https:\/\/panelsandwich.org\/fr\/wp-json\/wp\/v2\/comments?post=50950"}],"version-history":[{"count":0,"href":"https:\/\/panelsandwich.org\/fr\/wp-json\/wp\/v2\/product\/50950\/revisions"}],"wp:featuredmedia":[{"embeddable":true,"href":"https:\/\/panelsandwich.org\/fr\/wp-json\/wp\/v2\/media\/32613"}],"wp:attachment":[{"href":"https:\/\/panelsandwich.org\/fr\/wp-json\/wp\/v2\/media?parent=50950"}],"wp:term":[{"taxonomy":"product_brand","embeddable":true,"href":"https:\/\/panelsandwich.org\/fr\/wp-json\/wp\/v2\/product_brand?post=50950"},{"taxonomy":"product_cat","embeddable":true,"href":"https:\/\/panelsandwich.org\/fr\/wp-json\/wp\/v2\/product_cat?post=50950"},{"taxonomy":"product_tag","embeddable":true,"href":"https:\/\/panelsandwich.org\/fr\/wp-json\/wp\/v2\/product_tag?post=50950"}],"curies":[{"name":"wp","href":"https:\/\/api.w.org\/{rel}","templated":true}]}}