{"id":50966,"date":"2023-09-28T23:15:46","date_gmt":"2023-09-28T21:15:46","guid":{"rendered":"https:\/\/panelsandwich.org\/puits-de-lumiere-compatible-sheet-metal\/"},"modified":"2023-09-28T23:15:46","modified_gmt":"2023-09-28T21:15:46","slug":"puits-de-lumiere-compatible-sheet-metal","status":"publish","type":"product","link":"https:\/\/panelsandwich.org\/fr\/puits-de-lumiere-compatible-sheet-metal\/","title":{"rendered":"Puits de lumi\u00e8re &#8211; Compatible Sheet Metal"},"content":{"rendered":"<h1>Description : <\/h1>\n<p>Macrolux\u00ae Rooflite sont des plaques de polycarbonate extrud\u00e9es de forme ondul\u00e9e ou trap\u00e9zo\u00efdale, prot\u00e9g\u00e9es par une ou deux couches coextrud\u00e9es pour assurer la r\u00e9sistance aux UV.<\/p>\n<\/p>\n<p style=\"text-align:center;\"><strong><span style=\"font-size:medium;\"><a class=\"w-100 btn btn-danger btn-lg\" href=\"https:\/\/panelsandwich.org\/contactenos\">DEMANDE DE PRIX ET D&rsquo;INFORMATIONS TECHNIQUES  <i class=\"caret-right\"><\/i><\/a><\/span><\/strong><\/p>\n<h2>Application et avantages :<\/h2>\n<ul style=\"list-style-type:circle;\">\n<li>Toiture en t\u00f4le  <\/li>\n<li>Dents de scie<\/li>\n<li>Transparence<\/li>\n<li>R\u00e9sistance aux chocs  <\/li>\n<li>Facile \u00e0 plier \u00e0 froid<\/li>\n<\/ul>\n<h2>Sp\u00e9cification du produit :<\/h2>\n<ul style=\"list-style-type:circle;\">\n<li>Certificat de r\u00e9action au feu du produit Macrolux Rooflite selon la norme EN 13501-1. Classement obtenu : B s1 d0.<\/li>\n<li>Garantie de 10 ans<\/li>\n<\/ul>\n<h2>Installation recommand\u00e9e :  <\/h2>\n<ul style=\"list-style-type:circle;\">\n<li>\n<p>Syst\u00e8me de fixation Le syst\u00e8me de fixation doit permettre la libre dilatation du panneau, c&rsquo;est pourquoi les fixations rigides ou les fixations avec des boulons traversants ne sont pas recommand\u00e9es.<\/p>\n<\/li>\n<li>Structure. Une structure de support transversale est n\u00e9cessaire, qui peut \u00eatre de n&rsquo;importe quelle nature ou g\u00e9om\u00e9trie. Dans la modulation, les dimensions maximales de la t\u00f4le doivent \u00eatre respect\u00e9es en fonction du profil et des charges \u00e0 supporter.<\/li>\n<li>Structure porteuse. L&rsquo;espacement maximal entre les pannes doit \u00eatre d\u00e9termin\u00e9 pour chaque profil, en fonction de la charge \u00e0 supporter et de la fl\u00e8che maximale admissible. En tout \u00e9tat de cause, elle ne pourra jamais d\u00e9passer 1,20 m.  <\/li>\n<li>En cas de distance importante entre les pannes (sup\u00e9rieure \u00e0 1,20 m), des supports interm\u00e9diaires doivent \u00eatre pr\u00e9vus.<\/li>\n<li>Dilatation des plaques. Le coefficient de dilatation thermique du polycarbonate est sensiblement plus \u00e9lev\u00e9 que celui des structures et autres produits en plastique, il est donc essentiel de pr\u00e9voir des syst\u00e8mes qui permettent la libre dilatation des plaques. Il est n\u00e9cessaire de percer des trous d&rsquo;un diam\u00e8tre sup\u00e9rieur de 3 mm \u00e0 celui de la vis.<\/li>\n<li>Longueur des plaques. Les grandes longueurs de feuilles (sup\u00e9rieures \u00e0 environ 7 m\u00e8tres) accumulent des dilatations longitudinales d&rsquo;une valeur absolue \u00e9lev\u00e9e et doivent \u00eatre \u00e9vit\u00e9es dans la mesure du possible.  <\/li>\n<li>Si des port\u00e9es plus importantes sont n\u00e9cessaires, des recouvrements transversaux de 150 \u00e0 250 mm sont recommand\u00e9s, en fonction de la pente du toit.<\/li>\n<li>Disposition des planches. Le c\u00f4t\u00e9 sp\u00e9cialement prot\u00e9g\u00e9 contre les UV est celui qui doit \u00eatre utilis\u00e9 \u00e0 l&rsquo;ext\u00e9rieur. Pour les toits sandwichs in situ, il est recommand\u00e9 de toujours installer le film diffusant blanc sur le c\u00f4t\u00e9 ext\u00e9rieur et le film incolore sur le c\u00f4t\u00e9 int\u00e9rieur.<\/li>\n<li>Fixation des plaques. Les profil\u00e9s en polycarbonate peuvent \u00eatre perc\u00e9s \u00e0 l&rsquo;aide de forets et de m\u00e8ches standard. Les profil\u00e9s doivent \u00eatre solidement fix\u00e9s pour \u00e9viter les vibrations ; un soin particulier doit \u00eatre apport\u00e9 au per\u00e7age \u00e0 angle droit. Les trous doivent toujours \u00eatre perc\u00e9s \u00e0 une distance minimale de 50 mm des bords de la feuille.<\/li>\n<li>Scell\u00e9. Il faut toujours utiliser du silicone neutre. La mousse de polyur\u00e9thane ne peut en aucun cas \u00eatre utilis\u00e9e.<\/li>\n<li>Solape. Le chevauchement longitudinal se fait dans la direction oppos\u00e9e \u00e0 celle du vent ou de la pluie. Le recouvrement transversal ne doit pas \u00eatre inf\u00e9rieur \u00e0 200 mm au-dessus de la poutre. Chaque plaque doit d\u00e9passer de 100 mm la ligne de fixation de la poutre.<\/li>\n<li>S\u00e9curit\u00e9 Ne pas marcher directement sur la plaque. Les dalles ne sont pas praticables.  <\/li>\n<\/ul>\n<h2>Mesures : <img decoding=\"async\" class=\"size-full wp-image-32666 lazyload\" data-src=\"https:\/\/panelsandwich.org\/wp-content\/uploads\/2018\/12\/cms_Imagen2.png\" alt=\"filename\" width=\"100%\" title=\"% %count(title)\" data-srcset=\"https:\/\/panelsandwich.org\/wp-content\/uploads\/2018\/12\/cms_Imagen2.png 1842w, https:\/\/panelsandwich.org\/wp-content\/uploads\/2018\/12\/cms_Imagen2-300x63.png 300w, https:\/\/panelsandwich.org\/wp-content\/uploads\/2018\/12\/cms_Imagen2-1024x213.png 1024w, https:\/\/panelsandwich.org\/wp-content\/uploads\/2018\/12\/cms_Imagen2-768x160.png 768w, https:\/\/panelsandwich.org\/wp-content\/uploads\/2018\/12\/cms_Imagen2-1536x320.png 1536w, https:\/\/panelsandwich.org\/wp-content\/uploads\/2018\/12\/cms_Imagen2-600x125.png 600w\" data-sizes=\"(max-width: 1842px) 100vw, 1842px\" src=\"data:image\/svg+xml;base64,PHN2ZyB3aWR0aD0iMSIgaGVpZ2h0PSIxIiB4bWxucz0iaHR0cDovL3d3dy53My5vcmcvMjAwMC9zdmciPjwvc3ZnPg==\" style=\"--smush-placeholder-width: 1842px; --smush-placeholder-aspect-ratio: 1842\/384;\" \/><\/h2>\n<h2><\/h2>\n<h2>Charge admissible :  <\/h2>\n<p><img decoding=\"async\" class=\"size-full wp-image-32667 lazyload\" data-src=\"https:\/\/panelsandwich.org\/wp-content\/uploads\/2018\/12\/cms_Lucernarios_cargas.JPG\" alt=\"filename\" width=\"100%\" title=\"% %count(title)\" data-srcset=\"https:\/\/panelsandwich.org\/wp-content\/uploads\/2018\/12\/cms_Lucernarios_cargas.JPG 1127w, https:\/\/panelsandwich.org\/wp-content\/uploads\/2018\/12\/cms_Lucernarios_cargas-300x63.jpg 300w, https:\/\/panelsandwich.org\/wp-content\/uploads\/2018\/12\/cms_Lucernarios_cargas-1024x216.jpg 1024w, https:\/\/panelsandwich.org\/wp-content\/uploads\/2018\/12\/cms_Lucernarios_cargas-768x162.jpg 768w, https:\/\/panelsandwich.org\/wp-content\/uploads\/2018\/12\/cms_Lucernarios_cargas-600x127.jpg 600w\" data-sizes=\"(max-width: 1127px) 100vw, 1127px\" src=\"data:image\/svg+xml;base64,PHN2ZyB3aWR0aD0iMSIgaGVpZ2h0PSIxIiB4bWxucz0iaHR0cDovL3d3dy53My5vcmcvMjAwMC9zdmciPjwvc3ZnPg==\" style=\"--smush-placeholder-width: 1127px; --smush-placeholder-aspect-ratio: 1127\/238;\" \/><\/p>\n<h2>Caract\u00e9ristiques techniques :  <\/h2>\n<p><img decoding=\"async\" class=\"size-full wp-image-32668 lazyload\" data-src=\"https:\/\/panelsandwich.org\/wp-content\/uploads\/2018\/12\/cms_Lucernarios_caracte.JPG\" alt=\"filename\" width=\"100%\" title=\"% %count(title)\" data-srcset=\"https:\/\/panelsandwich.org\/wp-content\/uploads\/2018\/12\/cms_Lucernarios_caracte.JPG 1467w, https:\/\/panelsandwich.org\/wp-content\/uploads\/2018\/12\/cms_Lucernarios_caracte-300x122.jpg 300w, https:\/\/panelsandwich.org\/wp-content\/uploads\/2018\/12\/cms_Lucernarios_caracte-1024x416.jpg 1024w, https:\/\/panelsandwich.org\/wp-content\/uploads\/2018\/12\/cms_Lucernarios_caracte-768x312.jpg 768w, https:\/\/panelsandwich.org\/wp-content\/uploads\/2018\/12\/cms_Lucernarios_caracte-600x244.jpg 600w\" data-sizes=\"(max-width: 1467px) 100vw, 1467px\" src=\"data:image\/svg+xml;base64,PHN2ZyB3aWR0aD0iMSIgaGVpZ2h0PSIxIiB4bWxucz0iaHR0cDovL3d3dy53My5vcmcvMjAwMC9zdmciPjwvc3ZnPg==\" style=\"--smush-placeholder-width: 1467px; --smush-placeholder-aspect-ratio: 1467\/596;\" \/><\/p>\n<\/p>\n<p style=\"text-align:center;\"><strong><span style=\"font-size:medium;\"><a class=\"w-100 btn btn-danger btn-lg\" href=\"https:\/\/panelsandwich.org\/contactenos\">DEMANDE DE PRIX ET D&rsquo;INFORMATIONS TECHNIQUES  <i class=\"caret-right\"><\/i><\/a><\/span><\/strong><\/p>\n","protected":false},"excerpt":{"rendered":"<p class=\"MsoNormal\" style=\"margin:0cm 6.05pt 15.15pt .5pt;\">Les plaques Lucernario sont des plaques extrud\u00e9es en polycarbonate de forme ondul\u00e9e ou trap\u00e9zo\u00efdale, prot\u00e9g\u00e9es par une ou deux couches coextrud\u00e9es pour garantir la r\u00e9sistance aux UV.<\/p>\n<p style=\"text-align:center;\"><strong><span style=\"font-size:medium;\"><a class=\"w-100 btn btn-danger btn-lg\" href=\"https:\/\/panelsandwich.org\/contactenos\">DEMANDE DE PRIX ET D&rsquo;INFORMATIONS TECHNIQUES  <i class=\"caret-right\"><\/i><\/a><\/span><\/strong><\/p>\n","protected":false},"featured_media":32670,"comment_status":"open","ping_status":"closed","template":"","meta":[],"product_brand":[],"product_cat":[3610],"product_tag":[],"class_list":{"0":"post-50966","1":"product","2":"type-product","3":"status-publish","4":"has-post-thumbnail","6":"product_cat-puits-de-lumiere-polycarbonate","8":"first","9":"outofstock","10":"taxable","11":"shipping-taxable","12":"purchasable","13":"product-type-simple"},"_links":{"self":[{"href":"https:\/\/panelsandwich.org\/fr\/wp-json\/wp\/v2\/product\/50966","targetHints":{"allow":["GET"]}}],"collection":[{"href":"https:\/\/panelsandwich.org\/fr\/wp-json\/wp\/v2\/product"}],"about":[{"href":"https:\/\/panelsandwich.org\/fr\/wp-json\/wp\/v2\/types\/product"}],"replies":[{"embeddable":true,"href":"https:\/\/panelsandwich.org\/fr\/wp-json\/wp\/v2\/comments?post=50966"}],"version-history":[{"count":0,"href":"https:\/\/panelsandwich.org\/fr\/wp-json\/wp\/v2\/product\/50966\/revisions"}],"wp:featuredmedia":[{"embeddable":true,"href":"https:\/\/panelsandwich.org\/fr\/wp-json\/wp\/v2\/media\/32670"}],"wp:attachment":[{"href":"https:\/\/panelsandwich.org\/fr\/wp-json\/wp\/v2\/media?parent=50966"}],"wp:term":[{"taxonomy":"product_brand","embeddable":true,"href":"https:\/\/panelsandwich.org\/fr\/wp-json\/wp\/v2\/product_brand?post=50966"},{"taxonomy":"product_cat","embeddable":true,"href":"https:\/\/panelsandwich.org\/fr\/wp-json\/wp\/v2\/product_cat?post=50966"},{"taxonomy":"product_tag","embeddable":true,"href":"https:\/\/panelsandwich.org\/fr\/wp-json\/wp\/v2\/product_tag?post=50966"}],"curies":[{"name":"wp","href":"https:\/\/api.w.org\/{rel}","templated":true}]}}