{"id":51215,"date":"2023-09-28T23:15:49","date_gmt":"2023-09-28T21:15:49","guid":{"rendered":"https:\/\/panelsandwich.org\/3000-garniture-en-u-panneau-refrigere-100-200\/"},"modified":"2023-09-28T23:15:49","modified_gmt":"2023-09-28T21:15:49","slug":"3000-garniture-en-u-panneau-refrigere-100-200","status":"publish","type":"product","link":"https:\/\/panelsandwich.org\/fr\/3000-garniture-en-u-panneau-refrigere-100-200\/","title":{"rendered":"3000 &#8211; Garniture en U &#8211; Panneau r\u00e9frig\u00e9r\u00e9 100 &#8211; 200"},"content":{"rendered":"","protected":false},"excerpt":{"rendered":"<p>3000-Remate Panneau en U Frigo 100-200<\/p>\n","protected":false},"featured_media":32527,"comment_status":"open","ping_status":"closed","template":"","meta":[],"product_brand":[],"product_cat":[3602],"product_tag":[3571,3577,3574,3565,3566],"class_list":{"0":"post-51215","1":"product","2":"type-product","3":"status-publish","4":"has-post-thumbnail","6":"product_cat-garniture-panneau-sandwich-refrigerateur","7":"product_tag-finitions-speciales-fr","8":"product_tag-garnitures-de-toiture-fr","9":"product_tag-garnitures-metalliques-2","10":"product_tag-tuile-de-couverture","11":"product_tag-vente-aux-encheres-sur-mesure","12":"pa_colorexterior-blanc-des-pyrenees-ral-9010","13":"pa_espesordelachapa-06-mm-acier-galvanise-s250gd","14":"pa_espesorespuma-100-mm-fr","15":"pa_espesorespuma-120-mm-fr","16":"pa_espesorespuma-150-mm-fr","17":"pa_espesorespuma-180-mm-fr","18":"pa_espesorespuma-200-mm-fr","19":"pa_medidas-metres-lineaires-ml","20":"pa_situacion-sur-demande","22":"first","23":"outofstock","24":"taxable","25":"shipping-taxable","26":"purchasable","27":"product-type-variable","28":"has-default-attributes"},"_links":{"self":[{"href":"https:\/\/panelsandwich.org\/fr\/wp-json\/wp\/v2\/product\/51215","targetHints":{"allow":["GET"]}}],"collection":[{"href":"https:\/\/panelsandwich.org\/fr\/wp-json\/wp\/v2\/product"}],"about":[{"href":"https:\/\/panelsandwich.org\/fr\/wp-json\/wp\/v2\/types\/product"}],"replies":[{"embeddable":true,"href":"https:\/\/panelsandwich.org\/fr\/wp-json\/wp\/v2\/comments?post=51215"}],"version-history":[{"count":0,"href":"https:\/\/panelsandwich.org\/fr\/wp-json\/wp\/v2\/product\/51215\/revisions"}],"wp:featuredmedia":[{"embeddable":true,"href":"https:\/\/panelsandwich.org\/fr\/wp-json\/wp\/v2\/media\/32527"}],"wp:attachment":[{"href":"https:\/\/panelsandwich.org\/fr\/wp-json\/wp\/v2\/media?parent=51215"}],"wp:term":[{"taxonomy":"product_brand","embeddable":true,"href":"https:\/\/panelsandwich.org\/fr\/wp-json\/wp\/v2\/product_brand?post=51215"},{"taxonomy":"product_cat","embeddable":true,"href":"https:\/\/panelsandwich.org\/fr\/wp-json\/wp\/v2\/product_cat?post=51215"},{"taxonomy":"product_tag","embeddable":true,"href":"https:\/\/panelsandwich.org\/fr\/wp-json\/wp\/v2\/product_tag?post=51215"}],"curies":[{"name":"wp","href":"https:\/\/api.w.org\/{rel}","templated":true}]}}