{"id":51611,"date":"2023-09-28T23:15:41","date_gmt":"2023-09-28T21:15:41","guid":{"rendered":"https:\/\/panelsandwich.org\/panneau-sandwich-imitation-tuile-panneau-sandwich-ardoise\/"},"modified":"2025-11-21T12:20:24","modified_gmt":"2025-11-21T11:20:24","slug":"panneau-sandwich-imitation-tuile-panneau-sandwich-ardoise","status":"publish","type":"product","link":"https:\/\/panelsandwich.org\/fr\/panneau-sandwich-imitation-tuile-panneau-sandwich-ardoise\/","title":{"rendered":"Panneau sandwich imitation tuile Panneau sandwich &#8211; ardoise"},"content":{"rendered":"<h2>Panneau de tuiles en forme d&rsquo;imitation d&rsquo;ardoise.<\/h2>\n<h3><strong>Description :<\/strong><\/h3>\n<p>Panneau d&rsquo;isolation de toiture de forme traditionnelle, compos\u00e9 de deux t\u00f4les m\u00e9talliques en profil\u00e9s, reli\u00e9es par une \u00e2me isolante en mousse rigide de polyur\u00e9thane (PUR) ou de polyisocyanurate (PIR).<\/p>\n<p>Le panneau sandwich imitation tuile est un papier de toiture sandwich compos\u00e9 de deux feuilles m\u00e9talliques et d&rsquo;une \u00e2me en mousse isolante de polyur\u00e9thane. Le profilage de la feuille ext\u00e9rieure ressemble \u00e0 la tuile classique, ce qui donne au panneau un aspect agr\u00e9able et imite de mani\u00e8re tr\u00e8s r\u00e9aliste la tuile traditionnelle. Les panneaux Teja sont utilis\u00e9s sur des toits ayant une pente minimale de 7 % dans le secteur de la construction civile et industrielle. Il peut \u00eatre mont\u00e9 sur une structure porteuse en acier, en b\u00e9ton ou en bois et est autoportant. L&rsquo;\u00e9paisseur constante de l&rsquo;isolation am\u00e9liore le confort int\u00e9rieur du b\u00e2timent et est tr\u00e8s efficace pour isoler l&rsquo;int\u00e9rieur du b\u00e2timent des effets du rayonnement solaire et du froid.<\/p>\n<p style=\"text-align: center;\"><strong><span style=\"font-size: medium;\"><a class=\"w-100 btn btn-danger btn-lg\" href=\"https:\/\/panelsandwich.org\/contactenos\">DEMANDE DE PRIX ET D&rsquo;INFORMATIONS TECHNIQUES  <i class=\"caret-right\"><\/i><\/a><\/span><\/strong><\/p>\n<h3><strong>Application :<\/strong><\/h3>\n<p>Enveloppes des b\u00e2timents.<\/p>\n<h3><strong>Type de joint et de vis :<\/strong><\/h3>\n<p>Type de joint : Type d&#8217;embo\u00eetement. La vis est visible.<\/p>\n<p>Vis : Vis avec rondelle en caoutchouc.<\/p>\n<p><img fetchpriority=\"high\" decoding=\"async\" class=\" size-full wp-image-32849\" src=\"https:\/\/panelsandwich.org\/wp-content\/uploads\/2018\/12\/cms_union-Teja-panel-sandwich-teja-detalle-union.png\" alt=\"panneau sandwich d\u00e9tail des joints de tuiles\" width=\"250\" height=\"250\" title=\"% %count(title)\" srcset=\"https:\/\/panelsandwich.org\/wp-content\/uploads\/2018\/12\/cms_union-Teja-panel-sandwich-teja-detalle-union.png 378w, https:\/\/panelsandwich.org\/wp-content\/uploads\/2018\/12\/cms_union-Teja-panel-sandwich-teja-detalle-union-100x100.png 100w, https:\/\/panelsandwich.org\/wp-content\/uploads\/2018\/12\/cms_union-Teja-panel-sandwich-teja-detalle-union-300x300.png 300w, https:\/\/panelsandwich.org\/wp-content\/uploads\/2018\/12\/cms_union-Teja-panel-sandwich-teja-detalle-union-150x150.png 150w\" sizes=\"(max-width: 250px) 100vw, 250px\" \/><\/p>\n<h3><strong>Dimensions :<\/strong><\/h3>\n<p>\u00c9paisseurs : 30-40-50 mm \u00b11 mm<\/p>\n<p>Largeur : 1000 mm \u00b11 mm<\/p>\n<p>Longueur : 4,00 &#8211; 18,00 m \u00b110 mm (par multiples de 0,35 m)<\/p>\n<p><img decoding=\"async\" class=\"size-full wp-image-32850 lazyload\" data-src=\"https:\/\/panelsandwich.org\/wp-content\/uploads\/2018\/12\/cms_TEJA_medidas.JPG\" alt=\"filename\" width=\"100%\" title=\"% %count(title)\" data-srcset=\"https:\/\/panelsandwich.org\/wp-content\/uploads\/2018\/12\/cms_TEJA_medidas.JPG 966w, https:\/\/panelsandwich.org\/wp-content\/uploads\/2018\/12\/cms_TEJA_medidas-300x107.jpg 300w, https:\/\/panelsandwich.org\/wp-content\/uploads\/2018\/12\/cms_TEJA_medidas-768x273.jpg 768w, https:\/\/panelsandwich.org\/wp-content\/uploads\/2018\/12\/cms_TEJA_medidas-600x214.jpg 600w\" data-sizes=\"(max-width: 966px) 100vw, 966px\" src=\"data:image\/svg+xml;base64,PHN2ZyB3aWR0aD0iMSIgaGVpZ2h0PSIxIiB4bWxucz0iaHR0cDovL3d3dy53My5vcmcvMjAwMC9zdmciPjwvc3ZnPg==\" style=\"--smush-placeholder-width: 966px; --smush-placeholder-aspect-ratio: 966\/344;\" \/><\/p>\n<h3><strong>Support en m\u00e9tal :<\/strong><\/h3>\n<p>T\u00f4le d&rsquo;acier galvanis\u00e9e de qualit\u00e9 S250GD : EN 10142<\/p>\n<p>\u00c9paisseur : 0,4-0,5-0,6 mm<\/p>\n<h3><strong>Noyau isolant :<\/strong><\/h3>\n<p>Polyur\u00e9thane (PUR) | Polyisocyanurate (PIR)<\/p>\n<p>Conductivit\u00e9 thermique : PUR : 0,022 W\/mK | PIR : 0,022 W\/mK Densit\u00e9 : 40 kg\/m3 \u00b110% Densit\u00e9 : 40 kg\/m3 \u00b110% Conductivit\u00e9 thermique : PUR : 0,022 W\/mK | PIR : 0,022 W\/mK<\/p>\n<p>R\u00e9action au feu : PUR : B-s2,d0 | PIR : B-s2,d0 | PIR-HI : B-s1,d0<\/p>\n<p>R\u00e9sistance \u00e0 la traction des feuilles (adh\u00e9rence) &gt; 0,10 MPa<\/p>\n<p>R\u00e9sistance \u00e0 la compression \u00e0 10 % de d\u00e9formation &gt; 0,10 MPa<\/p>\n<h3><strong>Rev\u00eatement :<\/strong><\/h3>\n<p>Standard : peinture polyester textur\u00e9e 25 \u00b5m<\/p>\n<p>Sp\u00e9cial : Granite HDX 55 \u00b5m | PVC 180 \u00b5m textur\u00e9 couleur bois pour la surface int\u00e9rieure<\/p>\n<p><strong> <img decoding=\"async\" class=\"size-full wp-image-32851 lazyload\" data-src=\"https:\/\/panelsandwich.org\/wp-content\/uploads\/2018\/12\/cms_TEJA_cargas1.JPG\" alt=\"filename\" width=\"100%\" title=\"% %count(title)\" data-srcset=\"https:\/\/panelsandwich.org\/wp-content\/uploads\/2018\/12\/cms_TEJA_cargas1.JPG 1376w, https:\/\/panelsandwich.org\/wp-content\/uploads\/2018\/12\/cms_TEJA_cargas1-300x135.jpg 300w, https:\/\/panelsandwich.org\/wp-content\/uploads\/2018\/12\/cms_TEJA_cargas1-1024x461.jpg 1024w, https:\/\/panelsandwich.org\/wp-content\/uploads\/2018\/12\/cms_TEJA_cargas1-768x346.jpg 768w, https:\/\/panelsandwich.org\/wp-content\/uploads\/2018\/12\/cms_TEJA_cargas1-600x270.jpg 600w\" data-sizes=\"(max-width: 1376px) 100vw, 1376px\" src=\"data:image\/svg+xml;base64,PHN2ZyB3aWR0aD0iMSIgaGVpZ2h0PSIxIiB4bWxucz0iaHR0cDovL3d3dy53My5vcmcvMjAwMC9zdmciPjwvc3ZnPg==\" style=\"--smush-placeholder-width: 1376px; --smush-placeholder-aspect-ratio: 1376\/620;\" \/><\/strong><\/p>\n<p><strong><img decoding=\"async\" class=\"size-full wp-image-32852 lazyload\" data-src=\"https:\/\/panelsandwich.org\/wp-content\/uploads\/2018\/12\/cms_TEJA_cargas2.JPG\" alt=\"filename\" width=\"100%\" title=\"% %count(title)\" data-srcset=\"https:\/\/panelsandwich.org\/wp-content\/uploads\/2018\/12\/cms_TEJA_cargas2.JPG 1364w, https:\/\/panelsandwich.org\/wp-content\/uploads\/2018\/12\/cms_TEJA_cargas2-300x132.jpg 300w, https:\/\/panelsandwich.org\/wp-content\/uploads\/2018\/12\/cms_TEJA_cargas2-1024x450.jpg 1024w, https:\/\/panelsandwich.org\/wp-content\/uploads\/2018\/12\/cms_TEJA_cargas2-768x338.jpg 768w, https:\/\/panelsandwich.org\/wp-content\/uploads\/2018\/12\/cms_TEJA_cargas2-600x264.jpg 600w\" data-sizes=\"(max-width: 1364px) 100vw, 1364px\" src=\"data:image\/svg+xml;base64,PHN2ZyB3aWR0aD0iMSIgaGVpZ2h0PSIxIiB4bWxucz0iaHR0cDovL3d3dy53My5vcmcvMjAwMC9zdmciPjwvc3ZnPg==\" style=\"--smush-placeholder-width: 1364px; --smush-placeholder-aspect-ratio: 1364\/600;\" \/><\/strong><\/p>\n<p><strong><img decoding=\"async\" class=\"size-full wp-image-32853 lazyload\" data-src=\"https:\/\/panelsandwich.org\/wp-content\/uploads\/2018\/12\/cms_TEJA_cargas3.JPG\" alt=\"filename\" width=\"100%\" title=\"% %count(title)\" data-srcset=\"https:\/\/panelsandwich.org\/wp-content\/uploads\/2018\/12\/cms_TEJA_cargas3.JPG 1366w, https:\/\/panelsandwich.org\/wp-content\/uploads\/2018\/12\/cms_TEJA_cargas3-300x60.jpg 300w, https:\/\/panelsandwich.org\/wp-content\/uploads\/2018\/12\/cms_TEJA_cargas3-1024x205.jpg 1024w, https:\/\/panelsandwich.org\/wp-content\/uploads\/2018\/12\/cms_TEJA_cargas3-768x154.jpg 768w, https:\/\/panelsandwich.org\/wp-content\/uploads\/2018\/12\/cms_TEJA_cargas3-600x120.jpg 600w\" data-sizes=\"(max-width: 1366px) 100vw, 1366px\" src=\"data:image\/svg+xml;base64,PHN2ZyB3aWR0aD0iMSIgaGVpZ2h0PSIxIiB4bWxucz0iaHR0cDovL3d3dy53My5vcmcvMjAwMC9zdmciPjwvc3ZnPg==\" style=\"--smush-placeholder-width: 1366px; --smush-placeholder-aspect-ratio: 1366\/274;\" \/><\/strong><\/p>\n<h3><strong>Gamme de couleurs<\/strong><\/h3>\n<p>Les couleurs pr\u00e9sent\u00e9es dans le catalogue correspondent le plus fid\u00e8lement possible \u00e0 nos normes. Cependant, de petits changements sont in\u00e9vitables, c&rsquo;est pourquoi nous recommandons de toujours effectuer un test de couleur sur un \u00e9chantillon r\u00e9el.<\/p>\n<p><img decoding=\"async\" class=\"size-full wp-image-32854 lazyload\" data-src=\"https:\/\/panelsandwich.org\/wp-content\/uploads\/2018\/12\/cms_TEJA_colores.JPG\" alt=\"filename\" width=\"50%\" title=\"% %count(title)\" data-srcset=\"https:\/\/panelsandwich.org\/wp-content\/uploads\/2018\/12\/cms_TEJA_colores.JPG 648w, https:\/\/panelsandwich.org\/wp-content\/uploads\/2018\/12\/cms_TEJA_colores-284x300.jpg 284w, https:\/\/panelsandwich.org\/wp-content\/uploads\/2018\/12\/cms_TEJA_colores-600x633.jpg 600w\" data-sizes=\"(max-width: 648px) 100vw, 648px\" src=\"data:image\/svg+xml;base64,PHN2ZyB3aWR0aD0iMSIgaGVpZ2h0PSIxIiB4bWxucz0iaHR0cDovL3d3dy53My5vcmcvMjAwMC9zdmciPjwvc3ZnPg==\" style=\"--smush-placeholder-width: 648px; --smush-placeholder-aspect-ratio: 648\/684;\" \/><\/p>\n<p style=\"text-align: center;\"><strong><span style=\"font-size: medium;\"><a class=\"w-100 btn btn-danger btn-lg\" href=\"https:\/\/panelsandwich.org\/contactenos\">DEMANDE DE PRIX ET D&rsquo;INFORMATIONS TECHNIQUES  <i class=\"caret-right\"><\/i><\/a><\/span><\/strong><\/p>\n","protected":false},"excerpt":{"rendered":"<p>PPI &#8211; Panneau sandwich imitant la tuile d&rsquo;ardoise. Couleur Gris ardoise<\/p>\n<p style=\"text-align: center;\"><strong><span style=\"font-size: medium;\"><a class=\"w-100 btn btn-danger btn-lg\" href=\"https:\/\/panelsandwich.org\/contactenos\">DEMANDE DE PRIX ET D&rsquo;INFORMATIONS TECHNIQUES  <i class=\"caret-right\"><\/i><\/a><\/span><\/strong><\/p>\n","protected":false},"featured_media":51694,"comment_status":"closed","ping_status":"closed","template":"","meta":[],"product_brand":[],"product_cat":[3408],"product_tag":[3409,3338,3410,3334,3412,3411],"class_list":{"0":"post-51611","1":"product","2":"type-product","3":"status-publish","4":"has-post-thumbnail","6":"product_cat-panneau-sandwich-carrele","7":"product_tag-panneau","8":"product_tag-panneau-de-carrelage","9":"product_tag-panneau-imitation-carrelage","10":"product_tag-panneau-sandwich","11":"product_tag-sans-boulon","12":"product_tag-structure-metal-fr","13":"pa_colorexterior-gris-ardoise-ral-7024","14":"pa_colorinterior-blanc-ral-9010-raye","15":"pa_espesordelachapa-04-mm-acier-galvanise-s250gd","16":"pa_espesorespuma-100-mm-fr","17":"pa_espesorespuma-120-mm-fr","18":"pa_espesorespuma-40-mm-fr","19":"pa_espesorespuma-50-mm-fr","20":"pa_espesorespuma-60-mm-fr","21":"pa_espesorespuma-80-mm-fr","22":"pa_tipoaislamiento-mousse-pur-b-s2-d0","24":"first","25":"outofstock","26":"taxable","27":"shipping-taxable","28":"purchasable","29":"product-type-variable","30":"has-default-attributes"},"_links":{"self":[{"href":"https:\/\/panelsandwich.org\/fr\/wp-json\/wp\/v2\/product\/51611","targetHints":{"allow":["GET"]}}],"collection":[{"href":"https:\/\/panelsandwich.org\/fr\/wp-json\/wp\/v2\/product"}],"about":[{"href":"https:\/\/panelsandwich.org\/fr\/wp-json\/wp\/v2\/types\/product"}],"replies":[{"embeddable":true,"href":"https:\/\/panelsandwich.org\/fr\/wp-json\/wp\/v2\/comments?post=51611"}],"version-history":[{"count":0,"href":"https:\/\/panelsandwich.org\/fr\/wp-json\/wp\/v2\/product\/51611\/revisions"}],"wp:featuredmedia":[{"embeddable":true,"href":"https:\/\/panelsandwich.org\/fr\/wp-json\/wp\/v2\/media\/51694"}],"wp:attachment":[{"href":"https:\/\/panelsandwich.org\/fr\/wp-json\/wp\/v2\/media?parent=51611"}],"wp:term":[{"taxonomy":"product_brand","embeddable":true,"href":"https:\/\/panelsandwich.org\/fr\/wp-json\/wp\/v2\/product_brand?post=51611"},{"taxonomy":"product_cat","embeddable":true,"href":"https:\/\/panelsandwich.org\/fr\/wp-json\/wp\/v2\/product_cat?post=51611"},{"taxonomy":"product_tag","embeddable":true,"href":"https:\/\/panelsandwich.org\/fr\/wp-json\/wp\/v2\/product_tag?post=51611"}],"curies":[{"name":"wp","href":"https:\/\/api.w.org\/{rel}","templated":true}]}}