{"id":51616,"date":"2023-09-28T23:15:38","date_gmt":"2023-09-28T21:15:38","guid":{"rendered":"https:\/\/panelsandwich.org\/cadre-leger-boulonne-1-eau\/"},"modified":"2023-09-28T23:15:38","modified_gmt":"2023-09-28T21:15:38","slug":"cadre-leger-boulonne-1-eau","status":"publish","type":"product","link":"https:\/\/panelsandwich.org\/fr\/cadre-leger-boulonne-1-eau\/","title":{"rendered":"Cadre l\u00e9ger boulonn\u00e9 &#8211; 1 eau"},"content":{"rendered":"<p>Starmodul est un fabricant de raccords m\u00e9talliques pour la construction de structures m\u00e9talliques. Ce type de structure est d\u00e9montable, car il s&rsquo;agit de structures boulonn\u00e9es et tout le mat\u00e9riel utilis\u00e9 est galvanis\u00e9. Il s&rsquo;agit de structures l\u00e9g\u00e8res, fabriqu\u00e9es sans soudure.<\/p>\n<p>Notre syst\u00e8me est une \u00e9volution de la charpente m\u00e9tallique, car nous travaillons avec des profil\u00e9s m\u00e9talliques galvanis\u00e9s plus grands et plus \u00e9pais. Le syst\u00e8me de construction est brevet\u00e9 et repose sur une s\u00e9rie de pi\u00e8ces qui permettent aux particuliers et aux professionnels de r\u00e9aliser des constructions m\u00e9talliques durables et coh\u00e9rentes (avec des tubes carr\u00e9s, boulonn\u00e9s, sans soudure), d&rsquo;une mani\u00e8re simple, rapide et tr\u00e8s \u00e9conomique.<\/p>\n<p>Comme il s&rsquo;agit de structures pr\u00e9fabriqu\u00e9es, le prix au m2 de chaque structure est tr\u00e8s comp\u00e9titif, et le fait qu&rsquo;elles soient d\u00e9montables nous donne la possibilit\u00e9 de les r\u00e9utiliser. Le syst\u00e8me se caract\u00e9rise par sa structure l\u00e9g\u00e8re, qui permet un montage rapide et facile.<\/p>\n<p style=\"text-align:center;\"><strong><span style=\"font-size:medium;\"><a class=\"w-100 btn btn-danger btn-lg\" href=\"https:\/\/panelsandwich.org\/contactenos\">DEMANDE DE PRIX ET D&rsquo;INFORMATIONS TECHNIQUES  <i class=\"caret-right\"><\/i><\/a><\/span><\/strong><\/p>\n","protected":false},"excerpt":{"rendered":"<p>Structure boulonn\u00e9e l\u00e9g\u00e8re \u00e0 1 pente. Demandez \u00e0 nos repr\u00e9sentants commerciaux<\/p>\n<p style=\"text-align:center;\"><strong><span style=\"font-size:medium;\"><a class=\"w-100 btn btn-danger btn-lg\" href=\"https:\/\/panelsandwich.org\/contactenos\">DEMANDE DE PRIX ET D&rsquo;INFORMATIONS TECHNIQUES  <i class=\"caret-right\"><\/i><\/a><\/span><\/strong><\/p>\n","protected":false},"featured_media":33041,"comment_status":"open","ping_status":"closed","template":"","meta":[],"product_brand":[],"product_cat":[2671],"product_tag":[],"class_list":{"0":"post-51616","1":"product","2":"type-product","3":"status-publish","4":"has-post-thumbnail","6":"product_cat-lucernarios-policarbonatos","8":"first","9":"outofstock","10":"taxable","11":"shipping-taxable","12":"purchasable","13":"product-type-simple"},"_links":{"self":[{"href":"https:\/\/panelsandwich.org\/fr\/wp-json\/wp\/v2\/product\/51616","targetHints":{"allow":["GET"]}}],"collection":[{"href":"https:\/\/panelsandwich.org\/fr\/wp-json\/wp\/v2\/product"}],"about":[{"href":"https:\/\/panelsandwich.org\/fr\/wp-json\/wp\/v2\/types\/product"}],"replies":[{"embeddable":true,"href":"https:\/\/panelsandwich.org\/fr\/wp-json\/wp\/v2\/comments?post=51616"}],"version-history":[{"count":0,"href":"https:\/\/panelsandwich.org\/fr\/wp-json\/wp\/v2\/product\/51616\/revisions"}],"wp:featuredmedia":[{"embeddable":true,"href":"https:\/\/panelsandwich.org\/fr\/wp-json\/wp\/v2\/media\/33041"}],"wp:attachment":[{"href":"https:\/\/panelsandwich.org\/fr\/wp-json\/wp\/v2\/media?parent=51616"}],"wp:term":[{"taxonomy":"product_brand","embeddable":true,"href":"https:\/\/panelsandwich.org\/fr\/wp-json\/wp\/v2\/product_brand?post=51616"},{"taxonomy":"product_cat","embeddable":true,"href":"https:\/\/panelsandwich.org\/fr\/wp-json\/wp\/v2\/product_cat?post=51616"},{"taxonomy":"product_tag","embeddable":true,"href":"https:\/\/panelsandwich.org\/fr\/wp-json\/wp\/v2\/product_tag?post=51616"}],"curies":[{"name":"wp","href":"https:\/\/api.w.org\/{rel}","templated":true}]}}