{"id":51619,"date":"2023-09-28T23:15:44","date_gmt":"2023-09-28T21:15:44","guid":{"rendered":"https:\/\/panelsandwich.org\/compact-polycarbonate-verre\/"},"modified":"2025-11-21T08:14:45","modified_gmt":"2025-11-21T07:14:45","slug":"compact-polycarbonate-verre","status":"publish","type":"product","link":"https:\/\/panelsandwich.org\/fr\/compact-polycarbonate-verre\/","title":{"rendered":"Compact Polycarbonate &#8211; Verre"},"content":{"rendered":"<h1>Polycarbonate Verre compact<\/h1>\n<h3>Description<\/h3>\n<p>Les plaques de polycarbonate Compact Crystal offrent des avantages significatifs par rapport aux mat\u00e9riaux de vitrage traditionnels en termes de l\u00e9g\u00e8ret\u00e9, de r\u00e9sistance aux chocs et de transparence.<\/p>\n<p>Les plaques de polycarbonate Crystal Compact peuvent \u00eatre thermoform\u00e9es et des g\u00e9om\u00e9tries sp\u00e9ciales peuvent \u00eatre obtenues. Ils sont \u00e9galement \u00e9quip\u00e9s d&rsquo;une protection U.V. des deux c\u00f4t\u00e9s, ce qui permet de les utiliser \u00e0 l&rsquo;ext\u00e9rieur.  <\/p>\n<p style=\"text-align:center;\"><strong><span style=\"font-size:medium;\"><a class=\"w-100 btn btn-danger btn-lg\" href=\"https:\/\/panelsandwich.org\/contactenos\">DEMANDE DE PRIX ET D&rsquo;INFORMATIONS TECHNIQUES  <i class=\"caret-right\"><\/i><\/a><\/span><\/strong><\/p>\n<h3>Applications<\/h3>\n<ul style=\"list-style-type:circle;\">\n<li>Remplacement des vitres de fen\u00eatres<\/li>\n<li>Tunnels translucides<\/li>\n<li>Lanterneaux avec structure<\/li>\n<li>Caract\u00e9ristiques de s\u00e9curit\u00e9<\/li>\n<li>Vo\u00fbtes en tonneau<\/li>\n<li>\u00c9l\u00e9ments de protection industrielle<\/li>\n<li>Publicit\u00e9<\/li>\n<li>Signalisation<\/li>\n<li>Toitures en g\u00e9n\u00e9ral<\/li>\n<\/ul>\n<h3>Syst\u00e8me de fixation<\/h3>\n<p>Le syst\u00e8me de fixation doit permettre au film de se dilater librement, c&rsquo;est pourquoi les fixations rigides ou les boulons traversants ne sont pas recommand\u00e9s.<\/p>\n<h3>Structure<\/h3>\n<p>Les feuilles n\u00e9cessitent une structure de support longitudinale et\/ou transversale, qui peut \u00eatre de n&rsquo;importe quelle nature ou g\u00e9om\u00e9trie. Dans la modulation, les dimensions maximales de la t\u00f4le doivent \u00eatre respect\u00e9es, en fonction de son \u00e9paisseur et des charges \u00e0 supporter, et elles doivent \u00eatre rendues compatibles avec une d\u00e9coupe appropri\u00e9e en fonction de ses dimensions.<\/p>\n<h3>Mise en service et manutention<\/h3>\n<p>Les plaques compactes en polycarbonate peuvent \u00eatre fix\u00e9es \u00e0 la structure par diff\u00e9rentes m\u00e9thodes : avec des profils universels ou structurels et dans les feuillures des \u00e9l\u00e9ments de menuiserie. Les feuilles sont prot\u00e9g\u00e9es par un film sur les deux faces. Lorsqu&rsquo;il est n\u00e9cessaire de sceller les joints, la compatibilit\u00e9 du polycarbonate avec le produit de scellement doit \u00eatre assur\u00e9e et l&rsquo;utilisation de silicone neutre est fortement recommand\u00e9e.<\/p>\n<p><img decoding=\"async\" class=\"size-full wp-image-32750 lazyload\" data-src=\"https:\/\/panelsandwich.org\/wp-content\/uploads\/2018\/12\/cms_cristal-caracteristicas.JPG\" alt=\"filename\" width=\"100%\" title=\"% %count(title)\" data-srcset=\"https:\/\/panelsandwich.org\/wp-content\/uploads\/2018\/12\/cms_cristal-caracteristicas.JPG 1249w, https:\/\/panelsandwich.org\/wp-content\/uploads\/2018\/12\/cms_cristal-caracteristicas-300x128.jpg 300w, https:\/\/panelsandwich.org\/wp-content\/uploads\/2018\/12\/cms_cristal-caracteristicas-1024x437.jpg 1024w, https:\/\/panelsandwich.org\/wp-content\/uploads\/2018\/12\/cms_cristal-caracteristicas-768x328.jpg 768w, https:\/\/panelsandwich.org\/wp-content\/uploads\/2018\/12\/cms_cristal-caracteristicas-600x256.jpg 600w\" data-sizes=\"(max-width: 1249px) 100vw, 1249px\" src=\"data:image\/svg+xml;base64,PHN2ZyB3aWR0aD0iMSIgaGVpZ2h0PSIxIiB4bWxucz0iaHR0cDovL3d3dy53My5vcmcvMjAwMC9zdmciPjwvc3ZnPg==\" style=\"--smush-placeholder-width: 1249px; --smush-placeholder-aspect-ratio: 1249\/533;\" \/><\/p>\n","protected":false},"excerpt":{"rendered":"<p>PLPO6X &#8211; Verre compact en polycarbonate<\/p>\n<p>Les plaques de polycarbonate Crystal Compact peuvent \u00eatre thermoform\u00e9es et des g\u00e9om\u00e9tries sp\u00e9ciales peuvent \u00eatre obtenues. Ils sont \u00e9galement \u00e9quip\u00e9s d&rsquo;une protection U.V. des deux c\u00f4t\u00e9s, ce qui permet de les utiliser \u00e0 l&rsquo;ext\u00e9rieur.<\/p>\n<p style=\"text-align:center;\"><strong><span style=\"font-size:medium;\"><a class=\"w-100 btn btn-danger btn-lg\" href=\"https:\/\/panelsandwich.org\/contactenos\">DEMANDE DE PRIX ET D&rsquo;INFORMATIONS TECHNIQUES  <i class=\"caret-right\"><\/i><\/a><\/span><\/strong><\/p>\n","protected":false},"featured_media":55295,"comment_status":"closed","ping_status":"closed","template":"","meta":[],"product_brand":[],"product_cat":[3610],"product_tag":[],"class_list":{"0":"post-51619","1":"product","2":"type-product","3":"status-publish","4":"has-post-thumbnail","6":"product_cat-puits-de-lumiere-polycarbonate","7":"pa_anchodelpanel-largeur-205-metres","8":"pa_espesordelaplaca-10-mm-fr","9":"pa_espesordelaplaca-2-mm-fr","10":"pa_espesordelaplaca-3-mm-fr","11":"pa_espesordelaplaca-4-mm-fr","12":"pa_espesordelaplaca-5-mm-fr","13":"pa_espesordelaplaca-6-mm-fr","14":"pa_espesordelaplaca-8-mm-fr","16":"first","17":"outofstock","18":"taxable","19":"shipping-taxable","20":"purchasable","21":"product-type-variable","22":"has-default-attributes"},"_links":{"self":[{"href":"https:\/\/panelsandwich.org\/fr\/wp-json\/wp\/v2\/product\/51619","targetHints":{"allow":["GET"]}}],"collection":[{"href":"https:\/\/panelsandwich.org\/fr\/wp-json\/wp\/v2\/product"}],"about":[{"href":"https:\/\/panelsandwich.org\/fr\/wp-json\/wp\/v2\/types\/product"}],"replies":[{"embeddable":true,"href":"https:\/\/panelsandwich.org\/fr\/wp-json\/wp\/v2\/comments?post=51619"}],"version-history":[{"count":0,"href":"https:\/\/panelsandwich.org\/fr\/wp-json\/wp\/v2\/product\/51619\/revisions"}],"wp:featuredmedia":[{"embeddable":true,"href":"https:\/\/panelsandwich.org\/fr\/wp-json\/wp\/v2\/media\/55295"}],"wp:attachment":[{"href":"https:\/\/panelsandwich.org\/fr\/wp-json\/wp\/v2\/media?parent=51619"}],"wp:term":[{"taxonomy":"product_brand","embeddable":true,"href":"https:\/\/panelsandwich.org\/fr\/wp-json\/wp\/v2\/product_brand?post=51619"},{"taxonomy":"product_cat","embeddable":true,"href":"https:\/\/panelsandwich.org\/fr\/wp-json\/wp\/v2\/product_cat?post=51619"},{"taxonomy":"product_tag","embeddable":true,"href":"https:\/\/panelsandwich.org\/fr\/wp-json\/wp\/v2\/product_tag?post=51619"}],"curies":[{"name":"wp","href":"https:\/\/api.w.org\/{rel}","templated":true}]}}