{"id":51653,"date":"2023-09-28T23:15:42","date_gmt":"2023-09-28T21:15:42","guid":{"rendered":"https:\/\/panelsandwich.org\/polycarbonate-polyvalent-facade\/"},"modified":"2025-11-21T12:20:25","modified_gmt":"2025-11-21T11:20:25","slug":"polycarbonate-polyvalent-facade","status":"publish","type":"product","link":"https:\/\/panelsandwich.org\/fr\/polycarbonate-polyvalent-facade\/","title":{"rendered":"Polycarbonate polyvalent &#8211; Fa\u00e7ade"},"content":{"rendered":"<h3>Description<\/h3>\n<p>Il s&rsquo;agit d&rsquo;un syst\u00e8me de polycarbonate pour la r\u00e9alisation de parois translucides dans des panneaux sandwichs verticaux dans la construction industrielle et civile. Le syst\u00e8me se compose de panneaux en polycarbonate extrud\u00e9 \u00e0 structure alv\u00e9olaire, d&rsquo;une \u00e9paisseur de 20 mm, d&rsquo;une largeur de module de 495 mm et d&rsquo;une protection contre les UV obtenue par coextrusion sur la face ext\u00e9rieure.<\/p>\n<p>Le syst\u00e8me est compos\u00e9 de panneaux d&rsquo;accrochage, \u00e9quip\u00e9s de profils \u00ab\u00a0m\u00e2le\/femelle\u00a0\u00bb pour un ajustement parfait ; des profils p\u00e9rim\u00e9triques en aluminium anodis\u00e9 compl\u00e8tent la structure de fixation. Facile et \u00e9conomique \u00e0 installer, il offre une transmission optimale de la lumi\u00e8re, une r\u00e9sistance \u00e9lev\u00e9e \u00e0 la charge et une isolation thermique.<\/p>\n<p style=\"text-align: center;\"><img decoding=\"async\" class=\" size-full wp-image-32838\" src=\"https:\/\/panelsandwich.org\/wp-content\/uploads\/2018\/12\/cms_fachada-medidas.JPG\" alt=\"filename\" width=\"100%\" title=\"% %count(title)\" srcset=\"https:\/\/panelsandwich.org\/wp-content\/uploads\/2018\/12\/cms_fachada-medidas.JPG 1421w, https:\/\/panelsandwich.org\/wp-content\/uploads\/2018\/12\/cms_fachada-medidas-300x125.jpg 300w, https:\/\/panelsandwich.org\/wp-content\/uploads\/2018\/12\/cms_fachada-medidas-1024x426.jpg 1024w, https:\/\/panelsandwich.org\/wp-content\/uploads\/2018\/12\/cms_fachada-medidas-768x319.jpg 768w, https:\/\/panelsandwich.org\/wp-content\/uploads\/2018\/12\/cms_fachada-medidas-600x250.jpg 600w\" sizes=\"(max-width: 1421px) 100vw, 1421px\" \/><\/p>\n<h3><img decoding=\"async\" class=\" size-full wp-image-32839\" src=\"https:\/\/panelsandwich.org\/wp-content\/uploads\/2018\/12\/cms_fachada-caracteristicas.JPG\" alt=\"filename\" width=\"100%\" title=\"% %count(title)\" srcset=\"https:\/\/panelsandwich.org\/wp-content\/uploads\/2018\/12\/cms_fachada-caracteristicas.JPG 1402w, https:\/\/panelsandwich.org\/wp-content\/uploads\/2018\/12\/cms_fachada-caracteristicas-300x131.jpg 300w, https:\/\/panelsandwich.org\/wp-content\/uploads\/2018\/12\/cms_fachada-caracteristicas-1024x447.jpg 1024w, https:\/\/panelsandwich.org\/wp-content\/uploads\/2018\/12\/cms_fachada-caracteristicas-768x335.jpg 768w, https:\/\/panelsandwich.org\/wp-content\/uploads\/2018\/12\/cms_fachada-caracteristicas-600x262.jpg 600w\" sizes=\"(max-width: 1402px) 100vw, 1402px\" \/><\/h3>\n<h3>Composants<\/h3>\n<p>R\u00e9alisation d&rsquo;un mur translucide avec un panneau sandwich polyvalent Fa\u00e7ade compos\u00e9e de :<\/p>\n<ul style=\"list-style-type: circle;\">\n<li>Panneau alv\u00e9olaire en polycarbonate, prot\u00e9g\u00e9 contre les UV, coextrud\u00e9 sur la face externe, structure alv\u00e9olaire de 20 mm d&rsquo;\u00e9paisseur, facteur de transmission thermique certifi\u00e9 de 2,0 W\/m2 K, couleur verre (autres couleurs sur demande), fermeture de la t\u00eate par bande adh\u00e9sive en aluminium ; dimensions : largeur du module 495 mm, longueur sur mesure, garantie d\u00e9cennale.<\/li>\n<li>Profils p\u00e9riph\u00e9riques en aluminium anodis\u00e9 argent, minimum 15 microns (ou brut sur demande).<\/li>\n<li>Joints externes en caoutchouc EPDM.<\/li>\n<li>Barre d&rsquo;acier pour la fixation des panneaux (si n\u00e9cessaire).<\/li>\n<\/ul>\n<h3>Tableaux de charge<\/h3>\n<h4>Tableau des charges 2 supports<\/h4>\n<h4><img decoding=\"async\" class=\" size-full wp-image-32840\" src=\"https:\/\/panelsandwich.org\/wp-content\/uploads\/2018\/12\/cms_tabla-de-cargas-2-apoyos.JPG\" alt=\"filename\" width=\"100%\" title=\"% %count(title)\" srcset=\"https:\/\/panelsandwich.org\/wp-content\/uploads\/2018\/12\/cms_tabla-de-cargas-2-apoyos.JPG 878w, https:\/\/panelsandwich.org\/wp-content\/uploads\/2018\/12\/cms_tabla-de-cargas-2-apoyos-300x168.jpg 300w, https:\/\/panelsandwich.org\/wp-content\/uploads\/2018\/12\/cms_tabla-de-cargas-2-apoyos-768x430.jpg 768w, https:\/\/panelsandwich.org\/wp-content\/uploads\/2018\/12\/cms_tabla-de-cargas-2-apoyos-600x336.jpg 600w\" sizes=\"(max-width: 878px) 100vw, 878px\" \/><\/h4>\n<h4>Tableau des charges 3 supports ou plus<img decoding=\"async\" class=\" size-full wp-image-32841\" src=\"https:\/\/panelsandwich.org\/wp-content\/uploads\/2018\/12\/cms_tabla-de-cargas-3-apoyos.JPG\" alt=\"filename\" width=\"100%\" title=\"% %count(title)\" srcset=\"https:\/\/panelsandwich.org\/wp-content\/uploads\/2018\/12\/cms_tabla-de-cargas-3-apoyos.JPG 868w, https:\/\/panelsandwich.org\/wp-content\/uploads\/2018\/12\/cms_tabla-de-cargas-3-apoyos-300x172.jpg 300w, https:\/\/panelsandwich.org\/wp-content\/uploads\/2018\/12\/cms_tabla-de-cargas-3-apoyos-768x442.jpg 768w, https:\/\/panelsandwich.org\/wp-content\/uploads\/2018\/12\/cms_tabla-de-cargas-3-apoyos-600x345.jpg 600w\" sizes=\"(max-width: 868px) 100vw, 868px\" \/><\/h4>\n","protected":false},"excerpt":{"rendered":"<p>Polycarbonates\/Lucernaires : \u00c9l\u00e9ments qui permettent l&rsquo;\u00e9clairage naturel dans des objets correspondant \u00e0 des param\u00e8tres \u00e9nerg\u00e9tiques et esth\u00e9tiques.<\/p>\n","protected":false},"featured_media":59774,"comment_status":"closed","ping_status":"closed","template":"","meta":[],"product_brand":[],"product_cat":[3610],"product_tag":[],"class_list":{"0":"post-51653","1":"product","2":"type-product","3":"status-publish","4":"has-post-thumbnail","6":"product_cat-puits-de-lumiere-polycarbonate","7":"pa_anchodelpanel-largeur-1-metre","8":"pa_colorexterior-verre-transparent","9":"pa_espesordelaplaca-40-mm-fr","11":"first","12":"outofstock","13":"taxable","14":"shipping-taxable","15":"purchasable","16":"product-type-variable","17":"has-default-attributes"},"_links":{"self":[{"href":"https:\/\/panelsandwich.org\/fr\/wp-json\/wp\/v2\/product\/51653","targetHints":{"allow":["GET"]}}],"collection":[{"href":"https:\/\/panelsandwich.org\/fr\/wp-json\/wp\/v2\/product"}],"about":[{"href":"https:\/\/panelsandwich.org\/fr\/wp-json\/wp\/v2\/types\/product"}],"replies":[{"embeddable":true,"href":"https:\/\/panelsandwich.org\/fr\/wp-json\/wp\/v2\/comments?post=51653"}],"version-history":[{"count":0,"href":"https:\/\/panelsandwich.org\/fr\/wp-json\/wp\/v2\/product\/51653\/revisions"}],"wp:featuredmedia":[{"embeddable":true,"href":"https:\/\/panelsandwich.org\/fr\/wp-json\/wp\/v2\/media\/59774"}],"wp:attachment":[{"href":"https:\/\/panelsandwich.org\/fr\/wp-json\/wp\/v2\/media?parent=51653"}],"wp:term":[{"taxonomy":"product_brand","embeddable":true,"href":"https:\/\/panelsandwich.org\/fr\/wp-json\/wp\/v2\/product_brand?post=51653"},{"taxonomy":"product_cat","embeddable":true,"href":"https:\/\/panelsandwich.org\/fr\/wp-json\/wp\/v2\/product_cat?post=51653"},{"taxonomy":"product_tag","embeddable":true,"href":"https:\/\/panelsandwich.org\/fr\/wp-json\/wp\/v2\/product_tag?post=51653"}],"curies":[{"name":"wp","href":"https:\/\/api.w.org\/{rel}","templated":true}]}}