{"id":51710,"date":"2023-09-28T23:15:44","date_gmt":"2023-09-28T21:15:44","guid":{"rendered":"https:\/\/panelsandwich.org\/accessoire-de-montage-ruban-adhesif-en-butyle\/"},"modified":"2023-09-28T23:15:44","modified_gmt":"2023-09-28T21:15:44","slug":"accessoire-de-montage-ruban-adhesif-en-butyle","status":"publish","type":"product","link":"https:\/\/panelsandwich.org\/fr\/accessoire-de-montage-ruban-adhesif-en-butyle\/","title":{"rendered":"Accessoire de montage &#8211; Ruban adh\u00e9sif en butyle"},"content":{"rendered":"<p>  Ruban de butyle rev\u00eatu d&rsquo;aluminium ou de cuivre, r\u00e9sistant aux agents atmosph\u00e9riques et aux rayons UV.<\/p>\n<p>&#8211; Id\u00e9al pour une r\u00e9paration invisible d&rsquo;\u00e9ventuelles fissures sur les solins.<\/p>\n<p>&#8211; Particuli\u00e8rement adapt\u00e9 \u00e0 l&rsquo;\u00e9tanch\u00e9it\u00e9 des panneaux solaires et photovolta\u00efques ou dans toutes les situations d&rsquo;exposition permanente aux rayons UV.<\/p>\n<p>&#8211; Adh\u00e9sion parfaite sur tous les mat\u00e9riaux de construction.<\/p>\n<\/p>\n<p style=\"text-align:center;\"><strong><span style=\"font-size:medium;\"><a class=\"w-100 btn btn-danger btn-lg\" href=\"https:\/\/panelsandwich.org\/contactenos\">DEMANDE DE PRIX ET D&rsquo;INFORMATIONS TECHNIQUES  <i class=\"caret-right\"><\/i><\/a><\/span><\/strong><\/p>\n","protected":false},"excerpt":{"rendered":"<p>Accessoire de montage &#8211; Ruban adh\u00e9sif en butyle<\/p>\n<p style=\"text-align:center;\"><strong><span style=\"font-size:medium;\"><a class=\"w-100 btn btn-danger btn-lg\" href=\"https:\/\/panelsandwich.org\/contactenos\">DEMANDE DE PRIX ET D&rsquo;INFORMATIONS TECHNIQUES  <i class=\"caret-right\"><\/i><\/a><\/span><\/strong><\/p>\n","protected":false},"featured_media":32747,"comment_status":"open","ping_status":"closed","template":"","meta":[],"product_brand":[],"product_cat":[3582],"product_tag":[],"class_list":{"0":"post-51710","1":"product","2":"type-product","3":"status-publish","4":"has-post-thumbnail","6":"product_cat-accessoires-de-montage-des-panneaux-sandwich","8":"first","9":"outofstock","10":"taxable","11":"shipping-taxable","12":"purchasable","13":"product-type-simple"},"_links":{"self":[{"href":"https:\/\/panelsandwich.org\/fr\/wp-json\/wp\/v2\/product\/51710","targetHints":{"allow":["GET"]}}],"collection":[{"href":"https:\/\/panelsandwich.org\/fr\/wp-json\/wp\/v2\/product"}],"about":[{"href":"https:\/\/panelsandwich.org\/fr\/wp-json\/wp\/v2\/types\/product"}],"replies":[{"embeddable":true,"href":"https:\/\/panelsandwich.org\/fr\/wp-json\/wp\/v2\/comments?post=51710"}],"version-history":[{"count":0,"href":"https:\/\/panelsandwich.org\/fr\/wp-json\/wp\/v2\/product\/51710\/revisions"}],"wp:featuredmedia":[{"embeddable":true,"href":"https:\/\/panelsandwich.org\/fr\/wp-json\/wp\/v2\/media\/32747"}],"wp:attachment":[{"href":"https:\/\/panelsandwich.org\/fr\/wp-json\/wp\/v2\/media?parent=51710"}],"wp:term":[{"taxonomy":"product_brand","embeddable":true,"href":"https:\/\/panelsandwich.org\/fr\/wp-json\/wp\/v2\/product_brand?post=51710"},{"taxonomy":"product_cat","embeddable":true,"href":"https:\/\/panelsandwich.org\/fr\/wp-json\/wp\/v2\/product_cat?post=51710"},{"taxonomy":"product_tag","embeddable":true,"href":"https:\/\/panelsandwich.org\/fr\/wp-json\/wp\/v2\/product_tag?post=51710"}],"curies":[{"name":"wp","href":"https:\/\/api.w.org\/{rel}","templated":true}]}}